{"id":387,"date":"2021-08-26T01:38:54","date_gmt":"2021-08-26T04:38:54","guid":{"rendered":"https:\/\/ecologiaintegral.com\/?page_id=387"},"modified":"2024-05-15T14:42:46","modified_gmt":"2024-05-15T17:42:46","slug":"egregora-esi-internacional","status":"publish","type":"page","link":"https:\/\/ecologiaintegral.com\/en\/egregora-esi-internacional\/","title":{"rendered":"ESI International Egregore"},"content":{"rendered":"<p>[et_pb_section fb_built=&#8221;1&#8243; _builder_version=&#8221;4.9.10&#8243; _module_preset=&#8221;default&#8221;][et_pb_row _builder_version=&#8221;4.9.10&#8243; _module_preset=&#8221;default&#8221; width_tablet=&#8221;&#8221; width_phone=&#8221;100%&#8221; width_last_edited=&#8221;on|phone&#8221;][et_pb_column type=&#8221;4_4&#8243; _builder_version=&#8221;4.9.10&#8243; _module_preset=&#8221;default&#8221;][dsm_image_hotspots src=&#8221;https:\/\/ecologiaintegral.com\/wp-content\/uploads\/2021\/09\/mapa-mundo-esi.png&#8221; title_text=&#8221;mapa-mundo-esi&#8221; align=&#8221;center&#8221; force_fullwidth=&#8221;on&#8221; _builder_version=&#8221;4.9.10&#8243; _module_preset=&#8221;default&#8221; background_enable_color=&#8221;off&#8221; border_width_all_hotspot=&#8221;0px&#8221; border_color_all_hotspot=&#8221;RGBA(0,0,0,0)&#8221; border_style_all_hotspot=&#8221;solid&#8221;][dsm_image_hotspots_child hotspot_type=&#8221;image&#8221; hotspot_img=&#8221;https:\/\/ecologiaintegral.com\/wp-content\/uploads\/2021\/09\/icone-mapa-2.png&#8221; left_position=&#8221;33%&#8221; top_position=&#8221;67%&#8221; icon_font_size_tablet=&#8221;&#8221; icon_font_size_phone=&#8221;10px&#8221; icon_font_size_last_edited=&#8221;on|phone&#8221; hotspot_image_max_width_tablet=&#8221;&#8221; hotspot_image_max_width_phone=&#8221;50%&#8221; hotspot_image_max_width_last_edited=&#8221;on|phone&#8221; left_position_tablet=&#8221;&#8221; left_position_phone=&#8221;29%&#8221; left_position_last_edited=&#8221;on|phone&#8221; _builder_version=&#8221;4.9.10&#8243; _dynamic_attributes=&#8221;link_option_url&#8221; _module_preset=&#8221;default&#8221; background_enable_color=&#8221;off&#8221; link_option_url=&#8221;@ET-DC@eyJkeW5hbWljIjp0cnVlLCJjb250ZW50IjoicG9zdF9saW5rX3VybF9wYWdlIiwic2V0dGluZ3MiOnsicG9zdF9pZCI6IjU1OCJ9fQ==@&#8221;]<\/p>\n<h2>Brasil<\/h2>\n<p>Ana L\u00facia, Camila Barros, Ciro Sales, Daisy Miguel, D\u00e9bora Nunes, Dani, Danilo, Elissan, Denise, Felipe, Gabriella, Jo\u00e3o, L\u00edvia Maria, Lena, Paulo, Lays, Nan\u00e1, Pablo Antunes, Simone, Susana, Ver\u00f4nica, T\u00e2nia e Tiago.<\/p>\n<p>[\/dsm_image_hotspots_child][dsm_image_hotspots_child hotspot_type=&#8221;image&#8221; hotspot_img=&#8221;https:\/\/ecologiaintegral.com\/wp-content\/uploads\/2021\/09\/icone-mapa-2.png&#8221; left_position=&#8221;46%&#8221; top_position=&#8221;36%&#8221; icon_font_size_tablet=&#8221;&#8221; icon_font_size_phone=&#8221;10px&#8221; icon_font_size_last_edited=&#8221;on|phone&#8221; hotspot_image_max_width_tablet=&#8221;&#8221; hotspot_image_max_width_phone=&#8221;50%&#8221; hotspot_image_max_width_last_edited=&#8221;on|phone&#8221; left_position_tablet=&#8221;&#8221; left_position_phone=&#8221;42%&#8221; left_position_last_edited=&#8221;on|phone&#8221; _builder_version=&#8221;4.9.10&#8243; _dynamic_attributes=&#8221;link_option_url&#8221; _module_preset=&#8221;default&#8221; background_enable_color=&#8221;off&#8221; link_option_url=&#8221;@ET-DC@eyJkeW5hbWljIjp0cnVlLCJjb250ZW50IjoicG9zdF9saW5rX3VybF9wYWdlIiwic2V0dGluZ3MiOnsicG9zdF9pZCI6IjYwNSJ9fQ==@&#8221;]<\/p>\n<h2>Fran\u00e7a<\/h2>\n<p>Alisson Charlotte, Ariane Bozon, Camila Barros, C\u00e9lia Marie, Laurence Allou, Melodia Semichon<\/p>\n<p>[\/dsm_image_hotspots_child][dsm_image_hotspots_child hotspot_type=&#8221;image&#8221; hotspot_img=&#8221;https:\/\/ecologiaintegral.com\/wp-content\/uploads\/2021\/09\/icone-mapa-2.png&#8221; left_position=&#8221;42%&#8221; top_position=&#8221;54%&#8221; icon_font_size_tablet=&#8221;&#8221; icon_font_size_phone=&#8221;10px&#8221; icon_font_size_last_edited=&#8221;on|phone&#8221; hotspot_image_max_width_tablet=&#8221;&#8221; hotspot_image_max_width_phone=&#8221;50%&#8221; hotspot_image_max_width_last_edited=&#8221;on|phone&#8221; left_position_tablet=&#8221;&#8221; left_position_phone=&#8221;42%&#8221; left_position_last_edited=&#8221;on|phone&#8221; _builder_version=&#8221;4.9.10&#8243; _dynamic_attributes=&#8221;link_option_url&#8221; _module_preset=&#8221;default&#8221; background_enable_color=&#8221;off&#8221; link_option_url=&#8221;@ET-DC@eyJkeW5hbWljIjp0cnVlLCJjb250ZW50IjoicG9zdF9saW5rX3VybF9wYWdlIiwic2V0dGluZ3MiOnsicG9zdF9pZCI6IjYxMyJ9fQ==@&#8221;]<\/p>\n<h2>Senegal<\/h2>\n<p>Abou Diallo<\/p>\n<p>[\/dsm_image_hotspots_child][dsm_image_hotspots_child hotspot_type=&#8221;image&#8221; hotspot_img=&#8221;https:\/\/ecologiaintegral.com\/wp-content\/uploads\/2021\/09\/icone-mapa-2.png&#8221; left_position=&#8221;45%&#8221; top_position=&#8221;29%&#8221; icon_font_size_tablet=&#8221;&#8221; icon_font_size_phone=&#8221;10px&#8221; icon_font_size_last_edited=&#8221;on|phone&#8221; hotspot_image_max_width_tablet=&#8221;&#8221; hotspot_image_max_width_phone=&#8221;50%&#8221; hotspot_image_max_width_last_edited=&#8221;on|phone&#8221; left_position_tablet=&#8221;&#8221; left_position_phone=&#8221;42%&#8221; left_position_last_edited=&#8221;on|phone&#8221; _builder_version=&#8221;4.9.10&#8243; _dynamic_attributes=&#8221;link_option_url&#8221; _module_preset=&#8221;default&#8221; background_enable_color=&#8221;off&#8221; link_option_url=&#8221;@ET-DC@eyJkeW5hbWljIjp0cnVlLCJjb250ZW50IjoicG9zdF9saW5rX3VybF9wYWdlIiwic2V0dGluZ3MiOnsicG9zdF9pZCI6IjYyMSJ9fQ==@&#8221;]<\/p>\n<h2>Inglaterra<\/h2>\n<p>Adam Thomas, Ruby Collins<\/p>\n<p>[\/dsm_image_hotspots_child][dsm_image_hotspots_child hotspot_type=&#8221;image&#8221; hotspot_img=&#8221;https:\/\/ecologiaintegral.com\/wp-content\/uploads\/2021\/09\/icone-mapa-2.png&#8221; left_position=&#8221;25%&#8221; top_position=&#8221;77%&#8221; icon_font_size_tablet=&#8221;&#8221; icon_font_size_phone=&#8221;10px&#8221; icon_font_size_last_edited=&#8221;on|phone&#8221; hotspot_image_max_width_tablet=&#8221;&#8221; hotspot_image_max_width_phone=&#8221;50%&#8221; hotspot_image_max_width_last_edited=&#8221;on|phone&#8221; left_position_tablet=&#8221;&#8221; left_position_phone=&#8221;21%&#8221; left_position_last_edited=&#8221;on|desktop&#8221; _builder_version=&#8221;4.9.10&#8243; _dynamic_attributes=&#8221;link_option_url&#8221; _module_preset=&#8221;default&#8221; background_enable_color=&#8221;off&#8221; link_option_url=&#8221;@ET-DC@eyJkeW5hbWljIjp0cnVlLCJjb250ZW50IjoicG9zdF9saW5rX3VybF9wYWdlIiwic2V0dGluZ3MiOnsicG9zdF9pZCI6IjYzMCJ9fQ==@&#8221;]<\/p>\n<h2>Chile<\/h2>\n<p>Alejandro Jara<\/p>\n<p>[\/dsm_image_hotspots_child][dsm_image_hotspots_child hotspot_type=&#8221;image&#8221; hotspot_img=&#8221;https:\/\/ecologiaintegral.com\/wp-content\/uploads\/2021\/09\/icone-mapa-2.png&#8221; left_position=&#8221;49%&#8221; top_position=&#8221;36%&#8221; icon_font_size_tablet=&#8221;&#8221; icon_font_size_phone=&#8221;10px&#8221; icon_font_size_last_edited=&#8221;on|phone&#8221; hotspot_image_max_width_tablet=&#8221;&#8221; hotspot_image_max_width_phone=&#8221;50%&#8221; hotspot_image_max_width_last_edited=&#8221;on|phone&#8221; left_position_tablet=&#8221;&#8221; left_position_phone=&#8221;49%&#8221; left_position_last_edited=&#8221;on|phone&#8221; _builder_version=&#8221;4.9.10&#8243; _dynamic_attributes=&#8221;link_option_url&#8221; _module_preset=&#8221;default&#8221; background_enable_color=&#8221;off&#8221; link_option_url=&#8221;@ET-DC@eyJkeW5hbWljIjp0cnVlLCJjb250ZW50IjoicG9zdF9saW5rX3VybF9wYWdlIiwic2V0dGluZ3MiOnsicG9zdF9pZCI6IjY0MiJ9fQ==@&#8221;]<\/p>\n<h2>Su\u00ed\u00e7a<\/h2>\n<p>Christophe Kaufmann<\/p>\n<p>[\/dsm_image_hotspots_child][dsm_image_hotspots_child hotspot_type=&#8221;image&#8221; hotspot_img=&#8221;https:\/\/ecologiaintegral.com\/wp-content\/uploads\/2021\/09\/icone-mapa-2.png&#8221; left_position=&#8221;46%&#8221; top_position=&#8221;30%&#8221; icon_font_size_tablet=&#8221;&#8221; icon_font_size_phone=&#8221;10px&#8221; icon_font_size_last_edited=&#8221;on|phone&#8221; hotspot_image_max_width_tablet=&#8221;&#8221; hotspot_image_max_width_phone=&#8221;50%&#8221; hotspot_image_max_width_last_edited=&#8221;on|phone&#8221; left_position_tablet=&#8221;&#8221; left_position_phone=&#8221;46%&#8221; left_position_last_edited=&#8221;on|phone&#8221; _builder_version=&#8221;4.9.10&#8243; _dynamic_attributes=&#8221;link_option_url&#8221; _module_preset=&#8221;default&#8221; background_enable_color=&#8221;off&#8221; link_option_url=&#8221;@ET-DC@eyJkeW5hbWljIjp0cnVlLCJjb250ZW50IjoicG9zdF9saW5rX3VybF9wYWdlIiwic2V0dGluZ3MiOnsicG9zdF9pZCI6IjY0OSJ9fQ==@&#8221;]<\/p>\n<h2>B\u00e9lgica<\/h2>\n<p>Corinne Malchair<\/p>\n<p>[\/dsm_image_hotspots_child][dsm_image_hotspots_child hotspot_type=&#8221;image&#8221; hotspot_img=&#8221;https:\/\/ecologiaintegral.com\/wp-content\/uploads\/2021\/09\/icone-mapa-2.png&#8221; left_position=&#8221;55%&#8221; top_position=&#8221;44%&#8221; icon_font_size_tablet=&#8221;&#8221; icon_font_size_phone=&#8221;10px&#8221; icon_font_size_last_edited=&#8221;on|phone&#8221; hotspot_image_max_width_tablet=&#8221;&#8221; hotspot_image_max_width_phone=&#8221;50%&#8221; hotspot_image_max_width_last_edited=&#8221;on|phone&#8221; left_position_tablet=&#8221;&#8221; left_position_phone=&#8221;55%&#8221; left_position_last_edited=&#8221;on|phone&#8221; _builder_version=&#8221;4.9.10&#8243; _dynamic_attributes=&#8221;link_option_url&#8221; _module_preset=&#8221;default&#8221; background_enable_color=&#8221;off&#8221; link_option_url=&#8221;@ET-DC@eyJkeW5hbWljIjp0cnVlLCJjb250ZW50IjoicG9zdF9saW5rX3VybF9wYWdlIiwic2V0dGluZ3MiOnsicG9zdF9pZCI6IjY1NyJ9fQ==@&#8221;]<\/p>\n<h2>Palestina<\/h2>\n<p>Diana Manneh<\/p>\n<p>[\/dsm_image_hotspots_child][dsm_image_hotspots_child hotspot_type=&#8221;image&#8221; hotspot_img=&#8221;https:\/\/ecologiaintegral.com\/wp-content\/uploads\/2021\/09\/icone-mapa-2.png&#8221; left_position=&#8221;46%&#8221; top_position=&#8221;56%&#8221; icon_font_size_tablet=&#8221;&#8221; icon_font_size_phone=&#8221;10px&#8221; icon_font_size_last_edited=&#8221;on|phone&#8221; hotspot_image_max_width_tablet=&#8221;&#8221; hotspot_image_max_width_phone=&#8221;50%&#8221; hotspot_image_max_width_last_edited=&#8221;on|phone&#8221; left_position_tablet=&#8221;&#8221; left_position_phone=&#8221;46%&#8221; left_position_last_edited=&#8221;on|phone&#8221; _builder_version=&#8221;4.9.10&#8243; _dynamic_attributes=&#8221;link_option_url&#8221; _module_preset=&#8221;default&#8221; background_enable_color=&#8221;off&#8221; link_option_url=&#8221;@ET-DC@eyJkeW5hbWljIjp0cnVlLCJjb250ZW50IjoicG9zdF9saW5rX3VybF9wYWdlIiwic2V0dGluZ3MiOnsicG9zdF9pZCI6IjY2NCJ9fQ==@&#8221;]<\/p>\n<h2>Benin<\/h2>\n<p>Eric Ahoumenou<\/p>\n<p>[\/dsm_image_hotspots_child][dsm_image_hotspots_child hotspot_type=&#8221;image&#8221; hotspot_img=&#8221;https:\/\/ecologiaintegral.com\/wp-content\/uploads\/2021\/09\/icone-mapa-2.png&#8221; left_position=&#8221;44%&#8221; icon_font_size_tablet=&#8221;&#8221; icon_font_size_phone=&#8221;10px&#8221; icon_font_size_last_edited=&#8221;on|phone&#8221; hotspot_image_max_width_tablet=&#8221;&#8221; hotspot_image_max_width_phone=&#8221;50%&#8221; hotspot_image_max_width_last_edited=&#8221;on|phone&#8221; left_position_tablet=&#8221;&#8221; left_position_phone=&#8221;44%&#8221; left_position_last_edited=&#8221;on|phone&#8221; _builder_version=&#8221;4.9.10&#8243; _dynamic_attributes=&#8221;link_option_url&#8221; _module_preset=&#8221;default&#8221; background_enable_color=&#8221;off&#8221; link_option_url=&#8221;@ET-DC@eyJkeW5hbWljIjp0cnVlLCJjb250ZW50IjoicG9zdF9saW5rX3VybF9wYWdlIiwic2V0dGluZ3MiOnsicG9zdF9pZCI6IjY3MSJ9fQ==@&#8221;]<\/p>\n<h2>Portugal<\/h2>\n<p>Joana<\/p>\n<p>[\/dsm_image_hotspots_child][\/dsm_image_hotspots][\/et_pb_column][\/et_pb_row][et_pb_row column_structure=&#8221;1_3,2_3&#8243; _builder_version=&#8221;4.9.10&#8243; _module_preset=&#8221;default&#8221;][et_pb_column type=&#8221;1_3&#8243; _builder_version=&#8221;4.9.10&#8243; _module_preset=&#8221;default&#8221;][et_pb_blurb title=&#8221;Presence of the ESI Egregore&#8221; image=&#8221;https:\/\/ecologiaintegral.com\/wp-content\/uploads\/2021\/09\/icone-mapa-2.png&#8221; icon_placement=&#8221;left&#8221; _builder_version=&#8221;4.9.10&#8243; _module_preset=&#8221;default&#8221; header_font=&#8221;|700|||||||&#8221; header_font_size=&#8221;20px&#8221; header_line_height=&#8221;1.6em&#8221;]<\/p>\n<p>Click to see participants<\/p>\n<p>[\/et_pb_blurb][\/et_pb_column][et_pb_column type=&#8221;2_3&#8243; _builder_version=&#8221;4.9.10&#8243; _module_preset=&#8221;default&#8221;][et_pb_text _builder_version=&#8221;4.9.10&#8243; _module_preset=&#8221;default&#8221; text_font=&#8221;|700|||||||&#8221; text_font_size=&#8221;16px&#8221; custom_margin=&#8221;||14px|||&#8221;]<\/p>\n<p>Or select a country:<\/p>\n<p>[\/et_pb_text][et_pb_menu menu_id=&#8221;4&#8243; submenu_direction=&#8221;upwards&#8221; _builder_version=&#8221;4.9.10&#8243; _module_preset=&#8221;default&#8221;][\/et_pb_menu][\/et_pb_column][\/et_pb_row][\/et_pb_section]<\/p>\n","protected":false},"excerpt":{"rendered":"<p>Brasil Ana L\u00facia, Camila Barros, Ciro Sales, Daisy Miguel, D\u00e9bora Nunes, Dani, Danilo, Elissan, Denise, Felipe, Gabriella, Jo\u00e3o, L\u00edvia Maria, Lena, Paulo, Lays, Nan\u00e1, Pablo Antunes, Simone, Susana, Ver\u00f4nica, T\u00e2nia e Tiago. Fran\u00e7a Alisson Charlotte, Ariane Bozon, Camila Barros, C\u00e9lia Marie, Laurence Allou, Melodia Semichon Senegal Abou Diallo Inglaterra Adam Thomas, Ruby Collins Chile Alejandro [&hellip;]<\/p>\n","protected":false},"author":1,"featured_media":0,"parent":0,"menu_order":0,"comment_status":"closed","ping_status":"closed","template":"","meta":{"_et_pb_use_builder":"on","_et_pb_old_content":"","_et_gb_content_width":"","footnotes":""},"class_list":["post-387","page","type-page","status-publish","hentry"],"_links":{"self":[{"href":"https:\/\/ecologiaintegral.com\/en\/wp-json\/wp\/v2\/pages\/387","targetHints":{"allow":["GET"]}}],"collection":[{"href":"https:\/\/ecologiaintegral.com\/en\/wp-json\/wp\/v2\/pages"}],"about":[{"href":"https:\/\/ecologiaintegral.com\/en\/wp-json\/wp\/v2\/types\/page"}],"author":[{"embeddable":true,"href":"https:\/\/ecologiaintegral.com\/en\/wp-json\/wp\/v2\/users\/1"}],"replies":[{"embeddable":true,"href":"https:\/\/ecologiaintegral.com\/en\/wp-json\/wp\/v2\/comments?post=387"}],"version-history":[{"count":46,"href":"https:\/\/ecologiaintegral.com\/en\/wp-json\/wp\/v2\/pages\/387\/revisions"}],"predecessor-version":[{"id":1062,"href":"https:\/\/ecologiaintegral.com\/en\/wp-json\/wp\/v2\/pages\/387\/revisions\/1062"}],"wp:attachment":[{"href":"https:\/\/ecologiaintegral.com\/en\/wp-json\/wp\/v2\/media?parent=387"}],"curies":[{"name":"wp","href":"https:\/\/api.w.org\/{rel}","templated":true}]}}