{"id":699,"date":"2021-09-12T11:27:05","date_gmt":"2021-09-12T14:27:05","guid":{"rendered":"https:\/\/ecologiaintegral.com\/?page_id=699"},"modified":"2022-01-29T19:08:10","modified_gmt":"2022-01-29T22:08:10","slug":"ficha-de-inscricao","status":"publish","type":"page","link":"https:\/\/ecologiaintegral.com\/en\/ficha-de-inscricao\/","title":{"rendered":"Application form"},"content":{"rendered":"<p>[et_pb_section fb_built=&#8221;1&#8243; admin_label=&#8221;section&#8221; _builder_version=&#8221;3.22&#8243;][et_pb_row admin_label=&#8221;row&#8221; _builder_version=&#8221;3.25&#8243; background_size=&#8221;initial&#8221; background_position=&#8221;top_left&#8221; background_repeat=&#8221;repeat&#8221; custom_margin=&#8221;|auto||173px||&#8221; custom_padding=&#8221;38px|||||&#8221;][et_pb_column type=&#8221;4_4&#8243; _builder_version=&#8221;3.25&#8243; custom_padding=&#8221;|||&#8221; custom_padding__hover=&#8221;|||&#8221;][et_pb_text admin_label=&#8221;Text&#8221; _builder_version=&#8221;4.9.10&#8243; background_size=&#8221;initial&#8221; background_position=&#8221;top_left&#8221; background_repeat=&#8221;repeat&#8221;]<\/p>\n<p><strong>Virtual groups:<\/strong><strong><\/strong><\/p>\n<ul>\n<li>\u00a0The next English-speaking group for the Module I will be held from 25th March to 3rd June 2022, every other Friday, from 9:30am-12:30pm (Paris time). It will be coordinated by Christophe Kaufmann and Ruby Collins.<\/li>\n<li>\u00a0The next French-speaking group for the Module I will be held from 21st March to 27th June 2022, every other Monday, from 6pm-9pm (Paris time). It will be coordinated by Diana Manneh and Camilla Barros.<\/li>\n<li>The next group for the Module II will be held from 26th\u00a0March to 18th June 2022, every Saturday from 3pm-6pm (Paris time). It will be a bilingual group in French and Portuguese and will be coordinated by D\u00e9bora Nunes.\u00a0<\/li>\n<\/ul>\n<p>For more information on the modules, please consult the tab &#8220;Courses&#8221; &#8211; &#8220;Module 1- Coherence and Joy&#8221; or &#8220;Module II &#8211; Paths of Transition&#8221; on our site.\u00a0<\/p>\n<p><strong><em><\/em><\/strong><\/p>\n<p><strong><em><\/em><\/strong><\/p>\n<p><strong><em>In-person gatherings:<\/em><\/strong><strong><em><\/em><\/strong><\/p>\n<p>In <strong>Brazil<\/strong><\/p>\n<ul>\n<li>From 9th to 20th April 2022 (bilingual in French and Portuguese, coordinated by D\u00e9bora Nunes)<\/li>\n<\/ul>\n<p><strong><em><\/em><\/strong>In <strong>France<\/strong><\/p>\n<ul>\n<li>From 9th to 17th July 2022 (bilingual in French and Portuguese, coordinated by D\u00e9bora Nunes)<br \/><strong><\/strong><\/li>\n<\/ul>\n<p>In<strong> India<\/strong><\/p>\n<ul>\n<li>From 16th to 28th February 2023 (trilingual in French, Portuguese, and English, coordinated by D\u00e9bora Nunes)<strong><\/strong><\/li>\n<\/ul>\n<p>&nbsp;<\/p>\n<p><span style=\"font-size: 14px;\">For more information on in-person gatherings, see the respective tab on our site.\u00a0<\/span><\/p>\n<p><span style=\"font-size: 14px;\"><\/span><\/p>\n<p>With any other questions, get in touch:\u00a0+33 6 79 51 94 36 (WhatsApp or Telegram) or by mail:\u00a0<a href=\"mailto:esi@ecologiaintegral.com\">esi@ecologiaintegral.com<\/a>.<strong><\/strong><strong><\/strong><\/p>\n<p>&nbsp;<\/p>\n<p>&nbsp;<\/p>\n<p><!-- \/divi:forminator\/forms -->[\/et_pb_text][et_pb_contact_form email=&#8221;esi@ecologiaintegral.com&#8221; custom_message=&#8221;Nome: %%nome%%||et_pb_line_break_holder||E-mail: %%email%%||et_pb_line_break_holder||Telefone: %%telefone%%||et_pb_line_break_holder||Forma\u00e7\u00e3o: %%formacao%%||et_pb_line_break_holder||Motiva\u00e7\u00e3o: %%descricao%%&#8221; success_message=&#8221;We will send you an e-mail with more detailed instructions in order to complete your registration.  IMPORTANT : check your SPAM box if you do not receive the e-mail within 5 working days.&#8221; submit_button_text=&#8221;submit&#8221; _builder_version=&#8221;4.9.10&#8243; _module_preset=&#8221;default&#8221; locked=&#8221;off&#8221;][et_pb_contact_field field_id=&#8221;nome&#8221; field_title=&#8221;Full name&#8221; fullwidth_field=&#8221;on&#8221; _builder_version=&#8221;4.9.10&#8243; button_text_size__hover_enabled=&#8221;off&#8221; button_one_text_size__hover_enabled=&#8221;off&#8221; button_two_text_size__hover_enabled=&#8221;off&#8221; button_text_color__hover_enabled=&#8221;off&#8221; button_one_text_color__hover_enabled=&#8221;off&#8221; button_two_text_color__hover_enabled=&#8221;off&#8221; button_border_width__hover_enabled=&#8221;off&#8221; button_one_border_width__hover_enabled=&#8221;off&#8221; button_two_border_width__hover_enabled=&#8221;off&#8221; button_border_color__hover_enabled=&#8221;off&#8221; button_one_border_color__hover_enabled=&#8221;off&#8221; button_two_border_color__hover_enabled=&#8221;off&#8221; button_border_radius__hover_enabled=&#8221;off&#8221; button_one_border_radius__hover_enabled=&#8221;off&#8221; button_two_border_radius__hover_enabled=&#8221;off&#8221; button_letter_spacing__hover_enabled=&#8221;off&#8221; button_one_letter_spacing__hover_enabled=&#8221;off&#8221; button_two_letter_spacing__hover_enabled=&#8221;off&#8221; button_bg_color__hover_enabled=&#8221;off&#8221; button_one_bg_color__hover_enabled=&#8221;off&#8221; button_two_bg_color__hover_enabled=&#8221;off&#8221;][\/et_pb_contact_field][et_pb_contact_field field_id=&#8221;email&#8221; field_title=&#8221;E-mail address&#8221; field_type=&#8221;email&#8221; _builder_version=&#8221;4.9.10&#8243; button_text_size__hover_enabled=&#8221;off&#8221; button_one_text_size__hover_enabled=&#8221;off&#8221; button_two_text_size__hover_enabled=&#8221;off&#8221; button_text_color__hover_enabled=&#8221;off&#8221; button_one_text_color__hover_enabled=&#8221;off&#8221; button_two_text_color__hover_enabled=&#8221;off&#8221; button_border_width__hover_enabled=&#8221;off&#8221; button_one_border_width__hover_enabled=&#8221;off&#8221; button_two_border_width__hover_enabled=&#8221;off&#8221; button_border_color__hover_enabled=&#8221;off&#8221; button_one_border_color__hover_enabled=&#8221;off&#8221; button_two_border_color__hover_enabled=&#8221;off&#8221; button_border_radius__hover_enabled=&#8221;off&#8221; button_one_border_radius__hover_enabled=&#8221;off&#8221; button_two_border_radius__hover_enabled=&#8221;off&#8221; button_letter_spacing__hover_enabled=&#8221;off&#8221; button_one_letter_spacing__hover_enabled=&#8221;off&#8221; button_two_letter_spacing__hover_enabled=&#8221;off&#8221; button_bg_color__hover_enabled=&#8221;off&#8221; button_one_bg_color__hover_enabled=&#8221;off&#8221; button_two_bg_color__hover_enabled=&#8221;off&#8221;][\/et_pb_contact_field][et_pb_contact_field field_id=&#8221;telefone&#8221; field_title=&#8221;Telephone number with area code&#8221; _builder_version=&#8221;4.9.10&#8243; button_text_size__hover_enabled=&#8221;off&#8221; button_one_text_size__hover_enabled=&#8221;off&#8221; button_two_text_size__hover_enabled=&#8221;off&#8221; button_text_color__hover_enabled=&#8221;off&#8221; button_one_text_color__hover_enabled=&#8221;off&#8221; button_two_text_color__hover_enabled=&#8221;off&#8221; button_border_width__hover_enabled=&#8221;off&#8221; button_one_border_width__hover_enabled=&#8221;off&#8221; button_two_border_width__hover_enabled=&#8221;off&#8221; button_border_color__hover_enabled=&#8221;off&#8221; button_one_border_color__hover_enabled=&#8221;off&#8221; button_two_border_color__hover_enabled=&#8221;off&#8221; button_border_radius__hover_enabled=&#8221;off&#8221; button_one_border_radius__hover_enabled=&#8221;off&#8221; button_two_border_radius__hover_enabled=&#8221;off&#8221; button_letter_spacing__hover_enabled=&#8221;off&#8221; button_one_letter_spacing__hover_enabled=&#8221;off&#8221; button_two_letter_spacing__hover_enabled=&#8221;off&#8221; button_bg_color__hover_enabled=&#8221;off&#8221; button_one_bg_color__hover_enabled=&#8221;off&#8221; button_two_bg_color__hover_enabled=&#8221;off&#8221;][\/et_pb_contact_field][et_pb_contact_field field_id=&#8221;formacao&#8221; field_title=&#8221;Which training are you interested in?&#8221; field_type=&#8221;checkbox&#8221; checkbox_options=&#8221;%91{%22value%22:%22Online Module 1%22,%22checked%22:0,%22dragID%22:-1},{%22value%22:%22Online Module 2%22,%22checked%22:0,%22dragID%22:0},{%22value%22:%22In person immersion%22,%22checked%22:0,%22dragID%22:1}%93&#8243; _builder_version=&#8221;4.9.10&#8243; _module_preset=&#8221;default&#8221;][\/et_pb_contact_field][et_pb_contact_field field_id=&#8221;descricao&#8221; field_title=&#8221;Briefly describe your motivation for joining our school:&#8221; field_type=&#8221;text&#8221; fullwidth_field=&#8221;on&#8221; _builder_version=&#8221;4.9.10&#8243; button_text_size__hover_enabled=&#8221;off&#8221; button_one_text_size__hover_enabled=&#8221;off&#8221; button_two_text_size__hover_enabled=&#8221;off&#8221; button_text_color__hover_enabled=&#8221;off&#8221; button_one_text_color__hover_enabled=&#8221;off&#8221; button_two_text_color__hover_enabled=&#8221;off&#8221; button_border_width__hover_enabled=&#8221;off&#8221; button_one_border_width__hover_enabled=&#8221;off&#8221; button_two_border_width__hover_enabled=&#8221;off&#8221; button_border_color__hover_enabled=&#8221;off&#8221; button_one_border_color__hover_enabled=&#8221;off&#8221; button_two_border_color__hover_enabled=&#8221;off&#8221; button_border_radius__hover_enabled=&#8221;off&#8221; button_one_border_radius__hover_enabled=&#8221;off&#8221; button_two_border_radius__hover_enabled=&#8221;off&#8221; button_letter_spacing__hover_enabled=&#8221;off&#8221; button_one_letter_spacing__hover_enabled=&#8221;off&#8221; button_two_letter_spacing__hover_enabled=&#8221;off&#8221; button_bg_color__hover_enabled=&#8221;off&#8221; button_one_bg_color__hover_enabled=&#8221;off&#8221; button_two_bg_color__hover_enabled=&#8221;off&#8221;][\/et_pb_contact_field][\/et_pb_contact_form][\/et_pb_column][\/et_pb_row][et_pb_row column_structure=&#8221;1_2,1_2&#8243; _builder_version=&#8221;4.9.10&#8243; _module_preset=&#8221;default&#8221; locked=&#8221;off&#8221;][et_pb_column type=&#8221;1_2&#8243; _builder_version=&#8221;4.9.10&#8243; _module_preset=&#8221;default&#8221;][et_pb_image src=&#8221;https:\/\/ecologiaintegral.com\/en\/wp-content\/uploads\/2022\/01\/Upcoming-courses.jpg&#8221; _builder_version=&#8221;4.9.10&#8243; _module_preset=&#8221;default&#8221;][\/et_pb_image][\/et_pb_column][et_pb_column type=&#8221;1_2&#8243; _builder_version=&#8221;4.9.10&#8243; _module_preset=&#8221;default&#8221;][et_pb_image src=&#8221;https:\/\/ecologiaintegral.com\/en\/wp-content\/uploads\/2022\/01\/Upcoming-courses-2-1.jpg&#8221; _builder_version=&#8221;4.9.10&#8243; _module_preset=&#8221;default&#8221; hover_enabled=&#8221;0&#8243; sticky_enabled=&#8221;0&#8243;][\/et_pb_image][\/et_pb_column][\/et_pb_row][\/et_pb_section][et_pb_section fb_built=&#8221;1&#8243; _builder_version=&#8221;4.9.10&#8243; _module_preset=&#8221;default&#8221;][\/et_pb_section][et_pb_section fb_built=&#8221;1&#8243; _builder_version=&#8221;4.9.10&#8243; _module_preset=&#8221;default&#8221;][\/et_pb_section][et_pb_section fb_built=&#8221;1&#8243; _builder_version=&#8221;4.9.10&#8243; _module_preset=&#8221;default&#8221;][et_pb_row _builder_version=&#8221;4.9.10&#8243; _module_preset=&#8221;default&#8221;][et_pb_column type=&#8221;4_4&#8243; _builder_version=&#8221;4.9.10&#8243; _module_preset=&#8221;default&#8221;][\/et_pb_column][\/et_pb_row][\/et_pb_section][et_pb_section fb_built=&#8221;1&#8243; _builder_version=&#8221;4.9.10&#8243; _module_preset=&#8221;default&#8221;][et_pb_row _builder_version=&#8221;4.9.10&#8243; _module_preset=&#8221;default&#8221;][et_pb_column _builder_version=&#8221;4.9.10&#8243; _module_preset=&#8221;default&#8221; type=&#8221;4_4&#8243;][\/et_pb_column][\/et_pb_row][\/et_pb_section]<\/p>\n","protected":false},"excerpt":{"rendered":"<p>Virtual groups: \u00a0The next English-speaking group for the Module I will be held from 25th March to 3rd June 2022, every other Friday, from 9:30am-12:30pm (Paris time). It will be coordinated by Christophe Kaufmann and Ruby Collins. \u00a0The next French-speaking group for the Module I will be held from 21st March to 27th June 2022, [&hellip;]<\/p>\n","protected":false},"author":1,"featured_media":0,"parent":0,"menu_order":0,"comment_status":"closed","ping_status":"closed","template":"","meta":{"_et_pb_use_builder":"on","_et_pb_old_content":"<!-- wp:paragraph -->\n<p>A ESI \u00e9 uma escola que tem como metodologia o cultivo das quatro intelig\u00eancias: mental, emocional, f\u00edsica e espiritual. Possuindo uma forma\u00e7\u00e3o em que as pessoas se comprometem a transformar-se para transformar o mundo de forma sustent\u00e1vel e integral.<\/p>\n<!-- \/wp:paragraph -->\n\n<!-- wp:paragraph -->\n<p>O M\u00f3dulo 1 da metodologia da ESI \u00e9 composto por 8 encontros virtuais quinzenais em 2 grupos:<br>Grupo 1 \u00e0s quintas-feiras das 19h \u00e0s 22h e Grupo 2 aos s\u00e1bados das 9h \u00e0s 12h (hor\u00e1rio de Bras\u00edlia).<br>As aulas ter\u00e3o in\u00edcio a partir de 23 de setembro com a chegada da Primavera at\u00e9 23 de dezembro de 2021.<\/p>\n<!-- \/wp:paragraph -->\n\n<!-- wp:paragraph -->\n<p>Com base nos temas ministrados, ser\u00e1 desenvolvido um plano de transi\u00e7\u00e3o pessoal, que servir\u00e1 como base para um modo de vida mais sustent\u00e1vel.<\/p>\n<!-- \/wp:paragraph -->\n\n<!-- wp:paragraph -->\n<p>Entre os temas est\u00e3o: a vida em um novo paradigma (hol\u00edstico, qu\u00e2ntico, ecol\u00f3gico, sist\u00eamico, integrativo); humanidade em evolu\u00e7\u00e3o; comunidades intencionais; dimens\u00e3o feminina do poder; sa\u00fade integral; gest\u00e3o de conflitos; o campo sutil da vida; a natureza como mestra suprema; economia solid\u00e1ria;<br>economia do amor, entre outros.<\/p>\n<!-- \/wp:paragraph -->\n\n<!-- wp:paragraph -->\n<p>Caso voc\u00ea tenha alguma d\u00favida adicional, entre em contato pelo Whatsapp (21) 97487-6121 ou <a href=\"mailto:esi@ecologiaintegral.com\">esi@ecologiaintegral.com<\/a>.<br>*Obrigat\u00f3rio<\/p>\n<!-- \/wp:paragraph -->\n\n<!-- wp:forminator\/forms {\"module_id\":\"698\"} -->\n<div class=\"forminator-guttenberg\">[forminator_form id=\"698\"]<\/div>\n<!-- \/wp:forminator\/forms -->","_et_gb_content_width":"","footnotes":""},"class_list":["post-699","page","type-page","status-publish","hentry"],"_links":{"self":[{"href":"https:\/\/ecologiaintegral.com\/en\/wp-json\/wp\/v2\/pages\/699","targetHints":{"allow":["GET"]}}],"collection":[{"href":"https:\/\/ecologiaintegral.com\/en\/wp-json\/wp\/v2\/pages"}],"about":[{"href":"https:\/\/ecologiaintegral.com\/en\/wp-json\/wp\/v2\/types\/page"}],"author":[{"embeddable":true,"href":"https:\/\/ecologiaintegral.com\/en\/wp-json\/wp\/v2\/users\/1"}],"replies":[{"embeddable":true,"href":"https:\/\/ecologiaintegral.com\/en\/wp-json\/wp\/v2\/comments?post=699"}],"version-history":[{"count":13,"href":"https:\/\/ecologiaintegral.com\/en\/wp-json\/wp\/v2\/pages\/699\/revisions"}],"predecessor-version":[{"id":920,"href":"https:\/\/ecologiaintegral.com\/en\/wp-json\/wp\/v2\/pages\/699\/revisions\/920"}],"wp:attachment":[{"href":"https:\/\/ecologiaintegral.com\/en\/wp-json\/wp\/v2\/media?parent=699"}],"curies":[{"name":"wp","href":"https:\/\/api.w.org\/{rel}","templated":true}]}}