{"id":163,"date":"2021-08-02T14:25:18","date_gmt":"2021-08-02T17:25:18","guid":{"rendered":"https:\/\/ecologiaintegral.com\/?page_id=163"},"modified":"2024-05-09T14:22:53","modified_gmt":"2024-05-09T17:22:53","slug":"quienes-somos","status":"publish","type":"page","link":"https:\/\/ecologiaintegral.com\/es\/quienes-somos\/","title":{"rendered":"Quienes Somos"},"content":{"rendered":"<p>[et_pb_section fb_built=&#8221;1&#8243; _builder_version=&#8221;4.16&#8243; _module_preset=&#8221;default&#8221; custom_padding=&#8221;||18px|||&#8221; global_colors_info=&#8221;{}&#8221; theme_builder_area=&#8221;post_content&#8221;][et_pb_row column_structure=&#8221;1_2,1_2&#8243; _builder_version=&#8221;4.16&#8243; _module_preset=&#8221;default&#8221; global_colors_info=&#8221;{}&#8221; theme_builder_area=&#8221;post_content&#8221;][et_pb_column type=&#8221;1_2&#8243; _builder_version=&#8221;4.16&#8243; _module_preset=&#8221;default&#8221; global_colors_info=&#8221;{}&#8221; theme_builder_area=&#8221;post_content&#8221;][et_pb_text _builder_version=&#8221;4.24.3&#8243; _module_preset=&#8221;default&#8221; global_colors_info=&#8221;{}&#8221; theme_builder_area=&#8221;post_content&#8221;]La Escuela de Sustentabilidad Integral (ESI) acompa\u00f1a a las personas en su proceso de transformaci\u00f3n de s\u00ed mismas para transformar el mundo, es un espacio de reflexiones y pr\u00e1cticas utilizando las inteligencias del cuerpo, la mente, el coraz\u00f3n y el esp\u00edritu, basado en el paradigma hol\u00edstico-cu\u00e1ntico.<\/p>\n<p>ESI es una escuela internacional que ofrece cursos en diferentes idiomas, adapt\u00e1ndose a diferentes entornos culturales. El objetivo de ESI es construir un entorno de ciudadan\u00eda planetaria y cree que la diversidad enriquece a la comunidad. En este sentido, la Escuela ofrece ayudas sociales a las personas que no han podido pagar los cursos.<\/p>\n<p>Durante las formaciones de la ESI, la fuerza del grupo se ve potencializada por la creaci\u00f3n voluntaria de la egr\u00e9gora, es decir, una fuerza colectiva sutil que existe a partir de la suma de energ\u00edas individuales en colaboraci\u00f3n. La b\u00fasqueda de la coherencia interna entre lo que se dice, lo que se siente, lo que se hace y lo que se piensa se desarrolla en un grupo a trav\u00e9s de la sincronizaci\u00f3n de intenciones y diferentes actividades realizadas colectivamente, en un ambiente de apoyo mutuo. Encontrar la alegr\u00eda de la coherencia interna y verse contribuyendo a un mundo justo, ecol\u00f3gico, democr\u00e1tico y feliz es nuestro objetivo.<\/p>\n<p>La ESI es una comunidad internacional que ofrece cursos regulares en la modalidad on line  en vivo, en portugu\u00e9s, franc\u00e9s, ingl\u00e9s y espa\u00f1ol, adem\u00e1s de inmersiones presenciales en Brasil, India y Francia.[\/et_pb_text][\/et_pb_column][et_pb_column type=&#8221;1_2&#8243; _builder_version=&#8221;4.16&#8243; _module_preset=&#8221;default&#8221; global_colors_info=&#8221;{}&#8221; theme_builder_area=&#8221;post_content&#8221;][et_pb_image src=&#8221;https:\/\/ecologiaintegral.com\/wp-content\/uploads\/2021\/08\/icone-esi-pt-1.png&#8221; title_text=&#8221;icone-esi-pt&#8221; align=&#8221;center&#8221; _builder_version=&#8221;4.16&#8243; _module_preset=&#8221;default&#8221; custom_margin=&#8221;-19px||8px|||&#8221; global_colors_info=&#8221;{}&#8221; theme_builder_area=&#8221;post_content&#8221;][\/et_pb_image][et_pb_text _builder_version=&#8221;4.24.3&#8243; _dynamic_attributes=&#8221;link_option_url&#8221; _module_preset=&#8221;default&#8221; text_text_color=&#8221;#FFFFFF&#8221; header_text_color=&#8221;#ffbe36&#8243; header_2_font=&#8221;|700|||||||&#8221; header_2_text_color=&#8221;#ffbe36&#8243; background_color=&#8221;#ad3f03&#8243; custom_margin=&#8221;21px||9px|||&#8221; custom_padding=&#8221;25px|25px|25px|25px|false|false&#8221; link_option_url=&#8221;@ET-DC@eyJkeW5hbWljIjp0cnVlLCJjb250ZW50IjoicG9zdF9saW5rX3VybF9wYWdlIiwic2V0dGluZ3MiOnsicG9zdF9pZCI6IjE5MyJ9fQ==@&#8221; border_radii=&#8221;on|10px|10px|10px|10px&#8221; global_colors_info=&#8221;{}&#8221; theme_builder_area=&#8221;post_content&#8221;]<\/p>\n<h2>Cursos Regulares<\/h2>\n<p>Actualmente, los cursos regulares de ESI se realizan en modalidad virtual y se dividen en tres m\u00f3dulos.[\/et_pb_text][et_pb_text _builder_version=&#8221;4.24.3&#8243; _dynamic_attributes=&#8221;link_option_url&#8221; _module_preset=&#8221;default&#8221; text_text_color=&#8221;#FFFFFF&#8221; header_text_color=&#8221;#ffbe36&#8243; header_2_font=&#8221;|700|||||||&#8221; header_2_text_color=&#8221;#ad3f03&#8243; background_color=&#8221;#ffbe36&#8243; custom_margin=&#8221;8px|||||&#8221; custom_padding=&#8221;25px|25px|25px|25px|false|false&#8221; link_option_url=&#8221;@ET-DC@eyJkeW5hbWljIjp0cnVlLCJjb250ZW50IjoicG9zdF9saW5rX3VybF9wYWdlIiwic2V0dGluZ3MiOnsicG9zdF9pZCI6IjMwMCJ9fQ==@&#8221; hover_enabled=&#8221;0&#8243; border_radii=&#8221;on|10px|10px|10px|10px&#8221; global_colors_info=&#8221;{}&#8221; theme_builder_area=&#8221;post_content&#8221; sticky_enabled=&#8221;0&#8243;]<\/p>\n<h2>Vivencias en el Sitio del Futuro<\/h2>\n<p>Las formaciones virtuales se complementan con pasant\u00edas inmersivas que brindan experiencias comunitarias presenciales, para el desarrollo de pr\u00e1cticas de las cuatro inteligencias en busca de coherencia y alegr\u00eda.<\/p>\n<p>[\/et_pb_text][\/et_pb_column][\/et_pb_row][\/et_pb_section][et_pb_section fb_built=&#8221;1&#8243; prev_background_color=&#8221;#ffffff&#8221; _builder_version=&#8221;4.16&#8243; _module_preset=&#8221;default&#8221; background_color=&#8221;#e2e2e2&#8243; top_divider_style=&#8221;slant2&#8243; global_colors_info=&#8221;{}&#8221; theme_builder_area=&#8221;post_content&#8221;][et_pb_row column_structure=&#8221;1_2,1_2&#8243; _builder_version=&#8221;4.16&#8243; _module_preset=&#8221;default&#8221; custom_padding=&#8221;||12px||false|false&#8221; global_colors_info=&#8221;{}&#8221; theme_builder_area=&#8221;post_content&#8221;][et_pb_column type=&#8221;1_2&#8243; _builder_version=&#8221;4.16&#8243; _module_preset=&#8221;default&#8221; global_colors_info=&#8221;{}&#8221; theme_builder_area=&#8221;post_content&#8221;][et_pb_text _builder_version=&#8221;4.24.3&#8243; _module_preset=&#8221;default&#8221; header_2_font=&#8221;|700|||||||&#8221; header_2_text_color=&#8221;#FFFFFF&#8221; header_2_font_size=&#8221;35px&#8221; background_color=&#8221;#7CDA24&#8243; width=&#8221;100%&#8221; custom_padding=&#8221;10px|22px|5px|10px|false|false&#8221; border_radii=&#8221;on|5px|5px|5px|5px&#8221; global_colors_info=&#8221;{}&#8221; theme_builder_area=&#8221;post_content&#8221;]<\/p>\n<h2>Espacios F\u00edsicos<\/h2>\n<p>[\/et_pb_text][\/et_pb_column][et_pb_column type=&#8221;1_2&#8243; _builder_version=&#8221;4.16&#8243; _module_preset=&#8221;default&#8221; global_colors_info=&#8221;{}&#8221; theme_builder_area=&#8221;post_content&#8221;][\/et_pb_column][\/et_pb_row][et_pb_row column_structure=&#8221;1_3,1_3,1_3&#8243; use_custom_gutter=&#8221;on&#8221; gutter_width=&#8221;2&#8243; _builder_version=&#8221;4.16&#8243; _module_preset=&#8221;default&#8221; custom_padding=&#8221;10px|||||&#8221; global_colors_info=&#8221;{}&#8221; theme_builder_area=&#8221;post_content&#8221;][et_pb_column type=&#8221;1_3&#8243; _builder_version=&#8221;4.16&#8243; _module_preset=&#8221;default&#8221; global_colors_info=&#8221;{}&#8221; theme_builder_area=&#8221;post_content&#8221;][et_pb_gallery gallery_ids=&#8221;308,307,237,238,239&#8243; fullwidth=&#8221;on&#8221; _builder_version=&#8221;4.16&#8243; _module_preset=&#8221;default&#8221; custom_margin=&#8221;||6px|||&#8221; border_radii=&#8221;on|5px|5px|5px|5px&#8221; global_colors_info=&#8221;{}&#8221; theme_builder_area=&#8221;post_content&#8221;][\/et_pb_gallery][et_pb_text _builder_version=&#8221;4.24.3&#8243; _module_preset=&#8221;default&#8221; header_2_font=&#8221;|700|||||||&#8221; header_2_text_align=&#8221;center&#8221; header_2_text_color=&#8221;#FFFFFF&#8221; header_2_font_size=&#8221;22px&#8221; background_color=&#8221;#E09900&#8243; custom_padding=&#8221;10px|10px|5px|10px|false|false&#8221; border_radii=&#8221;on|5px|5px|5px|5px&#8221; global_colors_info=&#8221;{}&#8221; theme_builder_area=&#8221;post_content&#8221;]<\/p>\n<h2>Sitio del futuro<\/h2>\n<p>[\/et_pb_text][\/et_pb_column][et_pb_column type=&#8221;1_3&#8243; _builder_version=&#8221;4.16&#8243; _module_preset=&#8221;default&#8221; global_colors_info=&#8221;{}&#8221; theme_builder_area=&#8221;post_content&#8221;][et_pb_gallery gallery_ids=&#8221;240,545,241,546,242,547,243&#8243; fullwidth=&#8221;on&#8221; _builder_version=&#8221;4.16&#8243; _module_preset=&#8221;default&#8221; custom_margin=&#8221;||6px|||&#8221; border_radii=&#8221;on|5px|5px|5px|5px&#8221; global_colors_info=&#8221;{}&#8221; theme_builder_area=&#8221;post_content&#8221;][\/et_pb_gallery][et_pb_text _builder_version=&#8221;4.24.3&#8243; _module_preset=&#8221;default&#8221; header_2_font=&#8221;|700|||||||&#8221; header_2_text_align=&#8221;center&#8221; header_2_text_color=&#8221;#FFFFFF&#8221; header_2_font_size=&#8221;22px&#8221; background_color=&#8221;#E09900&#8243; custom_padding=&#8221;10px|10px|5px|10px|false|false&#8221; hover_enabled=&#8221;0&#8243; border_radii=&#8221;on|5px|5px|5px|5px&#8221; global_colors_info=&#8221;{}&#8221; theme_builder_area=&#8221;post_content&#8221; sticky_enabled=&#8221;0&#8243;]<\/p>\n<h2>Terraza Lauretta<\/h2>\n<p>[\/et_pb_text][\/et_pb_column][et_pb_column type=&#8221;1_3&#8243; _builder_version=&#8221;4.16&#8243; _module_preset=&#8221;default&#8221; global_colors_info=&#8221;{}&#8221; theme_builder_area=&#8221;post_content&#8221;][et_pb_gallery gallery_ids=&#8221;377,376,375,374,333,332,331,330,329,328,327,326&#8243; fullwidth=&#8221;on&#8221; _builder_version=&#8221;4.16&#8243; _module_preset=&#8221;default&#8221; custom_margin=&#8221;||6px|||&#8221; border_radii=&#8221;on|5px|5px|5px|5px&#8221; global_colors_info=&#8221;{}&#8221; theme_builder_area=&#8221;post_content&#8221;][\/et_pb_gallery][et_pb_text _builder_version=&#8221;4.24.3&#8243; _module_preset=&#8221;default&#8221; header_2_font=&#8221;|700|||||||&#8221; header_2_text_align=&#8221;center&#8221; header_2_text_color=&#8221;#FFFFFF&#8221; header_2_font_size=&#8221;22px&#8221; background_color=&#8221;#E09900&#8243; custom_padding=&#8221;10px|10px|5px|10px|false|false&#8221; border_radii=&#8221;on|5px|5px|5px|5px&#8221; global_colors_info=&#8221;{}&#8221; theme_builder_area=&#8221;post_content&#8221;]<\/p>\n<h2>Chalet en los Alpes Franceses<\/h2>\n<p>[\/et_pb_text][\/et_pb_column][\/et_pb_row][\/et_pb_section]<\/p>\n","protected":false},"excerpt":{"rendered":"<p>La Escuela de Sustentabilidad Integral (ESI) acompa\u00f1a a las personas en su proceso de transformaci\u00f3n de s\u00ed mismas para transformar el mundo, es un espacio de reflexiones y pr\u00e1cticas utilizando las inteligencias del cuerpo, la mente, el coraz\u00f3n y el esp\u00edritu, basado en el paradigma hol\u00edstico-cu\u00e1ntico. ESI es una escuela internacional que ofrece cursos en diferentes idiomas, adapt\u00e1ndose a diferentes entornos culturales. El objetivo de ESI es construir un entorno de ciudadan\u00eda planetaria y cree que la diversidad enriquece a la comunidad. En este sentido, la Escuela ofrece ayudas sociales a las personas que no han podido pagar los cursos. Durante las formaciones de la ESI, la fuerza del grupo se ve potencializada por la creaci\u00f3n voluntaria de la egr\u00e9gora, es decir, una fuerza colectiva sutil que existe a partir de la suma de energ\u00edas individuales en colaboraci\u00f3n. La b\u00fasqueda de la coherencia interna entre lo que se dice, lo que se siente, lo que se hace y lo que se piensa se desarrolla en un grupo a trav\u00e9s de la sincronizaci\u00f3n de intenciones y diferentes actividades realizadas colectivamente, en un ambiente de apoyo mutuo. Encontrar la alegr\u00eda de la coherencia interna y verse contribuyendo a un mundo justo, ecol\u00f3gico, [&hellip;]<\/p>\n","protected":false},"author":1,"featured_media":0,"parent":0,"menu_order":0,"comment_status":"closed","ping_status":"closed","template":"","meta":{"_et_pb_use_builder":"on","_et_pb_old_content":"","_et_gb_content_width":"","footnotes":""},"class_list":["post-163","page","type-page","status-publish","hentry"],"_links":{"self":[{"href":"https:\/\/ecologiaintegral.com\/es\/wp-json\/wp\/v2\/pages\/163","targetHints":{"allow":["GET"]}}],"collection":[{"href":"https:\/\/ecologiaintegral.com\/es\/wp-json\/wp\/v2\/pages"}],"about":[{"href":"https:\/\/ecologiaintegral.com\/es\/wp-json\/wp\/v2\/types\/page"}],"author":[{"embeddable":true,"href":"https:\/\/ecologiaintegral.com\/es\/wp-json\/wp\/v2\/users\/1"}],"replies":[{"embeddable":true,"href":"https:\/\/ecologiaintegral.com\/es\/wp-json\/wp\/v2\/comments?post=163"}],"version-history":[{"count":28,"href":"https:\/\/ecologiaintegral.com\/es\/wp-json\/wp\/v2\/pages\/163\/revisions"}],"predecessor-version":[{"id":1123,"href":"https:\/\/ecologiaintegral.com\/es\/wp-json\/wp\/v2\/pages\/163\/revisions\/1123"}],"wp:attachment":[{"href":"https:\/\/ecologiaintegral.com\/es\/wp-json\/wp\/v2\/media?parent=163"}],"curies":[{"name":"wp","href":"https:\/\/api.w.org\/{rel}","templated":true}]}}