{"id":2,"date":"2021-07-24T13:26:44","date_gmt":"2021-07-24T16:26:44","guid":{"rendered":"https:\/\/ecologiaintegral.com\/?page_id=2"},"modified":"2024-04-07T23:25:39","modified_gmt":"2024-04-08T02:25:39","slug":"home","status":"publish","type":"page","link":"https:\/\/ecologiaintegral.com\/es\/","title":{"rendered":"Home"},"content":{"rendered":"<p>[et_pb_section fb_built=&#8221;1&#8243; _builder_version=&#8221;4.9.10&#8243; _module_preset=&#8221;default&#8221; background_color=&#8221;#ffb822&#8243; custom_padding=&#8221;15px||16px|||&#8221; bottom_divider_color=&#8221;#e01d00&#8243; bottom_divider_flip=&#8221;horizontal&#8221; bottom_divider_height_tablet=&#8221;&#8221; bottom_divider_height_phone=&#8221;30px&#8221; bottom_divider_height_last_edited=&#8221;on|phone&#8221;][et_pb_row column_structure=&#8221;2_5,3_5&#8243; _builder_version=&#8221;4.9.10&#8243; _module_preset=&#8221;default&#8221;][et_pb_column type=&#8221;2_5&#8243; _builder_version=&#8221;4.9.10&#8243; _module_preset=&#8221;default&#8221;][et_pb_text _builder_version=&#8221;4.9.10&#8243; _module_preset=&#8221;default&#8221; header_2_font=&#8221;|700|||||||&#8221; header_2_text_color=&#8221;#792d04&#8243; header_2_font_size=&#8221;30px&#8221; custom_margin=&#8221;30px||3px|||&#8221; animation_style=&#8221;slide&#8221; animation_direction=&#8221;left&#8221;]<\/p>\n<h2>Escuela de Sustentabilidad Integral<\/h2>\n<p>[\/et_pb_text][et_pb_text _builder_version=&#8221;4.9.10&#8243; _module_preset=&#8221;default&#8221; text_text_color=&#8221;#000000&#8243; custom_margin=&#8221;||10px|||&#8221; animation_style=&#8221;slide&#8221; animation_direction=&#8221;left&#8221;]La Escuela de sustentabilidad Integral es una comunidad internacional  que ofrece cursos regulares on line en vivo, en portugu\u00e9s, franc\u00e9s, ingl\u00e9s y espa\u00f1ol, adem\u00e1s de inmersiones presenciales en Brasil, India y Francia.[\/et_pb_text][et_pb_blurb title=&#8221;Conozca mejor la ESI&#8221; use_icon=&#8221;on&#8221; font_icon=&#8221;%%36%%&#8221; icon_color=&#8221;#A84C1E&#8221; icon_placement=&#8221;left&#8221; _builder_version=&#8221;4.9.10&#8243; _dynamic_attributes=&#8221;link_option_url&#8221; _module_preset=&#8221;default&#8221; header_font=&#8221;|700|||||||&#8221; header_text_color=&#8221;#1A642C&#8221; header_font_size=&#8221;24px&#8221; header_line_height=&#8221;1.2em&#8221; body_text_color=&#8221;#000000&#8243; custom_margin=&#8221;||14px|||&#8221; animation_style=&#8221;slide&#8221; animation_direction=&#8221;left&#8221; link_option_url=&#8221;@ET-DC@eyJkeW5hbWljIjp0cnVlLCJjb250ZW50IjoicG9zdF9saW5rX3VybF9wYWdlIiwic2V0dGluZ3MiOnsicG9zdF9pZCI6IjE2MyJ9fQ==@&#8221; header_text_color__hover_enabled=&#8221;on|hover&#8221; header_text_color__hover=&#8221;#FFFFFF&#8221; body_text_color__hover_enabled=&#8221;on|hover&#8221; body_text_color__hover=&#8221;#FFFFFF&#8221;]Mire el v\u00eddeo adjunto, en el cual D\u00e9bora Nunes &#8211; profesora universitaria, escritora, fundadora y coordinadora de la Escuela de Sustentabilidad Integral- presenta la ESI.[\/et_pb_blurb][\/et_pb_column][et_pb_column type=&#8221;3_5&#8243; _builder_version=&#8221;4.9.10&#8243; _module_preset=&#8221;default&#8221;][et_pb_video src=&#8221;https:\/\/www.youtube.com\/watch?v=RljUst4ap_4&#8243; play_icon_color=&#8221;#A84C1E&#8221; thumbnail_overlay_color=&#8221;#C0580B&#8221; _builder_version=&#8221;4.9.10&#8243; _module_preset=&#8221;default&#8221; custom_margin=&#8221;12px|||||&#8221; animation_style=&#8221;bounce&#8221; border_radii=&#8221;on|10px|10px|10px|10px&#8221; border_width_all=&#8221;8px&#8221; border_color_all=&#8221;#A84C1E&#8221; locked=&#8221;off&#8221;][\/et_pb_video][\/et_pb_column][\/et_pb_row][\/et_pb_section][et_pb_section fb_built=&#8221;1&#8243; prev_background_color=&#8221;#ffb822&#8243; _builder_version=&#8221;4.9.10&#8243; _module_preset=&#8221;default&#8221; background_color=&#8221;#f2e7e5&#8243; background_image=&#8221;https:\/\/ecologiaintegral.com\/wp-content\/uploads\/2021\/09\/bg-cursos3.jpg&#8221; background_size=&#8221;contain&#8221; background_position=&#8221;top_left&#8221; custom_padding=&#8221;38px||88px|||&#8221; top_divider_style=&#8221;slant&#8221; top_divider_height=&#8221;52px&#8221; top_divider_flip=&#8221;horizontal&#8221; top_divider_height_tablet=&#8221;&#8221; top_divider_height_phone=&#8221;30px&#8221; top_divider_height_last_edited=&#8221;on|phone&#8221; bottom_divider_style=&#8221;slant&#8221; bottom_divider_color=&#8221;#ac3e02&#8243; bottom_divider_height=&#8221;79px&#8221; bottom_divider_height_tablet=&#8221;&#8221; bottom_divider_height_phone=&#8221;30px&#8221; bottom_divider_height_last_edited=&#8221;on|phone&#8221; background_last_edited=&#8221;on|phone&#8221; background_image_phone=&#8221;https:\/\/ecologiaintegral.com\/wp-content\/uploads\/2021\/09\/bg-cursos-mobile3.jpg&#8221; background_enable_image_phone=&#8221;on&#8221; background_position_phone=&#8221;top_center&#8221;][et_pb_row column_structure=&#8221;1_3,2_3&#8243; custom_padding_last_edited=&#8221;on|phone&#8221; _builder_version=&#8221;4.9.10&#8243; _module_preset=&#8221;default&#8221; width=&#8221;100%&#8221; max_width=&#8221;100%&#8221; custom_margin=&#8221;16px|auto||auto||&#8221; custom_padding=&#8221;15px||0px|||&#8221; custom_padding_tablet=&#8221;&#8221; custom_padding_phone=&#8221;50px||||false|false&#8221;][et_pb_column type=&#8221;1_3&#8243; _builder_version=&#8221;4.9.10&#8243; _module_preset=&#8221;default&#8221; background_enable_image=&#8221;off&#8221;][\/et_pb_column][et_pb_column type=&#8221;2_3&#8243; _builder_version=&#8221;4.9.10&#8243; _module_preset=&#8221;default&#8221; custom_padding=&#8221;|240px||30px|false|false&#8221; custom_padding_tablet=&#8221;&#8221; custom_padding_phone=&#8221;180px|30px||30px|false|false&#8221; custom_padding_last_edited=&#8221;on|desktop&#8221;][et_pb_text _builder_version=&#8221;4.9.10&#8243; _module_preset=&#8221;default&#8221; header_2_font=&#8221;|700|||||||&#8221; header_2_text_color=&#8221;#792d04&#8243; header_2_font_size=&#8221;30px&#8221; custom_margin=&#8221;16px||17px|||&#8221; animation_style=&#8221;slide&#8221; animation_direction=&#8221;right&#8221;]<\/p>\n<h2>Cursos Regulares<\/h2>\n<p>[\/et_pb_text][et_pb_text _builder_version=&#8221;4.9.10&#8243; _module_preset=&#8221;default&#8221; text_text_color=&#8221;#000000&#8243; custom_margin=&#8221;||18px|||&#8221; animation_style=&#8221;slide&#8221; animation_direction=&#8221;right&#8221;]Actualmente, los cursos regulares de ESI se realizan en modalidad virtual. Cada curso se divide en tres m\u00f3dulos.[\/et_pb_text][et_pb_toggle title=&#8221;M\u00d3DULO I &#8211; COHERENCIA Y ALEGR\u00cdA&#8221; open_toggle_text_color=&#8221;#C05829&#8243; open_toggle_background_color=&#8221;#FFFFFF&#8221; closed_toggle_text_color=&#8221;#FFFFFF&#8221; closed_toggle_background_color=&#8221;#E09900&#8243; icon_color=&#8221;#A84C1E&#8221; _builder_version=&#8221;4.9.10&#8243; _module_preset=&#8221;default&#8221; title_font=&#8221;|||on|||||&#8221; closed_title_font=&#8221;|700|||||||&#8221; closed_title_font_size=&#8221;18px&#8221; body_text_color=&#8221;#000000&#8243; custom_margin=&#8221;||8px|||&#8221; animation_style=&#8221;slide&#8221; animation_direction=&#8221;right&#8221;]<\/p>\n<p>Este m\u00f3dulo tiene una duraci\u00f3n de cuatro meses, con 8 encuentros virtuales en vivo, de 3 horas cada uno, los cuales se realizan cada 15 d\u00edas, normalmente entre marzo y junio, y entre septiembre y diciembre de cada a\u00f1o.<\/p>\n<p>Este m\u00f3dulo incluye:<\/p>\n<ul>\n<li>24 horas de encuentros virtuales en vivo (con invitados especiales, videos de la colecci\u00f3n de la Escuela, c\u00edrculos de intercambio, ejercicios que movilizan la inteligencia mental, emocional, del cuerpo y del alma, entre otras actividades);<\/li>\n<li>Acceso a una plataforma virtual con nuevos materiales de aprendizaje disponibles en cada sesi\u00f3n: videos, art\u00edculos, actividades pr\u00e1cticas para movilizar las cuatro inteligencias, orientadas a rituales de auto-observaci\u00f3n, meditaciones guiadas, y m\u00e1s;<\/li>\n<li>Acceso a un grupo en l\u00ednea de la comunidad intencionada o<em> egr\u00e9gora<\/em><\/li>\n<li>Acompa\u00f1amiento personalizado durante el curso a cargo de les \u201cguardianes del campo sutil de la comunidad virtual o <em>egr\u00e9gora<\/em>\u201d.<\/li>\n<\/ul>\n<p><em>Egr\u00e9gora es un cuerpo sutil colectivo en el cual sus participantes comparten pensamientos, intuiciones, sentimientos, y experiencias con el prop\u00f3sito de transformarse para transformar el mundo. Las energ\u00edas compartidas generan un valor adicional que fortalece la identidad grupal y beneficia la construcci\u00f3n de la coherencia de les participantes entre lo que sienten y piensan, y entre lo que dicen y hacen.<\/em><\/p>\n<p>[\/et_pb_toggle][et_pb_toggle title=&#8221;M\u00d3DULO II &#8211; RUTAS DE TRANSICI\u00d3N&#8221; open_toggle_text_color=&#8221;#C05829&#8243; open_toggle_background_color=&#8221;#FFFFFF&#8221; closed_toggle_text_color=&#8221;#FFFFFF&#8221; closed_toggle_background_color=&#8221;#E09900&#8243; icon_color=&#8221;#A84C1E&#8221; _builder_version=&#8221;4.9.10&#8243; _module_preset=&#8221;default&#8221; title_font=&#8221;|||on|||||&#8221; closed_title_font=&#8221;|700|||||||&#8221; closed_title_font_size=&#8221;18px&#8221; body_text_color=&#8221;#000000&#8243; custom_margin=&#8221;||10px|||&#8221; animation_style=&#8221;slide&#8221; animation_direction=&#8221;right&#8221;]<\/p>\n<p>Este m\u00f3dulo se compone de 13 encuentros virtuales, de 3 horas cada uno, los cuales se realizan de semana a semana, siguiendo las lunaciones, lo cual permite al grupo alinearse con algo externo, que viene de la Naturaleza, y que regula la auto-observaci\u00f3n a lo largo de la semana y estimula la din\u00e1mica del grupo. En luna nueva tenemos el tiempo de empezar, en luna creciente el tiempo de estructurar, en luna llena el tiempo de cosechar y evaluar, y en luna menguante el tiempo de cerrar asuntos pendientes.<\/p>\n<p><strong>En la formaci\u00f3n tambi\u00e9n se incluye:<\/strong><\/p>\n<ul>\n<li>24 horas de encuentros virtuales en vivo (con invitados especiales, videos externos, c\u00edrculos de intercambio, ejercicios que movilizan la inteligencia mental, emocional, del cuerpo y del alma, etc.);<\/li>\n<li>Acceso a una plataforma virtual con nuevos materiales de aprendizaje disponibles en cada sesi\u00f3n: videos, art\u00edculos, actividades pr\u00e1cticas para movilizar las cuatro inteligencias, materiales orientados a la realizaci\u00f3n de rituales de auto-observaci\u00f3n, meditaciones guiadas, y m\u00e1s;<\/li>\n<li>Acceso a un <em>chat online<\/em> <em>instant\u00e1neo<\/em> con el grupo en cualquier momento, y participaci\u00f3n en un grupo m\u00e1s peque\u00f1o organizado por afinidad, en torno a los elementos <em>AGUA, FUEGO, TIERRA Y AIRE<\/em>;<\/li>\n<li>Acompa\u00f1amiento personalizado durante el curso a cargo de participantes que hacen de \u201cguardianes y guardianas del campo sutil del grupo\u201d.<\/li>\n<\/ul>\n<p>[\/et_pb_toggle][et_pb_toggle title=&#8221;M\u00d3DULO III &#8211; ENTREGA Y AUTOGOBIERNO&#8221; open_toggle_text_color=&#8221;#C05829&#8243; open_toggle_background_color=&#8221;#FFFFFF&#8221; closed_toggle_text_color=&#8221;#FFFFFF&#8221; closed_toggle_background_color=&#8221;#E09900&#8243; icon_color=&#8221;#A84C1E&#8221; _builder_version=&#8221;4.9.10&#8243; _module_preset=&#8221;default&#8221; title_font=&#8221;|||on|||||&#8221; closed_title_font=&#8221;|700|||||||&#8221; closed_title_font_size=&#8221;18px&#8221; body_text_color=&#8221;#000000&#8243; animation_style=&#8221;slide&#8221; animation_direction=&#8221;right&#8221;]<\/p>\n<p>Este m\u00f3dulo es exclusivo para quienes deseen ser multiplicadores de la metodolog\u00eda de la Escuela de Sustentabilidad Integral. La esencia de la metodolog\u00eda ESI es la b\u00fasqueda del alineamiento interno entre lo que uno siente y piensa; y el alineamiento externo, entre lo que uno dice y hace. La percepci\u00f3n del efecto <em><u>delet\u00e9reo<\/u> <\/em>de los modos de vida egoc\u00e9ntricos y superficiales sobre la Madre Naturaleza inspira la b\u00fasqueda de una interiorizaci\u00f3n y una vida ecol\u00f3gica y comunitaria. El eje de esta b\u00fasqueda es el alineamiento interior para alcanzar tu propia verdad trascendente, para transformarte a ti mismo para transformar el mundo.<\/p>\n<p>Se puede ser multiplicador de esta metodolog\u00eda, primero como guardianes (palabra usada en la comunidad ESI para integrar hombre-mujer) del campo sutil y segundo como coordinadores de grupo del M\u00f3dulo I, introductorio.<\/p>\n<p><em>Un efecto delet\u00e9reo es una consecuencia perniciosa de una acci\u00f3n<\/em><\/p>\n<p>[\/et_pb_toggle][et_pb_button button_url=&#8221;@ET-DC@eyJkeW5hbWljIjp0cnVlLCJjb250ZW50IjoicG9zdF9saW5rX3VybF9wYWdlIiwic2V0dGluZ3MiOnsicG9zdF9pZCI6IjE5MyJ9fQ==@&#8221; button_text=&#8221;Conoce m\u00e1s sobre nuestros cursos&#8221; _builder_version=&#8221;4.9.10&#8243; _dynamic_attributes=&#8221;button_url&#8221; _module_preset=&#8221;default&#8221; custom_button=&#8221;on&#8221; animation_style=&#8221;slide&#8221; animation_direction=&#8221;right&#8221; button_text_size_tablet=&#8221;&#8221; button_text_size_phone=&#8221;18px&#8221; button_text_size_last_edited=&#8221;on|phone&#8221;][\/et_pb_button][\/et_pb_column][\/et_pb_row][\/et_pb_section][et_pb_section fb_built=&#8221;1&#8243; specialty=&#8221;on&#8221; _builder_version=&#8221;4.9.10&#8243; _module_preset=&#8221;default&#8221; background_color=&#8221;#ac3e02&#8243; custom_padding=&#8221;14px||18px|||&#8221;][et_pb_column type=&#8221;1_2&#8243; specialty_columns=&#8221;2&#8243; _builder_version=&#8221;3.25&#8243; custom_padding=&#8221;|||&#8221; custom_padding__hover=&#8221;|||&#8221;][et_pb_row_inner _builder_version=&#8221;4.9.10&#8243; _module_preset=&#8221;default&#8221;][et_pb_column_inner saved_specialty_column_type=&#8221;1_2&#8243; _builder_version=&#8221;4.9.10&#8243; _module_preset=&#8221;default&#8221;][et_pb_text _builder_version=&#8221;4.9.10&#8243; _module_preset=&#8221;default&#8221; header_2_font=&#8221;|700|||||||&#8221; header_2_text_color=&#8221;#ffbf38&#8243; header_2_font_size=&#8221;30px&#8221; custom_margin=&#8221;||12px|||&#8221; animation_style=&#8221;slide&#8221; animation_direction=&#8221;left&#8221;]<\/p>\n<h2>VIVENCIAS PRESENCIALES<\/h2>\n<p>[\/et_pb_text][et_pb_text _builder_version=&#8221;4.9.10&#8243; _module_preset=&#8221;default&#8221; text_text_color=&#8221;#FFFFFF&#8221; custom_margin=&#8221;||-2px|||&#8221; animation_style=&#8221;slide&#8221; animation_direction=&#8221;left&#8221;]Las formaciones virtuales se complementan con pasant\u00edas inmersivas que brindan experiencias comunitarias presenciales para el desarrollo de pr\u00e1cticas de las cuatro inteligencias, en busca de coherencia y alegr\u00eda.[\/et_pb_text][\/et_pb_column_inner][\/et_pb_row_inner][et_pb_row_inner column_structure=&#8221;1_3,1_3,1_3&#8243; use_custom_gutter=&#8221;on&#8221; gutter_width=&#8221;2&#8243; _builder_version=&#8221;4.9.10&#8243; _module_preset=&#8221;default&#8221;][et_pb_column_inner type=&#8221;1_3&#8243; saved_specialty_column_type=&#8221;1_2&#8243; _builder_version=&#8221;4.9.10&#8243; _module_preset=&#8221;default&#8221;][et_pb_blurb title=&#8221;Brazil&#8221; image=&#8221;https:\/\/ecologiaintegral.com\/wp-content\/uploads\/2021\/08\/vivencia-brasil-1.png&#8221; _builder_version=&#8221;4.9.10&#8243; _dynamic_attributes=&#8221;link_option_url&#8221; _module_preset=&#8221;default&#8221; header_font=&#8221;|700|||||||&#8221; header_text_align=&#8221;center&#8221; header_text_color=&#8221;#ffbf38&#8243; header_font_size=&#8221;24px&#8221; body_text_align=&#8221;center&#8221; body_text_color=&#8221;#FFFFFF&#8221; body_line_height=&#8221;1.4em&#8221; animation_style=&#8221;slide&#8221; link_option_url=&#8221;@ET-DC@eyJkeW5hbWljIjp0cnVlLCJjb250ZW50IjoicG9zdF9saW5rX3VybF9wYWdlIiwic2V0dGluZ3MiOnsicG9zdF9pZCI6IjMwMCJ9fQ==@&#8221;]<\/p>\n<p><strong>Immersions at the Farm of the Future<\/strong><\/p>\n<p>[\/et_pb_blurb][\/et_pb_column_inner][et_pb_column_inner type=&#8221;1_3&#8243; saved_specialty_column_type=&#8221;1_2&#8243; _builder_version=&#8221;4.9.10&#8243; _module_preset=&#8221;default&#8221;][et_pb_blurb title=&#8221;France&#8221; image=&#8221;https:\/\/ecologiaintegral.com\/wp-content\/uploads\/2021\/08\/vivencia-franca.png&#8221; _builder_version=&#8221;4.9.10&#8243; _dynamic_attributes=&#8221;link_option_url&#8221; _module_preset=&#8221;default&#8221; header_font=&#8221;|700|||||||&#8221; header_text_align=&#8221;center&#8221; header_text_color=&#8221;#ffbf38&#8243; header_font_size=&#8221;24px&#8221; body_text_align=&#8221;center&#8221; body_text_color=&#8221;#FFFFFF&#8221; body_line_height=&#8221;1.4em&#8221; animation_style=&#8221;slide&#8221; link_option_url=&#8221;@ET-DC@eyJkeW5hbWljIjp0cnVlLCJjb250ZW50IjoicG9zdF9saW5rX3VybF9wYWdlIiwic2V0dGluZ3MiOnsicG9zdF9pZCI6IjUwMSJ9fQ==@&#8221;]<strong>Chalet in the French Alpes<\/strong>[\/et_pb_blurb][\/et_pb_column_inner][et_pb_column_inner type=&#8221;1_3&#8243; saved_specialty_column_type=&#8221;1_2&#8243; _builder_version=&#8221;4.9.10&#8243; _module_preset=&#8221;default&#8221;][et_pb_blurb title=&#8221;India&#8221; image=&#8221;https:\/\/ecologiaintegral.com\/wp-content\/uploads\/2021\/08\/vivencia-india.png&#8221; _builder_version=&#8221;4.9.10&#8243; _dynamic_attributes=&#8221;link_option_url&#8221; _module_preset=&#8221;default&#8221; header_font=&#8221;|700|||||||&#8221; header_text_align=&#8221;center&#8221; header_text_color=&#8221;#ffbf38&#8243; header_font_size=&#8221;24px&#8221; body_text_align=&#8221;center&#8221; body_text_color=&#8221;#FFFFFF&#8221; body_line_height=&#8221;1.4em&#8221; animation_style=&#8221;slide&#8221; link_option_url=&#8221;@ET-DC@eyJkeW5hbWljIjp0cnVlLCJjb250ZW50IjoicG9zdF9saW5rX3VybF9wYWdlIiwic2V0dGluZ3MiOnsicG9zdF9pZCI6IjUwNCJ9fQ==@&#8221;]<\/p>\n<p><strong>Immersions in Auroville<\/strong><\/p>\n<p>[\/et_pb_blurb][\/et_pb_column_inner][\/et_pb_row_inner][\/et_pb_column][et_pb_column type=&#8221;1_2&#8243; _builder_version=&#8221;3.25&#8243; custom_padding=&#8221;|||&#8221; custom_padding__hover=&#8221;|||&#8221;][et_pb_gallery gallery_ids=&#8221;308,326,491,375&#8243; fullwidth=&#8221;on&#8221; _builder_version=&#8221;4.9.10&#8243; _module_preset=&#8221;default&#8221; animation_style=&#8221;slide&#8221; border_radii=&#8221;on|10px|10px|10px|10px&#8221; border_width_all=&#8221;8px&#8221; border_color_all=&#8221;#E09900&#8243;][\/et_pb_gallery][\/et_pb_column][\/et_pb_section][et_pb_section fb_built=&#8221;1&#8243; prev_background_color=&#8221;#ac3e02&#8243; _builder_version=&#8221;4.9.10&#8243; _module_preset=&#8221;default&#8221; background_color=&#8221;#00f0ec&#8221; custom_padding=&#8221;72px||99px|||&#8221; top_divider_style=&#8221;slant&#8221; top_divider_flip=&#8221;horizontal&#8221; top_divider_height_tablet=&#8221;&#8221; top_divider_height_phone=&#8221;30px&#8221; top_divider_height_last_edited=&#8221;on|phone&#8221; bottom_divider_style=&#8221;slant&#8221; bottom_divider_color=&#8221;#FFFFFF&#8221; bottom_divider_height_tablet=&#8221;&#8221; bottom_divider_height_phone=&#8221;30px&#8221; bottom_divider_height_last_edited=&#8221;on|phone&#8221;][et_pb_row _builder_version=&#8221;4.9.10&#8243; _module_preset=&#8221;default&#8221; custom_padding=&#8221;||17px|||&#8221;][et_pb_column type=&#8221;4_4&#8243; _builder_version=&#8221;4.9.10&#8243; _module_preset=&#8221;default&#8221;][et_pb_text _builder_version=&#8221;4.9.10&#8243; _module_preset=&#8221;default&#8221; text_text_color=&#8221;#000000&#8243; header_2_font=&#8221;|700|||||||&#8221; header_2_text_color=&#8221;#A84C1E&#8221; header_2_font_size=&#8221;30px&#8221; text_orientation=&#8221;center&#8221; custom_margin=&#8221;||12px|||&#8221; animation_style=&#8221;slide&#8221;]<\/p>\n<h2>Testimonios<\/h2>\n<p>Lo que nuestros estudiantes dicen de la ESI[\/et_pb_text][\/et_pb_column][\/et_pb_row][et_pb_row column_structure=&#8221;1_2,1_2&#8243; _builder_version=&#8221;4.9.10&#8243; _module_preset=&#8221;default&#8221;][et_pb_column type=&#8221;1_2&#8243; _builder_version=&#8221;4.9.10&#8243; _module_preset=&#8221;default&#8221;][et_pb_video src=&#8221;https:\/\/www.youtube.com\/watch?v=Gl93qIftCx4&#8243; play_icon_color=&#8221;#ffbd33&#8243; thumbnail_overlay_color=&#8221;#C0580B&#8221; _builder_version=&#8221;4.9.10&#8243; _module_preset=&#8221;default&#8221; animation_style=&#8221;slide&#8221; border_radii=&#8221;on|10px|10px|10px|10px&#8221; border_width_all=&#8221;8px&#8221; border_color_all=&#8221;#ffbd33&#8243;][\/et_pb_video][\/et_pb_column][et_pb_column type=&#8221;1_2&#8243; _builder_version=&#8221;4.9.10&#8243; _module_preset=&#8221;default&#8221;][et_pb_testimonial author=&#8221;Ana L\u00facia Lage &#8221; job_title=&#8221;Brasil&#8221; portrait_url=&#8221;https:\/\/ecologiaintegral.com\/wp-content\/uploads\/2021\/08\/ana-lucia-2.jpg&#8221; quote_icon_color=&#8221;#E09900&#8243; quote_icon_background_color=&#8221;RGBA(0,0,0,0)&#8221; use_icon_font_size=&#8221;on&#8221; icon_font_size=&#8221;40px&#8221; _builder_version=&#8221;4.9.10&#8243; _module_preset=&#8221;default&#8221; body_text_color=&#8221;#000000&#8243; body_font_size=&#8221;16px&#8221; body_line_height=&#8221;1.8em&#8221; author_text_color=&#8221;#A84C1E&#8221; author_font_size=&#8221;20px&#8221; position_text_color=&#8221;#000000&#8243; background_enable_color=&#8221;off&#8221; animation_style=&#8221;slide&#8221; background_last_edited=&#8221;on|phone&#8221; background_enable_color_phone=&#8221;off&#8221;]<\/p>\n<p>\u00a1Una experiencia incre\u00edble! No estamos solos y construir comunidades basadas en la confianza y el cari\u00f1o puede hacer milagros para cambiar el mundo interior y exterior, haciendo realidad nuestras visiones comunes.<\/p>\n<p>[\/et_pb_testimonial][\/et_pb_column][\/et_pb_row][et_pb_row _builder_version=&#8221;4.9.10&#8243; _module_preset=&#8221;default&#8221; custom_padding=&#8221;||17px|||&#8221;][et_pb_column type=&#8221;4_4&#8243; _builder_version=&#8221;4.9.10&#8243; _module_preset=&#8221;default&#8221;][et_pb_text _builder_version=&#8221;4.9.10&#8243; _dynamic_attributes=&#8221;link_option_url&#8221; _module_preset=&#8221;default&#8221; text_font=&#8221;|700|||||||&#8221; text_text_color=&#8221;#FFFFFF&#8221; text_font_size=&#8221;16px&#8221; header_2_font=&#8221;|700|||||||&#8221; header_2_text_color=&#8221;#A84C1E&#8221; header_2_font_size=&#8221;30px&#8221; background_color=&#8221;#ffbd33&#8243; text_orientation=&#8221;center&#8221; width=&#8221;30%&#8221; width_tablet=&#8221;&#8221; width_phone=&#8221;100%&#8221; width_last_edited=&#8221;on|phone&#8221; module_alignment=&#8221;center&#8221; custom_margin=&#8221;||12px|||&#8221; custom_padding=&#8221;10px|10px|10px|10px|false|false&#8221; animation_style=&#8221;slide&#8221; link_option_url=&#8221;@ET-DC@eyJkeW5hbWljIjp0cnVlLCJjb250ZW50IjoicG9zdF9saW5rX3VybF9wYWdlIiwic2V0dGluZ3MiOnsicG9zdF9pZCI6IjMzNyJ9fQ==@&#8221; border_radii=&#8221;on|10px|10px|10px|10px&#8221; background__hover_enabled=&#8221;on|hover&#8221; background_color__hover=&#8221;#A84C1E&#8221; background_enable_color__hover=&#8221;on&#8221;]Ver todos los testimonios[\/et_pb_text][\/et_pb_column][\/et_pb_row][\/et_pb_section]<\/p>\n","protected":false},"excerpt":{"rendered":"<p>Escuela de Sustentabilidad IntegralLa Escuela de sustentabilidad Integral es una comunidad internacional que ofrece cursos regulares on line en vivo, en portugu\u00e9s, franc\u00e9s, ingl\u00e9s y espa\u00f1ol, adem\u00e1s de inmersiones presenciales en Brasil, India y Francia.Mire el v\u00eddeo adjunto, en el cual D\u00e9bora Nunes &#8211; profesora universitaria, escritora, fundadora y coordinadora de la Escuela de Sustentabilidad Integral- presenta la ESI.Cursos RegularesActualmente, los cursos regulares de ESI se realizan en modalidad virtual. Cada curso se divide en tres m\u00f3dulos.Este m\u00f3dulo tiene una duraci\u00f3n de cuatro meses, con 8 encuentros virtuales en vivo, de 3 horas cada uno, los cuales se realizan cada 15 d\u00edas, normalmente entre marzo y junio, y entre septiembre y diciembre de cada a\u00f1o. Este m\u00f3dulo incluye: 24 horas de encuentros virtuales en vivo (con invitados especiales, videos de la colecci\u00f3n de la Escuela, c\u00edrculos de intercambio, ejercicios que movilizan la inteligencia mental, emocional, del cuerpo y del alma, entre otras actividades); Acceso a una plataforma virtual con nuevos materiales de aprendizaje disponibles en cada sesi\u00f3n: videos, art\u00edculos, actividades pr\u00e1cticas para movilizar las cuatro inteligencias, orientadas a rituales de auto-observaci\u00f3n, meditaciones guiadas, y m\u00e1s; Acceso a un grupo en l\u00ednea de la comunidad intencionada o egr\u00e9gora Acompa\u00f1amiento personalizado durante [&hellip;]<\/p>\n","protected":false},"author":1,"featured_media":0,"parent":0,"menu_order":0,"comment_status":"closed","ping_status":"closed","template":"","meta":{"_et_pb_use_builder":"on","_et_pb_old_content":"<!-- wp:paragraph -->\n<p>Esta \u00e9 uma p\u00e1gina de exemplo. \u00c9 diferente de um post no blog porque ela permanecer\u00e1 em um lugar e aparecer\u00e1 na navega\u00e7\u00e3o do seu site na maioria dos temas. Muitas pessoas come\u00e7am com uma p\u00e1gina que as apresenta a poss\u00edveis visitantes do site. Ela pode dizer algo assim:<\/p>\n<!-- \/wp:paragraph -->\n\n<!-- wp:quote -->\n<blockquote class=\"wp-block-quote\"><p>Ol\u00e1! Eu sou um mensageiro de bicicleta durante o dia, ator aspirante \u00e0 noite, e este \u00e9 o meu site. Eu moro em S\u00e3o Paulo, tenho um grande cachorro chamado Rex e gosto de tomar caipirinha (e banhos de chuva).<\/p><\/blockquote>\n<!-- \/wp:quote -->\n\n<!-- wp:paragraph -->\n<p>...ou alguma coisa assim:<\/p>\n<!-- \/wp:paragraph -->\n\n<!-- wp:quote -->\n<blockquote class=\"wp-block-quote\"><p>A Companhia de Miniaturas XYZ foi fundada em 1971, e desde ent\u00e3o tem fornecido miniaturas de qualidade ao p\u00fablico. Localizada na cidade de Itu, a XYZ emprega mais de 2.000 pessoas e faz coisas grandiosas para a comunidade da cidade.<\/p><\/blockquote>\n<!-- \/wp:quote -->\n\n<!-- wp:paragraph -->\n<p>Como um novo usu\u00e1rio do WordPress, voc\u00ea deveria ir ao <a href=\"https:\/\/ecologiaintegral.com\/wp-admin\/\">painel<\/a> para excluir essa p\u00e1gina e criar novas p\u00e1ginas para o seu conte\u00fado. Divirta-se!<\/p>\n<!-- \/wp:paragraph -->","_et_gb_content_width":"","footnotes":""},"class_list":["post-2","page","type-page","status-publish","hentry"],"_links":{"self":[{"href":"https:\/\/ecologiaintegral.com\/es\/wp-json\/wp\/v2\/pages\/2","targetHints":{"allow":["GET"]}}],"collection":[{"href":"https:\/\/ecologiaintegral.com\/es\/wp-json\/wp\/v2\/pages"}],"about":[{"href":"https:\/\/ecologiaintegral.com\/es\/wp-json\/wp\/v2\/types\/page"}],"author":[{"embeddable":true,"href":"https:\/\/ecologiaintegral.com\/es\/wp-json\/wp\/v2\/users\/1"}],"replies":[{"embeddable":true,"href":"https:\/\/ecologiaintegral.com\/es\/wp-json\/wp\/v2\/comments?post=2"}],"version-history":[{"count":82,"href":"https:\/\/ecologiaintegral.com\/es\/wp-json\/wp\/v2\/pages\/2\/revisions"}],"predecessor-version":[{"id":1061,"href":"https:\/\/ecologiaintegral.com\/es\/wp-json\/wp\/v2\/pages\/2\/revisions\/1061"}],"wp:attachment":[{"href":"https:\/\/ecologiaintegral.com\/es\/wp-json\/wp\/v2\/media?parent=2"}],"curies":[{"name":"wp","href":"https:\/\/api.w.org\/{rel}","templated":true}]}}