{"id":245,"date":"2021-08-18T02:06:48","date_gmt":"2021-08-18T05:06:48","guid":{"rendered":"https:\/\/ecologiaintegral.com\/?page_id=245"},"modified":"2024-04-25T11:36:00","modified_gmt":"2024-04-25T14:36:00","slug":"equipo","status":"publish","type":"page","link":"https:\/\/ecologiaintegral.com\/es\/equipo\/","title":{"rendered":"Equipo"},"content":{"rendered":"<p>[et_pb_section fb_built=&#8221;1&#8243; _builder_version=&#8221;4.16&#8243; _module_preset=&#8221;default&#8221; global_colors_info=&#8221;{}&#8221; theme_builder_area=&#8221;post_content&#8221;][et_pb_row column_structure=&#8221;1_3,1_3,1_3&#8243; _builder_version=&#8221;4.16&#8243; _module_preset=&#8221;default&#8221; global_colors_info=&#8221;{}&#8221; theme_builder_area=&#8221;post_content&#8221;][et_pb_column type=&#8221;1_3&#8243; _builder_version=&#8221;4.16&#8243; _module_preset=&#8221;default&#8221; global_colors_info=&#8221;{}&#8221; theme_builder_area=&#8221;post_content&#8221;][et_pb_blurb title=&#8221;D\u00e9bora Nunes&#8221; image=&#8221;https:\/\/ecologiaintegral.com\/wp-content\/uploads\/2021\/08\/esi-debora-nunes-200.jpg&#8221; _builder_version=&#8221;4.24.3&#8243; _module_preset=&#8221;default&#8221; header_font=&#8221;|700|||||||&#8221; header_text_align=&#8221;center&#8221; header_text_color=&#8221;#35b51e&#8221; header_font_size=&#8221;30px&#8221; body_text_align=&#8221;center&#8221; background_color=&#8221;#f2f2f2&#8243; custom_padding=&#8221;25px|25px|25px|25px|false|false&#8221; border_radii=&#8221;on|10px|10px|10px|10px&#8221; border_radii_image=&#8221;on|360px|360px|360px|360px&#8221; border_width_all_image=&#8221;4px&#8221; border_color_all_image=&#8221;#E09900&#8243; global_colors_info=&#8221;{}&#8221; theme_builder_area=&#8221;post_content&#8221;]<\/p>\n<p>Profesore de la Universidad Federal de Bah\u00eda, UFBA, escritore. Fund\u00f3 y coordin\u00f3 la Escuela de Sustentabilidad Integral. Su alegr\u00eda est\u00e1 en liderar un equipo de personas maravillosas que se dedican a ayudar a otras personas a transformarse para transformar el mundo.<\/p>\n<p>[\/et_pb_blurb][\/et_pb_column][et_pb_column type=&#8221;1_3&#8243; _builder_version=&#8221;4.16&#8243; _module_preset=&#8221;default&#8221; global_colors_info=&#8221;{}&#8221; theme_builder_area=&#8221;post_content&#8221;][et_pb_blurb title=&#8221;Camilla Barros&#8221; image=&#8221;https:\/\/ecologiaintegral.com\/wp-content\/uploads\/2021\/08\/esi-camila-barros.jpg&#8221; _builder_version=&#8221;4.24.3&#8243; _module_preset=&#8221;default&#8221; header_font=&#8221;|700|||||||&#8221; header_text_align=&#8221;center&#8221; header_text_color=&#8221;#35b51e&#8221; header_font_size=&#8221;30px&#8221; body_text_align=&#8221;center&#8221; background_color=&#8221;#f2f2f2&#8243; custom_padding=&#8221;25px|25px|25px|25px|false|false&#8221; border_radii=&#8221;on|10px|10px|10px|10px&#8221; border_radii_image=&#8221;on|360px|360px|360px|360px&#8221; border_width_all_image=&#8221;4px&#8221; border_color_all_image=&#8221;#E09900&#8243; global_colors_info=&#8221;{}&#8221; theme_builder_area=&#8221;post_content&#8221;]<\/p>\n<p>Apasionada por la permacultura, profesora de yoga y coordinadora comunitaria de proyectos educativos. Asiste a la coordinaci\u00f3n pedag\u00f3gica general de la ESI. Su alegr\u00eda est\u00e1 en practicar el amor y la devoci\u00f3n \u201cen la acci\u00f3n\u201d, poni\u00e9ndose como canal al servicio para bien com\u00fan.<\/p>\n<p>[\/et_pb_blurb][\/et_pb_column][et_pb_column type=&#8221;1_3&#8243; _builder_version=&#8221;4.16&#8243; _module_preset=&#8221;default&#8221; global_colors_info=&#8221;{}&#8221; theme_builder_area=&#8221;post_content&#8221;][et_pb_blurb title=&#8221;Diana Manneh &#8221; image=&#8221;https:\/\/ecologiaintegral.com\/wp-content\/uploads\/2021\/09\/esi-diana-manneh.jpg&#8221; _builder_version=&#8221;4.24.3&#8243; _module_preset=&#8221;default&#8221; header_font=&#8221;|700|||||||&#8221; header_text_align=&#8221;center&#8221; header_text_color=&#8221;#35b51e&#8221; header_font_size=&#8221;30px&#8221; body_text_align=&#8221;center&#8221; background_color=&#8221;#f2f2f2&#8243; custom_padding=&#8221;25px|25px|49px|25px|false|false&#8221; border_radii=&#8221;on|10px|10px|10px|10px&#8221; border_radii_image=&#8221;on|360px|360px|360px|360px&#8221; border_width_all_image=&#8221;4px&#8221; border_color_all_image=&#8221;#E09900&#8243; global_colors_info=&#8221;{}&#8221; theme_builder_area=&#8221;post_content&#8221;]<\/p>\n<p>Apasionada por la permacultura, profesora de yoga y coordinadora comunitaria de proyectos educativos. Asiste a la coordinaci\u00f3n pedag\u00f3gica general de la ESI. Su alegr\u00eda est\u00e1 en practicar el amor y la devoci\u00f3n \u201cen la acci\u00f3n\u201d, poni\u00e9ndose como canal al servicio para bien com\u00fan.<\/p>\n<p>[\/et_pb_blurb][\/et_pb_column][\/et_pb_row][et_pb_row column_structure=&#8221;1_3,1_3,1_3&#8243; _builder_version=&#8221;4.16&#8243; _module_preset=&#8221;default&#8221; global_colors_info=&#8221;{}&#8221; theme_builder_area=&#8221;post_content&#8221;][et_pb_column type=&#8221;1_3&#8243; _builder_version=&#8221;4.16&#8243; _module_preset=&#8221;default&#8221; global_colors_info=&#8221;{}&#8221; theme_builder_area=&#8221;post_content&#8221;][et_pb_blurb title=&#8221;Lays Britto &#8221; image=&#8221;https:\/\/ecologiaintegral.com\/wp-content\/uploads\/2021\/08\/esi-lays-britto.jpg&#8221; _builder_version=&#8221;4.24.3&#8243; _module_preset=&#8221;default&#8221; header_font=&#8221;|700|||||||&#8221; header_text_align=&#8221;center&#8221; header_text_color=&#8221;#35b51e&#8221; header_font_size=&#8221;30px&#8221; body_text_align=&#8221;center&#8221; background_color=&#8221;#f2f2f2&#8243; custom_padding=&#8221;25px|25px|25px|25px|false|false&#8221; border_radii=&#8221;on|10px|10px|10px|10px&#8221; border_radii_image=&#8221;on|360px|360px|360px|360px&#8221; border_width_all_image=&#8221;4px&#8221; border_color_all_image=&#8221;#E09900&#8243; global_colors_info=&#8221;{}&#8221; theme_builder_area=&#8221;post_content&#8221;]<\/p>\n<p>Arquitecta, apasionada por el arte y la astrolog\u00eda, colabora en m\u00faltiples funciones en la Escola de Sustentabilidad Integral desde 2016. \u00a1Su alegr\u00eda est\u00e1 en ser todo y parte, co-construir y compartir el camino de la transici\u00f3n con gente encantadora!<\/p>\n<p>[\/et_pb_blurb][\/et_pb_column][et_pb_column type=&#8221;1_3&#8243; _builder_version=&#8221;4.16&#8243; _module_preset=&#8221;default&#8221; global_colors_info=&#8221;{}&#8221; theme_builder_area=&#8221;post_content&#8221;][et_pb_blurb title=&#8221;Ruby Collins&#8221; image=&#8221;https:\/\/ecologiaintegral.com\/en\/wp-content\/uploads\/2021\/12\/Ruby-Collins.jpg&#8221; _builder_version=&#8221;4.24.3&#8243; _module_preset=&#8221;default&#8221; header_font=&#8221;|700|||||||&#8221; header_text_align=&#8221;center&#8221; header_text_color=&#8221;#35b51e&#8221; header_font_size=&#8221;30px&#8221; body_text_align=&#8221;center&#8221; background_color=&#8221;#f2f2f2&#8243; custom_padding=&#8221;25px|25px|25px|25px|false|false&#8221; border_radii=&#8221;on|10px|10px|10px|10px&#8221; border_radii_image=&#8221;on|360px|360px|360px|360px&#8221; border_width_all_image=&#8221;4px&#8221; border_color_all_image=&#8221;#E09900&#8243; global_colors_info=&#8221;{}&#8221; theme_builder_area=&#8221;post_content&#8221;]<\/p>\n<p>Aspirante a estudiante de la vida. Participa activamente en las ofertas de la ESI en franc\u00e9s e ingl\u00e9s, y ayuda a desarrollar la escuela en ingl\u00e9s. Su alegr\u00eda est\u00e1 en cultivar el retorno a nuestra esencia profunda y en restablecer la conexi\u00f3n con la Verdad Universal.<\/p>\n<p>[\/et_pb_blurb][\/et_pb_column][et_pb_column type=&#8221;1_3&#8243; _builder_version=&#8221;4.16&#8243; _module_preset=&#8221;default&#8221; global_colors_info=&#8221;{}&#8221; theme_builder_area=&#8221;post_content&#8221;][et_pb_blurb title=&#8221;Ciro Sales&#8221; image=&#8221;https:\/\/ecologiaintegral.com\/wp-content\/uploads\/2021\/08\/esi-ciro-sales.jpg&#8221; _builder_version=&#8221;4.24.3&#8243; _module_preset=&#8221;default&#8221; header_font=&#8221;|700|||||||&#8221; header_text_align=&#8221;center&#8221; header_text_color=&#8221;#35b51e&#8221; header_font_size=&#8221;30px&#8221; body_text_align=&#8221;center&#8221; background_color=&#8221;#f2f2f2&#8243; custom_padding=&#8221;25px|25px|25px|25px|false|false&#8221; border_radii=&#8221;on|10px|10px|10px|10px&#8221; border_radii_image=&#8221;on|360px|360px|360px|360px&#8221; border_width_all_image=&#8221;4px&#8221; border_color_all_image=&#8221;#E09900&#8243; global_colors_info=&#8221;{}&#8221; theme_builder_area=&#8221;post_content&#8221;]<\/p>\n<p>Actor, productor y gestor cultural. Colabora con la ESI en la producci\u00f3n de contenidos audiovisuales y en la planificaci\u00f3n de su gesti\u00f3n. Su alegr\u00eda radica en buscar formas de transformar el mundo a trav\u00e9s del arte, buscando la coherencia entre valores, intenciones y actitudes.<\/p>\n<p>[\/et_pb_blurb][\/et_pb_column][\/et_pb_row][et_pb_row column_structure=&#8221;1_3,1_3,1_3&#8243; _builder_version=&#8221;4.16&#8243; _module_preset=&#8221;default&#8221; global_colors_info=&#8221;{}&#8221; theme_builder_area=&#8221;post_content&#8221;][et_pb_column type=&#8221;1_3&#8243; _builder_version=&#8221;4.16&#8243; _module_preset=&#8221;default&#8221; global_colors_info=&#8221;{}&#8221; theme_builder_area=&#8221;post_content&#8221;][et_pb_blurb title=&#8221;Christophe Kaufmann&#8221; image=&#8221;https:\/\/ecologiaintegral.com\/en\/wp-content\/uploads\/2021\/12\/Christophe-Kaufmann.jpg&#8221; _builder_version=&#8221;4.24.3&#8243; _module_preset=&#8221;default&#8221; header_font=&#8221;|700|||||||&#8221; header_text_align=&#8221;center&#8221; header_text_color=&#8221;#35b51e&#8221; header_font_size=&#8221;30px&#8221; body_text_align=&#8221;center&#8221; background_color=&#8221;#f2f2f2&#8243; custom_padding=&#8221;25px|25px|25px|25px|false|false&#8221; border_radii=&#8221;on|10px|10px|10px|10px&#8221; border_radii_image=&#8221;on|360px|360px|360px|360px&#8221; border_width_all_image=&#8221;4px&#8221; border_color_all_image=&#8221;#E09900&#8243; global_colors_info=&#8221;{}&#8221; theme_builder_area=&#8221;post_content&#8221;]<\/p>\n<p>Psiquiatra y psicoterapeuta jubilado, al que le gusta formar parte de proyectos de vanguardia como la ESI, salir de su zona de confort, participar en creaciones de inteligencia colectiva, cultivar la espiritualidad, la confianza, el compromiso y la cooperaci\u00f3n, para evolucionar juntos hacia mayores coherencias.<\/p>\n<p>[\/et_pb_blurb][\/et_pb_column][et_pb_column type=&#8221;1_3&#8243; _builder_version=&#8221;4.16&#8243; _module_preset=&#8221;default&#8221; global_colors_info=&#8221;{}&#8221; theme_builder_area=&#8221;post_content&#8221;][et_pb_blurb title=&#8221;Laurence Allou&#8221; image=&#8221;https:\/\/ecologiaintegral.com\/wp-content\/uploads\/2022\/01\/Laurence-e1642886311929.png&#8221; _builder_version=&#8221;4.16&#8243; _module_preset=&#8221;default&#8221; header_font=&#8221;|700|||||||&#8221; header_text_align=&#8221;center&#8221; header_text_color=&#8221;#35b51e&#8221; header_font_size=&#8221;30px&#8221; body_text_align=&#8221;center&#8221; background_color=&#8221;#f2f2f2&#8243; min_height=&#8221;570.2px&#8221; custom_padding=&#8221;25px|25px|30px|25px|false|false&#8221; border_radii=&#8221;on|10px|10px|10px|10px&#8221; border_radii_image=&#8221;on|360px|360px|360px|360px&#8221; border_width_all_image=&#8221;4px&#8221; border_color_all_image=&#8221;#E09900&#8243; locked=&#8221;off&#8221; global_colors_info=&#8221;{}&#8221; theme_builder_area=&#8221;post_content&#8221;]<\/p>\n<p>Retired, passionate about alternative medicine, especially reflexology which she practices herself. She participates in the pedagogical coordination of ESI in France. Her joy is to feel accompanied as she walks her inner path towards herself, by a group of joyful people who move forward with wide open hearts.<\/p>\n<p>[\/et_pb_blurb][\/et_pb_column][et_pb_column type=&#8221;1_3&#8243; _builder_version=&#8221;4.16&#8243; _module_preset=&#8221;default&#8221; global_colors_info=&#8221;{}&#8221; theme_builder_area=&#8221;post_content&#8221;][et_pb_blurb title=&#8221;Fernando Rosero Garc\u00e9s&#8221; image=&#8221;https:\/\/ecologiaintegral.com\/es\/wp-content\/uploads\/2024\/04\/fernando.jpg&#8221; _builder_version=&#8221;4.24.3&#8243; _module_preset=&#8221;default&#8221; header_font=&#8221;|700|||||||&#8221; header_text_align=&#8221;center&#8221; header_text_color=&#8221;#35b51e&#8221; header_font_size=&#8221;30px&#8221; body_text_align=&#8221;center&#8221; background_color=&#8221;#f2f2f2&#8243; min_height=&#8221;570.2px&#8221; custom_padding=&#8221;25px|25px|30px|25px|false|false&#8221; hover_enabled=&#8221;0&#8243; border_radii=&#8221;on|10px|10px|10px|10px&#8221; border_radii_image=&#8221;on|360px|360px|360px|360px&#8221; border_width_all_image=&#8221;4px&#8221; border_color_all_image=&#8221;#E09900&#8243; locked=&#8221;off&#8221; global_colors_info=&#8221;{}&#8221; theme_builder_area=&#8221;post_content&#8221; title_text=&#8221;fernando&#8221; sticky_enabled=&#8221;0&#8243;]<\/p>\n<p>Soci\u00f3logo rural apasionado por los movimientos ind\u00edgenas, campesinos y ciudadanos que apuntan al buen vivir, basado en la reciprocidad, la plurinacionalidad y la interculturalidad, en armon\u00eda con la Pachamama y sus ecosistemas<\/p>\n<p>[\/et_pb_blurb][\/et_pb_column][\/et_pb_row][\/et_pb_section]<\/p>\n","protected":false},"excerpt":{"rendered":"<p>Profesore de la Universidad Federal de Bah\u00eda, UFBA, escritore. Fund\u00f3 y coordin\u00f3 la Escuela de Sustentabilidad Integral. Su alegr\u00eda est\u00e1 en liderar un equipo de personas maravillosas que se dedican a ayudar a otras personas a transformarse para transformar el mundo.Apasionada por la permacultura, profesora de yoga y coordinadora comunitaria de proyectos educativos. Asiste a la coordinaci\u00f3n pedag\u00f3gica general de la ESI. Su alegr\u00eda est\u00e1 en practicar el amor y la devoci\u00f3n \u201cen la acci\u00f3n\u201d, poni\u00e9ndose como canal al servicio para bien com\u00fan.Apasionada por la permacultura, profesora de yoga y coordinadora comunitaria de proyectos educativos. Asiste a la coordinaci\u00f3n pedag\u00f3gica general de la ESI. Su alegr\u00eda est\u00e1 en practicar el amor y la devoci\u00f3n \u201cen la acci\u00f3n\u201d, poni\u00e9ndose como canal al servicio para bien com\u00fan.Arquitecta, apasionada por el arte y la astrolog\u00eda, colabora en m\u00faltiples funciones en la Escola de Sustentabilidad Integral desde 2016. \u00a1Su alegr\u00eda est\u00e1 en ser todo y parte, co-construir y compartir el camino de la transici\u00f3n con gente encantadora!Aspirante a estudiante de la vida. Participa activamente en las ofertas de la ESI en franc\u00e9s e ingl\u00e9s, y ayuda a desarrollar la escuela en ingl\u00e9s. Su alegr\u00eda est\u00e1 en cultivar el retorno a nuestra esencia profunda y [&hellip;]<\/p>\n","protected":false},"author":1,"featured_media":0,"parent":0,"menu_order":0,"comment_status":"closed","ping_status":"closed","template":"","meta":{"_et_pb_use_builder":"on","_et_pb_old_content":"","_et_gb_content_width":"","footnotes":""},"class_list":["post-245","page","type-page","status-publish","hentry"],"_links":{"self":[{"href":"https:\/\/ecologiaintegral.com\/es\/wp-json\/wp\/v2\/pages\/245","targetHints":{"allow":["GET"]}}],"collection":[{"href":"https:\/\/ecologiaintegral.com\/es\/wp-json\/wp\/v2\/pages"}],"about":[{"href":"https:\/\/ecologiaintegral.com\/es\/wp-json\/wp\/v2\/types\/page"}],"author":[{"embeddable":true,"href":"https:\/\/ecologiaintegral.com\/es\/wp-json\/wp\/v2\/users\/1"}],"replies":[{"embeddable":true,"href":"https:\/\/ecologiaintegral.com\/es\/wp-json\/wp\/v2\/comments?post=245"}],"version-history":[{"count":13,"href":"https:\/\/ecologiaintegral.com\/es\/wp-json\/wp\/v2\/pages\/245\/revisions"}],"predecessor-version":[{"id":1121,"href":"https:\/\/ecologiaintegral.com\/es\/wp-json\/wp\/v2\/pages\/245\/revisions\/1121"}],"wp:attachment":[{"href":"https:\/\/ecologiaintegral.com\/es\/wp-json\/wp\/v2\/media?parent=245"}],"curies":[{"name":"wp","href":"https:\/\/api.w.org\/{rel}","templated":true}]}}