{"id":267,"date":"2021-08-18T03:00:04","date_gmt":"2021-08-18T06:00:04","guid":{"rendered":"https:\/\/ecologiaintegral.com\/?page_id=267"},"modified":"2024-04-24T09:12:21","modified_gmt":"2024-04-24T12:12:21","slug":"sedes","status":"publish","type":"page","link":"https:\/\/ecologiaintegral.com\/es\/sedes\/","title":{"rendered":"Sedes"},"content":{"rendered":"<p>[et_pb_section fb_built=&#8221;1&#8243; _builder_version=&#8221;4.16&#8243; _module_preset=&#8221;default&#8221; custom_padding=&#8221;||18px|||&#8221; global_colors_info=&#8221;{}&#8221; theme_builder_area=&#8221;post_content&#8221;][et_pb_row column_structure=&#8221;1_2,1_2&#8243; _builder_version=&#8221;4.16&#8243; _module_preset=&#8221;default&#8221; global_colors_info=&#8221;{}&#8221; theme_builder_area=&#8221;post_content&#8221;][et_pb_column type=&#8221;1_2&#8243; _builder_version=&#8221;4.16&#8243; _module_preset=&#8221;default&#8221; global_colors_info=&#8221;{}&#8221; theme_builder_area=&#8221;post_content&#8221;][et_pb_text _builder_version=&#8221;4.24.3&#8243; _module_preset=&#8221;default&#8221; header_2_font=&#8221;|700|||||||&#8221; header_2_text_color=&#8221;#FFFFFF&#8221; background_color=&#8221;#E09900&#8243; custom_padding=&#8221;10px|10px|5px|10px|false|false&#8221; border_radii=&#8221;on|5px|5px|5px|5px&#8221; global_colors_info=&#8221;{}&#8221; theme_builder_area=&#8221;post_content&#8221;]<\/p>\n<h2>Sitio del futuro<\/h2>\n<p>[\/et_pb_text][et_pb_text _builder_version=&#8221;4.24.3&#8243; _module_preset=&#8221;default&#8221; global_colors_info=&#8221;{}&#8221; theme_builder_area=&#8221;post_content&#8221;]<\/p>\n<p><strong>S\u00edtio del Futuro<\/strong> es la sede rural de las actividades de ESI. Se encuentra a 21 km del municipio Miguel Calmon, bajo la influencia del maravilloso Parque Estadual Sete Passagens, ubicado en Chapada Diamantina, en el Estado de Bah\u00eda, Brasil. El bosque de las riberas del Rio do Covas que atraviesa el Sitio ha sido recuperado y est\u00e1 en proceso la regeneraci\u00f3n de otros bosques, en un proceso de restauraci\u00f3n de la biodiversidad local. En el Sitio hay producci\u00f3n de alimentos org\u00e1nicos, un ingenio para la producci\u00f3n de melaza de ca\u00f1a de az\u00facar y panela, se practica la \u00a0agroforester\u00eda cafetalera, y cuenta con un peque\u00f1o hato de ganado lechero y caballar. Actualmente se est\u00e1 constituyendo la comunidad Eco-rural, una eco-aldea en construcci\u00f3n. El S\u00edtio tiene varias alianzas con sus empleados y la comunidad circundante.<\/p>\n<p>Haga clic en la foto para ver m\u00e1s del Sitio del futuro<\/p>\n<p>[\/et_pb_text][\/et_pb_column][et_pb_column type=&#8221;1_2&#8243; _builder_version=&#8221;4.16&#8243; _module_preset=&#8221;default&#8221; global_colors_info=&#8221;{}&#8221; theme_builder_area=&#8221;post_content&#8221;][et_pb_gallery gallery_ids=&#8221;308,307,237,238,239,118,236&#8243; fullwidth=&#8221;on&#8221; _builder_version=&#8221;4.16&#8243; _module_preset=&#8221;default&#8221; custom_margin=&#8221;||6px|||&#8221; border_radii=&#8221;on|5px|5px|5px|5px&#8221; global_colors_info=&#8221;{}&#8221; theme_builder_area=&#8221;post_content&#8221;][\/et_pb_gallery][\/et_pb_column][\/et_pb_row][et_pb_row column_structure=&#8221;1_2,1_2&#8243; _builder_version=&#8221;4.16&#8243; _module_preset=&#8221;default&#8221; global_colors_info=&#8221;{}&#8221; theme_builder_area=&#8221;post_content&#8221;][et_pb_column type=&#8221;1_2&#8243; _builder_version=&#8221;4.16&#8243; _module_preset=&#8221;default&#8221; global_colors_info=&#8221;{}&#8221; theme_builder_area=&#8221;post_content&#8221;][et_pb_text _builder_version=&#8221;4.24.3&#8243; _module_preset=&#8221;default&#8221; header_2_font=&#8221;|700|||||||&#8221; header_2_text_color=&#8221;#FFFFFF&#8221; background_color=&#8221;#E09900&#8243; custom_padding=&#8221;10px|10px|5px|10px|false|false&#8221; border_radii=&#8221;on|5px|5px|5px|5px&#8221; global_colors_info=&#8221;{}&#8221; theme_builder_area=&#8221;post_content&#8221;]<\/p>\n<h2>Terraza Lauretta<\/h2>\n<p>[\/et_pb_text][et_pb_text _builder_version=&#8221;4.24.3&#8243; _module_preset=&#8221;default&#8221; global_colors_info=&#8221;{}&#8221; theme_builder_area=&#8221;post_content&#8221;]<\/p>\n<p>La sede urbana de ESI est\u00e1 ubicada en el barrio de la Barra, en Salvador, en una terraza \u00edntegramente planificada de forma ecol\u00f3gica para facilitar conferencias, trabajos en grupo, meditaciones, pr\u00e1cticas de permacultura y otras din\u00e1micas de vida comunitaria, como la producci\u00f3n de alimentos. La terraza Laureta est\u00e1 a 700 metros de Porto da Barra y esta playa tambi\u00e9n se utiliza como espacio de interacci\u00f3n con los grupos.<\/p>\n<p>Haga clic en la foto para ver m\u00e1s de Terraza Lauretta<\/p>\n<p>[\/et_pb_text][et_pb_video src=&#8221;https:\/\/youtu.be\/i4Ya8xRPz-s&#8221; _builder_version=&#8221;4.16&#8243; _module_preset=&#8221;default&#8221; global_colors_info=&#8221;{}&#8221; theme_builder_area=&#8221;post_content&#8221;][\/et_pb_video][\/et_pb_column][et_pb_column type=&#8221;1_2&#8243; _builder_version=&#8221;4.16&#8243; _module_preset=&#8221;default&#8221; global_colors_info=&#8221;{}&#8221; theme_builder_area=&#8221;post_content&#8221;][et_pb_gallery gallery_ids=&#8221;240,547,241,545,242,546,243&#8243; fullwidth=&#8221;on&#8221; _builder_version=&#8221;4.16&#8243; _module_preset=&#8221;default&#8221; custom_margin=&#8221;||6px|||&#8221; border_radii=&#8221;on|5px|5px|5px|5px&#8221; global_colors_info=&#8221;{}&#8221; theme_builder_area=&#8221;post_content&#8221;][\/et_pb_gallery][\/et_pb_column][\/et_pb_row][et_pb_row column_structure=&#8221;1_2,1_2&#8243; _builder_version=&#8221;4.16&#8243; _module_preset=&#8221;default&#8221; global_colors_info=&#8221;{}&#8221; theme_builder_area=&#8221;post_content&#8221;][et_pb_column type=&#8221;1_2&#8243; _builder_version=&#8221;4.16&#8243; _module_preset=&#8221;default&#8221; global_colors_info=&#8221;{}&#8221; theme_builder_area=&#8221;post_content&#8221;][et_pb_text _builder_version=&#8221;4.24.3&#8243; _module_preset=&#8221;default&#8221; header_2_font=&#8221;|700|||||||&#8221; header_2_text_color=&#8221;#FFFFFF&#8221; background_color=&#8221;#E09900&#8243; custom_padding=&#8221;10px|10px|5px|10px|false|false&#8221; border_radii=&#8221;on|5px|5px|5px|5px&#8221; global_colors_info=&#8221;{}&#8221; theme_builder_area=&#8221;post_content&#8221;]<\/p>\n<h2>Chalet en los Alpes Franceses<\/h2>\n<p>[\/et_pb_text][et_pb_text _builder_version=&#8221;4.24.3&#8243; _module_preset=&#8221;default&#8221; global_colors_info=&#8221;{}&#8221; theme_builder_area=&#8221;post_content&#8221;]<\/p>\n<p>Las experiencias vivenciales \u00a0en Francia se realizan peri\u00f3dicamente en un chalet en los Alpes franceses, conocido como el Pradier. Se trata de una propiedad compartida por siete familias, con posibilidad de alojar hasta 20 personas, en un ambiente r\u00fastico y agradable rodeado de un paisaje espectacular. El chalet y los alrededores de Pradier ofrecen un entorno id\u00edlico para el autodescubrimiento, cambiando las pr\u00e1cticas cotidianas hacia una vida m\u00e1s ecol\u00f3gica, interactuando en una peque\u00f1a comunidad de aprendizaje y conectando con las din\u00e1micas de la Naturaleza.<\/p>\n<p>Haga clic en la foto para ver m\u00e1s de los Alpes franceses<\/p>\n<p>[\/et_pb_text][\/et_pb_column][et_pb_column type=&#8221;1_2&#8243; _builder_version=&#8221;4.16&#8243; _module_preset=&#8221;default&#8221; global_colors_info=&#8221;{}&#8221; theme_builder_area=&#8221;post_content&#8221;][et_pb_gallery gallery_ids=&#8221;375,374,376,377,326,333,332,331,330,329,328,327&#8243; fullwidth=&#8221;on&#8221; _builder_version=&#8221;4.16&#8243; _module_preset=&#8221;default&#8221; custom_margin=&#8221;||6px|||&#8221; border_radii=&#8221;on|5px|5px|5px|5px&#8221; global_colors_info=&#8221;{}&#8221; theme_builder_area=&#8221;post_content&#8221;][\/et_pb_gallery][\/et_pb_column][\/et_pb_row][\/et_pb_section][et_pb_section fb_built=&#8221;1&#8243; prev_background_color=&#8221;#ffffff&#8221; _builder_version=&#8221;4.16&#8243; _module_preset=&#8221;default&#8221; background_color=&#8221;#e2e2e2&#8243; top_divider_style=&#8221;slant2&#8243; global_colors_info=&#8221;{}&#8221; theme_builder_area=&#8221;post_content&#8221;][et_pb_row column_structure=&#8221;1_2,1_2&#8243; _builder_version=&#8221;4.24.3&#8243; _module_preset=&#8221;default&#8221; custom_margin=&#8221;36px|auto||auto||&#8221; custom_padding=&#8221;||12px||false|false&#8221; hover_enabled=&#8221;0&#8243; global_colors_info=&#8221;{}&#8221; theme_builder_area=&#8221;post_content&#8221; sticky_enabled=&#8221;0&#8243;][et_pb_column type=&#8221;1_2&#8243; _builder_version=&#8221;4.16&#8243; _module_preset=&#8221;default&#8221; global_colors_info=&#8221;{}&#8221; theme_builder_area=&#8221;post_content&#8221;][et_pb_text _builder_version=&#8221;4.24.3&#8243; _module_preset=&#8221;default&#8221; header_2_font=&#8221;|700|||||||&#8221; header_2_text_color=&#8221;#FFFFFF&#8221; header_2_font_size=&#8221;35px&#8221; background_color=&#8221;#7CDA24&#8243; custom_padding=&#8221;10px|10px|5px|10px|false|false&#8221; hover_enabled=&#8221;0&#8243; header_2_text_align_tablet=&#8221;&#8221; header_2_text_align_phone=&#8221;center&#8221; header_2_text_align_last_edited=&#8221;on|phone&#8221; header_2_font_size_tablet=&#8221;&#8221; header_2_font_size_phone=&#8221;30px&#8221; header_2_font_size_last_edited=&#8221;on|phone&#8221; border_radii=&#8221;on|5px|5px|5px|5px&#8221; global_colors_info=&#8221;{}&#8221; theme_builder_area=&#8221;post_content&#8221; sticky_enabled=&#8221;0&#8243;]<\/p>\n<h2>Espacios virtuales<\/h2>\n<p>[\/et_pb_text][\/et_pb_column][et_pb_column type=&#8221;1_2&#8243; _builder_version=&#8221;4.16&#8243; _module_preset=&#8221;default&#8221; global_colors_info=&#8221;{}&#8221; theme_builder_area=&#8221;post_content&#8221;][\/et_pb_column][\/et_pb_row][et_pb_row column_structure=&#8221;1_2,1_2&#8243; _builder_version=&#8221;4.16&#8243; _module_preset=&#8221;default&#8221; custom_padding=&#8221;10px|||||&#8221; global_colors_info=&#8221;{}&#8221; theme_builder_area=&#8221;post_content&#8221;][et_pb_column type=&#8221;1_2&#8243; _builder_version=&#8221;4.16&#8243; _module_preset=&#8221;default&#8221; global_colors_info=&#8221;{}&#8221; theme_builder_area=&#8221;post_content&#8221;][et_pb_text _builder_version=&#8221;4.24.3&#8243; _module_preset=&#8221;default&#8221; hover_enabled=&#8221;0&#8243; global_colors_info=&#8221;{}&#8221; theme_builder_area=&#8221;post_content&#8221; sticky_enabled=&#8221;0&#8243;]<\/p>\n<p>Las reuniones virtuales de los cursos regulares se realizan en plataformas que permiten la transmisi\u00f3n en vivo, la divisi\u00f3n en grupos y el intercambio de materiales. En el per\u00edodo entre reuniones, <em>la egregora<\/em> se fortalece con comunicaciones instant\u00e1neas en un canal comunitario en l\u00ednea.<\/p>\n<p>Todo el material did\u00e1ctico se organiza y se pone a disposici\u00f3n de los alumnos durante toda la formaci\u00f3n, as\u00ed como grabaciones de reuniones virtuales en directo.<\/p>\n<p>Haz clic en la imagen para ver m\u00e1s<\/p>\n<p>[\/et_pb_text][\/et_pb_column][et_pb_column type=&#8221;1_2&#8243; _builder_version=&#8221;4.16&#8243; _module_preset=&#8221;default&#8221; global_colors_info=&#8221;{}&#8221; theme_builder_area=&#8221;post_content&#8221;][et_pb_gallery gallery_ids=&#8221;380,828,381,825,382,829,383&#8243; fullwidth=&#8221;on&#8221; _builder_version=&#8221;4.16&#8243; _module_preset=&#8221;default&#8221; custom_margin=&#8221;-60px|||||&#8221; custom_margin_tablet=&#8221;&#8221; custom_margin_phone=&#8221;0px||||false|false&#8221; custom_margin_last_edited=&#8221;on|phone&#8221; border_radii=&#8221;on|10px|10px|10px|10px&#8221; border_width_all=&#8221;2px&#8221; border_color_all=&#8221;#E09900&#8243; global_colors_info=&#8221;{}&#8221; theme_builder_area=&#8221;post_content&#8221;][\/et_pb_gallery][\/et_pb_column][\/et_pb_row][\/et_pb_section]<\/p>\n","protected":false},"excerpt":{"rendered":"<p>Sitio del futuroS\u00edtio del Futuro es la sede rural de las actividades de ESI. Se encuentra a 21 km del municipio Miguel Calmon, bajo la influencia del maravilloso Parque Estadual Sete Passagens, ubicado en Chapada Diamantina, en el Estado de Bah\u00eda, Brasil. El bosque de las riberas del Rio do Covas que atraviesa el Sitio ha sido recuperado y est\u00e1 en proceso la regeneraci\u00f3n de otros bosques, en un proceso de restauraci\u00f3n de la biodiversidad local. En el Sitio hay producci\u00f3n de alimentos org\u00e1nicos, un ingenio para la producci\u00f3n de melaza de ca\u00f1a de az\u00facar y panela, se practica la \u00a0agroforester\u00eda cafetalera, y cuenta con un peque\u00f1o hato de ganado lechero y caballar. Actualmente se est\u00e1 constituyendo la comunidad Eco-rural, una eco-aldea en construcci\u00f3n. El S\u00edtio tiene varias alianzas con sus empleados y la comunidad circundante. Haga clic en la foto para ver m\u00e1s del Sitio del futuroTerraza LaurettaLa sede urbana de ESI est\u00e1 ubicada en el barrio de la Barra, en Salvador, en una terraza \u00edntegramente planificada de forma ecol\u00f3gica para facilitar conferencias, trabajos en grupo, meditaciones, pr\u00e1cticas de permacultura y otras din\u00e1micas de vida comunitaria, como la producci\u00f3n de alimentos. La terraza Laureta est\u00e1 a 700 metros de [&hellip;]<\/p>\n","protected":false},"author":1,"featured_media":0,"parent":0,"menu_order":0,"comment_status":"closed","ping_status":"closed","template":"","meta":{"_et_pb_use_builder":"on","_et_pb_old_content":"","_et_gb_content_width":"","footnotes":""},"class_list":["post-267","page","type-page","status-publish","hentry"],"_links":{"self":[{"href":"https:\/\/ecologiaintegral.com\/es\/wp-json\/wp\/v2\/pages\/267","targetHints":{"allow":["GET"]}}],"collection":[{"href":"https:\/\/ecologiaintegral.com\/es\/wp-json\/wp\/v2\/pages"}],"about":[{"href":"https:\/\/ecologiaintegral.com\/es\/wp-json\/wp\/v2\/types\/page"}],"author":[{"embeddable":true,"href":"https:\/\/ecologiaintegral.com\/es\/wp-json\/wp\/v2\/users\/1"}],"replies":[{"embeddable":true,"href":"https:\/\/ecologiaintegral.com\/es\/wp-json\/wp\/v2\/comments?post=267"}],"version-history":[{"count":26,"href":"https:\/\/ecologiaintegral.com\/es\/wp-json\/wp\/v2\/pages\/267\/revisions"}],"predecessor-version":[{"id":1109,"href":"https:\/\/ecologiaintegral.com\/es\/wp-json\/wp\/v2\/pages\/267\/revisions\/1109"}],"wp:attachment":[{"href":"https:\/\/ecologiaintegral.com\/es\/wp-json\/wp\/v2\/media?parent=267"}],"curies":[{"name":"wp","href":"https:\/\/api.w.org\/{rel}","templated":true}]}}