{"id":290,"date":"2021-08-25T14:26:50","date_gmt":"2021-08-25T17:26:50","guid":{"rendered":"https:\/\/ecologiaintegral.com\/?page_id=290"},"modified":"2024-04-09T00:10:56","modified_gmt":"2024-04-09T03:10:56","slug":"modulo-iii-entrega-y-autogobierno","status":"publish","type":"page","link":"https:\/\/ecologiaintegral.com\/es\/modulo-iii-entrega-y-autogobierno\/","title":{"rendered":"M\u00f3dulo III &#8211; Entrega y Autogobierno"},"content":{"rendered":"<p>[et_pb_section fb_built=&#8221;1&#8243; _builder_version=&#8221;4.16&#8243; _module_preset=&#8221;default&#8221; global_colors_info=&#8221;{}&#8221; theme_builder_area=&#8221;post_content&#8221;][et_pb_row column_structure=&#8221;1_2,1_2&#8243; _builder_version=&#8221;4.16&#8243; _module_preset=&#8221;default&#8221; global_colors_info=&#8221;{}&#8221; theme_builder_area=&#8221;post_content&#8221;][et_pb_column type=&#8221;1_2&#8243; _builder_version=&#8221;4.16&#8243; _module_preset=&#8221;default&#8221; global_colors_info=&#8221;{}&#8221; theme_builder_area=&#8221;post_content&#8221;][et_pb_text _builder_version=&#8221;4.24.3&#8243; _module_preset=&#8221;default&#8221; animation_style=&#8221;slide&#8221; hover_enabled=&#8221;0&#8243; global_colors_info=&#8221;{}&#8221; theme_builder_area=&#8221;post_content&#8221; sticky_enabled=&#8221;0&#8243;]<\/p>\n<p>Este m\u00f3dulo es exclusivo para quienes deseen ser multiplicadores\/as de la metodolog\u00eda de la Escuela de Sostenibilidad Integral. La esencia de la metodolog\u00eda ESI es la b\u00fasqueda del alineamiento interno entre lo que uno siente y piensa, y el alineamiento externo entre lo que uno dice y hace. La percepci\u00f3n del efecto prenicioso de los modos de vida egoc\u00e9ntricos y superficiales sobre la Madre Naturaleza inspira la b\u00fasqueda de una interiorizaci\u00f3n y una vida ecol\u00f3gica y comunitaria. El eje de esta b\u00fasqueda es el alineamiento interior para alcanzar tu propia verdad trascendente, para transformarte a ti mismo para transformar el mundo.<\/p>\n<p>Uno puede ser un multiplicador de esta metodolog\u00eda, primero como guardianes (palabra usada en la comunidad ESI para integrar hombre-mujer) del campo y segundo como coordinadores de grupo del M\u00f3dulo I, introductorio.<\/p>\n<p>[\/et_pb_text][\/et_pb_column][et_pb_column type=&#8221;1_2&#8243; _builder_version=&#8221;4.16&#8243; _module_preset=&#8221;default&#8221; global_colors_info=&#8221;{}&#8221; theme_builder_area=&#8221;post_content&#8221;][et_pb_video src=&#8221;https:\/\/youtu.be\/MlmPMP0Co6w&#8221; play_icon_color=&#8221;#A84C1E&#8221; thumbnail_overlay_color=&#8221;#C0580B&#8221; _builder_version=&#8221;4.16&#8243; _module_preset=&#8221;default&#8221; animation_style=&#8221;bounce&#8221; border_radii=&#8221;on|10px|10px|10px|10px&#8221; border_width_all=&#8221;8px&#8221; border_color_all=&#8221;#A84C1E&#8221; locked=&#8221;off&#8221; global_colors_info=&#8221;{}&#8221; theme_builder_area=&#8221;post_content&#8221;][\/et_pb_video][\/et_pb_column][\/et_pb_row][\/et_pb_section][et_pb_section fb_built=&#8221;1&#8243; _builder_version=&#8221;4.16&#8243; _module_preset=&#8221;default&#8221; background_color=&#8221;#ac3e02&#8243; custom_padding=&#8221;32px|||||&#8221; global_colors_info=&#8221;{}&#8221; theme_builder_area=&#8221;post_content&#8221;][et_pb_row _builder_version=&#8221;4.16&#8243; _module_preset=&#8221;default&#8221; global_colors_info=&#8221;{}&#8221; theme_builder_area=&#8221;post_content&#8221;][et_pb_column type=&#8221;4_4&#8243; _builder_version=&#8221;4.16&#8243; _module_preset=&#8221;default&#8221; global_colors_info=&#8221;{}&#8221; theme_builder_area=&#8221;post_content&#8221;][et_pb_text _builder_version=&#8221;4.24.3&#8243; _module_preset=&#8221;default&#8221; text_text_color=&#8221;#FFFFFF&#8221; header_2_font=&#8221;|700|||||||&#8221; header_2_text_align=&#8221;center&#8221; header_2_text_color=&#8221;#ffbd36&#8243; text_orientation=&#8221;center&#8221; animation_style=&#8221;slide&#8221; hover_enabled=&#8221;0&#8243; global_colors_info=&#8221;{}&#8221; theme_builder_area=&#8221;post_content&#8221; sticky_enabled=&#8221;0&#8243;]<\/p>\n<p><strong>Para cursar este M\u00f3dulo 3, las personas interesadas deben haber cursado ya los M\u00f3dulos I y II, de profundizaci\u00f3n, de forma dedicada y presente, en un camino de<\/strong>:<\/p>\n<p>[\/et_pb_text][\/et_pb_column][\/et_pb_row][et_pb_row column_structure=&#8221;1_3,1_3,1_3&#8243; use_custom_gutter=&#8221;on&#8221; gutter_width=&#8221;2&#8243; _builder_version=&#8221;4.16&#8243; _module_preset=&#8221;default&#8221; custom_padding=&#8221;||10px|||&#8221; global_colors_info=&#8221;{}&#8221; theme_builder_area=&#8221;post_content&#8221;][et_pb_column type=&#8221;1_3&#8243; _builder_version=&#8221;4.16&#8243; _module_preset=&#8221;default&#8221; global_colors_info=&#8221;{}&#8221; theme_builder_area=&#8221;post_content&#8221;][et_pb_text _builder_version=&#8221;4.24.3&#8243; _module_preset=&#8221;default&#8221; text_text_color=&#8221;#FFFFFF&#8221; background_enable_color=&#8221;off&#8221; custom_padding=&#8221;25px|25px|115px|25px|false|false&#8221; animation_style=&#8221;slide&#8221; hover_enabled=&#8221;0&#8243; border_radii=&#8221;on|10px|10px|10px|10px&#8221; border_width_all=&#8221;2px&#8221; border_color_all=&#8221;#ffbd36&#8243; global_colors_info=&#8221;{}&#8221; theme_builder_area=&#8221;post_content&#8221; sticky_enabled=&#8221;0&#8243;]<\/p>\n<p>Aumentar la autoobservaci\u00f3n para percibir tus inconsistencias y la autoaceptaci\u00f3n y bondad amorosa para acoger tus dificultades para alinearte, siempre hacia adelante;<\/p>\n<p>[\/et_pb_text][\/et_pb_column][et_pb_column type=&#8221;1_3&#8243; _builder_version=&#8221;4.16&#8243; _module_preset=&#8221;default&#8221; global_colors_info=&#8221;{}&#8221; theme_builder_area=&#8221;post_content&#8221;][et_pb_text _builder_version=&#8221;4.24.3&#8243; _module_preset=&#8221;default&#8221; text_text_color=&#8221;#FFFFFF&#8221; background_enable_color=&#8221;off&#8221; custom_padding=&#8221;25px|25px|98px|25px|false|false&#8221; animation_style=&#8221;slide&#8221; hover_enabled=&#8221;0&#8243; border_radii=&#8221;on|10px|10px|10px|10px&#8221; border_width_all=&#8221;2px&#8221; border_color_all=&#8221;#ffbd36&#8243; global_colors_info=&#8221;{}&#8221; theme_builder_area=&#8221;post_content&#8221; sticky_enabled=&#8221;0&#8243;]<\/p>\n<p>Profundo compromiso con los cambios en las pr\u00e1cticas cotidianas para tener una existencia regeneradora de la Naturaleza. En este proceso, paulatinamente, se van dejando atr\u00e1s las pr\u00e1cticas destructivas.<\/p>\n<p>[\/et_pb_text][\/et_pb_column][et_pb_column type=&#8221;1_3&#8243; _builder_version=&#8221;4.16&#8243; _module_preset=&#8221;default&#8221; global_colors_info=&#8221;{}&#8221; theme_builder_area=&#8221;post_content&#8221;][et_pb_text _builder_version=&#8221;4.24.3&#8243; _module_preset=&#8221;default&#8221; text_text_color=&#8221;#FFFFFF&#8221; background_enable_color=&#8221;off&#8221; custom_padding=&#8221;25px|25px|25px|25px|false|false&#8221; animation_style=&#8221;slide&#8221; hover_enabled=&#8221;0&#8243; border_radii=&#8221;on|10px|10px|10px|10px&#8221; border_width_all=&#8221;2px&#8221; border_color_all=&#8221;#ffbd36&#8243; global_colors_info=&#8221;{}&#8221; theme_builder_area=&#8221;post_content&#8221; sticky_enabled=&#8221;0&#8243;]<\/p>\n<p>Un cambio de paradigma para comprender que tu forma de vida, sentimientos, pensamientos, actos y vibraciones interfieren en el mundo, definiendo los contornos de tu propia existencia y contribuyendo a la creaci\u00f3n de la realidad que te rodea en todos los niveles: familiar, comunitario, nacional. , planetario , ya que lo que est\u00e1 en la parte est\u00e1 en el Todo;<\/p>\n<p>[\/et_pb_text][\/et_pb_column][\/et_pb_row][et_pb_row column_structure=&#8221;1_2,1_2&#8243; use_custom_gutter=&#8221;on&#8221; gutter_width=&#8221;2&#8243; _builder_version=&#8221;4.16&#8243; _module_preset=&#8221;default&#8221; custom_padding=&#8221;20px|||||&#8221; global_colors_info=&#8221;{}&#8221; theme_builder_area=&#8221;post_content&#8221;][et_pb_column type=&#8221;1_2&#8243; _builder_version=&#8221;4.16&#8243; _module_preset=&#8221;default&#8221; global_colors_info=&#8221;{}&#8221; theme_builder_area=&#8221;post_content&#8221;][et_pb_text _builder_version=&#8221;4.24.3&#8243; _module_preset=&#8221;default&#8221; text_text_color=&#8221;#FFFFFF&#8221; background_enable_color=&#8221;off&#8221; custom_padding=&#8221;25px|25px|46px|25px|false|false&#8221; animation_style=&#8221;slide&#8221; hover_enabled=&#8221;0&#8243; border_radii=&#8221;on|10px|10px|10px|10px&#8221; border_width_all=&#8221;2px&#8221; border_color_all=&#8221;#ffbd36&#8243; global_colors_info=&#8221;{}&#8221; theme_builder_area=&#8221;post_content&#8221; sticky_enabled=&#8221;0&#8243;]<\/p>\n<p>Percepci\u00f3n de la inteligencia creadora que todo lo integra y entrega su existencia a sus designios, buscando cumplir sus misiones en el mundo, a partir de sus talentos y de la condici\u00f3n en que vive, en alegr\u00eda creciente.<\/p>\n<p>[\/et_pb_text][\/et_pb_column][et_pb_column type=&#8221;1_2&#8243; _builder_version=&#8221;4.16&#8243; _module_preset=&#8221;default&#8221; global_colors_info=&#8221;{}&#8221; theme_builder_area=&#8221;post_content&#8221;][et_pb_text _builder_version=&#8221;4.24.3&#8243; _module_preset=&#8221;default&#8221; text_text_color=&#8221;#FFFFFF&#8221; background_enable_color=&#8221;off&#8221; custom_padding=&#8221;25px|25px|25px|25px|false|false&#8221; animation_style=&#8221;slide&#8221; hover_enabled=&#8221;0&#8243; border_radii=&#8221;on|10px|10px|10px|10px&#8221; border_width_all=&#8221;2px&#8221; border_color_all=&#8221;#ffbd36&#8243; global_colors_info=&#8221;{}&#8221; theme_builder_area=&#8221;post_content&#8221; sticky_enabled=&#8221;0&#8243;]<\/p>\n<p>Integraci\u00f3n de pr\u00e1cticas cotidianas que te ayuden a avanzar: ya sean en los conocimientos y rituales propuestos por la ESI para mejorar el autoconocimiento basado en las cuatro inteligencias, ya sean otras pr\u00e1cticas constantes que ya han demostrado ser potentes para ayudar a la persona a mantenerse en el camino de la coherencia y la alegr\u00eda de vivir.<\/p>\n<p>[\/et_pb_text][\/et_pb_column][\/et_pb_row][\/et_pb_section][et_pb_section fb_built=&#8221;1&#8243; _builder_version=&#8221;4.16&#8243; _module_preset=&#8221;default&#8221; global_colors_info=&#8221;{}&#8221; theme_builder_area=&#8221;post_content&#8221;][et_pb_row column_structure=&#8221;1_2,1_2&#8243; _builder_version=&#8221;4.16&#8243; _module_preset=&#8221;default&#8221; global_colors_info=&#8221;{}&#8221; theme_builder_area=&#8221;post_content&#8221;][et_pb_column type=&#8221;1_2&#8243; _builder_version=&#8221;4.16&#8243; _module_preset=&#8221;default&#8221; global_colors_info=&#8221;{}&#8221; theme_builder_area=&#8221;post_content&#8221;][et_pb_text _builder_version=&#8221;4.24.3&#8243; _module_preset=&#8221;default&#8221; animation_style=&#8221;slide&#8221; hover_enabled=&#8221;0&#8243; global_colors_info=&#8221;{}&#8221; theme_builder_area=&#8221;post_content&#8221; sticky_enabled=&#8221;0&#8243;]<\/p>\n<h2>C\u00f3mo funciona el M\u00f3dulo III::<\/h2>\n<p>Ser\u00e1n ocho encuentros quincenales, en la semana en que no se realice el M\u00f3dulo I. Estos encuentros de tres horas, realizados al estilo ESI de alineamiento vibratorio y desarrollo de las cuatro inteligencias, tendr\u00e1n tres partes principales:<\/p>\n<p>[\/et_pb_text][et_pb_blurb title=&#8221;Primera parte:&#8221; use_icon=&#8221;on&#8221; font_icon=&#8221;&#x49;||divi||400&#8243; icon_placement=&#8221;left&#8221; image_icon_width=&#8221;24px&#8221; _builder_version=&#8221;4.24.3&#8243; _module_preset=&#8221;default&#8221; header_font=&#8221;|700|||||||&#8221; header_font_size=&#8221;20px&#8221; header_line_height=&#8221;1.2em&#8221; custom_margin=&#8221;||14px|||&#8221; animation_style=&#8221;slide&#8221; animation_direction=&#8221;left&#8221; hover_enabled=&#8221;0&#8243; icon_font_size=&#8221;24px&#8221; global_colors_info=&#8221;{}&#8221; theme_builder_area=&#8221;post_content&#8221; sticky_enabled=&#8221;0&#8243;]<\/p>\n<p>En la primera hora el coordinador o coordinsdora del m\u00f3dulo se re\u00fane con los tutores y se plantean los arreglos y dificultades para la realizaci\u00f3n de los ocho encuentros del M\u00f3dulo I, por tema y actividades desarrolladas en cada encuentro, y se hace arreglos para el siguiente encuentro.<\/p>\n<p>[\/et_pb_blurb][et_pb_blurb title=&#8221;Segunda parte:&#8221; use_icon=&#8221;on&#8221; font_icon=&#8221;&#x49;||divi||400&#8243; icon_placement=&#8221;left&#8221; image_icon_width=&#8221;24px&#8221; _builder_version=&#8221;4.24.3&#8243; _module_preset=&#8221;default&#8221; header_font=&#8221;|700|||||||&#8221; header_font_size=&#8221;20px&#8221; header_line_height=&#8221;1.2em&#8221; custom_margin=&#8221;||13px|||&#8221; animation_style=&#8221;slide&#8221; animation_direction=&#8221;left&#8221; hover_enabled=&#8221;0&#8243; icon_font_size=&#8221;24px&#8221; global_colors_info=&#8221;{}&#8221; theme_builder_area=&#8221;post_content&#8221; sticky_enabled=&#8221;0&#8243;]<\/p>\n<p>En la segunda parte, ahora en una sola sala, se profundiza en los temas planteados en el momento anterior para que D\u00e9bora pueda supervisar el trabajo y que los grupos aprendan unos de otros. Los ejes de estas discusiones ser\u00e1n tres: a) la profundizaci\u00f3n de la comprensi\u00f3n de la metodolog\u00eda ESI; b) el grado de satisfacci\u00f3n de cada persona en el desempe\u00f1o de su labor multiplicadora como tutor o coordinador; c) el grado de satisfacci\u00f3n de los participantes del M\u00f3dulo I.<\/p>\n<p>[\/et_pb_blurb][et_pb_blurb title=&#8221;Tercera parte:&#8221; use_icon=&#8221;on&#8221; font_icon=&#8221;&#x49;||divi||400&#8243; icon_placement=&#8221;left&#8221; image_icon_width=&#8221;24px&#8221; _builder_version=&#8221;4.24.3&#8243; _module_preset=&#8221;default&#8221; header_font=&#8221;|700|||||||&#8221; header_font_size=&#8221;21px&#8221; header_line_height=&#8221;1.2em&#8221; custom_margin=&#8221;||11px|||&#8221; animation_style=&#8221;slide&#8221; animation_direction=&#8221;right&#8221; hover_enabled=&#8221;0&#8243; icon_font_size=&#8221;24px&#8221; global_colors_info=&#8221;{}&#8221; theme_builder_area=&#8221;post_content&#8221; sticky_enabled=&#8221;0&#8243;]<\/p>\n<p>En la tercera parte, se realizar\u00e1n actividades de puesta en com\u00fan e interiorizaci\u00f3n de \u00a0talentos, buscando la inspiraci\u00f3n racional e intuitiva para avanzar en el proceso de alineaci\u00f3n personal y grupal. La profundizaci\u00f3n del conocimiento de los referentes intelectuales de la ESI tambi\u00e9n estar\u00e1 en el programa.<\/p>\n<p>[\/et_pb_blurb][\/et_pb_column][et_pb_column type=&#8221;1_2&#8243; _builder_version=&#8221;4.16&#8243; _module_preset=&#8221;default&#8221; global_colors_info=&#8221;{}&#8221; theme_builder_area=&#8221;post_content&#8221;][et_pb_text _builder_version=&#8221;4.24.3&#8243; _module_preset=&#8221;default&#8221; animation_style=&#8221;slide&#8221; animation_direction=&#8221;right&#8221; hover_enabled=&#8221;0&#8243; global_colors_info=&#8221;{}&#8221; theme_builder_area=&#8221;post_content&#8221; sticky_enabled=&#8221;0&#8243;]<\/p>\n<p>Un desaf\u00edo personal en el campo f\u00edsico debe identificarse como un s\u00edmbolo del trabajo de autogobierno. Este desaf\u00edo ser\u00e1 compartido con un par y seguido por la comunidad. Dependiendo del avance del desaf\u00edo en el terreno f\u00edsico, se podr\u00e1n incorporar otros. Las pr\u00e1cticas entre pares y el trabajo en grupo de elementos ser\u00e1n complementarios al c\u00edrculo de intercambio en el grupo grande. La <em>egregora<\/em> de la ESI del 3er M\u00f3dulo tiene gran trascendencia para el avance de los objetivos del m\u00f3dulo, ya que est\u00e1 formada por personas que ya han recorrido caminos comunes en la misma ESI, pero tambi\u00e9n tienen caminos personales que se enriquecen mutuamente.<\/p>\n<p>Todo este M\u00f3dulo III ser\u00e1 de car\u00e1cter experimental por lo que se invita al grupo a la co-construcci\u00f3n, en la que peri\u00f3dicamente eval\u00faa lo que se est\u00e1 realizando para la mejora metodol\u00f3gica de la ESI. Si los coordinadores y tutores realizan con alegr\u00eda la tarea de formar a los dem\u00e1s y si los resultados de la formaci\u00f3n cumplen su prop\u00f3sito, el M\u00f3dulo III habr\u00e1 cumplido su funci\u00f3n. El seguimiento de los participantes a trav\u00e9s de conversaciones personales puede ser necesario en caso de dificultades que el grupo no pueda resolver.<\/p>\n<p>[\/et_pb_text][\/et_pb_column][\/et_pb_row][\/et_pb_section][et_pb_section fb_built=&#8221;1&#8243; _builder_version=&#8221;4.16&#8243; _module_preset=&#8221;default&#8221; background_color=&#8221;#e8e8e8&#8243; custom_padding=&#8221;18px||14px|||&#8221; locked=&#8221;off&#8221; global_colors_info=&#8221;{}&#8221; theme_builder_area=&#8221;post_content&#8221;][et_pb_row column_structure=&#8221;1_3,1_3,1_3&#8243; _builder_version=&#8221;4.16&#8243; _module_preset=&#8221;default&#8221; global_colors_info=&#8221;{}&#8221; theme_builder_area=&#8221;post_content&#8221;][et_pb_column type=&#8221;1_3&#8243; _builder_version=&#8221;4.16&#8243; _module_preset=&#8221;default&#8221; global_colors_info=&#8221;{}&#8221; theme_builder_area=&#8221;post_content&#8221;][\/et_pb_column][et_pb_column type=&#8221;1_3&#8243; _builder_version=&#8221;4.16&#8243; _module_preset=&#8221;default&#8221; global_colors_info=&#8221;{}&#8221; theme_builder_area=&#8221;post_content&#8221;][et_pb_text _builder_version=&#8221;4.24.3&#8243; _dynamic_attributes=&#8221;link_option_url&#8221; _module_preset=&#8221;default&#8221; header_2_font=&#8221;|700||on|||||&#8221; header_2_text_align=&#8221;center&#8221; header_2_text_color=&#8221;#FFFFFF&#8221; background_color=&#8221;#9F381E&#8221; module_alignment=&#8221;center&#8221; custom_padding=&#8221;20px|20px|15px|20px|false|false&#8221; link_option_url=&#8221;@ET-DC@eyJkeW5hbWljIjp0cnVlLCJjb250ZW50IjoicG9zdF9saW5rX3VybF9wYWdlIiwic2V0dGluZ3MiOnsicG9zdF9pZCI6IjY5OSJ9fQ==@&#8221; hover_enabled=&#8221;0&#8243; global_colors_info=&#8221;{}&#8221; theme_builder_area=&#8221;post_content&#8221; sticky_enabled=&#8221;0&#8243;]<\/p>\n<h2>REG\u00cdSTRATE AHORA<\/h2>\n<p>[\/et_pb_text][\/et_pb_column][et_pb_column type=&#8221;1_3&#8243; _builder_version=&#8221;4.16&#8243; _module_preset=&#8221;default&#8221; global_colors_info=&#8221;{}&#8221; theme_builder_area=&#8221;post_content&#8221;][\/et_pb_column][\/et_pb_row][\/et_pb_section]<\/p>\n","protected":false},"excerpt":{"rendered":"<p>Este m\u00f3dulo es exclusivo para quienes deseen ser multiplicadores\/as de la metodolog\u00eda de la Escuela de Sostenibilidad Integral. La esencia de la metodolog\u00eda ESI es la b\u00fasqueda del alineamiento interno entre lo que uno siente y piensa, y el alineamiento externo entre lo que uno dice y hace. La percepci\u00f3n del efecto prenicioso de los modos de vida egoc\u00e9ntricos y superficiales sobre la Madre Naturaleza inspira la b\u00fasqueda de una interiorizaci\u00f3n y una vida ecol\u00f3gica y comunitaria. El eje de esta b\u00fasqueda es el alineamiento interior para alcanzar tu propia verdad trascendente, para transformarte a ti mismo para transformar el mundo. Uno puede ser un multiplicador de esta metodolog\u00eda, primero como guardianes (palabra usada en la comunidad ESI para integrar hombre-mujer) del campo y segundo como coordinadores de grupo del M\u00f3dulo I, introductorio.Para cursar este M\u00f3dulo 3, las personas interesadas deben haber cursado ya los M\u00f3dulos I y II, de profundizaci\u00f3n, de forma dedicada y presente, en un camino de:Aumentar la autoobservaci\u00f3n para percibir tus inconsistencias y la autoaceptaci\u00f3n y bondad amorosa para acoger tus dificultades para alinearte, siempre hacia adelante;Profundo compromiso con los cambios en las pr\u00e1cticas cotidianas para tener una existencia regeneradora de la Naturaleza. En este proceso, [&hellip;]<\/p>\n","protected":false},"author":1,"featured_media":0,"parent":0,"menu_order":0,"comment_status":"closed","ping_status":"closed","template":"","meta":{"_et_pb_use_builder":"on","_et_pb_old_content":"","_et_gb_content_width":"","footnotes":""},"class_list":["post-290","page","type-page","status-publish","hentry"],"_links":{"self":[{"href":"https:\/\/ecologiaintegral.com\/es\/wp-json\/wp\/v2\/pages\/290","targetHints":{"allow":["GET"]}}],"collection":[{"href":"https:\/\/ecologiaintegral.com\/es\/wp-json\/wp\/v2\/pages"}],"about":[{"href":"https:\/\/ecologiaintegral.com\/es\/wp-json\/wp\/v2\/types\/page"}],"author":[{"embeddable":true,"href":"https:\/\/ecologiaintegral.com\/es\/wp-json\/wp\/v2\/users\/1"}],"replies":[{"embeddable":true,"href":"https:\/\/ecologiaintegral.com\/es\/wp-json\/wp\/v2\/comments?post=290"}],"version-history":[{"count":16,"href":"https:\/\/ecologiaintegral.com\/es\/wp-json\/wp\/v2\/pages\/290\/revisions"}],"predecessor-version":[{"id":1099,"href":"https:\/\/ecologiaintegral.com\/es\/wp-json\/wp\/v2\/pages\/290\/revisions\/1099"}],"wp:attachment":[{"href":"https:\/\/ecologiaintegral.com\/es\/wp-json\/wp\/v2\/media?parent=290"}],"curies":[{"name":"wp","href":"https:\/\/api.w.org\/{rel}","templated":true}]}}