{"id":315,"date":"2021-08-25T15:38:23","date_gmt":"2021-08-25T18:38:23","guid":{"rendered":"https:\/\/ecologiaintegral.com\/?page_id=315"},"modified":"2024-04-09T00:13:10","modified_gmt":"2024-04-09T03:13:10","slug":"material-de-apoyo","status":"publish","type":"page","link":"https:\/\/ecologiaintegral.com\/es\/material-de-apoyo\/","title":{"rendered":"Material de Apoyo"},"content":{"rendered":"<p>[et_pb_section fb_built=&#8221;1&#8243; _builder_version=&#8221;4.16&#8243; _module_preset=&#8221;default&#8221; global_colors_info=&#8221;{}&#8221; theme_builder_area=&#8221;post_content&#8221;][et_pb_row column_structure=&#8221;1_4,1_4,1_4,1_4&#8243; use_custom_gutter=&#8221;on&#8221; gutter_width=&#8221;2&#8243; _builder_version=&#8221;4.16&#8243; _module_preset=&#8221;default&#8221; global_colors_info=&#8221;{}&#8221; theme_builder_area=&#8221;post_content&#8221;][et_pb_column type=&#8221;1_4&#8243; _builder_version=&#8221;4.16&#8243; _module_preset=&#8221;default&#8221; global_colors_info=&#8221;{}&#8221; theme_builder_area=&#8221;post_content&#8221;][et_pb_text _builder_version=&#8221;4.24.3&#8243; _module_preset=&#8221;default&#8221; animation_style=&#8221;slide&#8221; hover_enabled=&#8221;0&#8243; global_colors_info=&#8221;{}&#8221; theme_builder_area=&#8221;post_content&#8221; sticky_enabled=&#8221;0&#8243;]<\/p>\n<p>Cada uno de los m\u00f3dulos cuenta con material audiovisual y de lectura que se ofrece a trav\u00e9s de la plataforma virtual sobre la que se desarrolla. Aqu\u00ed puedes encontrar algunos de estos materiales de acceso p\u00fablico en una contribuci\u00f3n de la ESI a tu desarrollo personal hacia m\u00e1s salud, ecolog\u00eda, paz interior y amor.<\/p>\n<p>[\/et_pb_text][\/et_pb_column][et_pb_column type=&#8221;1_4&#8243; _builder_version=&#8221;4.16&#8243; _module_preset=&#8221;default&#8221; global_colors_info=&#8221;{}&#8221; theme_builder_area=&#8221;post_content&#8221;][et_pb_blurb title=&#8221;Material de lectura:&#8221; use_icon=&#8221;on&#8221; font_icon=&#8221;&#x49;||divi||400&#8243; icon_placement=&#8221;left&#8221; image_icon_width=&#8221;24px&#8221; _builder_version=&#8221;4.24.3&#8243; _module_preset=&#8221;default&#8221; header_font=&#8221;|700|||||||&#8221; header_font_size=&#8221;20px&#8221; header_line_height=&#8221;1.2em&#8221; custom_margin=&#8221;||14px|||&#8221; animation_style=&#8221;slide&#8221; animation_direction=&#8221;left&#8221; hover_enabled=&#8221;0&#8243; icon_font_size=&#8221;24px&#8221; locked=&#8221;off&#8221; global_colors_info=&#8221;{}&#8221; theme_builder_area=&#8221;post_content&#8221; sticky_enabled=&#8221;0&#8243;]<\/p>\n<ul>\n<li><a href=\"http:\/\/escoladesustentabilidadeintegral.blogspot.com\/\" target=\"_blank\" rel=\"noopener\">ESI Blog <\/a><\/li>\n<li><a href=\"https:\/\/cirandas.net\/deboranunes\/blog\/\" target=\"_blank\" rel=\"noopener\"> D\u00e9bora Nunes Blog<\/a><\/li>\n<li><a href=\"https:\/\/terramirim.org.br\/blog\/\" target=\"_blank\" rel=\"noopener\"> Terra Mirim Blog<\/a><\/li>\n<li><a href=\"https:\/\/www.pressenza.com\/\">Pressenza &#8211; International Press Agency<\/a><\/li>\n<li><a href=\"https:\/\/ecovillage.org\/\">Global Ecovillage Network<\/a><\/li>\n<li><a href=\"https:\/\/transitionnetwork.org\/\">Transition Network &#8211; Transition Towns<\/a><\/li>\n<li><a href=\"https:\/\/www.fritjofcapra.net\/\">Fritjof Capra (Scientist, Author, Educator, Activist)<\/a><\/li>\n<li><a href=\"https:\/\/holmgren.com.au\/\">HOLMGREN DESIGN &#8211; Permaculture Vision &amp; Innovation<\/a><\/li>\n<li><a href=\"https:\/\/www.amitgoswami.org\/\">Amit Goswami Ph.D &#8211; Theoretical Quantum Physicist<\/a><\/li>\n<\/ul>\n<p>[\/et_pb_blurb][\/et_pb_column][et_pb_column type=&#8221;1_4&#8243; _builder_version=&#8221;4.16&#8243; _module_preset=&#8221;default&#8221; global_colors_info=&#8221;{}&#8221; theme_builder_area=&#8221;post_content&#8221;][et_pb_blurb title=&#8221;Material Audiovisual:&#8221; use_icon=&#8221;on&#8221; font_icon=&#8221;&#x49;||divi||400&#8243; icon_placement=&#8221;left&#8221; image_icon_width=&#8221;24px&#8221; _builder_version=&#8221;4.24.3&#8243; _module_preset=&#8221;default&#8221; header_font=&#8221;|700|||||||&#8221; header_font_size=&#8221;20px&#8221; header_line_height=&#8221;1.2em&#8221; custom_margin=&#8221;||14px|||&#8221; animation_style=&#8221;slide&#8221; animation_direction=&#8221;left&#8221; hover_enabled=&#8221;0&#8243; icon_font_size=&#8221;24px&#8221; locked=&#8221;off&#8221; global_colors_info=&#8221;{}&#8221; theme_builder_area=&#8221;post_content&#8221; sticky_enabled=&#8221;0&#8243;]<\/p>\n<ul>\n<li><a href=\"https:\/\/www.youtube.com\/channel\/UCtKuSie2QKN5hkhpQoMEPPg\">ESI Youtube Channel<\/a><\/li>\n<li><a href=\"https:\/\/www.youtube.com\/@TransitionTowns\">Transition Towns Youtube Channel<\/a><\/li>\n<li><a href=\"https:\/\/www.youtube.com\/@GlobalEcovillageNetwork\">Global Ecovillage Network Youtube Channel<\/a><\/li>\n<\/ul>\n<p><span style=\"font-weight: 400;\">FILMS\/DOCUMENTARY:<\/span><\/p>\n<ul>\n<li><a href=\"https:\/\/www.youtube.com\/watch?v=5PSNL1qE6VY&amp;t=22s\"><span style=\"font-weight: 400;\">Avatar (trailer)<\/span><\/a><\/li>\n<li><a href=\"https:\/\/www.youtube.com\/watch?v=o2isdUuHmFY\"><span style=\"font-weight: 400;\">Invictus (trailer)<\/span><\/a><\/li>\n<li><a href=\"https:\/\/www.youtube.com\/watch?v=xK5or8rnC8M\"><span style=\"font-weight: 400;\">I\u2019am (trailer)<\/span><\/a><\/li>\n<li><a href=\"https:\/\/odysee.com\/@QuantumRhino:9\/La-Belle-Verte-1996-The-Green-Beautiful-English:a?&amp;sunset=lbrytv\"><span style=\"font-weight: 400;\">La Belle Verte [The Green Beautiful] &#8211; Coline Serreau (french audio, english subtitled)<\/span><\/a><\/li>\n<li><a href=\"https:\/\/www.youtube.com\/watch?v=vfajr1UVMGk\"><span style=\"font-weight: 400;\">Cowspiracy: The Sustainability Secret [Documentary]<\/span><\/a><\/li>\n<li><a href=\"https:\/\/www.youtube.com\/watch?v=Z2HEV4CcdFM\">All Is Self [Documentary]<\/a><\/li>\n<li><a href=\"https:\/\/www.youtube.com\/watch?v=HU3EihPIbBI\">In Transition 1.0 &#8211; From oil dependence to to local resilience [Documentary]<\/a><\/li>\n<li><a href=\"https:\/\/www.youtube.com\/watch?v=FFQFBmq7X84\">In Transition 2.0: a story of resilience and hope in extraordinary times [Documentary]<\/a><\/li>\n<li><a href=\"https:\/\/www.youtube.com\/watch?v=DNHo2XAZ2NE\">What the Bleep do we Know !?<\/a><\/li>\n<li><a href=\"https:\/\/www.youtube.com\/watch?v=aeM5emtaVC0\">The Power Of Community: How Cuba Survived Peak Oil (2006) [Documentary]<\/a><\/li>\n<li><a href=\"https:\/\/www.youtube.com\/watch?v=sxv_AnIHH1E&amp;t=24s\">Regreening the desert with John D. Liu, 2012 [VPRO Documentary]<\/a><\/li>\n<li><a href=\"https:\/\/www.youtube.com\/watch?v=KtHuIlfyJao\">India&#8217;s Water Revolution #3: From Poverty to Permaculture with DRCSC [Documentary]<\/a><\/li>\n<li><a href=\"https:\/\/www.youtube.com\/watch?v=B0Wn_V_tLeI\">&#8220;My Stroke of Insight&#8221; &#8211; Dr. Jill Bolte Taylor [Documentary]<\/a><\/li>\n<li><a href=\"https:\/\/www.youtube.com\/watch?v=LePK0ASuszU\">What is the economy of love: Marcos Arruda at TEDx (activate subtitles in English)<\/a><\/li>\n<li><a href=\"https:\/\/www.youtube.com\/watch?v=uGHYAhFaS9w\">Fritjof Capra: Science and Spirituality &#8211; (ative a legenda traduzida em portugu\u00eas)<\/a><\/li>\n<li><a href=\"https:\/\/www.youtube.com\/watch?v=UyRra_QTSqI\">Morag&#8217;s Masterclass 48: Systems Thinking, Permaculture, Sustainable Communities with Fritjof Capra<\/a><\/li>\n<li><a href=\"https:\/\/www.youtube.com\/watch?v=kF8EK-cfBQY\">Patterns of Connection &amp; The Systems View of Life, with Fritjof Capra<\/a><\/li>\n<li><a href=\"https:\/\/www.youtube.com\/watch?v=HdDAAh5z9TY\">The Quantum Activist by Amit Goswami<\/a><\/li>\n<li><a href=\"https:\/\/www.youtube.com\/watch?v=gq9sg397ee8\">Living the Change: Inspiring Stories for a Sustainable Future (2018)<\/a><\/li>\n<li><a href=\"https:\/\/www.youtube.com\/watch?v=9O0G-YT7fT4\">Masterclass 47: Retrosuburbia &#8211; Urban Agriculture with David Holmgren &amp; Morag Gamble<\/a><\/li>\n<li><a href=\"https:\/\/www.youtube.com\/watch?v=q7iYyyeET0w\">Gregg Braden: Feelings, Energy and Consciousness<\/a><\/li>\n<li><a href=\"https:\/\/www.youtube.com\/watch?v=yWFUEm0rsaA\">Gregg Braden The Key to True Harmony<\/a><\/li>\n<\/ul>\n<p>[\/et_pb_blurb][\/et_pb_column][et_pb_column type=&#8221;1_4&#8243; _builder_version=&#8221;4.16&#8243; _module_preset=&#8221;default&#8221; global_colors_info=&#8221;{}&#8221; theme_builder_area=&#8221;post_content&#8221;][et_pb_blurb title=&#8221;Auroville:&#8221; use_icon=&#8221;on&#8221; font_icon=&#8221;&#x49;||divi||400&#8243; icon_placement=&#8221;left&#8221; image_icon_width=&#8221;24px&#8221; _builder_version=&#8221;4.24.3&#8243; _module_preset=&#8221;default&#8221; header_font=&#8221;|700|||||||&#8221; header_font_size=&#8221;20px&#8221; header_line_height=&#8221;1.2em&#8221; custom_margin=&#8221;||14px|||&#8221; animation_style=&#8221;slide&#8221; animation_direction=&#8221;left&#8221; hover_enabled=&#8221;0&#8243; icon_font_size=&#8221;24px&#8221; locked=&#8221;off&#8221; global_colors_info=&#8221;{}&#8221; theme_builder_area=&#8221;post_content&#8221; sticky_enabled=&#8221;0&#8243;]<\/p>\n<p><img loading=\"lazy\" decoding=\"async\" src=\"https:\/\/ecologiaintegral.com\/en\/wp-content\/uploads\/2023\/07\/logo-auroville.png\" width=\"259\" height=\"90\" alt=\"\" class=\"wp-image-969 alignnone size-full\" \/><\/p>\n<ul>\n<li><a href=\"https:\/\/auroville.org\/\">Auroville &#8211; The City of Dawn (Official site)<\/a><\/li>\n<li><a href=\"https:\/\/www.youtube.com\/@The_Mother\">The Mother Youtube Channel<\/a><\/li>\n<li><a href=\"https:\/\/drive.google.com\/file\/d\/1_ACWAt3SuscmSFubVYOFlSgRSny7bczL\/view\">Ebook: Auroville, 2046 &#8211; After the end of one world (English)<\/a><\/li>\n<li><a href=\"https:\/\/drive.google.com\/file\/d\/1cMgibIhZ1-a5zSiGGVjHrBELH5h7gMEF\/view\">Audiobook: Auroville, 2046 &#8211; After the end of one world (English)<\/a><\/li>\n<\/ul>\n<p><span style=\"font-weight: 400;\">VIDEOS\/DOCUMENTARIES:<\/span><\/p>\n<ul>\n<li><a href=\"https:\/\/www.youtube.com\/watch?v=McOfvJ2Hi-4\"><span style=\"font-weight: 400;\">Auroville, le Lien d&#8217;Or (2012) &#8211; Mich\u00e8le Decoust [Documentaire] &#8211; (french audio activate english translation)<\/span><\/a><\/li>\n<li><a href=\"https:\/\/www.youtube.com\/watch?v=sxv_AnIHH1E&amp;t=24s\"><span style=\"font-weight: 400;\">Auroville, The City The Earth Needs [Documentary]<\/span><\/a><\/li>\n<li><a href=\"https:\/\/www.youtube.com\/watch?v=fIl5-R06kl4\"><span style=\"font-weight: 400;\">How we built our intentional community ecovillage in Auroville | Anitya | Auroras Eye Films<\/span><\/a><\/li>\n<li><a href=\"https:\/\/www.youtube.com\/watch?v=Tv875PK5V8w\"><span style=\"font-weight: 400;\">Auroville: A Test Run for the Future | Anu Majumdar | TEDxChennai<\/span><\/a><\/li>\n<li><a href=\"https:\/\/www.youtube.com\/watch?v=hU40Ba4GXjE\"><span style=\"font-weight: 400;\">City of the Dawn &#8211; Feature length\u00a0 [Documentary]<\/span><\/a><\/li>\n<\/ul>\n<p>[\/et_pb_blurb][\/et_pb_column][\/et_pb_row][\/et_pb_section][et_pb_section fb_built=&#8221;1&#8243; _builder_version=&#8221;4.16&#8243; _module_preset=&#8221;default&#8221; background_color=&#8221;#e8e8e8&#8243; custom_padding=&#8221;18px||14px|||&#8221; locked=&#8221;off&#8221; global_colors_info=&#8221;{}&#8221; theme_builder_area=&#8221;post_content&#8221;][et_pb_row column_structure=&#8221;1_3,1_3,1_3&#8243; _builder_version=&#8221;4.16&#8243; _module_preset=&#8221;default&#8221; global_colors_info=&#8221;{}&#8221; theme_builder_area=&#8221;post_content&#8221;][et_pb_column type=&#8221;1_3&#8243; _builder_version=&#8221;4.16&#8243; _module_preset=&#8221;default&#8221; global_colors_info=&#8221;{}&#8221; theme_builder_area=&#8221;post_content&#8221;][\/et_pb_column][et_pb_column type=&#8221;1_3&#8243; _builder_version=&#8221;4.16&#8243; _module_preset=&#8221;default&#8221; global_colors_info=&#8221;{}&#8221; theme_builder_area=&#8221;post_content&#8221;][et_pb_text _builder_version=&#8221;4.24.3&#8243; _dynamic_attributes=&#8221;link_option_url&#8221; _module_preset=&#8221;default&#8221; header_2_font=&#8221;|700||on|||||&#8221; header_2_text_align=&#8221;center&#8221; header_2_text_color=&#8221;#FFFFFF&#8221; background_color=&#8221;#9F381E&#8221; module_alignment=&#8221;center&#8221; custom_padding=&#8221;20px|20px|15px|20px|false|false&#8221; link_option_url=&#8221;@ET-DC@eyJkeW5hbWljIjp0cnVlLCJjb250ZW50IjoicG9zdF9saW5rX3VybF9wYWdlIiwic2V0dGluZ3MiOnsicG9zdF9pZCI6IjY5OSJ9fQ==@&#8221; hover_enabled=&#8221;0&#8243; global_colors_info=&#8221;{}&#8221; theme_builder_area=&#8221;post_content&#8221; sticky_enabled=&#8221;0&#8243;]<\/p>\n<h2>REG\u00cdSTRATE AHORA<\/h2>\n<p>[\/et_pb_text][\/et_pb_column][et_pb_column type=&#8221;1_3&#8243; _builder_version=&#8221;4.16&#8243; _module_preset=&#8221;default&#8221; global_colors_info=&#8221;{}&#8221; theme_builder_area=&#8221;post_content&#8221;][\/et_pb_column][\/et_pb_row][\/et_pb_section]<\/p>\n","protected":false},"excerpt":{"rendered":"<p>Cada uno de los m\u00f3dulos cuenta con material audiovisual y de lectura que se ofrece a trav\u00e9s de la plataforma virtual sobre la que se desarrolla. Aqu\u00ed puedes encontrar algunos de estos materiales de acceso p\u00fablico en una contribuci\u00f3n de la ESI a tu desarrollo personal hacia m\u00e1s salud, ecolog\u00eda, paz interior y amor. ESI Blog D\u00e9bora Nunes Blog Terra Mirim Blog Pressenza &#8211; International Press Agency Global Ecovillage Network Transition Network &#8211; Transition Towns Fritjof Capra (Scientist, Author, Educator, Activist) HOLMGREN DESIGN &#8211; Permaculture Vision &amp; Innovation Amit Goswami Ph.D &#8211; Theoretical Quantum Physicist ESI Youtube Channel Transition Towns Youtube Channel Global Ecovillage Network Youtube Channel FILMS\/DOCUMENTARY: Avatar (trailer) Invictus (trailer) I\u2019am (trailer) La Belle Verte [The Green Beautiful] &#8211; Coline Serreau (french audio, english subtitled) Cowspiracy: The Sustainability Secret [Documentary] All Is Self [Documentary] In Transition 1.0 &#8211; From oil dependence to to local resilience [Documentary] In Transition 2.0: a story of resilience and hope in extraordinary times [Documentary] What the Bleep do we Know !? The Power Of Community: How Cuba Survived Peak Oil (2006) [Documentary] Regreening the desert with John D. Liu, 2012 [VPRO Documentary] India&#8217;s Water Revolution #3: From Poverty to Permaculture with DRCSC [Documentary] [&hellip;]<\/p>\n","protected":false},"author":1,"featured_media":0,"parent":0,"menu_order":0,"comment_status":"closed","ping_status":"closed","template":"","meta":{"_et_pb_use_builder":"on","_et_pb_old_content":"","_et_gb_content_width":"","footnotes":""},"class_list":["post-315","page","type-page","status-publish","hentry"],"_links":{"self":[{"href":"https:\/\/ecologiaintegral.com\/es\/wp-json\/wp\/v2\/pages\/315","targetHints":{"allow":["GET"]}}],"collection":[{"href":"https:\/\/ecologiaintegral.com\/es\/wp-json\/wp\/v2\/pages"}],"about":[{"href":"https:\/\/ecologiaintegral.com\/es\/wp-json\/wp\/v2\/types\/page"}],"author":[{"embeddable":true,"href":"https:\/\/ecologiaintegral.com\/es\/wp-json\/wp\/v2\/users\/1"}],"replies":[{"embeddable":true,"href":"https:\/\/ecologiaintegral.com\/es\/wp-json\/wp\/v2\/comments?post=315"}],"version-history":[{"count":17,"href":"https:\/\/ecologiaintegral.com\/es\/wp-json\/wp\/v2\/pages\/315\/revisions"}],"predecessor-version":[{"id":1101,"href":"https:\/\/ecologiaintegral.com\/es\/wp-json\/wp\/v2\/pages\/315\/revisions\/1101"}],"wp:attachment":[{"href":"https:\/\/ecologiaintegral.com\/es\/wp-json\/wp\/v2\/media?parent=315"}],"curies":[{"name":"wp","href":"https:\/\/api.w.org\/{rel}","templated":true}]}}