{"id":337,"date":"2021-08-25T16:14:58","date_gmt":"2021-08-25T19:14:58","guid":{"rendered":"https:\/\/ecologiaintegral.com\/?page_id=337"},"modified":"2024-04-09T00:25:47","modified_gmt":"2024-04-09T03:25:47","slug":"testimonios","status":"publish","type":"page","link":"https:\/\/ecologiaintegral.com\/es\/testimonios\/","title":{"rendered":"Testimonios"},"content":{"rendered":"<p>[et_pb_section fb_built=&#8221;1&#8243; _builder_version=&#8221;4.16&#8243; _module_preset=&#8221;default&#8221; global_colors_info=&#8221;{}&#8221; theme_builder_area=&#8221;post_content&#8221;][et_pb_row column_structure=&#8221;1_2,1_2&#8243; _builder_version=&#8221;4.16&#8243; _module_preset=&#8221;default&#8221; global_colors_info=&#8221;{}&#8221; theme_builder_area=&#8221;post_content&#8221;][et_pb_column type=&#8221;1_2&#8243; _builder_version=&#8221;4.16&#8243; _module_preset=&#8221;default&#8221; global_colors_info=&#8221;{}&#8221; theme_builder_area=&#8221;post_content&#8221;][et_pb_testimonial author=&#8221;L\u00edvia Maria Paes-Lettner&#8221; job_title=&#8221;Brasil&#8221; portrait_url=&#8221;https:\/\/ecologiaintegral.com\/wp-content\/uploads\/2021\/08\/livia-maria.jpg&#8221; _builder_version=&#8221;4.24.3&#8243; _module_preset=&#8221;default&#8221; hover_enabled=&#8221;0&#8243; global_colors_info=&#8221;{}&#8221; theme_builder_area=&#8221;post_content&#8221; sticky_enabled=&#8221;0&#8243;]<\/p>\n<p>\u201cSer parte de ESI significa para m\u00ed estar en un lugar de fraternidad y transformaci\u00f3n colaborativa. Cada uno a su ritmo, en su tiempo, pero todos ah\u00ed, juntos, compartiendo, aprendiendo, ofreciendo algo a la <em>egr\u00e9gora<\/em>. Es poderoso y tiene mucha energ\u00eda transformadora. Me doy cuenta c\u00f3mo la pr\u00e1ctica de alinear las 4 inteligencias me ha aportado m\u00e1s amor, enfoque, serenidad y claridad para vivir m\u00e1s coherentemente con mi prop\u00f3sito. \u00a1Por lo tanto, me gustar\u00eda agradecer a todos los que se dedican y trabajan para crear este espacio transformador!\u201d<\/p>\n<p>[\/et_pb_testimonial][et_pb_testimonial author=&#8221;Adam Thomas &#8221; job_title=&#8221;Inglaterra&#8221; portrait_url=&#8221;https:\/\/ecologiaintegral.com\/wp-content\/uploads\/2021\/08\/adam-thomas.jpg&#8221; _builder_version=&#8221;4.24.3&#8243; _module_preset=&#8221;default&#8221; hover_enabled=&#8221;0&#8243; global_colors_info=&#8221;{}&#8221; theme_builder_area=&#8221;post_content&#8221; sticky_enabled=&#8221;0&#8243;]<\/p>\n<p>&#8220;Excelente, realmente apreci\u00e9 la enorme cantidad de tiempo invertido por el equipo en llevar a cabo este curso y la conexi\u00f3n con los dem\u00e1s. Es un curso realmente \u00fatil como introducci\u00f3n a la salud y la ecolog\u00eda integral, que me ha ayudado a ver hacia d\u00f3nde va mi desarrollo personal, las falsedades del trabajo y la direcci\u00f3n que estoy tomando\u201d.<\/p>\n<p>[\/et_pb_testimonial][et_pb_testimonial author=&#8221;Pablo Antunes &#8221; job_title=&#8221;Brasil&#8221; portrait_url=&#8221;https:\/\/ecologiaintegral.com\/wp-content\/uploads\/2021\/08\/pablo-antunes.jpg&#8221; _builder_version=&#8221;4.24.3&#8243; _module_preset=&#8221;default&#8221; hover_enabled=&#8221;0&#8243; global_colors_info=&#8221;{}&#8221; theme_builder_area=&#8221;post_content&#8221; sticky_enabled=&#8221;0&#8243;]<\/p>\n<p>\u201cEl curso me ayud\u00f3 a iniciar algunas acciones que estaba viviendo solo en mi mundo mental. Ciertamente, desdibuj\u00f3 algunos de mis l\u00edmites y agreg\u00f3 m\u00e1s herramientas a los cambios que pretendo hacer para transformar el mundo tambi\u00e9n\u201d.<\/p>\n<p>[\/et_pb_testimonial][et_pb_testimonial author=&#8221;Laurence Alou &#8221; job_title=&#8221;Francia&#8221; portrait_url=&#8221;https:\/\/ecologiaintegral.com\/wp-content\/uploads\/2021\/08\/Laurence-Allou.jpg&#8221; _builder_version=&#8221;4.24.3&#8243; _module_preset=&#8221;default&#8221; hover_enabled=&#8221;0&#8243; global_colors_info=&#8221;{}&#8221; theme_builder_area=&#8221;post_content&#8221; sticky_enabled=&#8221;0&#8243;]<\/p>\n<p>\u201cPara m\u00ed eres un pedazo de tierra en el que puedo encontrar apoyo en mi camino hacia la evoluci\u00f3n. Una tierra de crianza, y tambi\u00e9n un espejo de lo que soy ahora, mostr\u00e1ndome lo que necesito trabajar para enfrentar e integrar mis demonios internos. GRACIAS a todos ustedes por ser parte de mi viaje en la Tierra. Mi coraz\u00f3n permanece contigo.\u201d<\/p>\n<p>[\/et_pb_testimonial][\/et_pb_column][et_pb_column type=&#8221;1_2&#8243; _builder_version=&#8221;4.16&#8243; _module_preset=&#8221;default&#8221; global_colors_info=&#8221;{}&#8221; theme_builder_area=&#8221;post_content&#8221;][et_pb_testimonial author=&#8221;Ruby Collins &#8221; job_title=&#8221;Inglaterra&#8221; portrait_url=&#8221;https:\/\/ecologiaintegral.com\/wp-content\/uploads\/2021\/08\/Ruby-Collins.jpg&#8221; _builder_version=&#8221;4.24.3&#8243; _module_preset=&#8221;default&#8221; hover_enabled=&#8221;0&#8243; global_colors_info=&#8221;{}&#8221; theme_builder_area=&#8221;post_content&#8221; sticky_enabled=&#8221;0&#8243;]<\/p>\n<p>\u201cQuisiera expresar mi profundo agradecimiento por los \u00faltimos meses pasados \u200b\u200bcon la Escuela de Sostenibilidad Integral, que han sido tan enriquecedores. Sinceramente siento que la escuela me ha acompa\u00f1ado en mi transformaci\u00f3n hacia una forma de vida hol\u00edstica y armoniosa.<\/p>\n<p>Una de las consecuencias m\u00e1s impactantes del curso ha sido volverme m\u00e1s consciente y aprender a involucrar las cuatro inteligencias y sus elementos asociados, lo que ha abierto mi percepci\u00f3n y le ha dado otra dimensi\u00f3n a mi experiencia de vida.<\/p>\n<p>Me llevar\u00e9 los hermosos recuerdos y las conexiones duraderas entre los participantes\/facilitadores, creados en un esp\u00edritu de comunidad, trabajando juntos para crecer hacia la Luz. \u00a1Gracias!&#8221;<\/p>\n<p>[\/et_pb_testimonial][et_pb_testimonial author=&#8221;Allisson Charlotte &#8221; job_title=&#8221;Francia&#8221; portrait_url=&#8221;https:\/\/ecologiaintegral.com\/wp-content\/uploads\/2021\/08\/Alisson-Charlotte-Franca.jpg&#8221; _builder_version=&#8221;4.24.3&#8243; _module_preset=&#8221;default&#8221; hover_enabled=&#8221;0&#8243; global_colors_info=&#8221;{}&#8221; theme_builder_area=&#8221;post_content&#8221; sticky_enabled=&#8221;0&#8243;]<\/p>\n<p>\u201cTodos ustedes son maravillosos y est\u00e1n contribuyendo a un nuevo mundo en el que no veo la hora de vivir y compartir con los dem\u00e1s. Un verdadero sentimiento de pertenencia. Pensar en la sostenibilidad no solo en t\u00e9rminos de ecolog\u00eda, sino tambi\u00e9n en t\u00e9rminos de b\u00fasqueda personal y amor propio\u201d.<\/p>\n<p>[\/et_pb_testimonial][et_pb_testimonial author=&#8221;Ana L\u00facia Lage &#8221; job_title=&#8221;Brasil&#8221; portrait_url=&#8221;https:\/\/ecologiaintegral.com\/wp-content\/uploads\/2021\/08\/ana-lucia-2.jpg&#8221; _builder_version=&#8221;4.24.3&#8243; _module_preset=&#8221;default&#8221; hover_enabled=&#8221;0&#8243; global_colors_info=&#8221;{}&#8221; theme_builder_area=&#8221;post_content&#8221; sticky_enabled=&#8221;0&#8243;]<\/p>\n<p>\u201c\u00a1Una experiencia incre\u00edble! No estamos solos y construir comunidades basadas en la confianza y el afecto puede hacer milagros para cambiar el mundo interior y exterior, haciendo realidad nuestras visiones comunes\u201d.<\/p>\n<p>[\/et_pb_testimonial][et_pb_testimonial author=&#8221;Christophe Kaufmann &#8221; job_title=&#8221;Suiza&#8221; portrait_url=&#8221;https:\/\/ecologiaintegral.com\/wp-content\/uploads\/2021\/08\/Christophe-Kaufmann.jpg&#8221; _builder_version=&#8221;4.24.3&#8243; _module_preset=&#8221;default&#8221; hover_enabled=&#8221;0&#8243; global_colors_info=&#8221;{}&#8221; theme_builder_area=&#8221;post_content&#8221; sticky_enabled=&#8221;0&#8243;]<\/p>\n<p>\u201cPara m\u00ed, la ESI aumenta mi apertura, poni\u00e9ndome en contacto con personas maravillosas que luchan como yo para hacer que su plan de transici\u00f3n sea m\u00e1s preciso, concreto y coherente consigo mismos en una atm\u00f3sfera de confianza, cooperaci\u00f3n, paz, apertura y belleza. \u00a1Una experiencia profunda, \u00fanica y alentadora!<\/p>\n<p>[\/et_pb_testimonial][\/et_pb_column][\/et_pb_row][\/et_pb_section][et_pb_section fb_built=&#8221;1&#8243; _builder_version=&#8221;4.16&#8243; _module_preset=&#8221;default&#8221; background_color=&#8221;#ac3e02&#8243; custom_padding=&#8221;32px|||||&#8221; global_colors_info=&#8221;{}&#8221; theme_builder_area=&#8221;post_content&#8221;][et_pb_row column_structure=&#8221;1_4,1_2,1_4&#8243; _builder_version=&#8221;4.16&#8243; _module_preset=&#8221;default&#8221; global_colors_info=&#8221;{}&#8221; theme_builder_area=&#8221;post_content&#8221;][et_pb_column type=&#8221;1_4&#8243; _builder_version=&#8221;4.16&#8243; _module_preset=&#8221;default&#8221; global_colors_info=&#8221;{}&#8221; theme_builder_area=&#8221;post_content&#8221;][\/et_pb_column][et_pb_column type=&#8221;1_2&#8243; _builder_version=&#8221;4.16&#8243; _module_preset=&#8221;default&#8221; global_colors_info=&#8221;{}&#8221; theme_builder_area=&#8221;post_content&#8221;][et_pb_video src=&#8221;https:\/\/www.youtube.com\/watch?v=Gl93qIftCx4&#8243; play_icon_color=&#8221;#A84C1E&#8221; thumbnail_overlay_color=&#8221;#C0580B&#8221; _builder_version=&#8221;4.16&#8243; _module_preset=&#8221;default&#8221; animation_style=&#8221;bounce&#8221; border_radii=&#8221;on|10px|10px|10px|10px&#8221; border_width_all=&#8221;8px&#8221; border_color_all=&#8221;#E09900&#8243; locked=&#8221;off&#8221; global_colors_info=&#8221;{}&#8221; theme_builder_area=&#8221;post_content&#8221;][\/et_pb_video][et_pb_video src=&#8221;https:\/\/www.youtube.com\/watch?v=JQRpxPj19Ng&#8221; play_icon_color=&#8221;#A84C1E&#8221; thumbnail_overlay_color=&#8221;#C0580B&#8221; _builder_version=&#8221;4.16&#8243; _module_preset=&#8221;default&#8221; custom_padding=&#8221;|0px|0px|||&#8221; animation_style=&#8221;bounce&#8221; border_radii=&#8221;on|10px|10px|10px|10px&#8221; border_width_all=&#8221;8px&#8221; border_color_all=&#8221;#E09900&#8243; locked=&#8221;off&#8221; global_colors_info=&#8221;{}&#8221; theme_builder_area=&#8221;post_content&#8221;][\/et_pb_video][et_pb_video src=&#8221;https:\/\/www.youtube.com\/watch?v=CgAkiQbX7Tw&#8221; play_icon_color=&#8221;#A84C1E&#8221; thumbnail_overlay_color=&#8221;#C0580B&#8221; _builder_version=&#8221;4.16&#8243; _module_preset=&#8221;default&#8221; animation_style=&#8221;bounce&#8221; border_radii=&#8221;on|10px|10px|10px|10px&#8221; border_width_all=&#8221;8px&#8221; border_color_all=&#8221;#E09900&#8243; locked=&#8221;off&#8221; global_colors_info=&#8221;{}&#8221; theme_builder_area=&#8221;post_content&#8221;][\/et_pb_video][et_pb_video src=&#8221;https:\/\/www.youtube.com\/watch?v=jtVw_yjQTJc&#8221; play_icon_color=&#8221;#A84C1E&#8221; thumbnail_overlay_color=&#8221;#C0580B&#8221; _builder_version=&#8221;4.16&#8243; _module_preset=&#8221;default&#8221; min_height=&#8221;291.3px&#8221; custom_padding=&#8221;||41px|||&#8221; animation_style=&#8221;bounce&#8221; border_radii=&#8221;on|10px|10px|10px|10px&#8221; border_width_all=&#8221;8px&#8221; border_color_all=&#8221;#E09900&#8243; locked=&#8221;off&#8221; global_colors_info=&#8221;{}&#8221; theme_builder_area=&#8221;post_content&#8221;][\/et_pb_video][\/et_pb_column][et_pb_column type=&#8221;1_4&#8243; _builder_version=&#8221;4.16&#8243; _module_preset=&#8221;default&#8221; global_colors_info=&#8221;{}&#8221; theme_builder_area=&#8221;post_content&#8221;][\/et_pb_column][\/et_pb_row][et_pb_row _builder_version=&#8221;4.16&#8243; _module_preset=&#8221;default&#8221; global_colors_info=&#8221;{}&#8221; theme_builder_area=&#8221;post_content&#8221;][et_pb_column type=&#8221;4_4&#8243; _builder_version=&#8221;4.16&#8243; _module_preset=&#8221;default&#8221; global_colors_info=&#8221;{}&#8221; theme_builder_area=&#8221;post_content&#8221;][et_pb_text _builder_version=&#8221;4.16&#8243; _module_preset=&#8221;default&#8221; text_text_color=&#8221;#FFFFFF&#8221; header_2_font=&#8221;|700|||||||&#8221; header_2_text_align=&#8221;center&#8221; header_2_text_color=&#8221;#ffbd36&#8243; text_orientation=&#8221;center&#8221; animation_style=&#8221;slide&#8221; locked=&#8221;off&#8221; global_colors_info=&#8221;{}&#8221; theme_builder_area=&#8221;post_content&#8221;]* Subtitles in English are available[\/et_pb_text][\/et_pb_column][\/et_pb_row][\/et_pb_section]<\/p>\n","protected":false},"excerpt":{"rendered":"<p>\u201cSer parte de ESI significa para m\u00ed estar en un lugar de fraternidad y transformaci\u00f3n colaborativa. Cada uno a su ritmo, en su tiempo, pero todos ah\u00ed, juntos, compartiendo, aprendiendo, ofreciendo algo a la egr\u00e9gora. Es poderoso y tiene mucha energ\u00eda transformadora. Me doy cuenta c\u00f3mo la pr\u00e1ctica de alinear las 4 inteligencias me ha aportado m\u00e1s amor, enfoque, serenidad y claridad para vivir m\u00e1s coherentemente con mi prop\u00f3sito. \u00a1Por lo tanto, me gustar\u00eda agradecer a todos los que se dedican y trabajan para crear este espacio transformador!\u201d&#8221;Excelente, realmente apreci\u00e9 la enorme cantidad de tiempo invertido por el equipo en llevar a cabo este curso y la conexi\u00f3n con los dem\u00e1s. Es un curso realmente \u00fatil como introducci\u00f3n a la salud y la ecolog\u00eda integral, que me ha ayudado a ver hacia d\u00f3nde va mi desarrollo personal, las falsedades del trabajo y la direcci\u00f3n que estoy tomando\u201d.\u201cEl curso me ayud\u00f3 a iniciar algunas acciones que estaba viviendo solo en mi mundo mental. Ciertamente, desdibuj\u00f3 algunos de mis l\u00edmites y agreg\u00f3 m\u00e1s herramientas a los cambios que pretendo hacer para transformar el mundo tambi\u00e9n\u201d.\u201cPara m\u00ed eres un pedazo de tierra en el que puedo encontrar apoyo en mi camino hacia la [&hellip;]<\/p>\n","protected":false},"author":1,"featured_media":0,"parent":0,"menu_order":0,"comment_status":"closed","ping_status":"closed","template":"","meta":{"_et_pb_use_builder":"on","_et_pb_old_content":"","_et_gb_content_width":"","footnotes":""},"class_list":["post-337","page","type-page","status-publish","hentry"],"_links":{"self":[{"href":"https:\/\/ecologiaintegral.com\/es\/wp-json\/wp\/v2\/pages\/337","targetHints":{"allow":["GET"]}}],"collection":[{"href":"https:\/\/ecologiaintegral.com\/es\/wp-json\/wp\/v2\/pages"}],"about":[{"href":"https:\/\/ecologiaintegral.com\/es\/wp-json\/wp\/v2\/types\/page"}],"author":[{"embeddable":true,"href":"https:\/\/ecologiaintegral.com\/es\/wp-json\/wp\/v2\/users\/1"}],"replies":[{"embeddable":true,"href":"https:\/\/ecologiaintegral.com\/es\/wp-json\/wp\/v2\/comments?post=337"}],"version-history":[{"count":16,"href":"https:\/\/ecologiaintegral.com\/es\/wp-json\/wp\/v2\/pages\/337\/revisions"}],"predecessor-version":[{"id":1106,"href":"https:\/\/ecologiaintegral.com\/es\/wp-json\/wp\/v2\/pages\/337\/revisions\/1106"}],"wp:attachment":[{"href":"https:\/\/ecologiaintegral.com\/es\/wp-json\/wp\/v2\/media?parent=337"}],"curies":[{"name":"wp","href":"https:\/\/api.w.org\/{rel}","templated":true}]}}