{"id":699,"date":"2021-09-12T11:27:05","date_gmt":"2021-09-12T14:27:05","guid":{"rendered":"https:\/\/ecologiaintegral.com\/?page_id=699"},"modified":"2024-04-09T00:15:39","modified_gmt":"2024-04-09T03:15:39","slug":"ficha-de-inscripcion","status":"publish","type":"page","link":"https:\/\/ecologiaintegral.com\/es\/ficha-de-inscripcion\/","title":{"rendered":"Ficha de Inscripci\u00f3n"},"content":{"rendered":"<p>[et_pb_section fb_built=&#8221;1&#8243; admin_label=&#8221;section&#8221; _builder_version=&#8221;4.16&#8243; global_colors_info=&#8221;{}&#8221; theme_builder_area=&#8221;post_content&#8221;][et_pb_row admin_label=&#8221;row&#8221; _builder_version=&#8221;4.16&#8243; background_size=&#8221;initial&#8221; background_position=&#8221;top_left&#8221; background_repeat=&#8221;repeat&#8221; custom_margin=&#8221;|auto||173px||&#8221; custom_padding=&#8221;38px|||||&#8221; global_colors_info=&#8221;{}&#8221; theme_builder_area=&#8221;post_content&#8221;][et_pb_column type=&#8221;4_4&#8243; _builder_version=&#8221;4.16&#8243; custom_padding=&#8221;|||&#8221; global_colors_info=&#8221;{}&#8221; custom_padding__hover=&#8221;|||&#8221; theme_builder_area=&#8221;post_content&#8221;][et_pb_text admin_label=&#8221;Text&#8221; _builder_version=&#8221;4.24.3&#8243; background_size=&#8221;initial&#8221; background_position=&#8221;top_left&#8221; background_repeat=&#8221;repeat&#8221; hover_enabled=&#8221;0&#8243; global_colors_info=&#8221;{}&#8221; theme_builder_area=&#8221;post_content&#8221; sticky_enabled=&#8221;0&#8243;]<\/p>\n<p><strong>Grupos en l\u00ednea:<\/strong><\/p>\n<p>Inf\u00f3rmate de las fechas y horarios de los pr\u00f3ximos grupos en espa\u00f1ol (o en otros idiomas, si quieres practicarlos) a trav\u00e9s de nuestras redes sociales.<\/p>\n<p>Para obtener m\u00e1s informaci\u00f3n sobre los m\u00f3dulos, haga clic en el men\u00fa de nuestro sitio web en &#8220;Cursos regulares &gt; M\u00f3dulo I &#8211; Coherencia y Alegr\u00eda&#8221; o &gt; M\u00f3dulo II &#8211; Caminos de Transici\u00f3n&#8221; o M\u00f3dulo III &#8211; Autogobierno y Entrega.<\/p>\n<p>Experiencias presenciales en el S\u00edtio do Futuro, en Chapada Diamantina; en Auroville, India, en Pradier&#8217;s Chalet, en los Alpes franceses y en otros lugares.<\/p>\n<p>Para obtener m\u00e1s informaci\u00f3n sobre experiencias presenciales, haga clic en &#8220;Experiencias presenciales&#8221; en el men\u00fa de nuestro sitio web y siga nuestras redes sociales: Instagram y Facebook<\/p>\n<p>Si tiene alguna pregunta adicional, cont\u00e1ctenos en <a href=\"mailto:%20esi@ecologiaintegral.com\">esi@ecologiaintegral.com<\/a><\/p>\n<p><!-- \/divi:forminator\/forms --><\/p>\n<p>[\/et_pb_text][et_pb_contact_form email=&#8221;esi@ecologiaintegral.com&#8221; custom_message=&#8221;Nome: %%nome%%||et_pb_line_break_holder||E-mail: %%email%%||et_pb_line_break_holder||Telefone: %%telefone%%||et_pb_line_break_holder||Forma\u00e7\u00e3o: %%formacao%%||et_pb_line_break_holder||Motiva\u00e7\u00e3o: %%descricao%%&#8221; success_message=&#8221;We will send you an e-mail with more detailed instructions in order to complete your registration.  IMPORTANT : check your SPAM box if you do not receive the e-mail within 5 working days.&#8221; submit_button_text=&#8221;submit&#8221; _builder_version=&#8221;4.16&#8243; _module_preset=&#8221;default&#8221; _unique_id=&#8221;9680558e-e371-4823-b40a-b47e1c9d71b8&#8243; locked=&#8221;off&#8221; global_colors_info=&#8221;{}&#8221; theme_builder_area=&#8221;post_content&#8221;][et_pb_contact_field field_id=&#8221;nome&#8221; field_title=&#8221;Full name&#8221; fullwidth_field=&#8221;on&#8221; _builder_version=&#8221;4.16&#8243; global_colors_info=&#8221;{}&#8221; button_text_size__hover_enabled=&#8221;off&#8221; button_one_text_size__hover_enabled=&#8221;off&#8221; button_two_text_size__hover_enabled=&#8221;off&#8221; button_text_color__hover_enabled=&#8221;off&#8221; button_one_text_color__hover_enabled=&#8221;off&#8221; button_two_text_color__hover_enabled=&#8221;off&#8221; button_border_width__hover_enabled=&#8221;off&#8221; button_one_border_width__hover_enabled=&#8221;off&#8221; button_two_border_width__hover_enabled=&#8221;off&#8221; button_border_color__hover_enabled=&#8221;off&#8221; button_one_border_color__hover_enabled=&#8221;off&#8221; button_two_border_color__hover_enabled=&#8221;off&#8221; button_border_radius__hover_enabled=&#8221;off&#8221; button_one_border_radius__hover_enabled=&#8221;off&#8221; button_two_border_radius__hover_enabled=&#8221;off&#8221; button_letter_spacing__hover_enabled=&#8221;off&#8221; button_one_letter_spacing__hover_enabled=&#8221;off&#8221; button_two_letter_spacing__hover_enabled=&#8221;off&#8221; button_bg_color__hover_enabled=&#8221;off&#8221; button_one_bg_color__hover_enabled=&#8221;off&#8221; button_two_bg_color__hover_enabled=&#8221;off&#8221; theme_builder_area=&#8221;post_content&#8221;][\/et_pb_contact_field][et_pb_contact_field field_id=&#8221;email&#8221; field_title=&#8221;E-mail address&#8221; field_type=&#8221;email&#8221; _builder_version=&#8221;4.16&#8243; global_colors_info=&#8221;{}&#8221; button_text_size__hover_enabled=&#8221;off&#8221; button_one_text_size__hover_enabled=&#8221;off&#8221; button_two_text_size__hover_enabled=&#8221;off&#8221; button_text_color__hover_enabled=&#8221;off&#8221; button_one_text_color__hover_enabled=&#8221;off&#8221; button_two_text_color__hover_enabled=&#8221;off&#8221; button_border_width__hover_enabled=&#8221;off&#8221; button_one_border_width__hover_enabled=&#8221;off&#8221; button_two_border_width__hover_enabled=&#8221;off&#8221; button_border_color__hover_enabled=&#8221;off&#8221; button_one_border_color__hover_enabled=&#8221;off&#8221; button_two_border_color__hover_enabled=&#8221;off&#8221; button_border_radius__hover_enabled=&#8221;off&#8221; button_one_border_radius__hover_enabled=&#8221;off&#8221; button_two_border_radius__hover_enabled=&#8221;off&#8221; button_letter_spacing__hover_enabled=&#8221;off&#8221; button_one_letter_spacing__hover_enabled=&#8221;off&#8221; button_two_letter_spacing__hover_enabled=&#8221;off&#8221; button_bg_color__hover_enabled=&#8221;off&#8221; button_one_bg_color__hover_enabled=&#8221;off&#8221; button_two_bg_color__hover_enabled=&#8221;off&#8221; theme_builder_area=&#8221;post_content&#8221;][\/et_pb_contact_field][et_pb_contact_field field_id=&#8221;telefone&#8221; field_title=&#8221;Telephone number with area code&#8221; _builder_version=&#8221;4.16&#8243; global_colors_info=&#8221;{}&#8221; button_text_size__hover_enabled=&#8221;off&#8221; button_one_text_size__hover_enabled=&#8221;off&#8221; button_two_text_size__hover_enabled=&#8221;off&#8221; button_text_color__hover_enabled=&#8221;off&#8221; button_one_text_color__hover_enabled=&#8221;off&#8221; button_two_text_color__hover_enabled=&#8221;off&#8221; button_border_width__hover_enabled=&#8221;off&#8221; button_one_border_width__hover_enabled=&#8221;off&#8221; button_two_border_width__hover_enabled=&#8221;off&#8221; button_border_color__hover_enabled=&#8221;off&#8221; button_one_border_color__hover_enabled=&#8221;off&#8221; button_two_border_color__hover_enabled=&#8221;off&#8221; button_border_radius__hover_enabled=&#8221;off&#8221; button_one_border_radius__hover_enabled=&#8221;off&#8221; button_two_border_radius__hover_enabled=&#8221;off&#8221; button_letter_spacing__hover_enabled=&#8221;off&#8221; button_one_letter_spacing__hover_enabled=&#8221;off&#8221; button_two_letter_spacing__hover_enabled=&#8221;off&#8221; button_bg_color__hover_enabled=&#8221;off&#8221; button_one_bg_color__hover_enabled=&#8221;off&#8221; button_two_bg_color__hover_enabled=&#8221;off&#8221; theme_builder_area=&#8221;post_content&#8221;][\/et_pb_contact_field][et_pb_contact_field field_id=&#8221;formacao&#8221; field_title=&#8221;Which training are you interested in?&#8221; field_type=&#8221;checkbox&#8221; checkbox_options=&#8221;%91{%22value%22:%22Online Module 1%22,%22checked%22:0,%22dragID%22:-1},{%22value%22:%22Online Module 2%22,%22checked%22:0,%22dragID%22:0},{%22value%22:%22In person immersion%22,%22checked%22:0,%22dragID%22:1}%93&#8243; _builder_version=&#8221;4.16&#8243; _module_preset=&#8221;default&#8221; global_colors_info=&#8221;{}&#8221; theme_builder_area=&#8221;post_content&#8221;][\/et_pb_contact_field][et_pb_contact_field field_id=&#8221;descricao&#8221; field_title=&#8221;Briefly describe your motivation for joining our school:&#8221; field_type=&#8221;text&#8221; fullwidth_field=&#8221;on&#8221; _builder_version=&#8221;4.16&#8243; global_colors_info=&#8221;{}&#8221; button_text_size__hover_enabled=&#8221;off&#8221; button_one_text_size__hover_enabled=&#8221;off&#8221; button_two_text_size__hover_enabled=&#8221;off&#8221; button_text_color__hover_enabled=&#8221;off&#8221; button_one_text_color__hover_enabled=&#8221;off&#8221; button_two_text_color__hover_enabled=&#8221;off&#8221; button_border_width__hover_enabled=&#8221;off&#8221; button_one_border_width__hover_enabled=&#8221;off&#8221; button_two_border_width__hover_enabled=&#8221;off&#8221; button_border_color__hover_enabled=&#8221;off&#8221; button_one_border_color__hover_enabled=&#8221;off&#8221; button_two_border_color__hover_enabled=&#8221;off&#8221; button_border_radius__hover_enabled=&#8221;off&#8221; button_one_border_radius__hover_enabled=&#8221;off&#8221; button_two_border_radius__hover_enabled=&#8221;off&#8221; button_letter_spacing__hover_enabled=&#8221;off&#8221; button_one_letter_spacing__hover_enabled=&#8221;off&#8221; button_two_letter_spacing__hover_enabled=&#8221;off&#8221; button_bg_color__hover_enabled=&#8221;off&#8221; button_one_bg_color__hover_enabled=&#8221;off&#8221; button_two_bg_color__hover_enabled=&#8221;off&#8221; theme_builder_area=&#8221;post_content&#8221;][\/et_pb_contact_field][\/et_pb_contact_form][\/et_pb_column][\/et_pb_row][et_pb_row column_structure=&#8221;1_2,1_2&#8243; _builder_version=&#8221;4.16&#8243; _module_preset=&#8221;default&#8221; locked=&#8221;off&#8221; global_colors_info=&#8221;{}&#8221; theme_builder_area=&#8221;post_content&#8221;][et_pb_column type=&#8221;1_2&#8243; _builder_version=&#8221;4.16&#8243; _module_preset=&#8221;default&#8221; global_colors_info=&#8221;{}&#8221; theme_builder_area=&#8221;post_content&#8221;][et_pb_image src=&#8221;https:\/\/ecologiaintegral.com\/en\/wp-content\/uploads\/2022\/01\/Upcoming-courses.jpg&#8221; _builder_version=&#8221;4.16&#8243; _module_preset=&#8221;default&#8221; global_colors_info=&#8221;{}&#8221; theme_builder_area=&#8221;post_content&#8221;][\/et_pb_image][\/et_pb_column][et_pb_column type=&#8221;1_2&#8243; _builder_version=&#8221;4.16&#8243; _module_preset=&#8221;default&#8221; global_colors_info=&#8221;{}&#8221; theme_builder_area=&#8221;post_content&#8221;][et_pb_image src=&#8221;https:\/\/ecologiaintegral.com\/en\/wp-content\/uploads\/2022\/01\/Upcoming-courses-2-1.jpg&#8221; _builder_version=&#8221;4.16&#8243; _module_preset=&#8221;default&#8221; global_colors_info=&#8221;{}&#8221; theme_builder_area=&#8221;post_content&#8221;][\/et_pb_image][\/et_pb_column][\/et_pb_row][\/et_pb_section][et_pb_section fb_built=&#8221;1&#8243; _builder_version=&#8221;4.16&#8243; _module_preset=&#8221;default&#8221; global_colors_info=&#8221;{}&#8221; theme_builder_area=&#8221;post_content&#8221;][\/et_pb_section][et_pb_section fb_built=&#8221;1&#8243; _builder_version=&#8221;4.16&#8243; _module_preset=&#8221;default&#8221; global_colors_info=&#8221;{}&#8221; theme_builder_area=&#8221;post_content&#8221;][\/et_pb_section][et_pb_section fb_built=&#8221;1&#8243; _builder_version=&#8221;4.16&#8243; _module_preset=&#8221;default&#8221; global_colors_info=&#8221;{}&#8221; theme_builder_area=&#8221;post_content&#8221;][et_pb_row _builder_version=&#8221;4.16&#8243; _module_preset=&#8221;default&#8221; global_colors_info=&#8221;{}&#8221; theme_builder_area=&#8221;post_content&#8221;][et_pb_column type=&#8221;4_4&#8243; _builder_version=&#8221;4.16&#8243; _module_preset=&#8221;default&#8221; global_colors_info=&#8221;{}&#8221; theme_builder_area=&#8221;post_content&#8221;][\/et_pb_column][\/et_pb_row][\/et_pb_section][et_pb_section fb_built=&#8221;1&#8243; _builder_version=&#8221;4.16&#8243; _module_preset=&#8221;default&#8221; global_colors_info=&#8221;{}&#8221; theme_builder_area=&#8221;post_content&#8221;][et_pb_row _builder_version=&#8221;4.16&#8243; _module_preset=&#8221;default&#8221; global_colors_info=&#8221;{}&#8221; theme_builder_area=&#8221;post_content&#8221;][et_pb_column type=&#8221;4_4&#8243; _builder_version=&#8221;4.16&#8243; _module_preset=&#8221;default&#8221; global_colors_info=&#8221;{}&#8221; theme_builder_area=&#8221;post_content&#8221;][\/et_pb_column][\/et_pb_row][\/et_pb_section]<\/p>\n","protected":false},"excerpt":{"rendered":"<p>Grupos en l\u00ednea: Inf\u00f3rmate de las fechas y horarios de los pr\u00f3ximos grupos en espa\u00f1ol (o en otros idiomas, si quieres practicarlos) a trav\u00e9s de nuestras redes sociales. Para obtener m\u00e1s informaci\u00f3n sobre los m\u00f3dulos, haga clic en el men\u00fa de nuestro sitio web en &#8220;Cursos regulares &gt; M\u00f3dulo I &#8211; Coherencia y Alegr\u00eda&#8221; o &gt; M\u00f3dulo II &#8211; Caminos de Transici\u00f3n&#8221; o M\u00f3dulo III &#8211; Autogobierno y Entrega. Experiencias presenciales en el S\u00edtio do Futuro, en Chapada Diamantina; en Auroville, India, en Pradier&#8217;s Chalet, en los Alpes franceses y en otros lugares. Para obtener m\u00e1s informaci\u00f3n sobre experiencias presenciales, haga clic en &#8220;Experiencias presenciales&#8221; en el men\u00fa de nuestro sitio web y siga nuestras redes sociales: Instagram y Facebook Si tiene alguna pregunta adicional, cont\u00e1ctenos en esi@ecologiaintegral.com<\/p>\n","protected":false},"author":1,"featured_media":0,"parent":0,"menu_order":0,"comment_status":"closed","ping_status":"closed","template":"","meta":{"_et_pb_use_builder":"on","_et_pb_old_content":"<!-- wp:paragraph -->\n<p>A ESI \u00e9 uma escola que tem como metodologia o cultivo das quatro intelig\u00eancias: mental, emocional, f\u00edsica e espiritual. Possuindo uma forma\u00e7\u00e3o em que as pessoas se comprometem a transformar-se para transformar o mundo de forma sustent\u00e1vel e integral.<\/p>\n<!-- \/wp:paragraph -->\n\n<!-- wp:paragraph -->\n<p>O M\u00f3dulo 1 da metodologia da ESI \u00e9 composto por 8 encontros virtuais quinzenais em 2 grupos:<br>Grupo 1 \u00e0s quintas-feiras das 19h \u00e0s 22h e Grupo 2 aos s\u00e1bados das 9h \u00e0s 12h (hor\u00e1rio de Bras\u00edlia).<br>As aulas ter\u00e3o in\u00edcio a partir de 23 de setembro com a chegada da Primavera at\u00e9 23 de dezembro de 2021.<\/p>\n<!-- \/wp:paragraph -->\n\n<!-- wp:paragraph -->\n<p>Com base nos temas ministrados, ser\u00e1 desenvolvido um plano de transi\u00e7\u00e3o pessoal, que servir\u00e1 como base para um modo de vida mais sustent\u00e1vel.<\/p>\n<!-- \/wp:paragraph -->\n\n<!-- wp:paragraph -->\n<p>Entre os temas est\u00e3o: a vida em um novo paradigma (hol\u00edstico, qu\u00e2ntico, ecol\u00f3gico, sist\u00eamico, integrativo); humanidade em evolu\u00e7\u00e3o; comunidades intencionais; dimens\u00e3o feminina do poder; sa\u00fade integral; gest\u00e3o de conflitos; o campo sutil da vida; a natureza como mestra suprema; economia solid\u00e1ria;<br>economia do amor, entre outros.<\/p>\n<!-- \/wp:paragraph -->\n\n<!-- wp:paragraph -->\n<p>Caso voc\u00ea tenha alguma d\u00favida adicional, entre em contato pelo Whatsapp (21) 97487-6121 ou <a href=\"mailto:esi@ecologiaintegral.com\">esi@ecologiaintegral.com<\/a>.<br>*Obrigat\u00f3rio<\/p>\n<!-- \/wp:paragraph -->\n\n<!-- wp:forminator\/forms {\"module_id\":\"698\"} -->\n<div class=\"forminator-guttenberg\">[forminator_form id=\"698\"]<\/div>\n<!-- \/wp:forminator\/forms -->","_et_gb_content_width":"","footnotes":""},"class_list":["post-699","page","type-page","status-publish","hentry"],"_links":{"self":[{"href":"https:\/\/ecologiaintegral.com\/es\/wp-json\/wp\/v2\/pages\/699","targetHints":{"allow":["GET"]}}],"collection":[{"href":"https:\/\/ecologiaintegral.com\/es\/wp-json\/wp\/v2\/pages"}],"about":[{"href":"https:\/\/ecologiaintegral.com\/es\/wp-json\/wp\/v2\/types\/page"}],"author":[{"embeddable":true,"href":"https:\/\/ecologiaintegral.com\/es\/wp-json\/wp\/v2\/users\/1"}],"replies":[{"embeddable":true,"href":"https:\/\/ecologiaintegral.com\/es\/wp-json\/wp\/v2\/comments?post=699"}],"version-history":[{"count":15,"href":"https:\/\/ecologiaintegral.com\/es\/wp-json\/wp\/v2\/pages\/699\/revisions"}],"predecessor-version":[{"id":1102,"href":"https:\/\/ecologiaintegral.com\/es\/wp-json\/wp\/v2\/pages\/699\/revisions\/1102"}],"wp:attachment":[{"href":"https:\/\/ecologiaintegral.com\/es\/wp-json\/wp\/v2\/media?parent=699"}],"curies":[{"name":"wp","href":"https:\/\/api.w.org\/{rel}","templated":true}]}}