{"id":163,"date":"2021-08-02T14:25:18","date_gmt":"2021-08-02T17:25:18","guid":{"rendered":"https:\/\/ecologiaintegral.com\/?page_id=163"},"modified":"2022-01-18T15:18:36","modified_gmt":"2022-01-18T18:18:36","slug":"qui-sommes-nous","status":"publish","type":"page","link":"https:\/\/ecologiaintegral.com\/fr\/qui-sommes-nous\/","title":{"rendered":"Qui sommes-nous"},"content":{"rendered":"<p>[et_pb_section fb_built=&#8221;1&#8243; _builder_version=&#8221;4.9.10&#8243; _module_preset=&#8221;default&#8221; custom_padding=&#8221;||18px|||&#8221;][et_pb_row column_structure=&#8221;1_2,1_2&#8243; _builder_version=&#8221;4.9.10&#8243; _module_preset=&#8221;default&#8221;][et_pb_column type=&#8221;1_2&#8243; _builder_version=&#8221;4.9.10&#8243; _module_preset=&#8221;default&#8221;][et_pb_text _builder_version=&#8221;4.9.10&#8243; _module_preset=&#8221;default&#8221;]<\/p>\n<p><strong>L&#8217;Ecole d&#8217;Ecologie Int\u00e9grative (ESI)<\/strong> accompagne les personnes dans leur processus de transformation personnelle pour transformer le monde. Elle offre un espace de r\u00e9flexion, dans lequel diff\u00e9rentes pratiques sont utilis\u00e9es mobilisant les intelligences corporelle, mentale, \u00e9motionnelle et spirituelle, sur la base du paradigme holistique-quantique.<\/p>\n<p>L&#8217;ESI est une \u00e9cole internationale qui propose des cours en plusieurs langues et s&#8217;adapte aux diff\u00e9rents environnements culturels. Elle vise \u00e0 contribuer \u00e0 un environnement de citoyennet\u00e9 plan\u00e9taire et croit que la diversit\u00e9 enrichit la communaut\u00e9. Dans cette optique, l&#8217;\u00e9cole offre des bourses sociales aux personnes n&#8217;ayant pas les moyens de payer les cours.<\/p>\n<p>Lors des formations de l&#8217;ESI, la force du groupe est renforc\u00e9e par la cr\u00e9ation volontaire d&#8217;un &#8220;\u00e9gr\u00e9gore&#8221;, c&#8217;est-\u00e0-dire d&#8217;une force collective subtile qui provient de la combinaison des \u00e9nergies individuelles en collaboration. La recherche de la coh\u00e9rence interne entre ce que l&#8217;on dit, ce que l&#8217;on ressent, ce que l&#8217;on pense et ce que l&#8217;on fait se d\u00e9veloppe dans le groupe par la synchronisation de l&#8217;intention et par diverses activit\u00e9s r\u00e9alis\u00e9es collectivement, dans un environnement de soutien mutuel. Chercher \u00e0 atteindre la joie de la coh\u00e9rence int\u00e9rieure et \u00e0 contribuer \u00e0 un monde plus juste, plus \u00e9cologique, plus d\u00e9mocratique, tel est notre objectif.<span style=\"color: #666666;\"><span style=\"font-family: Open Sans, serif;\"><span style=\"font-size: small;\"><\/span><\/span><\/span><\/p>\n<p>ESI est une communaut\u00e9 internationale qui propose des cours r\u00e9guliers en ligne, en portugais, en fran\u00e7ais et en anglais, ainsi que des cours, des ateliers et des retraites en pr\u00e9sentiel au Br\u00e9sil, en Inde et en France.<\/p>\n<p>[\/et_pb_text][\/et_pb_column][et_pb_column type=&#8221;1_2&#8243; _builder_version=&#8221;4.9.10&#8243; _module_preset=&#8221;default&#8221;][et_pb_image src=&#8221;https:\/\/ecologiaintegral.com\/wp-content\/uploads\/2021\/08\/icone-esi-pt-1.png&#8221; title_text=&#8221;icone-esi-pt&#8221; align=&#8221;center&#8221; _builder_version=&#8221;4.9.10&#8243; _module_preset=&#8221;default&#8221; custom_margin=&#8221;-19px||8px|||&#8221;][\/et_pb_image][et_pb_text _builder_version=&#8221;4.9.10&#8243; _dynamic_attributes=&#8221;link_option_url&#8221; _module_preset=&#8221;default&#8221; text_text_color=&#8221;#FFFFFF&#8221; header_text_color=&#8221;#ffbe36&#8243; header_2_font=&#8221;|700|||||||&#8221; header_2_text_color=&#8221;#ffbe36&#8243; background_color=&#8221;#ad3f03&#8243; custom_margin=&#8221;21px||9px|||&#8221; custom_padding=&#8221;25px|25px|25px|25px|false|false&#8221; link_option_url=&#8221;@ET-DC@eyJkeW5hbWljIjp0cnVlLCJjb250ZW50IjoicG9zdF9saW5rX3VybF9wYWdlIiwic2V0dGluZ3MiOnsicG9zdF9pZCI6IjE5MyJ9fQ==@&#8221; border_radii=&#8221;on|10px|10px|10px|10px&#8221;]<\/p>\n<h2>Formation en ligne<\/h2>\n<p>Actuellement, le parcours complet de la formation est dispens\u00e9 en ligne et se divise en 3 modules.<\/p>\n<p>[\/et_pb_text][et_pb_text _builder_version=&#8221;4.9.10&#8243; _dynamic_attributes=&#8221;link_option_url&#8221; _module_preset=&#8221;default&#8221; text_text_color=&#8221;#FFFFFF&#8221; header_text_color=&#8221;#ffbe36&#8243; header_2_font=&#8221;|700|||||||&#8221; header_2_text_color=&#8221;#ad3f03&#8243; background_color=&#8221;#ffbe36&#8243; custom_margin=&#8221;8px|||||&#8221; custom_padding=&#8221;25px|25px|25px|25px|false|false&#8221; link_option_url=&#8221;@ET-DC@eyJkeW5hbWljIjp0cnVlLCJjb250ZW50IjoicG9zdF9saW5rX3VybF9wYWdlIiwic2V0dGluZ3MiOnsicG9zdF9pZCI6IjMwMCJ9fQ==@&#8221; border_radii=&#8221;on|10px|10px|10px|10px&#8221;]<\/p>\n<h2>Stages en immersion<\/h2>\n<p>Les formations en ligne sont compl\u00e9t\u00e9es par des stages en immersion qui permettent de vivre des exp\u00e9riences collectives en pr\u00e9sentiel : s&#8217;exercer ensemble \u00e0 d\u00e9velopper les quatre intelligences, \u00e0 la recherche de coh\u00e9rence et de joie.<\/p>\n<p>[\/et_pb_text][\/et_pb_column][\/et_pb_row][\/et_pb_section][et_pb_section fb_built=&#8221;1&#8243; prev_background_color=&#8221;#ffffff&#8221; _builder_version=&#8221;4.9.10&#8243; _module_preset=&#8221;default&#8221; background_color=&#8221;#e2e2e2&#8243; top_divider_style=&#8221;slant2&#8243;][et_pb_row column_structure=&#8221;1_3,1_3,1_3&#8243; _builder_version=&#8221;4.9.10&#8243; _module_preset=&#8221;default&#8221; custom_padding=&#8221;||12px||false|false&#8221;][et_pb_column type=&#8221;1_3&#8243; _builder_version=&#8221;4.9.10&#8243; _module_preset=&#8221;default&#8221;][et_pb_text _builder_version=&#8221;4.9.10&#8243; _module_preset=&#8221;default&#8221; header_2_font=&#8221;|700|||||||&#8221; header_2_text_color=&#8221;#FFFFFF&#8221; header_2_font_size=&#8221;35px&#8221; background_color=&#8221;#7CDA24&#8243; custom_padding=&#8221;10px|10px|5px|10px|false|false&#8221; border_radii=&#8221;on|5px|5px|5px|5px&#8221;]<\/p>\n<h2>Lieux des stages en immersion<\/h2>\n<p>[\/et_pb_text][\/et_pb_column][et_pb_column type=&#8221;1_3&#8243; _builder_version=&#8221;4.9.10&#8243; _module_preset=&#8221;default&#8221;][\/et_pb_column][et_pb_column type=&#8221;1_3&#8243; _builder_version=&#8221;4.9.10&#8243; _module_preset=&#8221;default&#8221;][\/et_pb_column][\/et_pb_row][et_pb_row column_structure=&#8221;1_3,1_3,1_3&#8243; use_custom_gutter=&#8221;on&#8221; gutter_width=&#8221;2&#8243; _builder_version=&#8221;4.9.10&#8243; _module_preset=&#8221;default&#8221; custom_padding=&#8221;10px|||||&#8221;][et_pb_column type=&#8221;1_3&#8243; _builder_version=&#8221;4.9.10&#8243; _module_preset=&#8221;default&#8221;][et_pb_gallery gallery_ids=&#8221;308,307,237,238,239&#8243; fullwidth=&#8221;on&#8221; _builder_version=&#8221;4.9.10&#8243; _module_preset=&#8221;default&#8221; custom_margin=&#8221;||6px|||&#8221; border_radii=&#8221;on|5px|5px|5px|5px&#8221;][\/et_pb_gallery][et_pb_text _builder_version=&#8221;4.9.10&#8243; _module_preset=&#8221;default&#8221; header_2_font=&#8221;|700|||||||&#8221; header_2_text_align=&#8221;center&#8221; header_2_text_color=&#8221;#FFFFFF&#8221; header_2_font_size=&#8221;22px&#8221; background_color=&#8221;#E09900&#8243; custom_padding=&#8221;10px|10px|5px|10px|false|false&#8221; border_radii=&#8221;on|5px|5px|5px|5px&#8221;]<\/p>\n<h2>Ferme de l&#8217;Avenir<\/h2>\n<p>[\/et_pb_text][\/et_pb_column][et_pb_column type=&#8221;1_3&#8243; _builder_version=&#8221;4.9.10&#8243; _module_preset=&#8221;default&#8221;][et_pb_gallery gallery_ids=&#8221;240,545,241,546,242,547,243&#8243; fullwidth=&#8221;on&#8221; _builder_version=&#8221;4.9.10&#8243; _module_preset=&#8221;default&#8221; custom_margin=&#8221;||6px|||&#8221; border_radii=&#8221;on|5px|5px|5px|5px&#8221;][\/et_pb_gallery][et_pb_text _builder_version=&#8221;4.9.10&#8243; _module_preset=&#8221;default&#8221; header_2_font=&#8221;|700|||||||&#8221; header_2_text_align=&#8221;center&#8221; header_2_text_color=&#8221;#FFFFFF&#8221; header_2_font_size=&#8221;22px&#8221; background_color=&#8221;#E09900&#8243; custom_padding=&#8221;10px|10px|5px|10px|false|false&#8221; border_radii=&#8221;on|5px|5px|5px|5px&#8221;]<\/p>\n<h2>Terrasse Lauretta<\/h2>\n<p>[\/et_pb_text][\/et_pb_column][et_pb_column type=&#8221;1_3&#8243; _builder_version=&#8221;4.9.10&#8243; _module_preset=&#8221;default&#8221;][et_pb_gallery gallery_ids=&#8221;375,377,376,374,333,332,331,330,329,328,327,326&#8243; fullwidth=&#8221;on&#8221; _builder_version=&#8221;4.9.10&#8243; _module_preset=&#8221;default&#8221; custom_margin=&#8221;||6px|||&#8221; hover_enabled=&#8221;0&#8243; border_radii=&#8221;on|5px|5px|5px|5px&#8221; sticky_enabled=&#8221;0&#8243;][\/et_pb_gallery][et_pb_text _builder_version=&#8221;4.9.10&#8243; _module_preset=&#8221;default&#8221; header_2_font=&#8221;|700|||||||&#8221; header_2_text_align=&#8221;center&#8221; header_2_text_color=&#8221;#FFFFFF&#8221; header_2_font_size=&#8221;22px&#8221; background_color=&#8221;#E09900&#8243; custom_padding=&#8221;10px|10px|5px|10px|false|false&#8221; border_radii=&#8221;on|5px|5px|5px|5px&#8221;]<\/p>\n<h2>Chalet dans les Alpes fran\u00e7aises<\/h2>\n<p>[\/et_pb_text][\/et_pb_column][\/et_pb_row][\/et_pb_section]<\/p>\n","protected":false},"excerpt":{"rendered":"<p>L&#8217;Ecole d&#8217;Ecologie Int\u00e9grative (ESI) accompagne les personnes dans leur processus de transformation personnelle pour transformer le monde. Elle offre un espace de r\u00e9flexion, dans lequel diff\u00e9rentes pratiques sont utilis\u00e9es mobilisant les intelligences corporelle, mentale, \u00e9motionnelle et spirituelle, sur la base du paradigme holistique-quantique. L&#8217;ESI est une \u00e9cole internationale qui propose des cours en plusieurs langues et s&#8217;adapte aux diff\u00e9rents environnements culturels. Elle vise \u00e0 contribuer \u00e0 un environnement de citoyennet\u00e9 plan\u00e9taire et croit que la diversit\u00e9 enrichit la communaut\u00e9. Dans cette optique, l&#8217;\u00e9cole offre des bourses sociales aux personnes n&#8217;ayant pas les moyens de payer les cours. Lors des formations de l&#8217;ESI, la force du groupe est renforc\u00e9e par la cr\u00e9ation volontaire d&#8217;un &#8220;\u00e9gr\u00e9gore&#8221;, c&#8217;est-\u00e0-dire d&#8217;une force collective subtile qui provient de la combinaison des \u00e9nergies individuelles en collaboration. La recherche de la coh\u00e9rence interne entre ce que l&#8217;on dit, ce que l&#8217;on ressent, ce que l&#8217;on pense et ce que l&#8217;on fait se d\u00e9veloppe dans le groupe par la synchronisation de l&#8217;intention et par diverses activit\u00e9s r\u00e9alis\u00e9es collectivement, dans un environnement de soutien mutuel. Chercher \u00e0 atteindre la joie de la coh\u00e9rence int\u00e9rieure et \u00e0 contribuer \u00e0 un monde plus juste, plus \u00e9cologique, plus d\u00e9mocratique, tel est notre objectif. [&hellip;]<\/p>\n","protected":false},"author":1,"featured_media":0,"parent":0,"menu_order":0,"comment_status":"closed","ping_status":"closed","template":"","meta":{"_et_pb_use_builder":"on","_et_pb_old_content":"","_et_gb_content_width":"","footnotes":""},"class_list":["post-163","page","type-page","status-publish","hentry"],"_links":{"self":[{"href":"https:\/\/ecologiaintegral.com\/fr\/wp-json\/wp\/v2\/pages\/163","targetHints":{"allow":["GET"]}}],"collection":[{"href":"https:\/\/ecologiaintegral.com\/fr\/wp-json\/wp\/v2\/pages"}],"about":[{"href":"https:\/\/ecologiaintegral.com\/fr\/wp-json\/wp\/v2\/types\/page"}],"author":[{"embeddable":true,"href":"https:\/\/ecologiaintegral.com\/fr\/wp-json\/wp\/v2\/users\/1"}],"replies":[{"embeddable":true,"href":"https:\/\/ecologiaintegral.com\/fr\/wp-json\/wp\/v2\/comments?post=163"}],"version-history":[{"count":23,"href":"https:\/\/ecologiaintegral.com\/fr\/wp-json\/wp\/v2\/pages\/163\/revisions"}],"predecessor-version":[{"id":829,"href":"https:\/\/ecologiaintegral.com\/fr\/wp-json\/wp\/v2\/pages\/163\/revisions\/829"}],"wp:attachment":[{"href":"https:\/\/ecologiaintegral.com\/fr\/wp-json\/wp\/v2\/media?parent=163"}],"curies":[{"name":"wp","href":"https:\/\/api.w.org\/{rel}","templated":true}]}}