{"id":2,"date":"2021-07-24T13:26:44","date_gmt":"2021-07-24T16:26:44","guid":{"rendered":"https:\/\/ecologiaintegral.com\/?page_id=2"},"modified":"2023-07-29T14:26:02","modified_gmt":"2023-07-29T17:26:02","slug":"accueil","status":"publish","type":"page","link":"https:\/\/ecologiaintegral.com\/fr\/","title":{"rendered":"Accueil"},"content":{"rendered":"<p>[et_pb_section fb_built=&#8221;1&#8243; _builder_version=&#8221;4.9.10&#8243; _module_preset=&#8221;default&#8221; background_color=&#8221;#ffb822&#8243; custom_padding=&#8221;15px||16px|||&#8221; bottom_divider_color=&#8221;#e01d00&#8243; bottom_divider_flip=&#8221;horizontal&#8221; bottom_divider_height_tablet=&#8221;&#8221; bottom_divider_height_phone=&#8221;30px&#8221; bottom_divider_height_last_edited=&#8221;on|phone&#8221;][et_pb_row column_structure=&#8221;2_5,3_5&#8243; _builder_version=&#8221;4.9.10&#8243; _module_preset=&#8221;default&#8221;][et_pb_column type=&#8221;2_5&#8243; _builder_version=&#8221;4.9.10&#8243; _module_preset=&#8221;default&#8221;][et_pb_text _builder_version=&#8221;4.9.10&#8243; _module_preset=&#8221;default&#8221; header_2_font=&#8221;|700|||||||&#8221; header_2_text_color=&#8221;#792d04&#8243; header_2_font_size=&#8221;30px&#8221; custom_margin=&#8221;30px||3px|||&#8221; animation_style=&#8221;slide&#8221; animation_direction=&#8221;left&#8221;]<\/p>\n<h2>L&#8217;Ecole d&#8217;Ecologie Int\u00e9grative<\/h2>\n<p>[\/et_pb_text][et_pb_text _builder_version=&#8221;4.9.10&#8243; _module_preset=&#8221;default&#8221; text_text_color=&#8221;#000000&#8243; custom_margin=&#8221;||10px|||&#8221; animation_style=&#8221;slide&#8221; animation_direction=&#8221;left&#8221;]<\/p>\n<p>ESI (Escola de Sustentabilidade Integral en portugais) est une communaut\u00e9 internationale qui propose des cours r\u00e9guliers en portugais, en fran\u00e7ais et en anglais. Les cours sont dispens\u00e9s en ligne ou en pr\u00e9sentiel au Br\u00e9sil, en Inde et en France.<\/p>\n<p>[\/et_pb_text][et_pb_blurb title=&#8221;Mieux conna\u00eetre l&#8217;ESI&#8221; use_icon=&#8221;on&#8221; font_icon=&#8221;%%36%%&#8221; icon_color=&#8221;#A84C1E&#8221; icon_placement=&#8221;left&#8221; _builder_version=&#8221;4.9.10&#8243; _dynamic_attributes=&#8221;link_option_url&#8221; _module_preset=&#8221;default&#8221; header_font=&#8221;|700|||||||&#8221; header_text_color=&#8221;#1A642C&#8221; header_font_size=&#8221;24px&#8221; header_line_height=&#8221;1.2em&#8221; body_text_color=&#8221;#000000&#8243; custom_margin=&#8221;||14px|||&#8221; animation_style=&#8221;slide&#8221; animation_direction=&#8221;left&#8221; link_option_url=&#8221;@ET-DC@eyJkeW5hbWljIjp0cnVlLCJjb250ZW50IjoicG9zdF9saW5rX3VybF9wYWdlIiwic2V0dGluZ3MiOnsicG9zdF9pZCI6IjE2MyJ9fQ==@&#8221; header_text_color__hover_enabled=&#8221;on|hover&#8221; header_text_color__hover=&#8221;#FFFFFF&#8221; body_text_color__hover_enabled=&#8221;on|hover&#8221; body_text_color__hover=&#8221;#FFFFFF&#8221;]<\/p>\n<p>Regardez cette vid\u00e9o dans laquelle D\u00e9bora Nunes, professeure universitaire, \u00e9crivaine, fondatrice et coordinatrice de l&#8217;Ecole d&#8217;Ecologie Int\u00e9grative, pr\u00e9sente l&#8217;ESI.<\/p>\n<p>[\/et_pb_blurb][\/et_pb_column][et_pb_column type=&#8221;3_5&#8243; _builder_version=&#8221;4.9.10&#8243; _module_preset=&#8221;default&#8221;][et_pb_video src=&#8221;https:\/\/www.youtube.com\/watch?v=RljUst4ap_4&#8243; play_icon_color=&#8221;#A84C1E&#8221; thumbnail_overlay_color=&#8221;#C0580B&#8221; _builder_version=&#8221;4.9.10&#8243; _module_preset=&#8221;default&#8221; custom_margin=&#8221;12px|||||&#8221; animation_style=&#8221;bounce&#8221; border_radii=&#8221;on|10px|10px|10px|10px&#8221; border_width_all=&#8221;8px&#8221; border_color_all=&#8221;#A84C1E&#8221;][\/et_pb_video][\/et_pb_column][\/et_pb_row][\/et_pb_section][et_pb_section fb_built=&#8221;1&#8243; prev_background_color=&#8221;#ffb822&#8243; _builder_version=&#8221;4.9.10&#8243; _module_preset=&#8221;default&#8221; background_color=&#8221;#f2e7e5&#8243; background_image=&#8221;https:\/\/ecologiaintegral.com\/wp-content\/uploads\/2021\/09\/bg-cursos3.jpg&#8221; background_size=&#8221;contain&#8221; background_position=&#8221;top_left&#8221; custom_padding=&#8221;38px||88px|||&#8221; top_divider_style=&#8221;slant&#8221; top_divider_height=&#8221;52px&#8221; top_divider_flip=&#8221;horizontal&#8221; top_divider_height_tablet=&#8221;&#8221; top_divider_height_phone=&#8221;30px&#8221; top_divider_height_last_edited=&#8221;on|phone&#8221; bottom_divider_style=&#8221;slant&#8221; bottom_divider_color=&#8221;#ac3e02&#8243; bottom_divider_height=&#8221;79px&#8221; bottom_divider_height_tablet=&#8221;&#8221; bottom_divider_height_phone=&#8221;30px&#8221; bottom_divider_height_last_edited=&#8221;on|phone&#8221; background_last_edited=&#8221;on|phone&#8221; background_image_phone=&#8221;https:\/\/ecologiaintegral.com\/wp-content\/uploads\/2021\/09\/bg-cursos-mobile3.jpg&#8221; background_enable_image_phone=&#8221;on&#8221; background_position_phone=&#8221;top_center&#8221;][et_pb_row column_structure=&#8221;1_3,2_3&#8243; custom_padding_last_edited=&#8221;on|phone&#8221; _builder_version=&#8221;4.9.10&#8243; _module_preset=&#8221;default&#8221; width=&#8221;100%&#8221; max_width=&#8221;100%&#8221; custom_margin=&#8221;16px|auto||auto||&#8221; custom_padding=&#8221;15px||0px|||&#8221; custom_padding_tablet=&#8221;&#8221; custom_padding_phone=&#8221;50px||||false|false&#8221;][et_pb_column type=&#8221;1_3&#8243; _builder_version=&#8221;4.9.10&#8243; _module_preset=&#8221;default&#8221; background_enable_image=&#8221;off&#8221;][\/et_pb_column][et_pb_column type=&#8221;2_3&#8243; _builder_version=&#8221;4.9.10&#8243; _module_preset=&#8221;default&#8221; custom_padding=&#8221;|240px||30px|false|false&#8221; custom_padding_tablet=&#8221;&#8221; custom_padding_phone=&#8221;180px|30px||30px|false|false&#8221; custom_padding_last_edited=&#8221;on|desktop&#8221;][et_pb_text _builder_version=&#8221;4.9.10&#8243; _module_preset=&#8221;default&#8221; header_2_font=&#8221;|700|||||||&#8221; header_2_text_color=&#8221;#792d04&#8243; header_2_font_size=&#8221;30px&#8221; custom_margin=&#8221;16px||17px|||&#8221; animation_style=&#8221;slide&#8221; animation_direction=&#8221;right&#8221;]<\/p>\n<h2>Formation en ligne<\/h2>\n<p>[\/et_pb_text][et_pb_text _builder_version=&#8221;4.9.10&#8243; _module_preset=&#8221;default&#8221; text_text_color=&#8221;#000000&#8243; custom_margin=&#8221;||18px|||&#8221; animation_style=&#8221;slide&#8221; animation_direction=&#8221;right&#8221;]<\/p>\n<p>Actuellement, le parcours complet de la formation est dispens\u00e9 en ligne et se divise en 3 modules :<\/p>\n<p>[\/et_pb_text][et_pb_toggle title=&#8221;Module I &#8211; Coh\u00e9rence et joie&#8221; open_toggle_text_color=&#8221;#C05829&#8243; open_toggle_background_color=&#8221;#FFFFFF&#8221; closed_toggle_text_color=&#8221;#FFFFFF&#8221; closed_toggle_background_color=&#8221;#E09900&#8243; icon_color=&#8221;#A84C1E&#8221; _builder_version=&#8221;4.9.10&#8243; _module_preset=&#8221;default&#8221; title_font=&#8221;|||on|||||&#8221; closed_title_font=&#8221;|700|||||||&#8221; closed_title_font_size=&#8221;18px&#8221; body_text_color=&#8221;#000000&#8243; custom_margin=&#8221;||8px|||&#8221; animation_style=&#8221;slide&#8221; animation_direction=&#8221;right&#8221;]<\/p>\n<p>Ce module dure quatre mois, avec huit rencontres virtuelles en direct de trois heures qui ont lieu tous les quinze jours. Le cours se d\u00e9roule g\u00e9n\u00e9ralement de mars \u00e0 juin et de septembre \u00e0 d\u00e9cembre chaque ann\u00e9e.<\/p>\n<p><strong>Il est inclus dans ce module :<\/strong><\/p>\n<ul>\n<li>24 heures de r\u00e9unions virtuelles en direct (avec des invit\u00e9s sp\u00e9ciaux, des vid\u00e9os de la collection de l&#8217;\u00c9cole, des cercles de parole et des exercices qui font appel \u00e0 nos intelligences mentale, \u00e9motionnelle, corporelle et spirituelle, entre autres activit\u00e9s) ;<\/li>\n<li>Acc\u00e8s \u00e0 une plateforme virtuelle avec de nouveaux supports d&#8217;apprentissage disponibles \u00e0 chaque session : vid\u00e9os, articles, activit\u00e9s pratiques pour mobiliser les quatre intelligences, conseils pour des rituels d&#8217;auto-observation, m\u00e9ditations guid\u00e9es, etc ;<\/li>\n<li>Acc\u00e8s \u00e0 un groupe en ligne de l&#8217;\u00e9gr\u00e9gore ;<\/li>\n<\/ul>\n<p>Un accompagnement personnalis\u00e9 tout au long du parcours par les &#8220;gardiens du champ subtil de l&#8217;\u00e9gr\u00e9gore &#8220;.<\/p>\n<p>[\/et_pb_toggle][et_pb_toggle title=&#8221;Module II &#8211; Chemins de la transition&#8221; open_toggle_text_color=&#8221;#C05829&#8243; open_toggle_background_color=&#8221;#FFFFFF&#8221; closed_toggle_text_color=&#8221;#FFFFFF&#8221; closed_toggle_background_color=&#8221;#E09900&#8243; icon_color=&#8221;#A84C1E&#8221; _builder_version=&#8221;4.9.10&#8243; _module_preset=&#8221;default&#8221; title_font=&#8221;|||on|||||&#8221; closed_title_font=&#8221;|700|||||||&#8221; closed_title_font_size=&#8221;18px&#8221; body_text_color=&#8221;#000000&#8243; custom_margin=&#8221;||10px|||&#8221; animation_style=&#8221;slide&#8221; animation_direction=&#8221;right&#8221;]<\/p>\n<p>Ce module est compos\u00e9 de 13 rencontres virtuelles de 3 heures qui ont lieu chaque semaine, en fonction des phases de la lune. L&#8217;utilisation du cycle lunaire permet au groupe de s&#8217;aligner sur une partie externe de la nature, ce qui aide \u00e0 r\u00e9guler et \u00e0 encourager l&#8217;auto-observation et stimule la dynamique de groupe. Avec la nouvelle lune, nous avons l&#8217;occasion de prendre un nouveau d\u00e9part, avec la lune croissante, nous avons le temps de structurer et de prendre forme, avec la pleine lune, nous avons l&#8217;occasion de r\u00e9colter et d&#8217;\u00e9valuer, et avec la lune d\u00e9croissante, nous avons l&#8217;espace pour cl\u00f4turer les situations non-r\u00e9solues.<\/p>\n<p><strong>Cette formation inclut :<\/strong><\/p>\n<ul>\n<li>39 heures de r\u00e9unions virtuelles en direct (avec des invit\u00e9s sp\u00e9ciaux, des vid\u00e9os de la collection de l&#8217;\u00c9cole, des cercles de partage et des exercices qui font appel \u00e0 nos intelligences mentale, \u00e9motionnelle, corporelle et spirituelle, entre autres activit\u00e9s) ;<\/li>\n<li>Acc\u00e8s \u00e0 une plateforme virtuelle avec de nouveaux supports d&#8217;apprentissage disponibles \u00e0 chaque session : vid\u00e9os, articles, activit\u00e9s pratiques pour mobiliser les quatre intelligences, conseils pour des rituels d&#8217;auto-observation, m\u00e9ditations guid\u00e9es, etc ;<\/li>\n<li>Acc\u00e8s \u00e0 un chat en ligne instantan\u00e9 avec le groupe \u00e0 tout moment et participation \u00e0 un groupe plus restreint suppl\u00e9mentaire organis\u00e9 autour de l&#8217;affinit\u00e9 de chacun avec les \u00e9l\u00e9ments Eau, Feu, Terre et Air ;<\/li>\n<li>Un soutien personnalis\u00e9 pendant le cours par des participants qui sont des &#8220;gardiens du champ subtil de l&#8217;\u00e9gr\u00e9gore&#8221;.<\/li>\n<\/ul>\n<p>[\/et_pb_toggle][et_pb_toggle title=&#8221;Module III &#8211; L\u00c2CHER-PRISE et auto-gouvernance&#8221; open_toggle_text_color=&#8221;#C05829&#8243; open_toggle_background_color=&#8221;#FFFFFF&#8221; closed_toggle_text_color=&#8221;#FFFFFF&#8221; closed_toggle_background_color=&#8221;#E09900&#8243; icon_color=&#8221;#A84C1E&#8221; _builder_version=&#8221;4.9.10&#8243; _module_preset=&#8221;default&#8221; title_font=&#8221;|||on|||||&#8221; closed_title_font=&#8221;|700|||||||&#8221; closed_title_font_size=&#8221;18px&#8221; body_text_color=&#8221;#000000&#8243; animation_style=&#8221;slide&#8221; animation_direction=&#8221;right&#8221;]<\/p>\n<p>Ce module s&#8217;adresse exclusivement \u00e0 ceux qui souhaitent transmettre la m\u00e9thodologie de l&#8217;Ecole d&#8217;Ecologie Int\u00e9grale en tant que facilitateur. L&#8217;essence de la m\u00e9thodologie ESI est la recherche d&#8217;un alignement interne entre ce que l&#8217;on ressent et ce que l&#8217;on pense, et d&#8217;un alignement externe entre ce que l&#8217;on dit et ce que l&#8217;on fait. En reconnaissant les effets n\u00e9fastes que les modes de vie \u00e9gocentriques et superficiels ont sur M\u00e8re Nature, nous&nbsp; sommes inspir\u00e9s \u00e0 nous tourner vers l&#8217;introspection et \u00e0 vivre un mode de vie \u00e9cologique et en communaut\u00e9. Au c\u0153ur de cette qu\u00eate se trouve l&#8217;alignement int\u00e9rieur qui nous&nbsp; permet d&#8217;atteindre notre propre v\u00e9rit\u00e9 transcendante, avec l&#8217;intention de nous transformer pour transformer le monde.<\/p>\n<p>Il est possible d&#8217;utiliser et de diffuser cette m\u00e9thodologie, d&#8217;abord en tant que &#8220;gardien du champ&#8221;, puis en tant que coordinateur de groupes pour le module I d&#8217;introduction.<\/p>\n<p>[\/et_pb_toggle][et_pb_button button_url=&#8221;@ET-DC@eyJkeW5hbWljIjp0cnVlLCJjb250ZW50IjoicG9zdF9saW5rX3VybF9wYWdlIiwic2V0dGluZ3MiOnsicG9zdF9pZCI6IjE5MyJ9fQ==@&#8221; button_text=&#8221;En savoir plus sur nos cours&#8221; _builder_version=&#8221;4.9.10&#8243; _dynamic_attributes=&#8221;button_url&#8221; _module_preset=&#8221;default&#8221; custom_button=&#8221;on&#8221; animation_style=&#8221;slide&#8221; animation_direction=&#8221;right&#8221; button_text_size_tablet=&#8221;&#8221; button_text_size_phone=&#8221;18px&#8221; button_text_size_last_edited=&#8221;on|phone&#8221;][\/et_pb_button][\/et_pb_column][\/et_pb_row][\/et_pb_section][et_pb_section fb_built=&#8221;1&#8243; specialty=&#8221;on&#8221; _builder_version=&#8221;4.9.10&#8243; _module_preset=&#8221;default&#8221; background_color=&#8221;#ac3e02&#8243; custom_padding=&#8221;14px||18px|||&#8221;][et_pb_column type=&#8221;1_2&#8243; specialty_columns=&#8221;2&#8243; _builder_version=&#8221;3.25&#8243; custom_padding=&#8221;|||&#8221; custom_padding__hover=&#8221;|||&#8221;][et_pb_row_inner _builder_version=&#8221;4.9.10&#8243; _module_preset=&#8221;default&#8221;][et_pb_column_inner saved_specialty_column_type=&#8221;1_2&#8243; _builder_version=&#8221;4.9.10&#8243; _module_preset=&#8221;default&#8221;][et_pb_text _builder_version=&#8221;4.9.10&#8243; _module_preset=&#8221;default&#8221; header_2_font=&#8221;|700|||||||&#8221; header_2_text_color=&#8221;#ffbf38&#8243; header_2_font_size=&#8221;30px&#8221; custom_margin=&#8221;||12px|||&#8221; animation_style=&#8221;slide&#8221; animation_direction=&#8221;left&#8221;]<\/p>\n<h2>Stages en immersion<\/h2>\n<p>[\/et_pb_text][et_pb_text _builder_version=&#8221;4.9.10&#8243; _module_preset=&#8221;default&#8221; text_text_color=&#8221;#FFFFFF&#8221; custom_margin=&#8221;||-2px|||&#8221; animation_style=&#8221;slide&#8221; animation_direction=&#8221;left&#8221;]<\/p>\n<p>Les formations en ligne sont compl\u00e9t\u00e9es par des stages en immersion qui permettent de vivre des exp\u00e9riences collectives en pr\u00e9sentiel : s&#8217;exercer ensemble \u00e0 d\u00e9velopper les quatre intelligences, \u00e0 la recherche de coh\u00e9rence et de joie.<\/p>\n<p>[\/et_pb_text][\/et_pb_column_inner][\/et_pb_row_inner][et_pb_row_inner column_structure=&#8221;1_3,1_3,1_3&#8243; use_custom_gutter=&#8221;on&#8221; gutter_width=&#8221;2&#8243; _builder_version=&#8221;4.9.10&#8243; _module_preset=&#8221;default&#8221;][et_pb_column_inner type=&#8221;1_3&#8243; saved_specialty_column_type=&#8221;1_2&#8243; _builder_version=&#8221;4.9.10&#8243; _module_preset=&#8221;default&#8221;][et_pb_blurb title=&#8221;Br\u00e9sil &#8221; image=&#8221;https:\/\/ecologiaintegral.com\/wp-content\/uploads\/2021\/08\/vivencia-brasil-1.png&#8221; _builder_version=&#8221;4.9.10&#8243; _dynamic_attributes=&#8221;link_option_url&#8221; _module_preset=&#8221;default&#8221; header_font=&#8221;|700|||||||&#8221; header_text_align=&#8221;center&#8221; header_text_color=&#8221;#ffbf38&#8243; header_font_size=&#8221;24px&#8221; body_text_align=&#8221;center&#8221; body_text_color=&#8221;#FFFFFF&#8221; body_line_height=&#8221;1.4em&#8221; animation_style=&#8221;slide&#8221; link_option_url=&#8221;@ET-DC@eyJkeW5hbWljIjp0cnVlLCJjb250ZW50IjoicG9zdF9saW5rX3VybF9wYWdlIiwic2V0dGluZ3MiOnsicG9zdF9pZCI6IjMwMCJ9fQ==@&#8221;]<strong>Immersions \u00e0 la Ferme de l&#8217;Avenir<\/strong>[\/et_pb_blurb][\/et_pb_column_inner][et_pb_column_inner type=&#8221;1_3&#8243; saved_specialty_column_type=&#8221;1_2&#8243; _builder_version=&#8221;4.9.10&#8243; _module_preset=&#8221;default&#8221;][et_pb_blurb title=&#8221;France&#8221; image=&#8221;https:\/\/ecologiaintegral.com\/wp-content\/uploads\/2021\/08\/vivencia-franca.png&#8221; _builder_version=&#8221;4.9.10&#8243; _dynamic_attributes=&#8221;link_option_url&#8221; _module_preset=&#8221;default&#8221; header_font=&#8221;|700|||||||&#8221; header_text_align=&#8221;center&#8221; header_text_color=&#8221;#ffbf38&#8243; header_font_size=&#8221;24px&#8221; body_text_align=&#8221;center&#8221; body_text_color=&#8221;#FFFFFF&#8221; body_line_height=&#8221;1.4em&#8221; animation_style=&#8221;slide&#8221; link_option_url=&#8221;@ET-DC@eyJkeW5hbWljIjp0cnVlLCJjb250ZW50IjoicG9zdF9saW5rX3VybF9wYWdlIiwic2V0dGluZ3MiOnsicG9zdF9pZCI6IjUwMSJ9fQ==@&#8221;]<strong>Chalet dans les Alpes fran\u00e7aises<\/strong>[\/et_pb_blurb][\/et_pb_column_inner][et_pb_column_inner type=&#8221;1_3&#8243; saved_specialty_column_type=&#8221;1_2&#8243; _builder_version=&#8221;4.9.10&#8243; _module_preset=&#8221;default&#8221;][et_pb_blurb title=&#8221;Inde&#8221; image=&#8221;https:\/\/ecologiaintegral.com\/wp-content\/uploads\/2021\/08\/vivencia-india.png&#8221; _builder_version=&#8221;4.9.10&#8243; _dynamic_attributes=&#8221;link_option_url&#8221; _module_preset=&#8221;default&#8221; header_font=&#8221;|700|||||||&#8221; header_text_align=&#8221;center&#8221; header_text_color=&#8221;#ffbf38&#8243; header_font_size=&#8221;24px&#8221; body_text_align=&#8221;center&#8221; body_text_color=&#8221;#FFFFFF&#8221; body_line_height=&#8221;1.4em&#8221; animation_style=&#8221;slide&#8221; link_option_url=&#8221;@ET-DC@eyJkeW5hbWljIjp0cnVlLCJjb250ZW50IjoicG9zdF9saW5rX3VybF9wYWdlIiwic2V0dGluZ3MiOnsicG9zdF9pZCI6IjUwNCJ9fQ==@&#8221;]<strong>Immersions \u00e0 Auroville<\/strong>[\/et_pb_blurb][\/et_pb_column_inner][\/et_pb_row_inner][\/et_pb_column][et_pb_column type=&#8221;1_2&#8243; _builder_version=&#8221;3.25&#8243; custom_padding=&#8221;|||&#8221; custom_padding__hover=&#8221;|||&#8221;][et_pb_gallery gallery_ids=&#8221;308,326,491,375,240&#8243; fullwidth=&#8221;on&#8221; _builder_version=&#8221;4.9.10&#8243; _module_preset=&#8221;default&#8221; animation_style=&#8221;slide&#8221; border_radii=&#8221;on|10px|10px|10px|10px&#8221; border_width_all=&#8221;8px&#8221; border_color_all=&#8221;#E09900&#8243;][\/et_pb_gallery][\/et_pb_column][\/et_pb_section][et_pb_section fb_built=&#8221;1&#8243; prev_background_color=&#8221;#ac3e02&#8243; _builder_version=&#8221;4.9.10&#8243; _module_preset=&#8221;default&#8221; background_color=&#8221;#00f0ec&#8221; custom_padding=&#8221;72px||99px|||&#8221; top_divider_style=&#8221;slant&#8221; top_divider_flip=&#8221;horizontal&#8221; top_divider_height_tablet=&#8221;&#8221; top_divider_height_phone=&#8221;30px&#8221; top_divider_height_last_edited=&#8221;on|phone&#8221; bottom_divider_style=&#8221;slant&#8221; bottom_divider_color=&#8221;#FFFFFF&#8221; bottom_divider_height_tablet=&#8221;&#8221; bottom_divider_height_phone=&#8221;30px&#8221; bottom_divider_height_last_edited=&#8221;on|phone&#8221;][et_pb_row _builder_version=&#8221;4.9.10&#8243; _module_preset=&#8221;default&#8221; custom_padding=&#8221;||17px|||&#8221;][et_pb_column type=&#8221;4_4&#8243; _builder_version=&#8221;4.9.10&#8243; _module_preset=&#8221;default&#8221;][et_pb_text _builder_version=&#8221;4.9.10&#8243; _module_preset=&#8221;default&#8221; text_text_color=&#8221;#000000&#8243; header_2_font=&#8221;|700|||||||&#8221; header_2_text_color=&#8221;#A84C1E&#8221; header_2_font_size=&#8221;30px&#8221; text_orientation=&#8221;center&#8221; custom_margin=&#8221;||12px|||&#8221; animation_style=&#8221;slide&#8221;]<\/p>\n<h2>T\u00e9moignages<\/h2>\n<p>Ce que nos \u00e9l\u00e8ves en disent&#8230;[\/et_pb_text][\/et_pb_column][\/et_pb_row][et_pb_row column_structure=&#8221;1_2,1_2&#8243; _builder_version=&#8221;4.9.10&#8243; _module_preset=&#8221;default&#8221;][et_pb_column type=&#8221;1_2&#8243; _builder_version=&#8221;4.9.10&#8243; _module_preset=&#8221;default&#8221;][et_pb_video src=&#8221;https:\/\/www.youtube.com\/watch?v=JQRpxPj19Ng&#8221; play_icon_color=&#8221;#ffbd33&#8243; thumbnail_overlay_color=&#8221;#C0580B&#8221; _builder_version=&#8221;4.9.10&#8243; _module_preset=&#8221;default&#8221; animation_style=&#8221;slide&#8221; border_radii=&#8221;on|10px|10px|10px|10px&#8221; border_width_all=&#8221;8px&#8221; border_color_all=&#8221;#ffbd33&#8243;][\/et_pb_video][\/et_pb_column][et_pb_column type=&#8221;1_2&#8243; _builder_version=&#8221;4.9.10&#8243; _module_preset=&#8221;default&#8221;][et_pb_testimonial author=&#8221;Ana Lucia Lage&#8221; job_title=&#8221;Br\u00e9sil&#8221; portrait_url=&#8221;https:\/\/ecologiaintegral.com\/wp-content\/uploads\/2021\/08\/ana-lucia-2.jpg&#8221; quote_icon_color=&#8221;#E09900&#8243; quote_icon_background_color=&#8221;RGBA(0,0,0,0)&#8221; use_icon_font_size=&#8221;on&#8221; icon_font_size=&#8221;40px&#8221; _builder_version=&#8221;4.9.10&#8243; _module_preset=&#8221;default&#8221; body_text_color=&#8221;#000000&#8243; body_font_size=&#8221;16px&#8221; body_line_height=&#8221;1.8em&#8221; author_text_color=&#8221;#A84C1E&#8221; author_font_size=&#8221;20px&#8221; position_text_color=&#8221;#000000&#8243; background_enable_color=&#8221;off&#8221; animation_style=&#8221;slide&#8221; background_last_edited=&#8221;on|phone&#8221; background_enable_color_phone=&#8221;off&#8221;]<\/p>\n<p><em>Une exp\u00e9rience incroyable&nbsp;! Nous ne sommes pas seuls et la construction d&#8217;une communaut\u00e9 bas\u00e9e sur la confiance et l&#8217;amiti\u00e9 peut faire des miracles pour changer les mondes int\u00e9rieur et ext\u00e9rieur, en r\u00e9alisant nos visions communes.<\/em><\/p>\n<p>[\/et_pb_testimonial][\/et_pb_column][\/et_pb_row][et_pb_row _builder_version=&#8221;4.9.10&#8243; _module_preset=&#8221;default&#8221; custom_padding=&#8221;||17px|||&#8221;][et_pb_column type=&#8221;4_4&#8243; _builder_version=&#8221;4.9.10&#8243; _module_preset=&#8221;default&#8221;][et_pb_text _builder_version=&#8221;4.9.10&#8243; _dynamic_attributes=&#8221;link_option_url&#8221; _module_preset=&#8221;default&#8221; text_font=&#8221;|700|||||||&#8221; text_text_color=&#8221;#FFFFFF&#8221; text_font_size=&#8221;16px&#8221; header_2_font=&#8221;|700|||||||&#8221; header_2_text_color=&#8221;#A84C1E&#8221; header_2_font_size=&#8221;30px&#8221; background_color=&#8221;#ffbd33&#8243; text_orientation=&#8221;center&#8221; width=&#8221;30%&#8221; width_tablet=&#8221;&#8221; width_phone=&#8221;100%&#8221; width_last_edited=&#8221;on|phone&#8221; module_alignment=&#8221;center&#8221; custom_margin=&#8221;||12px|||&#8221; custom_padding=&#8221;10px|10px|10px|10px|false|false&#8221; animation_style=&#8221;slide&#8221; link_option_url=&#8221;@ET-DC@eyJkeW5hbWljIjp0cnVlLCJjb250ZW50IjoicG9zdF9saW5rX3VybF9wYWdlIiwic2V0dGluZ3MiOnsicG9zdF9pZCI6IjMzNyJ9fQ==@&#8221; border_radii=&#8221;on|10px|10px|10px|10px&#8221; background__hover_enabled=&#8221;on|hover&#8221; background_color__hover=&#8221;#A84C1E&#8221; background_enable_color__hover=&#8221;on&#8221;]<\/p>\n<p>Voir tous les t\u00e9moignages<\/p>\n<p>[\/et_pb_text][\/et_pb_column][\/et_pb_row][\/et_pb_section]<\/p>\n","protected":false},"excerpt":{"rendered":"<p>L&#8217;Ecole d&#8217;Ecologie Int\u00e9grative ESI (Escola de Sustentabilidade Integral en portugais) est une communaut\u00e9 internationale qui propose des cours r\u00e9guliers en portugais, en fran\u00e7ais et en anglais. Les cours sont dispens\u00e9s en ligne ou en pr\u00e9sentiel au Br\u00e9sil, en Inde et en France. Regardez cette vid\u00e9o dans laquelle D\u00e9bora Nunes, professeure universitaire, \u00e9crivaine, fondatrice et coordinatrice de l&#8217;Ecole d&#8217;Ecologie Int\u00e9grative, pr\u00e9sente l&#8217;ESI. Formation en ligne Actuellement, le parcours complet de la formation est dispens\u00e9 en ligne et se divise en 3 modules : Ce module dure quatre mois, avec huit rencontres virtuelles en direct de trois heures qui ont lieu tous les quinze jours. Le cours se d\u00e9roule g\u00e9n\u00e9ralement de mars \u00e0 juin et de septembre \u00e0 d\u00e9cembre chaque ann\u00e9e. Il est inclus dans ce module : 24 heures de r\u00e9unions virtuelles en direct (avec des invit\u00e9s sp\u00e9ciaux, des vid\u00e9os de la collection de l&#8217;\u00c9cole, des cercles de parole et des exercices qui font appel \u00e0 nos intelligences mentale, \u00e9motionnelle, corporelle et spirituelle, entre autres activit\u00e9s) ; Acc\u00e8s \u00e0 une plateforme virtuelle avec de nouveaux supports d&#8217;apprentissage disponibles \u00e0 chaque session : vid\u00e9os, articles, activit\u00e9s pratiques pour mobiliser les quatre intelligences, conseils pour des rituels d&#8217;auto-observation, m\u00e9ditations guid\u00e9es, etc ; Acc\u00e8s [&hellip;]<\/p>\n","protected":false},"author":1,"featured_media":0,"parent":0,"menu_order":0,"comment_status":"closed","ping_status":"closed","template":"","meta":{"_et_pb_use_builder":"on","_et_pb_old_content":"<!-- wp:paragraph -->\n<p>Esta \u00e9 uma p\u00e1gina de exemplo. \u00c9 diferente de um post no blog porque ela permanecer\u00e1 em um lugar e aparecer\u00e1 na navega\u00e7\u00e3o do seu site na maioria dos temas. Muitas pessoas come\u00e7am com uma p\u00e1gina que as apresenta a poss\u00edveis visitantes do site. Ela pode dizer algo assim:<\/p>\n<!-- \/wp:paragraph -->\n\n<!-- wp:quote -->\n<blockquote class=\"wp-block-quote\"><p>Ol\u00e1! Eu sou um mensageiro de bicicleta durante o dia, ator aspirante \u00e0 noite, e este \u00e9 o meu site. Eu moro em S\u00e3o Paulo, tenho um grande cachorro chamado Rex e gosto de tomar caipirinha (e banhos de chuva).<\/p><\/blockquote>\n<!-- \/wp:quote -->\n\n<!-- wp:paragraph -->\n<p>...ou alguma coisa assim:<\/p>\n<!-- \/wp:paragraph -->\n\n<!-- wp:quote -->\n<blockquote class=\"wp-block-quote\"><p>A Companhia de Miniaturas XYZ foi fundada em 1971, e desde ent\u00e3o tem fornecido miniaturas de qualidade ao p\u00fablico. Localizada na cidade de Itu, a XYZ emprega mais de 2.000 pessoas e faz coisas grandiosas para a comunidade da cidade.<\/p><\/blockquote>\n<!-- \/wp:quote -->\n\n<!-- wp:paragraph -->\n<p>Como um novo usu\u00e1rio do WordPress, voc\u00ea deveria ir ao <a href=\"https:\/\/ecologiaintegral.com\/wp-admin\/\">painel<\/a> para excluir essa p\u00e1gina e criar novas p\u00e1ginas para o seu conte\u00fado. Divirta-se!<\/p>\n<!-- \/wp:paragraph -->","_et_gb_content_width":"","footnotes":""},"class_list":["post-2","page","type-page","status-publish","hentry"],"_links":{"self":[{"href":"https:\/\/ecologiaintegral.com\/fr\/wp-json\/wp\/v2\/pages\/2","targetHints":{"allow":["GET"]}}],"collection":[{"href":"https:\/\/ecologiaintegral.com\/fr\/wp-json\/wp\/v2\/pages"}],"about":[{"href":"https:\/\/ecologiaintegral.com\/fr\/wp-json\/wp\/v2\/types\/page"}],"author":[{"embeddable":true,"href":"https:\/\/ecologiaintegral.com\/fr\/wp-json\/wp\/v2\/users\/1"}],"replies":[{"embeddable":true,"href":"https:\/\/ecologiaintegral.com\/fr\/wp-json\/wp\/v2\/comments?post=2"}],"version-history":[{"count":82,"href":"https:\/\/ecologiaintegral.com\/fr\/wp-json\/wp\/v2\/pages\/2\/revisions"}],"predecessor-version":[{"id":991,"href":"https:\/\/ecologiaintegral.com\/fr\/wp-json\/wp\/v2\/pages\/2\/revisions\/991"}],"wp:attachment":[{"href":"https:\/\/ecologiaintegral.com\/fr\/wp-json\/wp\/v2\/media?parent=2"}],"curies":[{"name":"wp","href":"https:\/\/api.w.org\/{rel}","templated":true}]}}