{"id":245,"date":"2021-08-18T02:06:48","date_gmt":"2021-08-18T05:06:48","guid":{"rendered":"https:\/\/ecologiaintegral.com\/?page_id=245"},"modified":"2022-01-22T18:24:36","modified_gmt":"2022-01-22T21:24:36","slug":"equipe","status":"publish","type":"page","link":"https:\/\/ecologiaintegral.com\/fr\/equipe\/","title":{"rendered":"Notre \u00e9quipe"},"content":{"rendered":"<p>[et_pb_section fb_built=&#8221;1&#8243; _builder_version=&#8221;4.9.10&#8243; _module_preset=&#8221;default&#8221;][et_pb_row column_structure=&#8221;1_3,1_3,1_3&#8243; _builder_version=&#8221;4.9.10&#8243; _module_preset=&#8221;default&#8221;][et_pb_column type=&#8221;1_3&#8243; _builder_version=&#8221;4.9.10&#8243; _module_preset=&#8221;default&#8221;][et_pb_blurb title=&#8221;D\u00e9bora Nunes&#8221; image=&#8221;https:\/\/ecologiaintegral.com\/wp-content\/uploads\/2021\/08\/esi-debora-nunes-200.jpg&#8221; _builder_version=&#8221;4.9.10&#8243; _module_preset=&#8221;default&#8221; header_font=&#8221;|700|||||||&#8221; header_text_align=&#8221;center&#8221; header_text_color=&#8221;#35b51e&#8221; header_font_size=&#8221;30px&#8221; body_text_align=&#8221;center&#8221; background_color=&#8221;#f2f2f2&#8243; custom_padding=&#8221;25px|25px|25px|25px|false|false&#8221; border_radii=&#8221;on|10px|10px|10px|10px&#8221; border_radii_image=&#8221;on|360px|360px|360px|360px&#8221; border_width_all_image=&#8221;4px&#8221; border_color_all_image=&#8221;#E09900&#8243;]<\/p>\n<p>Professeure universitaire et \u00e9crivaine, D\u00e9bora est la fondatrice et la coordinatrice de l&#8217;\u00c9cole d&#8217;Ecologie Int\u00e9grative (Escola de Sustentabilidade Integral). Sa joie est de diriger une \u00e9quipe de personnes merveilleuses qui se consacrent \u00e0 aider les autres \u00e0 se transformer pour transformer le monde.<\/p>\n<p>[\/et_pb_blurb][\/et_pb_column][et_pb_column type=&#8221;1_3&#8243; _builder_version=&#8221;4.9.10&#8243; _module_preset=&#8221;default&#8221;][et_pb_blurb title=&#8221;Camilla Barros&#8221; image=&#8221;https:\/\/ecologiaintegral.com\/wp-content\/uploads\/2021\/08\/esi-camila-barros.jpg&#8221; _builder_version=&#8221;4.9.10&#8243; _module_preset=&#8221;default&#8221; header_font=&#8221;|700|||||||&#8221; header_text_align=&#8221;center&#8221; header_text_color=&#8221;#35b51e&#8221; header_font_size=&#8221;30px&#8221; body_text_align=&#8221;center&#8221; background_color=&#8221;#f2f2f2&#8243; custom_padding=&#8221;25px|25px|25px|25px|false|false&#8221; border_radii=&#8221;on|10px|10px|10px|10px&#8221; border_radii_image=&#8221;on|360px|360px|360px|360px&#8221; border_width_all_image=&#8221;4px&#8221; border_color_all_image=&#8221;#E09900&#8243;]<\/p>\n<p>Permacultrice int\u00e9grale, professeure de yoga et passionn\u00e9e par l&#8217;\u00e9ducation. Elle assiste la coordination p\u00e9dagogique g\u00e9n\u00e9rale de l&#8217;ESI et co-coordonne l&#8217;ESI France. Sa joie est de pratiquer l&#8217;amour et la d\u00e9votion &#8220;en action&#8221;, en se pla\u00e7ant comme un canal au service du bien commun.<\/p>\n<p>[\/et_pb_blurb][\/et_pb_column][et_pb_column type=&#8221;1_3&#8243; _builder_version=&#8221;4.9.10&#8243; _module_preset=&#8221;default&#8221;][et_pb_blurb title=&#8221;Diana Manneh &#8221; image=&#8221;https:\/\/ecologiaintegral.com\/wp-content\/uploads\/2021\/09\/esi-diana-manneh.jpg&#8221; _builder_version=&#8221;4.9.10&#8243; _module_preset=&#8221;default&#8221; header_font=&#8221;|700|||||||&#8221; header_text_align=&#8221;center&#8221; header_text_color=&#8221;#35b51e&#8221; header_font_size=&#8221;30px&#8221; body_text_align=&#8221;center&#8221; background_color=&#8221;#f2f2f2&#8243; custom_padding=&#8221;25px|25px|49px|25px|false|false&#8221; border_radii=&#8221;on|10px|10px|10px|10px&#8221; border_radii_image=&#8221;on|360px|360px|360px|360px&#8221; border_width_all_image=&#8221;4px&#8221; border_color_all_image=&#8221;#E09900&#8243;]<\/p>\n<p>Coach, facilitatrice de groupes et coordinatrice de l&#8217;Ecole d&#8217;Ecologie Int\u00e9grative en France. Sa joie est d&#8217;accompagner les \u00e9quipes \u00e0 bien vivre ensemble ; de mani\u00e8re cr\u00e9ative, en collaboration, et en int\u00e9grant les 4 intelligences.<\/p>\n<p>[\/et_pb_blurb][\/et_pb_column][\/et_pb_row][et_pb_row column_structure=&#8221;1_3,1_3,1_3&#8243; _builder_version=&#8221;4.9.10&#8243; _module_preset=&#8221;default&#8221;][et_pb_column type=&#8221;1_3&#8243; _builder_version=&#8221;4.9.10&#8243; _module_preset=&#8221;default&#8221;][et_pb_blurb title=&#8221;Lays Britto &#8221; image=&#8221;https:\/\/ecologiaintegral.com\/wp-content\/uploads\/2021\/08\/esi-lays-britto.jpg&#8221; _builder_version=&#8221;4.9.10&#8243; _module_preset=&#8221;default&#8221; header_font=&#8221;|700|||||||&#8221; header_text_align=&#8221;center&#8221; header_text_color=&#8221;#35b51e&#8221; header_font_size=&#8221;30px&#8221; body_text_align=&#8221;center&#8221; background_color=&#8221;#f2f2f2&#8243; custom_padding=&#8221;25px|25px|25px|25px|false|false&#8221; border_radii=&#8221;on|10px|10px|10px|10px&#8221; border_radii_image=&#8221;on|360px|360px|360px|360px&#8221; border_width_all_image=&#8221;4px&#8221; border_color_all_image=&#8221;#E09900&#8243;]<\/p>\n<p>Architecte passionn\u00e9e d&#8217;art et d&#8217;astrologie, Lays collabore dans de multiples r\u00f4les au sein de l&#8217;Ecole d&#8217;Ecologie Int\u00e9grative depuis 2016. Sa joie c\u2019est d\u2019\u00eatre \u00e0 la fois tout et partie, de co-construire et de partager le voyage de la transition avec des personnes adorables !<\/p>\n<p>[\/et_pb_blurb][\/et_pb_column][et_pb_column type=&#8221;1_3&#8243; _builder_version=&#8221;4.9.10&#8243; _module_preset=&#8221;default&#8221;][et_pb_blurb title=&#8221;Ruby Collins&#8221; image=&#8221;https:\/\/ecologiaintegral.com\/fr\/wp-content\/uploads\/2021\/12\/Ruby-Collins.jpg&#8221; _builder_version=&#8221;4.9.10&#8243; _module_preset=&#8221;default&#8221; header_font=&#8221;|700|||||||&#8221; header_text_align=&#8221;center&#8221; header_text_color=&#8221;#35b51e&#8221; header_font_size=&#8221;30px&#8221; body_text_align=&#8221;center&#8221; background_color=&#8221;#f2f2f2&#8243; custom_padding=&#8221;25px|25px|25px|25px|false|false&#8221; border_radii=&#8221;on|10px|10px|10px|10px&#8221; border_radii_image=&#8221;on|360px|360px|360px|360px&#8221; border_width_all_image=&#8221;4px&#8221; border_color_all_image=&#8221;#E09900&#8243;]<\/p>\n<p>\u00c9tudiante aspirante de la vie. Elle participe activement aux offres de l&#8217;ESI en fran\u00e7ais et en anglais et aide au d\u00e9veloppement de l&#8217;\u00e9cole en anglais. Sa joie est de cultiver le retour \u00e0 notre \u00eatre profond et de se reconnecter \u00e0 la V\u00e9rit\u00e9 universelle.<\/p>\n<p>[\/et_pb_blurb][\/et_pb_column][et_pb_column type=&#8221;1_3&#8243; _builder_version=&#8221;4.9.10&#8243; _module_preset=&#8221;default&#8221;][et_pb_blurb title=&#8221;Ciro Sales&#8221; image=&#8221;https:\/\/ecologiaintegral.com\/wp-content\/uploads\/2021\/08\/esi-ciro-sales.jpg&#8221; _builder_version=&#8221;4.9.10&#8243; _module_preset=&#8221;default&#8221; header_font=&#8221;|700|||||||&#8221; header_text_align=&#8221;center&#8221; header_text_color=&#8221;#35b51e&#8221; header_font_size=&#8221;30px&#8221; body_text_align=&#8221;center&#8221; background_color=&#8221;#f2f2f2&#8243; custom_padding=&#8221;25px|25px|25px|25px|false|false&#8221; border_radii=&#8221;on|10px|10px|10px|10px&#8221; border_radii_image=&#8221;on|360px|360px|360px|360px&#8221; border_width_all_image=&#8221;4px&#8221; border_color_all_image=&#8221;#E09900&#8243;]<\/p>\n<p>Acteur, producteur et producteur culturel. Ciro collabore avec l&#8217;ESI dans la production de contenus audiovisuels et dans son planning de gestion. Sa joie r\u00e9side dans la recherche de chemins de transformation du monde par l&#8217;art et par le d\u00e9veloppement de la coh\u00e9rence entre les valeurs, les intentions et les attitudes.<\/p>\n<p>[\/et_pb_blurb][\/et_pb_column][\/et_pb_row][et_pb_row column_structure=&#8221;1_3,1_3,1_3&#8243; _builder_version=&#8221;4.9.10&#8243; _module_preset=&#8221;default&#8221;][et_pb_column type=&#8221;1_3&#8243; _builder_version=&#8221;4.9.10&#8243; _module_preset=&#8221;default&#8221;][et_pb_blurb title=&#8221;Christophe Kaufmann&#8221; image=&#8221;https:\/\/ecologiaintegral.com\/fr\/wp-content\/uploads\/2021\/12\/Christophe-Kaufmann.jpg&#8221; _builder_version=&#8221;4.9.10&#8243; _module_preset=&#8221;default&#8221; header_font=&#8221;|700|||||||&#8221; header_text_align=&#8221;center&#8221; header_text_color=&#8221;#35b51e&#8221; header_font_size=&#8221;30px&#8221; body_text_align=&#8221;center&#8221; background_color=&#8221;#f2f2f2&#8243; custom_padding=&#8221;25px|25px|25px|25px|false|false&#8221; border_radii=&#8221;on|10px|10px|10px|10px&#8221; border_radii_image=&#8221;on|360px|360px|360px|360px&#8221; border_width_all_image=&#8221;4px&#8221; border_color_all_image=&#8221;#E09900&#8243;]<\/p>\n<p>Psychiatre et psychoth\u00e9rapeute retrait\u00e9, sa joie est de s\u2019int\u00e9grer \u00e0 des projets porteurs d\u2019avenir comme l\u2019ESI, sortir de sa zone de confort, participer aux cr\u00e9ations de l\u2019intelligence collective, cultiver spiritualit\u00e9, confiance, engagement, et coop\u00e9ration pour \u00e9voluer ensemble vers plus de coh\u00e9rence.<\/p>\n<p>[\/et_pb_blurb][\/et_pb_column][et_pb_column type=&#8221;1_3&#8243; _builder_version=&#8221;4.9.10&#8243; _module_preset=&#8221;default&#8221;][et_pb_blurb title=&#8221;Laurence Allou&#8221; image=&#8221;https:\/\/ecologiaintegral.com\/wp-content\/uploads\/2022\/01\/Laurence-e1642886311929.png&#8221; _builder_version=&#8221;4.9.10&#8243; _module_preset=&#8221;default&#8221; header_font=&#8221;|700|||||||&#8221; header_text_align=&#8221;center&#8221; header_text_color=&#8221;#35b51e&#8221; header_font_size=&#8221;30px&#8221; body_text_align=&#8221;center&#8221; background_color=&#8221;#f2f2f2&#8243; custom_padding=&#8221;25px|25px|30px|25px|false|false&#8221; hover_enabled=&#8221;0&#8243; border_radii=&#8221;on|10px|10px|10px|10px&#8221; border_radii_image=&#8221;on|360px|360px|360px|360px&#8221; border_width_all_image=&#8221;4px&#8221; border_color_all_image=&#8221;#E09900&#8243; sticky_enabled=&#8221;0&#8243; title_text=&#8221;Laurence&#8221; min_height=&#8221;570.2px&#8221; locked=&#8221;off&#8221;]<\/p>\n<p>Retrait\u00e9e, passionn\u00e9e par les m\u00e9decines douces et particuli\u00e8rement par la r\u00e9flexologie qu\u2019elle pratique. Elle participe \u00e0 la coordination p\u00e9dagogique de l\u2019ESI en France. Sa joie est de se sentir accompagn\u00e9e dans son cheminement int\u00e9rieur vers elle-m\u00eame par un groupe de personnes joyeuses, bienveillantes et qui avancent le c\u0153ur grand ouvert.<\/p>\n<p>[\/et_pb_blurb][\/et_pb_column][et_pb_column type=&#8221;1_3&#8243; _builder_version=&#8221;4.9.10&#8243; _module_preset=&#8221;default&#8221;][\/et_pb_column][\/et_pb_row][\/et_pb_section]<\/p>\n","protected":false},"excerpt":{"rendered":"<p>Professeure universitaire et \u00e9crivaine, D\u00e9bora est la fondatrice et la coordinatrice de l&#8217;\u00c9cole d&#8217;Ecologie Int\u00e9grative (Escola de Sustentabilidade Integral). Sa joie est de diriger une \u00e9quipe de personnes merveilleuses qui se consacrent \u00e0 aider les autres \u00e0 se transformer pour transformer le monde.Permacultrice int\u00e9grale, professeure de yoga et passionn\u00e9e par l&#8217;\u00e9ducation. Elle assiste la coordination p\u00e9dagogique g\u00e9n\u00e9rale de l&#8217;ESI et co-coordonne l&#8217;ESI France. Sa joie est de pratiquer l&#8217;amour et la d\u00e9votion &#8220;en action&#8221;, en se pla\u00e7ant comme un canal au service du bien commun.Coach, facilitatrice de groupes et coordinatrice de l&#8217;Ecole d&#8217;Ecologie Int\u00e9grative en France. Sa joie est d&#8217;accompagner les \u00e9quipes \u00e0 bien vivre ensemble ; de mani\u00e8re cr\u00e9ative, en collaboration, et en int\u00e9grant les 4 intelligences.Architecte passionn\u00e9e d&#8217;art et d&#8217;astrologie, Lays collabore dans de multiples r\u00f4les au sein de l&#8217;Ecole d&#8217;Ecologie Int\u00e9grative depuis 2016. Sa joie c\u2019est d\u2019\u00eatre \u00e0 la fois tout et partie, de co-construire et de partager le voyage de la transition avec des personnes adorables !\u00c9tudiante aspirante de la vie. Elle participe activement aux offres de l&#8217;ESI en fran\u00e7ais et en anglais et aide au d\u00e9veloppement de l&#8217;\u00e9cole en anglais. Sa joie est de cultiver le retour \u00e0 notre \u00eatre profond et de se reconnecter [&hellip;]<\/p>\n","protected":false},"author":1,"featured_media":0,"parent":0,"menu_order":0,"comment_status":"closed","ping_status":"closed","template":"","meta":{"_et_pb_use_builder":"on","_et_pb_old_content":"","_et_gb_content_width":"","footnotes":""},"class_list":["post-245","page","type-page","status-publish","hentry"],"_links":{"self":[{"href":"https:\/\/ecologiaintegral.com\/fr\/wp-json\/wp\/v2\/pages\/245","targetHints":{"allow":["GET"]}}],"collection":[{"href":"https:\/\/ecologiaintegral.com\/fr\/wp-json\/wp\/v2\/pages"}],"about":[{"href":"https:\/\/ecologiaintegral.com\/fr\/wp-json\/wp\/v2\/types\/page"}],"author":[{"embeddable":true,"href":"https:\/\/ecologiaintegral.com\/fr\/wp-json\/wp\/v2\/users\/1"}],"replies":[{"embeddable":true,"href":"https:\/\/ecologiaintegral.com\/fr\/wp-json\/wp\/v2\/comments?post=245"}],"version-history":[{"count":9,"href":"https:\/\/ecologiaintegral.com\/fr\/wp-json\/wp\/v2\/pages\/245\/revisions"}],"predecessor-version":[{"id":942,"href":"https:\/\/ecologiaintegral.com\/fr\/wp-json\/wp\/v2\/pages\/245\/revisions\/942"}],"wp:attachment":[{"href":"https:\/\/ecologiaintegral.com\/fr\/wp-json\/wp\/v2\/media?parent=245"}],"curies":[{"name":"wp","href":"https:\/\/api.w.org\/{rel}","templated":true}]}}