{"id":267,"date":"2021-08-18T03:00:04","date_gmt":"2021-08-18T06:00:04","guid":{"rendered":"https:\/\/ecologiaintegral.com\/?page_id=267"},"modified":"2022-01-18T16:30:38","modified_gmt":"2022-01-18T19:30:38","slug":"sieges-physiques","status":"publish","type":"page","link":"https:\/\/ecologiaintegral.com\/fr\/sieges-physiques\/","title":{"rendered":"Si\u00e8ges"},"content":{"rendered":"<p>[et_pb_section fb_built=&#8221;1&#8243; _builder_version=&#8221;4.9.10&#8243; _module_preset=&#8221;default&#8221; custom_padding=&#8221;||18px|||&#8221;][et_pb_row column_structure=&#8221;1_2,1_2&#8243; _builder_version=&#8221;4.9.10&#8243; _module_preset=&#8221;default&#8221;][et_pb_column type=&#8221;1_2&#8243; _builder_version=&#8221;4.9.10&#8243; _module_preset=&#8221;default&#8221;][et_pb_text _builder_version=&#8221;4.9.10&#8243; _module_preset=&#8221;default&#8221; header_2_font=&#8221;|700|||||||&#8221; header_2_text_color=&#8221;#FFFFFF&#8221; background_color=&#8221;#E09900&#8243; custom_padding=&#8221;10px|10px|5px|10px|false|false&#8221; border_radii=&#8221;on|5px|5px|5px|5px&#8221;]<\/p>\n<h2>Ferme de l&#8217;Avenir<\/h2>\n<p>[\/et_pb_text][et_pb_text _builder_version=&#8221;4.9.10&#8243; _module_preset=&#8221;default&#8221;]<\/p>\n<p><strong>La Ferme de l&#8217;Avenir<\/strong> est le si\u00e8ge rural des activit\u00e9s de l&#8217;ESI. Elle est situ\u00e9e \u00e0 21 km de la ville de Miguel Calmon, \u00e0 c\u00f4t\u00e9 du merveilleux parc d&#8217;\u00c9tat des Sept Passages situ\u00e9 dans la Chapada Diamantina, dans l&#8217;\u00c9tat de Bahia, au Br\u00e9sil. La for\u00eat de la rivi\u00e8re Covas qui traverse le site a \u00e9t\u00e9 r\u00e9g\u00e9n\u00e9r\u00e9e et la r\u00e9g\u00e9n\u00e9ration d&#8217;autres for\u00eats est en cours, avec l&#8217;intention de restaurer la biodiversit\u00e9 locale. Sur le site, on trouve une production alimentaire biologique, une usine de production de m\u00e9lasse de canne \u00e0 sucre et de rapadura, une agrofor\u00eat de caf\u00e9 et un petit troupeau de bovins laitiers et de chevaux. La communaut\u00e9 Ecorural, un \u00e9covillage en construction, est en cours de cr\u00e9ation sur le terrain. La ferme a plusieurs partenariats avec ses employ\u00e9s et la communaut\u00e9 environnante.<\/p>\n<p>[\/et_pb_text][\/et_pb_column][et_pb_column type=&#8221;1_2&#8243; _builder_version=&#8221;4.9.10&#8243; _module_preset=&#8221;default&#8221;][et_pb_gallery gallery_ids=&#8221;308,307,237,238,239,118,236&#8243; fullwidth=&#8221;on&#8221; _builder_version=&#8221;4.9.10&#8243; _module_preset=&#8221;default&#8221; custom_margin=&#8221;||6px|||&#8221; border_radii=&#8221;on|5px|5px|5px|5px&#8221;][\/et_pb_gallery][\/et_pb_column][\/et_pb_row][et_pb_row column_structure=&#8221;1_2,1_2&#8243; _builder_version=&#8221;4.9.10&#8243; _module_preset=&#8221;default&#8221;][et_pb_column type=&#8221;1_2&#8243; _builder_version=&#8221;4.9.10&#8243; _module_preset=&#8221;default&#8221;][et_pb_text _builder_version=&#8221;4.9.10&#8243; _module_preset=&#8221;default&#8221; header_2_font=&#8221;|700|||||||&#8221; header_2_text_color=&#8221;#FFFFFF&#8221; background_color=&#8221;#E09900&#8243; custom_padding=&#8221;10px|10px|5px|10px|false|false&#8221; border_radii=&#8221;on|5px|5px|5px|5px&#8221;]<\/p>\n<h2>Terrasse Lauretta<\/h2>\n<p>[\/et_pb_text][et_pb_text _builder_version=&#8221;4.9.10&#8243; _module_preset=&#8221;default&#8221;]<\/p>\n<p>Le si\u00e8ge urbain de l&#8217;ESI est situ\u00e9 dans le quartier de Barra \u00e0 Salvador, au Br\u00e9sil, sur une terrasse con\u00e7ue de mani\u00e8re enti\u00e8rement \u00e9cologique pour accueillir des conf\u00e9rences, des travaux de groupe, des m\u00e9ditations, des pratiques de permaculture et d&#8217;autres activit\u00e9s de la vie communautaire comme la production alimentaire et le repos. La terrasse Lauretta se trouve \u00e0 700 m de Barra Port, une plage qui sert \u00e9galement d&#8217;espace de rassemblement pour l&#8217;interaction entre les classes.<\/p>\n<p>[\/et_pb_text][et_pb_video src=&#8221;https:\/\/youtu.be\/i4Ya8xRPz-s&#8221; _builder_version=&#8221;4.9.10&#8243; _module_preset=&#8221;default&#8221;][\/et_pb_video][\/et_pb_column][et_pb_column type=&#8221;1_2&#8243; _builder_version=&#8221;4.9.10&#8243; _module_preset=&#8221;default&#8221;][et_pb_gallery gallery_ids=&#8221;240,547,241,545,242,546,243&#8243; fullwidth=&#8221;on&#8221; _builder_version=&#8221;4.9.10&#8243; _module_preset=&#8221;default&#8221; custom_margin=&#8221;||6px|||&#8221; border_radii=&#8221;on|5px|5px|5px|5px&#8221;][\/et_pb_gallery][\/et_pb_column][\/et_pb_row][et_pb_row column_structure=&#8221;1_2,1_2&#8243; _builder_version=&#8221;4.9.10&#8243; _module_preset=&#8221;default&#8221;][et_pb_column type=&#8221;1_2&#8243; _builder_version=&#8221;4.9.10&#8243; _module_preset=&#8221;default&#8221;][et_pb_text _builder_version=&#8221;4.9.10&#8243; _module_preset=&#8221;default&#8221; header_2_font=&#8221;|700|||||||&#8221; header_2_text_color=&#8221;#FFFFFF&#8221; background_color=&#8221;#E09900&#8243; custom_padding=&#8221;10px|10px|5px|10px|false|false&#8221; border_radii=&#8221;on|5px|5px|5px|5px&#8221;]<\/p>\n<h2>Chalet dans les Alpes fran\u00e7aises<\/h2>\n<p>[\/et_pb_text][et_pb_text _builder_version=&#8221;4.9.10&#8243; _module_preset=&#8221;default&#8221;]<\/p>\n<p>Les retraites ont lieu p\u00e9riodiquement dans un chalet des Alpes fran\u00e7aises, le Pradier. Il s&#8217;agit d&#8217;une propri\u00e9t\u00e9 partag\u00e9e par sept familles avec la possibilit\u00e9 d&#8217;accueillir jusqu&#8217;\u00e0 vingt personnes dans un environnement rustique et agr\u00e9able entour\u00e9 d&#8217;un paysage spectaculaire.\u00a0 Le chalet du Pradier et ses environs offrent un cadre idyllique pour la connaissance de soi, le changement des pratiques quotidiennes vers une vie plus \u00e9cologique, l&#8217;interaction au sein d&#8217;une petite communaut\u00e9 d&#8217;apprentissage et la connexion des activit\u00e9s avec la nature.<\/p>\n<p>[\/et_pb_text][\/et_pb_column][et_pb_column type=&#8221;1_2&#8243; _builder_version=&#8221;4.9.10&#8243; _module_preset=&#8221;default&#8221;][et_pb_gallery gallery_ids=&#8221;375,374,376,377,326,333,332,331,330,329,328,327&#8243; fullwidth=&#8221;on&#8221; _builder_version=&#8221;4.9.10&#8243; _module_preset=&#8221;default&#8221; custom_margin=&#8221;||6px|||&#8221; border_radii=&#8221;on|5px|5px|5px|5px&#8221;][\/et_pb_gallery][\/et_pb_column][\/et_pb_row][\/et_pb_section][et_pb_section fb_built=&#8221;1&#8243; prev_background_color=&#8221;#ffffff&#8221; _builder_version=&#8221;4.9.10&#8243; _module_preset=&#8221;default&#8221; background_color=&#8221;#e2e2e2&#8243; top_divider_style=&#8221;slant2&#8243;][et_pb_row column_structure=&#8221;1_3,1_3,1_3&#8243; _builder_version=&#8221;4.9.10&#8243; _module_preset=&#8221;default&#8221; custom_margin=&#8221;36px|auto||auto||&#8221; custom_padding=&#8221;||12px||false|false&#8221;][et_pb_column type=&#8221;1_3&#8243; _builder_version=&#8221;4.9.10&#8243; _module_preset=&#8221;default&#8221;][et_pb_text _builder_version=&#8221;4.9.10&#8243; _module_preset=&#8221;default&#8221; header_2_font=&#8221;|700|||||||&#8221; header_2_text_color=&#8221;#FFFFFF&#8221; header_2_font_size=&#8221;35px&#8221; background_color=&#8221;#7CDA24&#8243; custom_padding=&#8221;10px|10px|5px|10px|false|false&#8221; header_2_text_align_tablet=&#8221;&#8221; header_2_text_align_phone=&#8221;center&#8221; header_2_text_align_last_edited=&#8221;on|phone&#8221; header_2_font_size_tablet=&#8221;&#8221; header_2_font_size_phone=&#8221;30px&#8221; header_2_font_size_last_edited=&#8221;on|phone&#8221; border_radii=&#8221;on|5px|5px|5px|5px&#8221;]<\/p>\n<h2>Plateforme en ligne<\/h2>\n<p>[\/et_pb_text][\/et_pb_column][et_pb_column type=&#8221;1_3&#8243; _builder_version=&#8221;4.9.10&#8243; _module_preset=&#8221;default&#8221;][\/et_pb_column][et_pb_column type=&#8221;1_3&#8243; _builder_version=&#8221;4.9.10&#8243; _module_preset=&#8221;default&#8221;][\/et_pb_column][\/et_pb_row][et_pb_row column_structure=&#8221;1_2,1_2&#8243; _builder_version=&#8221;4.9.10&#8243; _module_preset=&#8221;default&#8221; custom_padding=&#8221;10px|||||&#8221;][et_pb_column type=&#8221;1_2&#8243; _builder_version=&#8221;4.9.10&#8243; _module_preset=&#8221;default&#8221;][et_pb_text _builder_version=&#8221;4.9.10&#8243; _module_preset=&#8221;default&#8221;]<\/p>\n<p>Les rencontres en ligne se d\u00e9roulent sur des plateformes qui permettent la diffusion en direct, la division en groupes et le partage de mat\u00e9riel. Entre les r\u00e9unions, le groupe est renforc\u00e9 par une communication imm\u00e9diate via un canal collectif en ligne.<\/p>\n<p>Tout le mat\u00e9riel p\u00e9dagogique est organis\u00e9 et mis \u00e0 la disposition des \u00e9tudiants tout au long de la formation, de m\u00eame que les enregistrements des r\u00e9unions virtuelles.<\/p>\n<p>[\/et_pb_text][\/et_pb_column][et_pb_column type=&#8221;1_2&#8243; _builder_version=&#8221;4.9.10&#8243; _module_preset=&#8221;default&#8221;][et_pb_gallery gallery_ids=&#8221;383,380,381,382&#8243; fullwidth=&#8221;on&#8221; _builder_version=&#8221;4.9.10&#8243; _module_preset=&#8221;default&#8221; custom_margin=&#8221;-60px|||||&#8221; custom_margin_tablet=&#8221;&#8221; custom_margin_phone=&#8221;0px||||false|false&#8221; custom_margin_last_edited=&#8221;on|phone&#8221; hover_enabled=&#8221;0&#8243; border_radii=&#8221;on|10px|10px|10px|10px&#8221; border_width_all=&#8221;2px&#8221; border_color_all=&#8221;#E09900&#8243; sticky_enabled=&#8221;0&#8243;][\/et_pb_gallery][\/et_pb_column][\/et_pb_row][\/et_pb_section]<\/p>\n","protected":false},"excerpt":{"rendered":"<p>Ferme de l&#8217;AvenirLa Ferme de l&#8217;Avenir est le si\u00e8ge rural des activit\u00e9s de l&#8217;ESI. Elle est situ\u00e9e \u00e0 21 km de la ville de Miguel Calmon, \u00e0 c\u00f4t\u00e9 du merveilleux parc d&#8217;\u00c9tat des Sept Passages situ\u00e9 dans la Chapada Diamantina, dans l&#8217;\u00c9tat de Bahia, au Br\u00e9sil. La for\u00eat de la rivi\u00e8re Covas qui traverse le site a \u00e9t\u00e9 r\u00e9g\u00e9n\u00e9r\u00e9e et la r\u00e9g\u00e9n\u00e9ration d&#8217;autres for\u00eats est en cours, avec l&#8217;intention de restaurer la biodiversit\u00e9 locale. Sur le site, on trouve une production alimentaire biologique, une usine de production de m\u00e9lasse de canne \u00e0 sucre et de rapadura, une agrofor\u00eat de caf\u00e9 et un petit troupeau de bovins laitiers et de chevaux. La communaut\u00e9 Ecorural, un \u00e9covillage en construction, est en cours de cr\u00e9ation sur le terrain. La ferme a plusieurs partenariats avec ses employ\u00e9s et la communaut\u00e9 environnante.Terrasse LaurettaLe si\u00e8ge urbain de l&#8217;ESI est situ\u00e9 dans le quartier de Barra \u00e0 Salvador, au Br\u00e9sil, sur une terrasse con\u00e7ue de mani\u00e8re enti\u00e8rement \u00e9cologique pour accueillir des conf\u00e9rences, des travaux de groupe, des m\u00e9ditations, des pratiques de permaculture et d&#8217;autres activit\u00e9s de la vie communautaire comme la production alimentaire et le repos. La terrasse Lauretta se trouve \u00e0 700 m de Barra Port, [&hellip;]<\/p>\n","protected":false},"author":1,"featured_media":0,"parent":0,"menu_order":0,"comment_status":"closed","ping_status":"closed","template":"","meta":{"_et_pb_use_builder":"on","_et_pb_old_content":"","_et_gb_content_width":"","footnotes":""},"class_list":["post-267","page","type-page","status-publish","hentry"],"_links":{"self":[{"href":"https:\/\/ecologiaintegral.com\/fr\/wp-json\/wp\/v2\/pages\/267","targetHints":{"allow":["GET"]}}],"collection":[{"href":"https:\/\/ecologiaintegral.com\/fr\/wp-json\/wp\/v2\/pages"}],"about":[{"href":"https:\/\/ecologiaintegral.com\/fr\/wp-json\/wp\/v2\/types\/page"}],"author":[{"embeddable":true,"href":"https:\/\/ecologiaintegral.com\/fr\/wp-json\/wp\/v2\/users\/1"}],"replies":[{"embeddable":true,"href":"https:\/\/ecologiaintegral.com\/fr\/wp-json\/wp\/v2\/comments?post=267"}],"version-history":[{"count":22,"href":"https:\/\/ecologiaintegral.com\/fr\/wp-json\/wp\/v2\/pages\/267\/revisions"}],"predecessor-version":[{"id":838,"href":"https:\/\/ecologiaintegral.com\/fr\/wp-json\/wp\/v2\/pages\/267\/revisions\/838"}],"wp:attachment":[{"href":"https:\/\/ecologiaintegral.com\/fr\/wp-json\/wp\/v2\/media?parent=267"}],"curies":[{"name":"wp","href":"https:\/\/api.w.org\/{rel}","templated":true}]}}