{"id":290,"date":"2021-08-25T14:26:50","date_gmt":"2021-08-25T17:26:50","guid":{"rendered":"https:\/\/ecologiaintegral.com\/?page_id=290"},"modified":"2025-01-14T16:30:24","modified_gmt":"2025-01-14T19:30:24","slug":"module-iii-abandon-et-auto-gouvernance","status":"publish","type":"page","link":"https:\/\/ecologiaintegral.com\/fr\/module-iii-abandon-et-auto-gouvernance\/","title":{"rendered":"Module III &#8211; L\u00e2cher-prise et Auto-gouvernance"},"content":{"rendered":"<p>[et_pb_section fb_built=&#8221;1&#8243; _builder_version=&#8221;4.16&#8243; _module_preset=&#8221;default&#8221; global_colors_info=&#8221;{}&#8221; theme_builder_area=&#8221;post_content&#8221;][et_pb_row column_structure=&#8221;1_2,1_2&#8243; _builder_version=&#8221;4.16&#8243; _module_preset=&#8221;default&#8221; global_colors_info=&#8221;{}&#8221; theme_builder_area=&#8221;post_content&#8221;][et_pb_column type=&#8221;1_2&#8243; _builder_version=&#8221;4.16&#8243; _module_preset=&#8221;default&#8221; global_colors_info=&#8221;{}&#8221; theme_builder_area=&#8221;post_content&#8221;][et_pb_text _builder_version=&#8221;4.16&#8243; _module_preset=&#8221;default&#8221; animation_style=&#8221;slide&#8221; global_colors_info=&#8221;{}&#8221; theme_builder_area=&#8221;post_content&#8221;]<\/p>\n<p>Ce module s&#8217;adresse exclusivement \u00e0 ceux qui souhaitent transmettre la m\u00e9thodologie de l&#8217;Ecole d&#8217;Ecologie Int\u00e9grale en tant que facilitateurs. L&#8217;objectif premier de l&#8217;ESI est d&#8217;aider chacun sur le chemin de la coh\u00e9rence entre ce que l&#8217;on ressent, ce que l&#8217;on pense, ce que l&#8217;on dit et ce que l&#8217;on fait. En reconnaissant les effets n\u00e9fastes que les modes de vie \u00e9gocentriques et superficiels ont sur M\u00e8re Nature, nous\u00a0 sommes inspir\u00e9s \u00e0 nous tourner vers l&#8217;introspection et \u00e0 vivre un mode de vie \u00e9cologique et en communaut\u00e9. Au c\u0153ur de cette qu\u00eate se trouve l&#8217;alignement int\u00e9rieur qui nous permet d&#8217;atteindre notre propre v\u00e9rit\u00e9 transcendante, avec l&#8217;intention de nous transformer pour transformer le monde.<\/p>\n<p>Il est possible d&#8217;utiliser et de diffuser cette m\u00e9thodologie, d&#8217;abord en tant que &#8220;gardien du champ&#8221;, puis en tant que coordinateur de groupes pour le module I d&#8217;introduction.<\/p>\n<p>[\/et_pb_text][\/et_pb_column][et_pb_column type=&#8221;1_2&#8243; _builder_version=&#8221;4.16&#8243; _module_preset=&#8221;default&#8221; global_colors_info=&#8221;{}&#8221; theme_builder_area=&#8221;post_content&#8221;][et_pb_video src=&#8221;https:\/\/youtu.be\/MlmPMP0Co6w&#8221; play_icon_color=&#8221;#A84C1E&#8221; thumbnail_overlay_color=&#8221;#C0580B&#8221; _builder_version=&#8221;4.16&#8243; _module_preset=&#8221;default&#8221; animation_style=&#8221;bounce&#8221; border_radii=&#8221;on|10px|10px|10px|10px&#8221; border_width_all=&#8221;8px&#8221; border_color_all=&#8221;#A84C1E&#8221; locked=&#8221;off&#8221; global_colors_info=&#8221;{}&#8221; theme_builder_area=&#8221;post_content&#8221;][\/et_pb_video][\/et_pb_column][\/et_pb_row][\/et_pb_section][et_pb_section fb_built=&#8221;1&#8243; _builder_version=&#8221;4.16&#8243; _module_preset=&#8221;default&#8221; background_color=&#8221;#ac3e02&#8243; custom_padding=&#8221;32px|||||&#8221; global_colors_info=&#8221;{}&#8221; theme_builder_area=&#8221;post_content&#8221;][et_pb_row _builder_version=&#8221;4.16&#8243; _module_preset=&#8221;default&#8221; global_colors_info=&#8221;{}&#8221; theme_builder_area=&#8221;post_content&#8221;][et_pb_column type=&#8221;4_4&#8243; _builder_version=&#8221;4.16&#8243; _module_preset=&#8221;default&#8221; global_colors_info=&#8221;{}&#8221; theme_builder_area=&#8221;post_content&#8221;][et_pb_text _builder_version=&#8221;4.16&#8243; _module_preset=&#8221;default&#8221; text_text_color=&#8221;#FFFFFF&#8221; header_2_font=&#8221;|700|||||||&#8221; header_2_text_align=&#8221;center&#8221; header_2_text_color=&#8221;#ffbd36&#8243; text_orientation=&#8221;center&#8221; animation_style=&#8221;slide&#8221; global_colors_info=&#8221;{}&#8221; theme_builder_area=&#8221;post_content&#8221;]<\/p>\n<p>Pour suivre ce Module 3, la personne int\u00e9ress\u00e9e doit avoir d\u00e9j\u00e0 suivi les Modules I et II, en profondeur, de mani\u00e8re d\u00e9di\u00e9e et pr\u00e9sente, dans un parcours de :<\/p>\n<p>[\/et_pb_text][\/et_pb_column][\/et_pb_row][et_pb_row column_structure=&#8221;1_3,1_3,1_3&#8243; use_custom_gutter=&#8221;on&#8221; gutter_width=&#8221;2&#8243; _builder_version=&#8221;4.16&#8243; _module_preset=&#8221;default&#8221; custom_padding=&#8221;||10px|||&#8221; global_colors_info=&#8221;{}&#8221; theme_builder_area=&#8221;post_content&#8221;][et_pb_column type=&#8221;1_3&#8243; _builder_version=&#8221;4.16&#8243; _module_preset=&#8221;default&#8221; global_colors_info=&#8221;{}&#8221; theme_builder_area=&#8221;post_content&#8221;][et_pb_text _builder_version=&#8221;4.16&#8243; _module_preset=&#8221;default&#8221; text_text_color=&#8221;#FFFFFF&#8221; background_enable_color=&#8221;off&#8221; custom_padding=&#8221;25px|25px|52px|25px|false|false&#8221; animation_style=&#8221;slide&#8221; border_radii=&#8221;on|10px|10px|10px|10px&#8221; border_width_all=&#8221;2px&#8221; border_color_all=&#8221;#ffbd36&#8243; global_colors_info=&#8221;{}&#8221; theme_builder_area=&#8221;post_content&#8221;]<\/p>\n<p>Augmenter l&#8217;auto-observation pour remarquer vos incoh\u00e9rences et votre acceptation de vous-m\u00eame et aimer accueillir vos difficult\u00e9s \u00e0 vous aligner, toujours en avan\u00e7ant.<\/p>\n<p>[\/et_pb_text][\/et_pb_column][et_pb_column type=&#8221;1_3&#8243; _builder_version=&#8221;4.16&#8243; _module_preset=&#8221;default&#8221; global_colors_info=&#8221;{}&#8221; theme_builder_area=&#8221;post_content&#8221;][et_pb_text _builder_version=&#8221;4.16&#8243; _module_preset=&#8221;default&#8221; text_text_color=&#8221;#FFFFFF&#8221; background_enable_color=&#8221;off&#8221; custom_padding=&#8221;25px|25px|27px|25px|false|false&#8221; animation_style=&#8221;slide&#8221; border_radii=&#8221;on|10px|10px|10px|10px&#8221; border_width_all=&#8221;2px&#8221; border_color_all=&#8221;#ffbd36&#8243; global_colors_info=&#8221;{}&#8221; theme_builder_area=&#8221;post_content&#8221;]<\/p>\n<p>Un engagement profond dans des changements dans les pratiques quotidiennes afin d&#8217;avoir une existence r\u00e9g\u00e9n\u00e9ratrice de la Nature. Dans ce processus, progressivement, les pratiques destructrices sont abandonn\u00e9es.<\/p>\n<p>[\/et_pb_text][\/et_pb_column][et_pb_column type=&#8221;1_3&#8243; _builder_version=&#8221;4.16&#8243; _module_preset=&#8221;default&#8221; global_colors_info=&#8221;{}&#8221; theme_builder_area=&#8221;post_content&#8221;][et_pb_text _builder_version=&#8221;4.16&#8243; _module_preset=&#8221;default&#8221; text_text_color=&#8221;#FFFFFF&#8221; background_enable_color=&#8221;off&#8221; custom_padding=&#8221;25px|25px|25px|25px|false|false&#8221; animation_style=&#8221;slide&#8221; border_radii=&#8221;on|10px|10px|10px|10px&#8221; border_width_all=&#8221;2px&#8221; border_color_all=&#8221;#ffbd36&#8243; global_colors_info=&#8221;{}&#8221; theme_builder_area=&#8221;post_content&#8221;]<\/p>\n<p>Un engagement profond dans des changements dans les pratiques quotidiennes afin d&#8217;avoir une existence r\u00e9g\u00e9n\u00e9ratrice de la Nature. Dans ce processus, progressivement, les pratiques destructrices sont abandonn\u00e9es.<\/p>\n<p>[\/et_pb_text][\/et_pb_column][\/et_pb_row][et_pb_row column_structure=&#8221;1_2,1_2&#8243; use_custom_gutter=&#8221;on&#8221; gutter_width=&#8221;2&#8243; _builder_version=&#8221;4.16&#8243; _module_preset=&#8221;default&#8221; custom_padding=&#8221;20px|||||&#8221; global_colors_info=&#8221;{}&#8221; theme_builder_area=&#8221;post_content&#8221;][et_pb_column type=&#8221;1_2&#8243; _builder_version=&#8221;4.16&#8243; _module_preset=&#8221;default&#8221; global_colors_info=&#8221;{}&#8221; theme_builder_area=&#8221;post_content&#8221;][et_pb_text _builder_version=&#8221;4.16&#8243; _module_preset=&#8221;default&#8221; text_text_color=&#8221;#FFFFFF&#8221; background_enable_color=&#8221;off&#8221; custom_padding=&#8221;25px|25px|46px|25px|false|false&#8221; animation_style=&#8221;slide&#8221; border_radii=&#8221;on|10px|10px|10px|10px&#8221; border_width_all=&#8221;2px&#8221; border_color_all=&#8221;#ffbd36&#8243; global_colors_info=&#8221;{}&#8221; theme_builder_area=&#8221;post_content&#8221;]<\/p>\n<p>Perception de l&#8217;intelligence cr\u00e9atrice qui int\u00e8gre tout et livre son existence \u00e0 ses fins, cherchant \u00e0 remplir ses missions dans le monde, en s&#8217;appuyant sur ses talents et la condition dans laquelle il vit, dans une joie grandissante.<\/p>\n<p>[\/et_pb_text][\/et_pb_column][et_pb_column type=&#8221;1_2&#8243; _builder_version=&#8221;4.16&#8243; _module_preset=&#8221;default&#8221; global_colors_info=&#8221;{}&#8221; theme_builder_area=&#8221;post_content&#8221;][et_pb_text _builder_version=&#8221;4.16&#8243; _module_preset=&#8221;default&#8221; text_text_color=&#8221;#FFFFFF&#8221; background_enable_color=&#8221;off&#8221; custom_padding=&#8221;25px|25px|25px|25px|false|false&#8221; animation_style=&#8221;slide&#8221; border_radii=&#8221;on|10px|10px|10px|10px&#8221; border_width_all=&#8221;2px&#8221; border_color_all=&#8221;#ffbd36&#8243; global_colors_info=&#8221;{}&#8221; theme_builder_area=&#8221;post_content&#8221;]<\/p>\n<p>Int\u00e9gration de pratiques quotidiennes qui permettent d&#8217;avancer : qu&#8217;il s&#8217;agisse des savoirs et rituels propos\u00e9s par ESI pour am\u00e9liorer la connaissance de soi bas\u00e9e sur les quatre intelligences, ou d&#8217;autres pratiques constantes qui ont d\u00e9j\u00e0 fait leurs preuves pour aider la personne \u00e0 rester sur le chemin de la coh\u00e9rence et la joie de vivre.<\/p>\n<p>[\/et_pb_text][\/et_pb_column][\/et_pb_row][\/et_pb_section][et_pb_section fb_built=&#8221;1&#8243; _builder_version=&#8221;4.16&#8243; _module_preset=&#8221;default&#8221; global_colors_info=&#8221;{}&#8221; theme_builder_area=&#8221;post_content&#8221;][et_pb_row column_structure=&#8221;1_2,1_2&#8243; _builder_version=&#8221;4.16&#8243; _module_preset=&#8221;default&#8221; global_colors_info=&#8221;{}&#8221; theme_builder_area=&#8221;post_content&#8221;][et_pb_column type=&#8221;1_2&#8243; _builder_version=&#8221;4.16&#8243; _module_preset=&#8221;default&#8221; global_colors_info=&#8221;{}&#8221; theme_builder_area=&#8221;post_content&#8221;][et_pb_text _builder_version=&#8221;4.16&#8243; _module_preset=&#8221;default&#8221; animation_style=&#8221;slide&#8221; global_colors_info=&#8221;{}&#8221; theme_builder_area=&#8221;post_content&#8221;]<\/p>\n<h2>Comment fonctionne le module III:<\/h2>\n<p>Il y aura huit rencontres bimensuelles, dans la semaine o\u00f9 n&#8217;a pas lieu le Module I. Ces rencontres de trois heures, r\u00e9alis\u00e9es dans le style ESI d&#8217;alignement vibratoire et de d\u00e9veloppement des quatre intelligences, auront trois parties principales:<\/p>\n<p>[\/et_pb_text][et_pb_blurb title=&#8221;Premi\u00e8re partie:&#8221; use_icon=&#8221;on&#8221; font_icon=&#8221;&#x49;||divi||400&#8243; icon_placement=&#8221;left&#8221; image_icon_width=&#8221;24px&#8221; _builder_version=&#8221;4.16&#8243; _module_preset=&#8221;default&#8221; header_font=&#8221;|700|||||||&#8221; header_font_size=&#8221;20px&#8221; header_line_height=&#8221;1.2em&#8221; custom_margin=&#8221;||14px|||&#8221; animation_style=&#8221;slide&#8221; animation_direction=&#8221;left&#8221; icon_font_size=&#8221;24px&#8221; global_colors_info=&#8221;{}&#8221; theme_builder_area=&#8221;post_content&#8221;]<\/p>\n<p>Au cours de la premi\u00e8re heure, le coordinateur du module rencontre les tuteurs et les r\u00e9ussites et difficult\u00e9s dans la conduite des huit r\u00e9unions du module I sont \u00e9voqu\u00e9es, par th\u00e8me et activit\u00e9s d\u00e9velopp\u00e9es \u00e0 chaque r\u00e9union, et des dispositions sont prises pour la r\u00e9union suivante.<\/p>\n<p>[\/et_pb_blurb][et_pb_blurb title=&#8221;Deuxi\u00e8me partie:&#8221; use_icon=&#8221;on&#8221; font_icon=&#8221;&#x49;||divi||400&#8243; icon_placement=&#8221;left&#8221; image_icon_width=&#8221;24px&#8221; _builder_version=&#8221;4.16&#8243; _module_preset=&#8221;default&#8221; header_font=&#8221;|700|||||||&#8221; header_font_size=&#8221;20px&#8221; header_line_height=&#8221;1.2em&#8221; custom_margin=&#8221;||13px|||&#8221; animation_style=&#8221;slide&#8221; animation_direction=&#8221;left&#8221; icon_font_size=&#8221;24px&#8221; global_colors_info=&#8221;{}&#8221; theme_builder_area=&#8221;post_content&#8221;]<\/p>\n<p>Dans la deuxi\u00e8me partie, dans une salle unique, les questions soulev\u00e9es au moment pr\u00e9c\u00e9dent sont discut\u00e9es plus en profondeur afin que D\u00e9bora puisse superviser le travail et que les groupes puissent apprendre les uns des autres. Les axes de ces discussions seront au nombre de trois : a) l&#8217;approfondissement de la compr\u00e9hension de la m\u00e9thodologie ESI ; b) le niveau de satisfaction de chaque personne dans l&#8217;accomplissement de sa t\u00e2che de multiplicateur en tant que tuteur ou coordinateur\u00a0; c) le degr\u00e9 de satisfaction des participants au module I.<\/p>\n<p>[\/et_pb_blurb][et_pb_blurb title=&#8221;Troisi\u00e8me partie:&#8221; use_icon=&#8221;on&#8221; font_icon=&#8221;&#x49;||divi||400&#8243; icon_placement=&#8221;left&#8221; image_icon_width=&#8221;24px&#8221; _builder_version=&#8221;4.16&#8243; _module_preset=&#8221;default&#8221; header_font=&#8221;|700|||||||&#8221; header_font_size=&#8221;21px&#8221; header_line_height=&#8221;1.2em&#8221; custom_margin=&#8221;||11px|||&#8221; animation_style=&#8221;slide&#8221; animation_direction=&#8221;right&#8221; icon_font_size=&#8221;24px&#8221; global_colors_info=&#8221;{}&#8221; theme_builder_area=&#8221;post_content&#8221;]<\/p>\n<p>Dans la troisi\u00e8me partie, des activit\u00e9s de partage de talents et d&#8217;internalisation seront men\u00e9es, \u00e0 la recherche d&#8217;une inspiration rationnelle et intuitive pour avancer dans le processus d&#8217;alignement personnel et collectif. L&#8217;approfondissement de la connaissance des r\u00e9f\u00e9rences intellectuelles de l&#8217;ESI sera \u00e9galement au programme.<\/p>\n<p>[\/et_pb_blurb][\/et_pb_column][et_pb_column type=&#8221;1_2&#8243; _builder_version=&#8221;4.16&#8243; _module_preset=&#8221;default&#8221; global_colors_info=&#8221;{}&#8221; theme_builder_area=&#8221;post_content&#8221;][et_pb_text _builder_version=&#8221;4.16&#8243; _module_preset=&#8221;default&#8221; animation_style=&#8221;slide&#8221; animation_direction=&#8221;right&#8221; global_colors_info=&#8221;{}&#8221; theme_builder_area=&#8221;post_content&#8221;]<\/p>\n<p>Un d\u00e9fi personnel dans le domaine physique doit \u00eatre identifi\u00e9 comme un symbole du travail d&#8217;autonomie gouvernementale. Ce d\u00e9fi sera partag\u00e9 en bin\u00f4me et accompagn\u00e9 par la communaut\u00e9. En fonction de l&#8217;avancement du d\u00e9fi dans le domaine physique, d&#8217;autres peuvent \u00eatre incorpor\u00e9s. Les pratiques entre pairs et le travail en groupe des \u00e9l\u00e9ments seront compl\u00e9mentaires au cercle de partage dans le grand groupe. Le 3\u00e8me Module ESI \u00e9gr\u00e9gore a une grande importance pour faire avancer les objectifs du module, car il est compos\u00e9 de personnes qui ont d\u00e9j\u00e0 suivi des chemins communs dans ESI lui-m\u00eame, mais aussi qui ont des trajectoires personnelles qui s&#8217;enrichissent les unes les autres.<\/p>\n<p>Tout ce module III sera exp\u00e9rimental et le groupe est donc invit\u00e9 \u00e0 une co-construction, dans laquelle ce qui est fait pour l&#8217;am\u00e9lioration m\u00e9thodologique de l&#8217;ESI est p\u00e9riodiquement \u00e9valu\u00e9. Si les coordinateurs et les tuteurs accomplissent la t\u00e2che de former les autres avec joie et si les r\u00e9sultats de la formation remplissent leur objectif, le module III aura rempli sa fonction. Le suivi des participants \u00e0 travers des conversations personnelles peut \u00eatre n\u00e9cessaire en cas de difficult\u00e9s que le groupe n&#8217;est pas en mesure de r\u00e9soudre.<\/p>\n<p>&nbsp;<\/p>\n<p>[\/et_pb_text][\/et_pb_column][\/et_pb_row][\/et_pb_section][et_pb_section fb_built=&#8221;1&#8243; _builder_version=&#8221;4.16&#8243; _module_preset=&#8221;default&#8221; background_color=&#8221;#e8e8e8&#8243; custom_padding=&#8221;18px||14px|||&#8221; locked=&#8221;off&#8221; global_colors_info=&#8221;{}&#8221; theme_builder_area=&#8221;post_content&#8221;][\/et_pb_section]<\/p>\n","protected":false},"excerpt":{"rendered":"<p>Ce module s&#8217;adresse exclusivement \u00e0 ceux qui souhaitent transmettre la m\u00e9thodologie de l&#8217;Ecole d&#8217;Ecologie Int\u00e9grale en tant que facilitateurs. L&#8217;objectif premier de l&#8217;ESI est d&#8217;aider chacun sur le chemin de la coh\u00e9rence entre ce que l&#8217;on ressent, ce que l&#8217;on pense, ce que l&#8217;on dit et ce que l&#8217;on fait. En reconnaissant les effets n\u00e9fastes que les modes de vie \u00e9gocentriques et superficiels ont sur M\u00e8re Nature, nous\u00a0 sommes inspir\u00e9s \u00e0 nous tourner vers l&#8217;introspection et \u00e0 vivre un mode de vie \u00e9cologique et en communaut\u00e9. Au c\u0153ur de cette qu\u00eate se trouve l&#8217;alignement int\u00e9rieur qui nous permet d&#8217;atteindre notre propre v\u00e9rit\u00e9 transcendante, avec l&#8217;intention de nous transformer pour transformer le monde. Il est possible d&#8217;utiliser et de diffuser cette m\u00e9thodologie, d&#8217;abord en tant que &#8220;gardien du champ&#8221;, puis en tant que coordinateur de groupes pour le module I d&#8217;introduction.Pour suivre ce Module 3, la personne int\u00e9ress\u00e9e doit avoir d\u00e9j\u00e0 suivi les Modules I et II, en profondeur, de mani\u00e8re d\u00e9di\u00e9e et pr\u00e9sente, dans un parcours de :Augmenter l&#8217;auto-observation pour remarquer vos incoh\u00e9rences et votre acceptation de vous-m\u00eame et aimer accueillir vos difficult\u00e9s \u00e0 vous aligner, toujours en avan\u00e7ant.Un engagement profond dans des changements dans les pratiques quotidiennes afin d&#8217;avoir [&hellip;]<\/p>\n","protected":false},"author":1,"featured_media":0,"parent":0,"menu_order":0,"comment_status":"closed","ping_status":"closed","template":"","meta":{"_et_pb_use_builder":"on","_et_pb_old_content":"","_et_gb_content_width":"","footnotes":""},"class_list":["post-290","page","type-page","status-publish","hentry"],"_links":{"self":[{"href":"https:\/\/ecologiaintegral.com\/fr\/wp-json\/wp\/v2\/pages\/290","targetHints":{"allow":["GET"]}}],"collection":[{"href":"https:\/\/ecologiaintegral.com\/fr\/wp-json\/wp\/v2\/pages"}],"about":[{"href":"https:\/\/ecologiaintegral.com\/fr\/wp-json\/wp\/v2\/types\/page"}],"author":[{"embeddable":true,"href":"https:\/\/ecologiaintegral.com\/fr\/wp-json\/wp\/v2\/users\/1"}],"replies":[{"embeddable":true,"href":"https:\/\/ecologiaintegral.com\/fr\/wp-json\/wp\/v2\/comments?post=290"}],"version-history":[{"count":12,"href":"https:\/\/ecologiaintegral.com\/fr\/wp-json\/wp\/v2\/pages\/290\/revisions"}],"predecessor-version":[{"id":1144,"href":"https:\/\/ecologiaintegral.com\/fr\/wp-json\/wp\/v2\/pages\/290\/revisions\/1144"}],"wp:attachment":[{"href":"https:\/\/ecologiaintegral.com\/fr\/wp-json\/wp\/v2\/media?parent=290"}],"curies":[{"name":"wp","href":"https:\/\/api.w.org\/{rel}","templated":true}]}}