{"id":315,"date":"2021-08-25T15:38:23","date_gmt":"2021-08-25T18:38:23","guid":{"rendered":"https:\/\/ecologiaintegral.com\/?page_id=315"},"modified":"2023-07-29T15:04:44","modified_gmt":"2023-07-29T18:04:44","slug":"materiel-dappui","status":"publish","type":"page","link":"https:\/\/ecologiaintegral.com\/fr\/materiel-dappui\/","title":{"rendered":"Mat\u00e9riel d&#8217;appui"},"content":{"rendered":"<p>[et_pb_section fb_built=&#8221;1&#8243; _builder_version=&#8221;4.9.10&#8243; _module_preset=&#8221;default&#8221;][et_pb_row column_structure=&#8221;1_4,1_4,1_4,1_4&#8243; use_custom_gutter=&#8221;on&#8221; gutter_width=&#8221;2&#8243; _builder_version=&#8221;4.9.10&#8243; _module_preset=&#8221;default&#8221;][et_pb_column type=&#8221;1_4&#8243; _builder_version=&#8221;4.9.10&#8243; _module_preset=&#8221;default&#8221;][et_pb_text _builder_version=&#8221;4.9.10&#8243; _module_preset=&#8221;default&#8221; animation_style=&#8221;slide&#8221;]<\/p>\n<p>Chacun des modules a du mat\u00e9riel audiovisuel et de lecture offert via la plate-forme virtuelle du module.<\/p>\n<p>Vous pouvez trouver ici certains de ces documents accessibles au public en tant qu&#8217;offre d&#8217;ESI pour votre d\u00e9veloppement personnel vers plus de sant\u00e9, d&#8217;\u00e9cologie, de paix int\u00e9rieure et d&#8217;amour.<\/p>\n<p>[\/et_pb_text][\/et_pb_column][et_pb_column type=&#8221;1_4&#8243; _builder_version=&#8221;4.9.10&#8243; _module_preset=&#8221;default&#8221;][et_pb_blurb title=&#8221;Mat\u00e9riel de lecture&#8221; use_icon=&#8221;on&#8221; font_icon=&#8221;%%40%%&#8221; icon_placement=&#8221;left&#8221; use_icon_font_size=&#8221;on&#8221; icon_font_size=&#8221;24px&#8221; _builder_version=&#8221;4.9.10&#8243; _module_preset=&#8221;default&#8221; header_font=&#8221;|700|||||||&#8221; header_font_size=&#8221;20px&#8221; header_line_height=&#8221;1.2em&#8221; custom_margin=&#8221;||14px|||&#8221; animation_style=&#8221;slide&#8221; animation_direction=&#8221;left&#8221; locked=&#8221;off&#8221;]<\/p>\n<ul>\n<li><a href=\"http:\/\/escoladesustentabilidadeintegral.blogspot.com\/\" target=\"_blank\" rel=\"noopener\">Blog de l&#8217;ESI<\/a><\/li>\n<li><a href=\"https:\/\/cirandas.net\/deboranunes\/blog\/\" target=\"_blank\" rel=\"noopener\">Blog de D\u00e9bora Nunes<\/a><\/li>\n<li><a href=\"https:\/\/terramirim.org.br\/blog\/\" target=\"_blank\" rel=\"noopener\">Blog de Terra Mirim<\/a><\/li>\n<li><a href=\"https:\/\/www.pressenza.com\/\">Pressenza &#8211; Agence de Presse Internationale<\/a><\/li>\n<li><a href=\"https:\/\/ecovillage.org\/\">R\u00e9seau mondial d&#8217;\u00e9covillages<\/a><\/li>\n<li><a href=\"https:\/\/www.gaiaeducation.org\/\">Ga\u00efa \u00c9ducation<\/a><\/li>\n<li><a href=\"https:\/\/www.fritjofcapra.net\/\">Fritjof Capra (Scientifique, Auteur, \u00c9ducateur, Activiste)<\/a><b><\/b><b><\/b><\/li>\n<li><b>Deux organisations\/r\u00e9seaux du monde de la transition en France:<\/b><b><\/b><\/li>\n<\/ul>\n<ul>\n<li aria-level=\"1\"><a href=\"https:\/\/www.ecologieauquotidien.org\/\">Ecologie au quotidien<\/a><\/li>\n<\/ul>\n<p><span style=\"font-weight: 400;\">une organisation\/r\u00e9seau de la Biovall\u00e9e en France qui organise entre autres les Rencontres de Die (une semaine annuelle de rencontres), une radio, des actions en continu, etc.<\/span><\/p>\n<ul>\n<li><a href=\"https:\/\/www.colibris-lemouvement.org\/\">Le mouvement Colibris<\/a><\/li>\n<\/ul>\n<p><span style=\"font-weight: 400;\">une organisation\/r\u00e9seau de groupes locaux, des ressources et formations en lignes, un universit\u00e9, des lectures, etc <\/span><\/p>\n<p><b>Une diversit\u00e9 d&#8217;outils de gouvernance d&#8217;un groupe<\/b><b><\/b><\/p>\n<ul>\n<li><a href=\"https:\/\/gouvernanceintegrative.com\/\">https:\/\/gouvernanceintegrative.com\/<\/a><\/li>\n<li><a href=\"https:\/\/universite-du-nous.org\/\">https:\/\/universite-du-nous.org\/<\/a><b><\/b><\/li>\n<\/ul>\n<p><b>DES LIVRES ET PODCAST D&#8217;\u00c9CRIVAINS:<\/b><\/p>\n<ul>\n<li><a href=\"https:\/\/www.cairn.info\/revue-projet-2012-1-page-108.htm\">Ivan Maltcheff: &#8216;Les nouveaux collectifs citoyens. Pratiques et perspectives&#8217; r\u00e9sum\u00e9<\/a><\/li>\n<li><a href=\"https:\/\/adn-intelligencecollective.com\/tout-tourne-rond-sur-cette-terre-nous-sommes-les-seuls-a-lignorer\/\">Marine Simo livre &#8216;Tout tourne rond sur cette terre, nous sommes les seuls \u00e0 l&#8217;ignorer&#8217;<\/a><\/li>\n<li><a href=\"https:\/\/adn-intelligencecollective.com\/tout-tourne-rond-sur-cette-terre\/podcast\/\">les podcasts li\u00e9s \u00e0 ce livre<\/a><\/li>\n<li><a href=\"https:\/\/www.radiofrance.fr\/franceculture\/podcasts\/serie-bruno-latour\">Bruno Latour podcast<\/a><\/li>\n<li>\n<p><a href=\"https:\/\/www.librairie-permaculturelle.fr\/permaculture-humaine\/1067-livre-ecopsychologie-pratique-et-rituels-pour-la-terre-revenir-a-la-vie-macy-joanna.html\">Joanna Macy et Molly Young Brown: &#8216;Ecopsychologie pratique et rituels pour la terre&#8217; Pr\u00e9sentation<\/a><\/p>\n<\/li>\n<li><a href=\"https:\/\/www.lepassagerclandestin.fr\/catalogue\/essais\/paillettes-compost\/\">Myriam Bahaffou<span style=\"font-weight: 400;\">: <\/span>&#8216;Des paillettes sur le compost. Ecof\u00e9minisme au quotidien&#8217;<\/a><\/li>\n<\/ul>\n<p>[\/et_pb_blurb][\/et_pb_column][et_pb_column type=&#8221;1_4&#8243; _builder_version=&#8221;4.9.10&#8243; _module_preset=&#8221;default&#8221;][et_pb_blurb title=&#8221;Mat\u00e9riel audio-visuel:&#8221; use_icon=&#8221;on&#8221; font_icon=&#8221;%%40%%&#8221; icon_placement=&#8221;left&#8221; use_icon_font_size=&#8221;on&#8221; icon_font_size=&#8221;24px&#8221; _builder_version=&#8221;4.9.10&#8243; _module_preset=&#8221;default&#8221; header_font=&#8221;|700|||||||&#8221; header_font_size=&#8221;20px&#8221; header_line_height=&#8221;1.2em&#8221; custom_margin=&#8221;||14px|||&#8221; animation_style=&#8221;slide&#8221; animation_direction=&#8221;left&#8221; hover_enabled=&#8221;0&#8243; locked=&#8221;off&#8221; sticky_enabled=&#8221;0&#8243;]<\/p>\n<ul>\n<li>\n<p><a href=\"https:\/\/www.youtube.com\/channel\/UCtKuSie2QKN5hkhpQoMEPPg\">ESI Cha\u00eene Youtube<\/a><\/p>\n<\/li>\n<li><a href=\"https:\/\/www.youtube.com\/@The_Mother\">The Mother Cha\u00eene Youtube<\/a><\/li>\n<li><a href=\"https:\/\/www.youtube.com\/@TransitionTowns\">Transition Towns Cha\u00eene Youtube<\/a><\/li>\n<li><a href=\"https:\/\/www.youtube.com\/@GlobalEcovillageNetwork\">R\u00e9seau mondial des \u00e9covillages Cha\u00eene Youtube<\/a><\/li>\n<li>\n<p><a href=\"https:\/\/www.youtube.com\/watch?v=-9kpG0xm9Uo&amp;t=1s\">U-MAN! #15 &#8211; Ecologie participative avec D\u00e9bora Nunes (podcast des \u00e9missions de radio de 55 minutes)<\/a><\/p>\n<\/li>\n<li>\n<p><a href=\"https:\/\/www.youtube.com\/watch?v=1RjhxmkUN3s&amp;ab_channel=Nourrituresterrestres\">Jacques Gamblin &#8220;Mon climat&#8221;: discours de Jacques Gamblin au Parlement des \u00e9crivains (2015)<\/a><\/p>\n<\/li>\n<li><a href=\"https:\/\/www.youtube.com\/watch?v=q_8__xTJoR8&amp;ab_channel=LeBiaisVert\">Une action actuelle en Belgique &#8211; WE ARE NATURE ft. Bouli Lanners, Kody, Colt, Scylla et plein d&#8217;autres!<\/a><span style=\"font-weight: 400;\"><\/span><\/li>\n<\/ul>\n<p><span style=\"font-weight: 400;\">FILMS\/DOCUMENTAIRES:<\/span><\/p>\n<ul>\n<li><a href=\"https:\/\/odysee.com\/@QuantumRhino:9\/La-Belle-Verte-1996-The-Green-Beautiful-English:a?&amp;sunset=lbrytv\"><span style=\"font-weight: 400;\">La Belle Verte &#8211; Coline Serreau<\/span><\/a><\/li>\n<li><a href=\"https:\/\/www.youtube.com\/watch?v=KtHuIlfyJao\"><span style=\"font-weight: 400;\">R\u00e9volution de l&#8217;eau en Inde #3 : de la pauvret\u00e9 \u00e0 la permaculture avec DRCSC [Documentaire]<\/span><\/a><\/li>\n<li><a href=\"https:\/\/www.youtube.com\/watch?v=LePK0ASuszU\">Qu&#8217;est-ce que l&#8217;\u00e9conomie de l&#8217;amour : Marcos Arruda \u00e0 TEDx (activer les sous-titres en fran\u00e7ais)<\/a><\/li>\n<li>\n<p><a href=\"https:\/\/www.youtube.com\/watch?v=uGHYAhFaS9w\">Fritjof Capra: Science et Spiritualit\u00e9 (activer les sous-titres fran\u00e7ais)<\/a><\/p>\n<\/li>\n<li><a href=\"https:\/\/www.youtube.com\/watch?v=UyRra_QTSqI\">Masterclass 48 de Morag: Pens\u00e9e syst\u00e9mique, permaculture, communaut\u00e9s durables avec Fritjof Capra (activer les sous-titres fran\u00e7ais)<\/a><\/li>\n<li>\n<p><a href=\"https:\/\/www.youtube.com\/watch?v=kF8EK-cfBQY\">Mod\u00e8les de connexion et vision syst\u00e9mique de la vie, avec Fritjof Capra (activer les sous-titres fran\u00e7ais)<\/a><\/p>\n<\/li>\n<li><a href=\"https:\/\/www.youtube.com\/watch?v=gq9sg397ee8\">Vivre le changement : des histoires inspirantes pour un avenir durable (2018) &#8211; (activer les sous-titres fran\u00e7ais)<\/a><\/li>\n<li><a href=\"https:\/\/www.youtube.com\/watch?v=r48uRFsYYCk\">David Holmgren : Construire un avenir r\u00e9silient dans nos propres arri\u00e8re-cours (activer les sous-titres fran\u00e7ais)<\/a><\/li>\n<li>\n<p><a href=\"https:\/\/www.youtube.com\/watch?v=9O0G-YT7fT4\">Masterclass 47: Retrosuburbia &#8211; Urban Agriculture avec David Holmgren &amp; Morag Gamble (activer les sous-titres fran\u00e7ais)<\/a><\/p>\n<\/li>\n<li><a href=\"https:\/\/www.youtube.com\/watch?v=q7iYyyeET0w\">Gregg Braden : sentiments, \u00e9nergie et conscience (activer les sous-titres fran\u00e7ais)<\/a><\/li>\n<\/ul>\n<p>[\/et_pb_blurb][\/et_pb_column][et_pb_column type=&#8221;1_4&#8243; _builder_version=&#8221;4.9.10&#8243; _module_preset=&#8221;default&#8221;][et_pb_blurb title=&#8221;Auroville:&#8221; use_icon=&#8221;on&#8221; font_icon=&#8221;%%40%%&#8221; icon_placement=&#8221;left&#8221; use_icon_font_size=&#8221;on&#8221; icon_font_size=&#8221;24px&#8221; _builder_version=&#8221;4.9.10&#8243; _module_preset=&#8221;default&#8221; header_font=&#8221;|700|||||||&#8221; header_font_size=&#8221;20px&#8221; header_line_height=&#8221;1.2em&#8221; custom_margin=&#8221;||14px|||&#8221; animation_style=&#8221;slide&#8221; animation_direction=&#8221;left&#8221; hover_enabled=&#8221;0&#8243; locked=&#8221;off&#8221; sticky_enabled=&#8221;0&#8243;]<\/p>\n<p><img loading=\"lazy\" decoding=\"async\" src=\"https:\/\/ecologiaintegral.com\/fr\/wp-content\/uploads\/2023\/07\/logo-auroville.png\" width=\"259\" height=\"90\" alt=\"\" class=\"wp-image-1000 alignnone size-full\" \/><\/p>\n<ul>\n<li><a href=\"https:\/\/auroville.org\/\">Auroville &#8211; La ville de l&#8217;aube (Site officiel)<\/a><\/li>\n<li><a href=\"https:\/\/www.youtube.com\/@The_Mother\">The Mother Youtube Channel<\/a><\/li>\n<li><a href=\"https:\/\/drive.google.com\/file\/d\/1jaZbAFQXWv8j7Dp_i7EJ28V5933eholf\/view\">Livre Auroville, 2046 &#8211; Apr\u00e8s la fin d&#8217;un monde (Fran\u00e7ais)<\/a><\/li>\n<li><a href=\"https:\/\/drive.google.com\/file\/d\/1fTNa1EilKmKwxPCunPXA2g7zL1jU01ne\/view\">Audio &#8211; Livre Auroville, 2046 &#8211; Apr\u00e8s la fin d&#8217;un monde (Fran\u00e7ais)<\/a><\/li>\n<\/ul>\n<p><span style=\"font-weight: 400;\">VID\u00c9OS\/DOCUMENTAIRES:<\/span><\/p>\n<ul>\n<li><a href=\"https:\/\/www.youtube.com\/playlist?list=PLpILB0R1U9rQVcKSM4gcdSoReImtLB-xZ\"><span style=\"font-weight: 400;\">D\u00e9couvrir Auroville (audio portugais et sous-titres fran\u00e7ais)<\/span><\/a><\/li>\n<li><a href=\"https:\/\/www.youtube.com\/watch?v=McOfvJ2Hi-4\"><span style=\"font-weight: 400;\">Auroville, le Lien d&#8217;Or (2012) &#8211; Mich\u00e8le Decoust [Documentaire]<\/span><\/a><\/li>\n<li><a href=\"https:\/\/www.youtube.com\/watch?v=05iCxbt0Kng\"><span style=\"font-weight: 400;\">La Voie des douze P\u00e9tales. Shanta un voyage initiatique (2023) &#8211; Mich\u00e8le Decoust\u00a0 [trailer]<\/span><\/a><\/li>\n<li><a href=\"https:\/\/www.youtube.com\/watch?v=WfYmj6BulpE\"><span style=\"font-weight: 400;\">Auroville, une Terre pour Demain (2010) &#8211; Mich\u00e8le Decoust [Documentaire]<\/span><\/a><\/li>\n<li><a href=\"https:\/\/www.youtube.com\/watch?v=sxv_AnIHH1E&amp;t=24s\"><span style=\"font-weight: 400;\">Auroville, la ville dont la terre a besoin &#8211; (activer les sous-titres traduits en fran\u00e7ais)<\/span><\/a><\/li>\n<li><a href=\"https:\/\/www.youtube.com\/watch?v=fIl5-R06kl4\"><span style=\"font-weight: 400;\">Comment nous avons construit notre \u00e9covillage communautaire intentionnel \u00e0 Auroville | Anitya | Auroras Eye Films &#8211; (activer les sous-titres traduits en fran\u00e7ais)<\/span><\/a><\/li>\n<li><a href=\"https:\/\/www.youtube.com\/watch?v=hU40Ba4GXjE\"><span style=\"font-weight: 400;\">City of Dawn [Documentaire]<\/span><\/a><\/li>\n<li><a href=\"https:\/\/www.youtube.com\/watch?v=oxMnlFay-G0\">AUROVILLE, &#8220;la ville dont la Terre a besoin&#8221; [Documentaire]<\/a><\/li>\n<\/ul>\n<p>[\/et_pb_blurb][\/et_pb_column][\/et_pb_row][\/et_pb_section][et_pb_section fb_built=&#8221;1&#8243; _builder_version=&#8221;4.9.10&#8243; _module_preset=&#8221;default&#8221; background_color=&#8221;#e8e8e8&#8243; custom_padding=&#8221;18px||14px|||&#8221; locked=&#8221;off&#8221;][et_pb_row column_structure=&#8221;1_4,1_2,1_4&#8243; _builder_version=&#8221;4.9.10&#8243; _module_preset=&#8221;default&#8221;][et_pb_column type=&#8221;1_4&#8243; _builder_version=&#8221;4.9.10&#8243; _module_preset=&#8221;default&#8221;][\/et_pb_column][et_pb_column type=&#8221;1_2&#8243; _builder_version=&#8221;4.9.10&#8243; _module_preset=&#8221;default&#8221;][et_pb_text _builder_version=&#8221;4.9.10&#8243; _dynamic_attributes=&#8221;link_option_url&#8221; _module_preset=&#8221;default&#8221; header_2_font=&#8221;|700||on|||||&#8221; header_2_text_align=&#8221;center&#8221; header_2_text_color=&#8221;#FFFFFF&#8221; background_color=&#8221;#9F381E&#8221; module_alignment=&#8221;center&#8221; custom_padding=&#8221;20px|20px|15px|20px|false|false&#8221; link_option_url=&#8221;@ET-DC@eyJkeW5hbWljIjp0cnVlLCJjb250ZW50IjoicG9zdF9saW5rX3VybF9wYWdlIiwic2V0dGluZ3MiOnsicG9zdF9pZCI6IjY5OSJ9fQ==@&#8221;]<\/p>\n<h2>INSCRIVEZ-VOUS MAINTENANT<\/h2>\n<p>[\/et_pb_text][\/et_pb_column][et_pb_column type=&#8221;1_4&#8243; _builder_version=&#8221;4.9.10&#8243; _module_preset=&#8221;default&#8221;][\/et_pb_column][\/et_pb_row][\/et_pb_section]<\/p>\n","protected":false},"excerpt":{"rendered":"<p>Chacun des modules a du mat\u00e9riel audiovisuel et de lecture offert via la plate-forme virtuelle du module. Vous pouvez trouver ici certains de ces documents accessibles au public en tant qu&#8217;offre d&#8217;ESI pour votre d\u00e9veloppement personnel vers plus de sant\u00e9, d&#8217;\u00e9cologie, de paix int\u00e9rieure et d&#8217;amour. Blog de l&#8217;ESI Blog de D\u00e9bora Nunes Blog de Terra Mirim Pressenza &#8211; Agence de Presse Internationale R\u00e9seau mondial d&#8217;\u00e9covillages Ga\u00efa \u00c9ducation Fritjof Capra (Scientifique, Auteur, \u00c9ducateur, Activiste) Deux organisations\/r\u00e9seaux du monde de la transition en France: Ecologie au quotidien une organisation\/r\u00e9seau de la Biovall\u00e9e en France qui organise entre autres les Rencontres de Die (une semaine annuelle de rencontres), une radio, des actions en continu, etc. Le mouvement Colibris une organisation\/r\u00e9seau de groupes locaux, des ressources et formations en lignes, un universit\u00e9, des lectures, etc Une diversit\u00e9 d&#8217;outils de gouvernance d&#8217;un groupe https:\/\/gouvernanceintegrative.com\/ https:\/\/universite-du-nous.org\/ DES LIVRES ET PODCAST D&#8217;\u00c9CRIVAINS: Ivan Maltcheff: &#8216;Les nouveaux collectifs citoyens. Pratiques et perspectives&#8217; r\u00e9sum\u00e9 Marine Simo livre &#8216;Tout tourne rond sur cette terre, nous sommes les seuls \u00e0 l&#8217;ignorer&#8217; les podcasts li\u00e9s \u00e0 ce livre Bruno Latour podcast Joanna Macy et Molly Young Brown: &#8216;Ecopsychologie pratique et rituels pour la terre&#8217; Pr\u00e9sentation Myriam Bahaffou: &#8216;Des paillettes sur le [&hellip;]<\/p>\n","protected":false},"author":1,"featured_media":0,"parent":0,"menu_order":0,"comment_status":"closed","ping_status":"closed","template":"","meta":{"_et_pb_use_builder":"on","_et_pb_old_content":"","_et_gb_content_width":"","footnotes":""},"class_list":["post-315","page","type-page","status-publish","hentry"],"_links":{"self":[{"href":"https:\/\/ecologiaintegral.com\/fr\/wp-json\/wp\/v2\/pages\/315","targetHints":{"allow":["GET"]}}],"collection":[{"href":"https:\/\/ecologiaintegral.com\/fr\/wp-json\/wp\/v2\/pages"}],"about":[{"href":"https:\/\/ecologiaintegral.com\/fr\/wp-json\/wp\/v2\/types\/page"}],"author":[{"embeddable":true,"href":"https:\/\/ecologiaintegral.com\/fr\/wp-json\/wp\/v2\/users\/1"}],"replies":[{"embeddable":true,"href":"https:\/\/ecologiaintegral.com\/fr\/wp-json\/wp\/v2\/comments?post=315"}],"version-history":[{"count":14,"href":"https:\/\/ecologiaintegral.com\/fr\/wp-json\/wp\/v2\/pages\/315\/revisions"}],"predecessor-version":[{"id":1001,"href":"https:\/\/ecologiaintegral.com\/fr\/wp-json\/wp\/v2\/pages\/315\/revisions\/1001"}],"wp:attachment":[{"href":"https:\/\/ecologiaintegral.com\/fr\/wp-json\/wp\/v2\/media?parent=315"}],"curies":[{"name":"wp","href":"https:\/\/api.w.org\/{rel}","templated":true}]}}