{"id":337,"date":"2021-08-25T16:14:58","date_gmt":"2021-08-25T19:14:58","guid":{"rendered":"https:\/\/ecologiaintegral.com\/?page_id=337"},"modified":"2022-01-19T14:17:57","modified_gmt":"2022-01-19T17:17:57","slug":"temoignages","status":"publish","type":"page","link":"https:\/\/ecologiaintegral.com\/fr\/temoignages\/","title":{"rendered":"T\u00e9moignages"},"content":{"rendered":"<p>[et_pb_section fb_built=&#8221;1&#8243; _builder_version=&#8221;4.9.10&#8243; _module_preset=&#8221;default&#8221;][et_pb_row column_structure=&#8221;1_2,1_2&#8243; _builder_version=&#8221;4.9.10&#8243; _module_preset=&#8221;default&#8221;][et_pb_column type=&#8221;1_2&#8243; _builder_version=&#8221;4.9.10&#8243; _module_preset=&#8221;default&#8221;][et_pb_testimonial author=&#8221;L\u00edvia Maria Paes-Lettner&#8221; job_title=&#8221;Br\u00e9sil&#8221; portrait_url=&#8221;https:\/\/ecologiaintegral.com\/wp-content\/uploads\/2021\/08\/livia-maria.jpg&#8221; _builder_version=&#8221;4.9.10&#8243; _module_preset=&#8221;default&#8221;]<\/p>\n<p><em>&#8220;Pour moi, faire partie d&#8217;ESI, c&#8217;est \u00eatre dans un lieu de fraternit\u00e9 et de transformation collaborative. Chacun \u00e0 son rythme, mais chacun l\u00e0, ensemble, partager, apprendre, offrir quelque chose \u00e0 l&#8217;\u00e9gr\u00e9gore. C&#8217;est puissant et a beaucoup d&#8217;\u00e9nergie transformatrice. Je me rends compte \u00e0 quel point la pratique de l&#8217;alignement des 4 intelligences m&#8217;a apport\u00e9 plus d&#8217;amour, de concentration, de s\u00e9r\u00e9nit\u00e9 et de clart\u00e9 pour vivre de mani\u00e8re plus coh\u00e9rente avec mon objectif. Pour cela, je tiens \u00e0 remercier tous ceux qui sont d\u00e9vou\u00e9s et qui travaillent pour la cr\u00e9ation de cet espace transformateur !\u201c<\/em><\/p>\n<p>[\/et_pb_testimonial][et_pb_testimonial author=&#8221;Adam Thomas &#8221; job_title=&#8221;Angleterre&#8221; portrait_url=&#8221;https:\/\/ecologiaintegral.com\/wp-content\/uploads\/2021\/08\/adam-thomas.jpg&#8221; _builder_version=&#8221;4.9.10&#8243; _module_preset=&#8221;default&#8221;]<\/p>\n<p><em>\u201cG\u00e9nial, j&#8217;appr\u00e9cie vraiment le temps \u00e9norme investi par l&#8217;\u00e9quipe pour animer ce cours. C&#8217;est un cours tr\u00e8s utile comme introduction \u00e0 la sant\u00e9 int\u00e9grale et \u00e0 l&#8217;\u00e9cologie. Comprendre o\u00f9 se situe mon travail de croissance personnelle et la direction dans laquelle je me dirige. Aussi la connexion avec les autres.\u201d<\/em><\/p>\n<p>[\/et_pb_testimonial][et_pb_testimonial author=&#8221;Pablo Antunes &#8221; job_title=&#8221;Br\u00e9sil&#8221; portrait_url=&#8221;https:\/\/ecologiaintegral.com\/wp-content\/uploads\/2021\/08\/pablo-antunes.jpg&#8221; _builder_version=&#8221;4.9.10&#8243; _module_preset=&#8221;default&#8221;]<\/p>\n<p><em>&#8220;Le cours a \u00e9t\u00e9 comme un allume-feu pour certaines actions qui ne vivaient auparavant que dans mon monde mental. Il a certainement \u00e9largi certaines de mes limites et ajout\u00e9 plus d&#8217;outils pour les changements que j&#8217;ai l&#8217;intention d&#8217;apporter afin de transformer \u00e9galement le monde.&#8221;<\/em><\/p>\n<p>[\/et_pb_testimonial][et_pb_testimonial author=&#8221;Laurence Alou &#8221; job_title=&#8221;France&#8221; portrait_url=&#8221;https:\/\/ecologiaintegral.com\/wp-content\/uploads\/2021\/08\/Laurence-Allou.jpg&#8221; _builder_version=&#8221;4.9.10&#8243; _module_preset=&#8221;default&#8221;]<\/p>\n<p><em>&#8220;Pour moi l&#8217;ESI est comme un lieu privil\u00e9gi\u00e9 dans lequel je trouve un soutien dans mon chemin d&#8217;\u00e9volution. Une Terre nourrici\u00e8re, et aussi un miroir de ce que je suis maintenant, me montrant avec bienveillance ce que je dois travailler pour affronter et int\u00e9grer mes d\u00e9mons int\u00e9rieurs . MERCI \u00c0 TOUS d&#8217;avoir fait partie de mon voyage sur Terre ! C&#8217;est si bon d&#8217;\u00eatre ensemble ! &#8220;<\/em><em><\/em><\/p>\n<p>[\/et_pb_testimonial][\/et_pb_column][et_pb_column type=&#8221;1_2&#8243; _builder_version=&#8221;4.9.10&#8243; _module_preset=&#8221;default&#8221;][et_pb_testimonial author=&#8221;Ruby Collins &#8221; job_title=&#8221;Angleterre&#8221; portrait_url=&#8221;https:\/\/ecologiaintegral.com\/wp-content\/uploads\/2021\/08\/Ruby-Collins.jpg&#8221; _builder_version=&#8221;4.9.10&#8243; _module_preset=&#8221;default&#8221;]<\/p>\n<p><em>&#8220;Je tiens \u00e0 exprimer ma profonde gratitude pour les derniers mois pass\u00e9s avec l&#8217;\u00c9cole d&#8217;\u00c9cologie Int\u00e9grative, qui ont \u00e9t\u00e9 si nourrissants. Je sens sinc\u00e8rement que l&#8217;\u00e9cole m&#8217;a accompagn\u00e9e dans ma transformation vers un mode de vie holistique et harmonieux.<\/em><\/p>\n<p><em>L&#8217;un des cadeaux les plus marquants du cours a \u00e9t\u00e9 de devenir plus conscient et d&#8217;apprendre \u00e0 engager les quatre intelligences et leurs \u00e9l\u00e9ments associ\u00e9s, ce qui a ouvert ma perception et donn\u00e9 une autre dimension \u00e0 mon exp\u00e9rience de la vie.<\/em><\/p>\n<p><em>Je garderai avec moi les beaux souvenirs et les liens durables entre les participants\/animateurs, cr\u00e9\u00e9s dans un esprit de communaut\u00e9 travaillant ensemble pour grandir vers la Lumi\u00e8re. Merci!&#8221;<\/em><\/p>\n<p>[\/et_pb_testimonial][et_pb_testimonial author=&#8221;Allisson Charlotte &#8221; job_title=&#8221;France&#8221; portrait_url=&#8221;https:\/\/ecologiaintegral.com\/wp-content\/uploads\/2021\/08\/Alisson-Charlotte-Franca.jpg&#8221; _builder_version=&#8221;4.9.10&#8243; _module_preset=&#8221;default&#8221;]<\/p>\n<p><em>&#8220;Vous \u00eates tous merveilleux et contribuez \u00e0 un nouveau monde dans lequel j&#8217;ai h\u00e2te de vivre et de partager avec les autres. Un vrai sens de l&#8217;int\u00e9gration. Ne pas penser durabilit\u00e9 uniquement en termes d&#8217;\u00e9cologie mais aussi en termes de recherche de soi et l&#8217;amour de soi.&#8221;<\/em><\/p>\n<p>[\/et_pb_testimonial][et_pb_testimonial author=&#8221;Ana L\u00facia Lage &#8221; job_title=&#8221;Br\u00e9sil&#8221; portrait_url=&#8221;https:\/\/ecologiaintegral.com\/wp-content\/uploads\/2021\/08\/ana-lucia-2.jpg&#8221; _builder_version=&#8221;4.9.10&#8243; _module_preset=&#8221;default&#8221;]<\/p>\n<p><em>\u201cUne exp\u00e9rience incroyable\u00a0! Nous ne sommes pas seuls et la construction d&#8217;une communaut\u00e9 bas\u00e9e sur la confiance et l&#8217;amiti\u00e9 peut faire des miracles pour changer les mondes int\u00e9rieur et ext\u00e9rieur, en r\u00e9alisant nos visions communes.\u201d<\/em><\/p>\n<p>[\/et_pb_testimonial][et_pb_testimonial author=&#8221;Christophe Kaufmann &#8221; job_title=&#8221;Suisse&#8221; portrait_url=&#8221;https:\/\/ecologiaintegral.com\/wp-content\/uploads\/2021\/08\/Christophe-Kaufmann.jpg&#8221; _builder_version=&#8221;4.9.10&#8243; _module_preset=&#8221;default&#8221;]<\/p>\n<p><em>&#8220;Pour moi, l&#8217;ESI augmente mon ouverture d&#8217;esprit, me mettant en contact avec des personnes formidables qui luttent comme moi pour rendre leur plan de transition plus pr\u00e9cis, concret et coh\u00e9rent avec elles-m\u00eames dans une atmosph\u00e8re de confiance, de coop\u00e9ration, de paix, d&#8217;ouverture et de beaut\u00e9. Une exp\u00e9rience profonde, unique , et une exp\u00e9rience encourageante!<\/em><\/p>\n<p>[\/et_pb_testimonial][\/et_pb_column][\/et_pb_row][\/et_pb_section][et_pb_section fb_built=&#8221;1&#8243; _builder_version=&#8221;4.9.10&#8243; _module_preset=&#8221;default&#8221; background_color=&#8221;#ac3e02&#8243; custom_padding=&#8221;32px|||||&#8221;][et_pb_row column_structure=&#8221;1_3,1_3,1_3&#8243; _builder_version=&#8221;4.9.10&#8243; _module_preset=&#8221;default&#8221;][et_pb_column type=&#8221;1_3&#8243; _builder_version=&#8221;4.9.10&#8243; _module_preset=&#8221;default&#8221;][et_pb_video src=&#8221;https:\/\/www.youtube.com\/watch?v=jtVw_yjQTJc&#8221; play_icon_color=&#8221;#A84C1E&#8221; thumbnail_overlay_color=&#8221;#C0580B&#8221; _builder_version=&#8221;4.9.10&#8243; _module_preset=&#8221;default&#8221; animation_style=&#8221;bounce&#8221; border_radii=&#8221;on|10px|10px|10px|10px&#8221; border_width_all=&#8221;8px&#8221; border_color_all=&#8221;#E09900&#8243; locked=&#8221;off&#8221;][\/et_pb_video][\/et_pb_column][et_pb_column type=&#8221;1_3&#8243; _builder_version=&#8221;4.9.10&#8243; _module_preset=&#8221;default&#8221;][et_pb_video src=&#8221;https:\/\/www.youtube.com\/watch?v=JQRpxPj19Ng&#8221; play_icon_color=&#8221;#A84C1E&#8221; thumbnail_overlay_color=&#8221;#C0580B&#8221; _builder_version=&#8221;4.9.10&#8243; _module_preset=&#8221;default&#8221; animation_style=&#8221;bounce&#8221; border_radii=&#8221;on|10px|10px|10px|10px&#8221; border_width_all=&#8221;8px&#8221; border_color_all=&#8221;#E09900&#8243; locked=&#8221;off&#8221;][\/et_pb_video][\/et_pb_column][et_pb_column type=&#8221;1_3&#8243; _builder_version=&#8221;4.9.10&#8243; _module_preset=&#8221;default&#8221;][et_pb_video src=&#8221;https:\/\/www.youtube.com\/watch?v=CgAkiQbX7Tw&#8221; play_icon_color=&#8221;#A84C1E&#8221; thumbnail_overlay_color=&#8221;#C0580B&#8221; _builder_version=&#8221;4.9.10&#8243; _module_preset=&#8221;default&#8221; animation_style=&#8221;bounce&#8221; border_radii=&#8221;on|10px|10px|10px|10px&#8221; border_width_all=&#8221;8px&#8221; border_color_all=&#8221;#E09900&#8243; locked=&#8221;off&#8221;][\/et_pb_video][\/et_pb_column][\/et_pb_row][\/et_pb_section]<\/p>\n","protected":false},"excerpt":{"rendered":"<p>&#8220;Pour moi, faire partie d&#8217;ESI, c&#8217;est \u00eatre dans un lieu de fraternit\u00e9 et de transformation collaborative. Chacun \u00e0 son rythme, mais chacun l\u00e0, ensemble, partager, apprendre, offrir quelque chose \u00e0 l&#8217;\u00e9gr\u00e9gore. C&#8217;est puissant et a beaucoup d&#8217;\u00e9nergie transformatrice. Je me rends compte \u00e0 quel point la pratique de l&#8217;alignement des 4 intelligences m&#8217;a apport\u00e9 plus d&#8217;amour, de concentration, de s\u00e9r\u00e9nit\u00e9 et de clart\u00e9 pour vivre de mani\u00e8re plus coh\u00e9rente avec mon objectif. Pour cela, je tiens \u00e0 remercier tous ceux qui sont d\u00e9vou\u00e9s et qui travaillent pour la cr\u00e9ation de cet espace transformateur !\u201c\u201cG\u00e9nial, j&#8217;appr\u00e9cie vraiment le temps \u00e9norme investi par l&#8217;\u00e9quipe pour animer ce cours. C&#8217;est un cours tr\u00e8s utile comme introduction \u00e0 la sant\u00e9 int\u00e9grale et \u00e0 l&#8217;\u00e9cologie. Comprendre o\u00f9 se situe mon travail de croissance personnelle et la direction dans laquelle je me dirige. Aussi la connexion avec les autres.\u201d&#8221;Le cours a \u00e9t\u00e9 comme un allume-feu pour certaines actions qui ne vivaient auparavant que dans mon monde mental. Il a certainement \u00e9largi certaines de mes limites et ajout\u00e9 plus d&#8217;outils pour les changements que j&#8217;ai l&#8217;intention d&#8217;apporter afin de transformer \u00e9galement le monde.&#8221;&#8221;Pour moi l&#8217;ESI est comme un lieu privil\u00e9gi\u00e9 dans lequel je trouve un soutien dans [&hellip;]<\/p>\n","protected":false},"author":1,"featured_media":0,"parent":0,"menu_order":0,"comment_status":"closed","ping_status":"closed","template":"","meta":{"_et_pb_use_builder":"on","_et_pb_old_content":"","_et_gb_content_width":"","footnotes":""},"class_list":["post-337","page","type-page","status-publish","hentry"],"_links":{"self":[{"href":"https:\/\/ecologiaintegral.com\/fr\/wp-json\/wp\/v2\/pages\/337","targetHints":{"allow":["GET"]}}],"collection":[{"href":"https:\/\/ecologiaintegral.com\/fr\/wp-json\/wp\/v2\/pages"}],"about":[{"href":"https:\/\/ecologiaintegral.com\/fr\/wp-json\/wp\/v2\/types\/page"}],"author":[{"embeddable":true,"href":"https:\/\/ecologiaintegral.com\/fr\/wp-json\/wp\/v2\/users\/1"}],"replies":[{"embeddable":true,"href":"https:\/\/ecologiaintegral.com\/fr\/wp-json\/wp\/v2\/comments?post=337"}],"version-history":[{"count":13,"href":"https:\/\/ecologiaintegral.com\/fr\/wp-json\/wp\/v2\/pages\/337\/revisions"}],"predecessor-version":[{"id":877,"href":"https:\/\/ecologiaintegral.com\/fr\/wp-json\/wp\/v2\/pages\/337\/revisions\/877"}],"wp:attachment":[{"href":"https:\/\/ecologiaintegral.com\/fr\/wp-json\/wp\/v2\/media?parent=337"}],"curies":[{"name":"wp","href":"https:\/\/api.w.org\/{rel}","templated":true}]}}