{"id":501,"date":"2021-09-08T08:19:23","date_gmt":"2021-09-08T11:19:23","guid":{"rendered":"https:\/\/ecologiaintegral.com\/?page_id=501"},"modified":"2023-07-29T15:14:39","modified_gmt":"2023-07-29T18:14:39","slug":"stages-en-immersion-france","status":"publish","type":"page","link":"https:\/\/ecologiaintegral.com\/fr\/stages-en-immersion-france\/","title":{"rendered":"Stages en immersion France"},"content":{"rendered":"<p>[et_pb_section fb_built=&#8221;1&#8243; _builder_version=&#8221;4.9.10&#8243; _module_preset=&#8221;default&#8221;][et_pb_row column_structure=&#8221;1_2,1_2&#8243; _builder_version=&#8221;4.9.10&#8243; _module_preset=&#8221;default&#8221;][et_pb_column type=&#8221;1_2&#8243; _builder_version=&#8221;4.9.10&#8243; _module_preset=&#8221;default&#8221;][et_pb_text _builder_version=&#8221;4.9.10&#8243; _module_preset=&#8221;default&#8221; animation_style=&#8221;slide&#8221;]<\/p>\n<p>Les formations en ligne sont compl\u00e9t\u00e9es par des ateliers immersifs qui apportent des exp\u00e9riences communautaires en pr\u00e9sentiel : pratiquer ensemble pour d\u00e9velopper les quatre intelligences en qu\u00eate de coh\u00e9rence et de joie. En harmonie avec l&#8217;objectif g\u00e9n\u00e9ral d&#8217;ESI qui est de se transformer pour transformer le monde, ces ateliers sont des moments d&#8217;apprentissage. A travers : diff\u00e9rentes pratiques \u00e9cologiques, travail corporel, connaissance de soi dans la nature ou des espaces bio-construits, des c\u00e9l\u00e9brations qui renforcent les liens et donnent l&#8217;espace de partage, des conf\u00e9rences et des cours pratiques, des ateliers d&#8217;art de diff\u00e9rentes sortes (notamment avec le recyclage)&#8230;<\/p>\n<p>[\/et_pb_text][\/et_pb_column][et_pb_column type=&#8221;1_2&#8243; _builder_version=&#8221;4.9.10&#8243; _module_preset=&#8221;default&#8221;][et_pb_text _builder_version=&#8221;4.9.10&#8243; _module_preset=&#8221;default&#8221; animation_style=&#8221;slide&#8221;]<\/p>\n<p>Ces s\u00e9ances nous apprennent \u00e9galement \u00e0 accueillir le d\u00e9fi de la nouvelle \u00e8re, d&#8217;une coexistence pacifique et responsable dans des environnements immerg\u00e9s dans la Nature ou con\u00e7us de mani\u00e8re \u00e9cologique.<\/p>\n<p>&nbsp;<\/p>\n<p><em><strong>Prochaines dates pr\u00e9vues :<\/strong><\/em><\/p>\n<p><em><strong><\/strong><\/em><\/p>\n<ul>\n<li><em>Stage bilingue fran\u00e7ais\/portugais <strong>du 5 au 10 juillet 2022<\/strong> (Facilit\u00e9 par D\u00e9bora Nunes)<br \/>Du 5 au 7 juillet : pour les \u00e9l\u00e8ves ESI<br \/>Du 8 au 10 juillet : ouvert \u00e0 tou.te.s<\/em><\/li>\n<\/ul>\n<p>[\/et_pb_text][\/et_pb_column][\/et_pb_row][\/et_pb_section][et_pb_section fb_built=&#8221;1&#8243; module_id=&#8221;franca&#8221; _builder_version=&#8221;4.9.10&#8243; _module_preset=&#8221;default&#8221; background_color=&#8221;#729101&#8243; custom_padding=&#8221;32px|||||&#8221; locked=&#8221;off&#8221;][et_pb_row _builder_version=&#8221;4.9.10&#8243; _module_preset=&#8221;default&#8221;][et_pb_column type=&#8221;4_4&#8243; _builder_version=&#8221;4.9.10&#8243; _module_preset=&#8221;default&#8221;][et_pb_text _builder_version=&#8221;4.9.10&#8243; _module_preset=&#8221;default&#8221; text_text_color=&#8221;#FFFFFF&#8221; text_font_size=&#8221;24px&#8221; header_2_font=&#8221;|700|||||||&#8221; header_2_text_align=&#8221;center&#8221; header_2_text_color=&#8221;#ffbd36&#8243; text_orientation=&#8221;center&#8221; animation_style=&#8221;slide&#8221;]<\/p>\n<h2>France<\/h2>\n<p><strong>Immersions dans un chalet dans les Alpes fran\u00e7aises<\/strong><\/p>\n<p>[\/et_pb_text][\/et_pb_column][\/et_pb_row][et_pb_row column_structure=&#8221;1_2,1_2&#8243; _builder_version=&#8221;4.9.10&#8243; _module_preset=&#8221;default&#8221;][et_pb_column type=&#8221;1_2&#8243; _builder_version=&#8221;4.9.10&#8243; _module_preset=&#8221;default&#8221;][et_pb_text _builder_version=&#8221;4.9.10&#8243; _module_preset=&#8221;default&#8221; text_text_color=&#8221;#FFFFFF&#8221; animation_style=&#8221;slide&#8221;]<\/p>\n<p>Des retraites ont lieu p\u00e9riodiquement dans un chalet des Alpes fran\u00e7aises, une propri\u00e9t\u00e9 partag\u00e9e par sept familles. A c\u00f4t\u00e9 du chalet se trouve notre ferme partenaire produisant des fromages biologiques, le Pradier. Le chalet peut accueillir jusqu&#8217;\u00e0 vingt personnes dans un cadre rustique et agr\u00e9able entour\u00e9 de paysages grandioses.<\/p>\n<p>[\/et_pb_text][\/et_pb_column][et_pb_column type=&#8221;1_2&#8243; _builder_version=&#8221;4.9.10&#8243; _module_preset=&#8221;default&#8221;][et_pb_text _builder_version=&#8221;4.9.10&#8243; _module_preset=&#8221;default&#8221; text_text_color=&#8221;#FFFFFF&#8221; animation_style=&#8221;slide&#8221;]<\/p>\n<p>C&#8217;est un cadre idyllique pour la connaissance de soi, l&#8217;\u00e9volution des pratiques quotidiennes vers une vie plus \u00e9cologique, l&#8217;interaction dans une petite communaut\u00e9 d&#8217;apprentissage et la connexion des activit\u00e9s avec la Nature.<\/p>\n<p>[\/et_pb_text][\/et_pb_column][\/et_pb_row][et_pb_row _builder_version=&#8221;4.9.10&#8243; _module_preset=&#8221;default&#8221;][et_pb_column type=&#8221;4_4&#8243; _builder_version=&#8221;4.9.10&#8243; _module_preset=&#8221;default&#8221;][et_pb_gallery gallery_ids=&#8221;375,374,377,376,326,328,329,525&#8243; posts_number=&#8221;8&#8243; show_title_and_caption=&#8221;off&#8221; show_pagination=&#8221;off&#8221; _builder_version=&#8221;4.9.10&#8243; _module_preset=&#8221;default&#8221; border_radii_image=&#8221;on|10px|10px|10px|10px&#8221; border_width_all_image=&#8221;2px&#8221; border_color_all_image=&#8221;#E09900&#8243;][\/et_pb_gallery][et_pb_gallery gallery_ids=&#8221;1006,1007,1008,1009,1010,1011,1012,1013&#8243; posts_number=&#8221;8&#8243; show_title_and_caption=&#8221;off&#8221; show_pagination=&#8221;off&#8221; _builder_version=&#8221;4.9.10&#8243; _module_preset=&#8221;default&#8221; hover_enabled=&#8221;0&#8243; border_radii_image=&#8221;on|10px|10px|10px|10px&#8221; border_width_all_image=&#8221;2px&#8221; border_color_all_image=&#8221;#E09900&#8243; sticky_enabled=&#8221;0&#8243;][\/et_pb_gallery][\/et_pb_column][\/et_pb_row][\/et_pb_section][et_pb_section fb_built=&#8221;1&#8243; module_id=&#8221;brasil&#8221; _builder_version=&#8221;4.9.10&#8243; _module_preset=&#8221;default&#8221; background_color=&#8221;#ac3e02&#8243; custom_padding=&#8221;32px|||||&#8221; locked=&#8221;off&#8221;][et_pb_row _builder_version=&#8221;4.9.10&#8243; _module_preset=&#8221;default&#8221;][et_pb_column type=&#8221;4_4&#8243; _builder_version=&#8221;4.9.10&#8243; _module_preset=&#8221;default&#8221;][et_pb_text _builder_version=&#8221;4.9.10&#8243; _module_preset=&#8221;default&#8221; text_text_color=&#8221;#FFFFFF&#8221; text_font_size=&#8221;24px&#8221; header_2_font=&#8221;|700|||||||&#8221; header_2_text_align=&#8221;center&#8221; header_2_text_color=&#8221;#ffbd36&#8243; text_orientation=&#8221;center&#8221; animation_style=&#8221;slide&#8221;]<\/p>\n<h2>Br\u00e9sil<\/h2>\n<p><strong>Immersions ESI \u00e0 la Ferme de l&#8217;Avenir<\/strong><\/p>\n<p>[\/et_pb_text][\/et_pb_column][\/et_pb_row][et_pb_row column_structure=&#8221;1_2,1_2&#8243; _builder_version=&#8221;4.9.10&#8243; _module_preset=&#8221;default&#8221;][et_pb_column type=&#8221;1_2&#8243; _builder_version=&#8221;4.9.10&#8243; _module_preset=&#8221;default&#8221;][et_pb_text _builder_version=&#8221;4.9.10&#8243; _module_preset=&#8221;default&#8221; text_text_color=&#8221;#FFFFFF&#8221; animation_style=&#8221;slide&#8221;]<\/p>\n<p>Les immersions \u00e0 la Ferme de l&#8217;Avenir existent depuis la naissance de l&#8217;Ecole au Br\u00e9sil et sont des moments importants pour approfondir les th\u00e8mes et le processus d&#8217;apprentissage, aussi bien pour le Module I que pour le Module II. La Ferme a la possibilit\u00e9 d&#8217;accueillir jusqu&#8217;\u00e0 18 personnes et offre une vari\u00e9t\u00e9 d&#8217;environnements adapt\u00e9s aux activit\u00e9s ESI. Elle accueille aussi bien des grands que des petits groupes pour le d\u00e9veloppement des intelligences \u00e9motionnelle, mentale, physique et spirituelle. Ainsi, il y a des espaces d&#8217;exercices physiques, diverses pratiques de permaculture, de m\u00e9ditation et de rituels, des conf\u00e9rences et des cercles de partage, ainsi que des promenades dans les magnifiques paysages environnants.<\/p>\n<p>L&#8217;architecture bio-construite du si\u00e8ge de la Ferme de l&#8217;Avenir offre un environnement qui encourage l&#8217;exp\u00e9rimentation de diff\u00e9rents modes de vie : des routines quotidiennes de plus grand respect et d&#8217;interaction avec la Nature. Il y a des toilettes s\u00e8ches, des \u00e9nergies renouvelables, un potager int\u00e9gr\u00e9 \u00e0 l&#8217;architecture, et un captage des eaux de pluie, entre autres pratiques \u00e9co-responsables. L&#8217;organisation de la communaut\u00e9 dans la vie quotidienne de la Ferme favorise le travail partag\u00e9 et en groupe, de la plantation \u00e0 la r\u00e9colte dans le jardin biologique, \u00e0 la cuisine v\u00e9g\u00e9tarienne et cr\u00e9ative collaborative, ainsi que le partage des responsabilit\u00e9s dans tout ce qui touche \u00e0 l&#8217;alimentation et l&#8217;organisation de l&#8217;espace.<\/p>\n<p>[\/et_pb_text][\/et_pb_column][et_pb_column type=&#8221;1_2&#8243; _builder_version=&#8221;4.9.10&#8243; _module_preset=&#8221;default&#8221;][et_pb_text _builder_version=&#8221;4.9.10&#8243; _module_preset=&#8221;default&#8221; text_text_color=&#8221;#FFFFFF&#8221; animation_style=&#8221;slide&#8221;]<\/p>\n<p>Le lieu propose une \u00ab Charte du Bien Vivre \u00e0 la Ferme de l\u2019Avenir \u00bb bas\u00e9e sur les exp\u00e9riences de la vie associative. Cette Charte d\u00e9taille\u00a0les comportements attendus des participants \u00e0 une immersion afin que celle-ci se d\u00e9roule de mani\u00e8re \u00e9cologique, coop\u00e9rative et joyeuse. Il s&#8217;agit d&#8217;un document politique, dans le sens o\u00f9 il trace des lignes directrices pour le vivre ensemble et facilite l&#8217;apprentissage de nouveaux comportements pour un nouveau monde en construction (<a href=\"https:\/\/ecologiaintegral.com\/wp-content\/uploads\/2021\/08\/pacto-de-convivio-no-sitio-do-futuro_210606_084246.pdf\" target=\"_blank\" rel=\"noopener\">t\u00e9l\u00e9charger le pdf<\/a>).<\/p>\n<p>Au cours des immersions dans la Ferme, les participants ont la possibilit\u00e9 de s&#8217;impliquer dans la production de m\u00e9lasse et rapadura et de farine de manioc et de beiju, qui sont des produits locaux centenaires. Les \u00e9tudiants de l&#8217;ESI interagissent ainsi avec la communaut\u00e9 locale, tirant le meilleur parti de leurs connaissances.<\/p>\n<p>La participation de la communaut\u00e9 ESI aux activit\u00e9s agricoles de l&#8217;agro-for\u00eat de caf\u00e9, \u00e0 la production de l\u00e9gumes et de fruits dans le verger et \u00e0 la plantation d&#8217;arbres pour la r\u00e9g\u00e9n\u00e9ration \u00e9cologique, renforce le changement de paradigme que la Ferme propose pour la r\u00e9gion de Grota, bas\u00e9 sur ses pratiques de permaculture.<\/p>\n<p>[\/et_pb_text][\/et_pb_column][\/et_pb_row][et_pb_row _builder_version=&#8221;4.9.10&#8243; _module_preset=&#8221;default&#8221;][et_pb_column type=&#8221;4_4&#8243; _builder_version=&#8221;4.9.10&#8243; _module_preset=&#8221;default&#8221;][et_pb_gallery gallery_ids=&#8221;308,307,239,237,519,520,521,527&#8243; posts_number=&#8221;8&#8243; show_title_and_caption=&#8221;off&#8221; show_pagination=&#8221;off&#8221; _builder_version=&#8221;4.9.10&#8243; _module_preset=&#8221;default&#8221; border_radii_image=&#8221;on|10px|10px|10px|10px&#8221; border_width_all_image=&#8221;2px&#8221; border_color_all_image=&#8221;#E09900&#8243;][\/et_pb_gallery][et_pb_gallery gallery_ids=&#8221;1002,1003,1004,1005&#8243; posts_number=&#8221;8&#8243; show_title_and_caption=&#8221;off&#8221; show_pagination=&#8221;off&#8221; _builder_version=&#8221;4.9.10&#8243; _module_preset=&#8221;default&#8221; hover_enabled=&#8221;0&#8243; border_radii_image=&#8221;on|10px|10px|10px|10px&#8221; border_width_all_image=&#8221;2px&#8221; border_color_all_image=&#8221;#E09900&#8243; sticky_enabled=&#8221;0&#8243;][\/et_pb_gallery][\/et_pb_column][\/et_pb_row][\/et_pb_section][et_pb_section fb_built=&#8221;1&#8243; module_id=&#8221;india&#8221; _builder_version=&#8221;4.9.10&#8243; _module_preset=&#8221;default&#8221; background_color=&#8221;#ffbd36&#8243; custom_padding=&#8221;32px|||||&#8221; locked=&#8221;off&#8221;][et_pb_row _builder_version=&#8221;4.9.10&#8243; _module_preset=&#8221;default&#8221;][et_pb_column type=&#8221;4_4&#8243; _builder_version=&#8221;4.9.10&#8243; _module_preset=&#8221;default&#8221;][et_pb_text _builder_version=&#8221;4.9.10&#8243; _module_preset=&#8221;default&#8221; text_text_color=&#8221;#000000&#8243; text_font_size=&#8221;24px&#8221; header_2_font=&#8221;|700|||||||&#8221; header_2_text_align=&#8221;center&#8221; header_2_text_color=&#8221;#A84C1E&#8221; text_orientation=&#8221;center&#8221; animation_style=&#8221;slide&#8221;]<\/p>\n<h2>Inde<\/h2>\n<p><strong>Immersions ESI \u00e0 Auroville<\/strong><\/p>\n<p>[\/et_pb_text][\/et_pb_column][\/et_pb_row][et_pb_row column_structure=&#8221;1_2,1_2&#8243; _builder_version=&#8221;4.9.10&#8243; _module_preset=&#8221;default&#8221;][et_pb_column type=&#8221;1_2&#8243; _builder_version=&#8221;4.9.10&#8243; _module_preset=&#8221;default&#8221;][et_pb_text _builder_version=&#8221;4.9.10&#8243; _module_preset=&#8221;default&#8221; text_text_color=&#8221;#000000&#8243; animation_style=&#8221;slide&#8221;]<\/p>\n<p>De temps en temps, l&#8217;\u00c9cole d&#8217;\u00c9cologie Int\u00e9grative propose \u00e0 sa communaut\u00e9 internationale une immersion multilingue dans le plus grand et le plus ancien \u00e9covillage du monde, Auroville, situ\u00e9 dans la r\u00e9gion de Pondich\u00e9ry en Inde. C&#8217;est l&#8217;occasion d&#8217;apprendre de l&#8217;exp\u00e9rience des habitants d&#8217;Auroville qui cherchent depuis un demi-si\u00e8cle \u00e0 s&#8217;aligner personnellement afin de construire une communaut\u00e9 qui se veut repr\u00e9sentative de l&#8217;unit\u00e9 humaine. La fondatrice de l&#8217;Ecole, D\u00e9bora Nunes, a v\u00e9cu avec son mari Emerson Sales \u00e0 Auroville, ce qui ouvre les portes de cette ville \u00e0 une visite au-del\u00e0 du tourisme, permettant une v\u00e9ritable immersion dans ce morceau d&#8217;un nouveau monde.<\/p>\n<p>[\/et_pb_text][\/et_pb_column][et_pb_column type=&#8221;1_2&#8243; _builder_version=&#8221;4.9.10&#8243; _module_preset=&#8221;default&#8221;][et_pb_text _builder_version=&#8221;4.9.10&#8243; _module_preset=&#8221;default&#8221; text_text_color=&#8221;#000000&#8243; animation_style=&#8221;slide&#8221;]<\/p>\n<p>Le livre \u00ab Auroville, 2046 : Apr\u00e8s la fin d&#8217;un monde \u00bb, de D\u00e9bora Nunes (disponible<span style=\"color: #703b00;\"> <a href=\"https:\/\/www.pressenza.com\/fr\/2020\/04\/apres-la-fin-dun-monde\/\" style=\"color: #703b00;\">ici<\/a> <\/span>en huit langues) permet d\u00e9j\u00e0 de d\u00e9couvrir la ville, ses enjeux et ses r\u00e9alisations, dans une perspective futuriste de r\u00e9alisme et d&#8217;optimisme. R\u00e9alisme face aux immenses d\u00e9fis auxquels l&#8217;humanit\u00e9 est confront\u00e9e et qui s&#8217;approfondiront \u00e0 l&#8217;avenir, et optimisme \u00e0 travers la description des processus de r\u00e9g\u00e9n\u00e9ration et de reconstruction qui se pratiquent d\u00e9j\u00e0 \u00e0 Auroville et ailleurs et auxquels les \u00e9tudiants de l&#8217;ESI sont invit\u00e9s \u00e0 participer.<\/p>\n<p>Consultez notre site Web pour conna\u00eetre les conditions propos\u00e9es pour cette immersion (dates, langues, tarif).<\/p>\n<p>[\/et_pb_text][\/et_pb_column][\/et_pb_row][et_pb_row _builder_version=&#8221;4.9.10&#8243; _module_preset=&#8221;default&#8221;][et_pb_column type=&#8221;4_4&#8243; _builder_version=&#8221;4.9.10&#8243; _module_preset=&#8221;default&#8221;][et_pb_gallery gallery_ids=&#8221;490,491,492,493,494,495,496,497&#8243; posts_number=&#8221;8&#8243; show_title_and_caption=&#8221;off&#8221; show_pagination=&#8221;off&#8221; _builder_version=&#8221;4.9.10&#8243; _module_preset=&#8221;default&#8221; border_radii_image=&#8221;on|10px|10px|10px|10px&#8221; border_width_all_image=&#8221;2px&#8221; border_color_all_image=&#8221;#E09900&#8243;][\/et_pb_gallery][\/et_pb_column][\/et_pb_row][et_pb_row column_structure=&#8221;1_5,3_5,1_5&#8243; _builder_version=&#8221;4.9.10&#8243; _module_preset=&#8221;default&#8221;][et_pb_column type=&#8221;1_5&#8243; _builder_version=&#8221;4.9.10&#8243; _module_preset=&#8221;default&#8221;][\/et_pb_column][et_pb_column type=&#8221;3_5&#8243; _builder_version=&#8221;4.9.10&#8243; _module_preset=&#8221;default&#8221;][et_pb_video src=&#8221;https:\/\/youtu.be\/68qZnmKHBUA&#8221; _builder_version=&#8221;4.9.10&#8243; _module_preset=&#8221;default&#8221;][\/et_pb_video][\/et_pb_column][et_pb_column type=&#8221;1_5&#8243; _builder_version=&#8221;4.9.10&#8243; _module_preset=&#8221;default&#8221;][\/et_pb_column][\/et_pb_row][\/et_pb_section]<\/p>\n","protected":false},"excerpt":{"rendered":"<p>Les formations en ligne sont compl\u00e9t\u00e9es par des ateliers immersifs qui apportent des exp\u00e9riences communautaires en pr\u00e9sentiel : pratiquer ensemble pour d\u00e9velopper les quatre intelligences en qu\u00eate de coh\u00e9rence et de joie. En harmonie avec l&#8217;objectif g\u00e9n\u00e9ral d&#8217;ESI qui est de se transformer pour transformer le monde, ces ateliers sont des moments d&#8217;apprentissage. A travers : diff\u00e9rentes pratiques \u00e9cologiques, travail corporel, connaissance de soi dans la nature ou des espaces bio-construits, des c\u00e9l\u00e9brations qui renforcent les liens et donnent l&#8217;espace de partage, des conf\u00e9rences et des cours pratiques, des ateliers d&#8217;art de diff\u00e9rentes sortes (notamment avec le recyclage)&#8230;Ces s\u00e9ances nous apprennent \u00e9galement \u00e0 accueillir le d\u00e9fi de la nouvelle \u00e8re, d&#8217;une coexistence pacifique et responsable dans des environnements immerg\u00e9s dans la Nature ou con\u00e7us de mani\u00e8re \u00e9cologique. &nbsp; Prochaines dates pr\u00e9vues : Stage bilingue fran\u00e7ais\/portugais du 5 au 10 juillet 2022 (Facilit\u00e9 par D\u00e9bora Nunes)Du 5 au 7 juillet : pour les \u00e9l\u00e8ves ESIDu 8 au 10 juillet : ouvert \u00e0 tou.te.s France Immersions dans un chalet dans les Alpes fran\u00e7aisesDes retraites ont lieu p\u00e9riodiquement dans un chalet des Alpes fran\u00e7aises, une propri\u00e9t\u00e9 partag\u00e9e par sept familles. A c\u00f4t\u00e9 du chalet se trouve notre ferme partenaire produisant des fromages biologiques, [&hellip;]<\/p>\n","protected":false},"author":1,"featured_media":0,"parent":0,"menu_order":0,"comment_status":"closed","ping_status":"closed","template":"","meta":{"_et_pb_use_builder":"on","_et_pb_old_content":"","_et_gb_content_width":"","footnotes":""},"class_list":["post-501","page","type-page","status-publish","hentry"],"_links":{"self":[{"href":"https:\/\/ecologiaintegral.com\/fr\/wp-json\/wp\/v2\/pages\/501","targetHints":{"allow":["GET"]}}],"collection":[{"href":"https:\/\/ecologiaintegral.com\/fr\/wp-json\/wp\/v2\/pages"}],"about":[{"href":"https:\/\/ecologiaintegral.com\/fr\/wp-json\/wp\/v2\/types\/page"}],"author":[{"embeddable":true,"href":"https:\/\/ecologiaintegral.com\/fr\/wp-json\/wp\/v2\/users\/1"}],"replies":[{"embeddable":true,"href":"https:\/\/ecologiaintegral.com\/fr\/wp-json\/wp\/v2\/comments?post=501"}],"version-history":[{"count":16,"href":"https:\/\/ecologiaintegral.com\/fr\/wp-json\/wp\/v2\/pages\/501\/revisions"}],"predecessor-version":[{"id":1015,"href":"https:\/\/ecologiaintegral.com\/fr\/wp-json\/wp\/v2\/pages\/501\/revisions\/1015"}],"wp:attachment":[{"href":"https:\/\/ecologiaintegral.com\/fr\/wp-json\/wp\/v2\/media?parent=501"}],"curies":[{"name":"wp","href":"https:\/\/api.w.org\/{rel}","templated":true}]}}