{"id":605,"date":"2021-09-11T02:44:05","date_gmt":"2021-09-11T05:44:05","guid":{"rendered":"https:\/\/ecologiaintegral.com\/?page_id=605"},"modified":"2023-07-30T17:12:06","modified_gmt":"2023-07-30T20:12:06","slug":"egregora-esi-france","status":"publish","type":"page","link":"https:\/\/ecologiaintegral.com\/fr\/egregora-esi-france\/","title":{"rendered":"Egr\u00e9gora ESI France"},"content":{"rendered":"<p>[et_pb_section fb_built=&#8221;1&#8243; _builder_version=&#8221;4.9.10&#8243; _module_preset=&#8221;default&#8221;][et_pb_row _builder_version=&#8221;4.9.10&#8243; _module_preset=&#8221;default&#8221;][et_pb_column type=&#8221;4_4&#8243; _builder_version=&#8221;4.9.10&#8243; _module_preset=&#8221;default&#8221;][dsm_masonry_gallery gallery_ids=&#8221;398,396,460,399,415,419,1122&#8243; columns=&#8221;4&#8243; use_overlay=&#8221;on&#8221; overlay_color=&#8221;rgba(255,188,67,0.77)&#8221; use_zoom_on_hover=&#8221;on&#8221; columns_tablet=&#8221;&#8221; columns_phone=&#8221;2&#8243; columns_last_edited=&#8221;on|phone&#8221; _builder_version=&#8221;4.9.10&#8243; _module_preset=&#8221;default&#8221; image_title_font=&#8221;|700|||||||&#8221; hover_enabled=&#8221;0&#8243; border_radii_grid=&#8221;on|360px|360px|360px|360px&#8221; border_width_all_grid=&#8221;6px&#8221; border_color_all_grid=&#8221;rgba(224,153,0,0.45)&#8221; sticky_enabled=&#8221;0&#8243;][\/dsm_masonry_gallery][\/et_pb_column][\/et_pb_row][et_pb_row column_structure=&#8221;1_3,1_3,1_3&#8243; _builder_version=&#8221;4.9.10&#8243; _module_preset=&#8221;default&#8221;][et_pb_column type=&#8221;1_3&#8243; _builder_version=&#8221;4.9.10&#8243; _module_preset=&#8221;default&#8221;][\/et_pb_column][et_pb_column type=&#8221;1_3&#8243; _builder_version=&#8221;4.9.10&#8243; _module_preset=&#8221;default&#8221;][et_pb_button button_url=&#8221;@ET-DC@eyJkeW5hbWljIjp0cnVlLCJjb250ZW50IjoicG9zdF9saW5rX3VybF9wYWdlIiwic2V0dGluZ3MiOnsicG9zdF9pZCI6IjM4NyJ9fQ==@&#8221; button_text=&#8221;Voltar para o mapa&#8221; button_alignment=&#8221;center&#8221; _builder_version=&#8221;4.9.10&#8243; _dynamic_attributes=&#8221;button_url&#8221; _module_preset=&#8221;default&#8221;][\/et_pb_button][\/et_pb_column][et_pb_column type=&#8221;1_3&#8243; _builder_version=&#8221;4.9.10&#8243; _module_preset=&#8221;default&#8221;][\/et_pb_column][\/et_pb_row][\/et_pb_section]<\/p>\n","protected":false},"excerpt":{"rendered":"<div class=\"et_pb_with_border et_pb_module dsm_masonry_gallery dsm_masonry_gallery_0\">\n\t\t\t\t\n\t\t\t\t\n\t\t\t\t\n\t\t\t\t\n\t\t\t\t\n\t\t\t\t\n\t\t\t\t<div class=\"et_pb_module_inner\">\n\t\t\t\t\t<div class=\"dsm-gallery grid dsm_masonry_zoom_hover\" data-lightbox=\"false\" data-horizontalorder=\"true\">\n                <div class=\"grid-sizer\"><\/div><div class=\"gutter-sizer\"><\/div><div class=\"grid-item\">\n                    <div class=\"et_pb_image_wrap\">\n                        <img loading=\"lazy\" decoding=\"async\" src=\"https:\/\/ecologiaintegral.com\/fr\/wp-content\/uploads\/2021\/08\/Alisson-Charlotte-Franca.jpg\" title=\"Alisson Charlotte\" alt=\"\" class=\"dsm-skip-lazyload\" srcset=\"https:\/\/ecologiaintegral.com\/fr\/wp-content\/uploads\/2021\/08\/Alisson-Charlotte-Franca.jpg 600w, https:\/\/ecologiaintegral.com\/fr\/wp-content\/uploads\/2021\/08\/Alisson-Charlotte-Franca-480x480.jpg 480w\" sizes=\"auto, (min-width: 0px) and (max-width: 480px) 480px, (min-width: 481px) 600px, 100vw\" width=\"600\" height=\"600\" \/>\n                        <span class=\"et_overlay dsm-overlay\">\n                        <div class=\"dsm-overlay-inner\">\n                            <h4 class=\"dsm-overlay-title\">\n                    Alisson Charlotte\n                <\/h4>\n                            <p class=\"dsm-overlay-caption\">\n                    \n                <\/p>\n\t\t\t\t\t\t\t<p class=\"dsm-overlay-desc\">\n                    Fran\u00e7a\n                <\/p>\n                        <\/div>\n                    <\/span>\n                    <\/div>\n                <\/div><div class=\"grid-item\">\n                    <div class=\"et_pb_image_wrap\">\n                        <img loading=\"lazy\" decoding=\"async\" src=\"https:\/\/ecologiaintegral.com\/fr\/wp-content\/uploads\/2021\/08\/Ariane-Bozon-franca.jpg\" title=\"Ariane Bozon\" alt=\"\" class=\"dsm-skip-lazyload\" srcset=\"https:\/\/ecologiaintegral.com\/fr\/wp-content\/uploads\/2021\/08\/Ariane-Bozon-franca.jpg 600w, https:\/\/ecologiaintegral.com\/fr\/wp-content\/uploads\/2021\/08\/Ariane-Bozon-franca-480x480.jpg 480w\" sizes=\"auto, (min-width: 0px) and (max-width: 480px) 480px, (min-width: 481px) 600px, 100vw\" width=\"600\" height=\"600\" \/>\n                        <span class=\"et_overlay dsm-overlay\">\n                        <div class=\"dsm-overlay-inner\">\n                            <h4 class=\"dsm-overlay-title\">\n                    Ariane Bozon\n                <\/h4>\n                            <p class=\"dsm-overlay-caption\">\n                    \n                <\/p>\n\t\t\t\t\t\t\t<p class=\"dsm-overlay-desc\">\n                    Fran\u00e7a\n                <\/p>\n                        <\/div>\n                    <\/span>\n                    <\/div>\n                <\/div><div class=\"grid-item\">\n                    <div class=\"et_pb_image_wrap\">\n                        <img loading=\"lazy\" decoding=\"async\" src=\"https:\/\/ecologiaintegral.com\/fr\/wp-content\/uploads\/2021\/08\/camilla-barros.jpg\" title=\"Camila Barros\" alt=\"\" class=\"dsm-skip-lazyload\" srcset=\"https:\/\/ecologiaintegral.com\/fr\/wp-content\/uploads\/2021\/08\/camilla-barros.jpg 600w, https:\/\/ecologiaintegral.com\/fr\/wp-content\/uploads\/2021\/08\/camilla-barros-480x480.jpg 480w\" sizes=\"auto, (min-width: 0px) and (max-width: 480px) 480px, (min-width: 481px) 600px, 100vw\" width=\"600\" height=\"600\" \/>\n                        <span class=\"et_overlay dsm-overlay\">\n                        <div class=\"dsm-overlay-inner\">\n                            <h4 class=\"dsm-overlay-title\">\n                    Camila Barros\n                <\/h4>\n                            <p class=\"dsm-overlay-caption\">\n                    \n                <\/p>\n\t\t\t\t\t\t\t<p class=\"dsm-overlay-desc\">\n                    \u00c9cueill\u00e9 (r\u00e9gion Indre-et-Loire) - Fran\u00e7a\n                <\/p>\n                        <\/div>\n                    <\/span>\n                    <\/div>\n                <\/div><div class=\"grid-item\">\n                    <div class=\"et_pb_image_wrap\">\n                        <img loading=\"lazy\" decoding=\"async\" src=\"https:\/\/ecologiaintegral.com\/fr\/wp-content\/uploads\/2021\/08\/celia-marie.jpg\" title=\"C\u00e9lia Marie\" alt=\"\" class=\"dsm-skip-lazyload\" srcset=\"https:\/\/ecologiaintegral.com\/fr\/wp-content\/uploads\/2021\/08\/celia-marie.jpg 600w, https:\/\/ecologiaintegral.com\/fr\/wp-content\/uploads\/2021\/08\/celia-marie-480x480.jpg 480w\" sizes=\"auto, (min-width: 0px) and (max-width: 480px) 480px, (min-width: 481px) 600px, 100vw\" width=\"600\" height=\"600\" \/>\n                        <span class=\"et_overlay dsm-overlay\">\n                        <div class=\"dsm-overlay-inner\">\n                            <h4 class=\"dsm-overlay-title\">\n                    C\u00e9lia Marie\n                <\/h4>\n                            <p class=\"dsm-overlay-caption\">\n                    \n                <\/p>\n\t\t\t\t\t\t\t<p class=\"dsm-overlay-desc\">\n                    Annecy - Fran\u00e7a\n                <\/p>\n                        <\/div>\n                    <\/span>\n                    <\/div>\n                <\/div><div class=\"grid-item\">\n                    <div class=\"et_pb_image_wrap\">\n                        <img loading=\"lazy\" decoding=\"async\" src=\"https:\/\/ecologiaintegral.com\/fr\/wp-content\/uploads\/2023\/07\/Claudio-Della-Costa-Franca.jpg\" title=\"Claudio Della Costa &#8211; Fran\u00e7a\" alt=\"\" class=\"dsm-skip-lazyload\" srcset=\"https:\/\/ecologiaintegral.com\/fr\/wp-content\/uploads\/2023\/07\/Claudio-Della-Costa-Franca.jpg 640w, https:\/\/ecologiaintegral.com\/fr\/wp-content\/uploads\/2023\/07\/Claudio-Della-Costa-Franca-480x480.jpg 480w\" sizes=\"auto, (min-width: 0px) and (max-width: 480px) 480px, (min-width: 481px) 640px, 100vw\" width=\"640\" height=\"640\" \/>\n                        <span class=\"et_overlay dsm-overlay\">\n                        <div class=\"dsm-overlay-inner\">\n                            <h4 class=\"dsm-overlay-title\">\n                    Claudio Della Costa &#8211; Fran\u00e7a\n                <\/h4>\n                            <p class=\"dsm-overlay-caption\">\n                    \n                <\/p>\n\t\t\t\t\t\t\t<p class=\"dsm-overlay-desc\">\n                    \n                <\/p>\n                        <\/div>\n                    <\/span>\n                    <\/div>\n                <\/div><div class=\"grid-item\">\n                    <div class=\"et_pb_image_wrap\">\n                        <img loading=\"lazy\" decoding=\"async\" src=\"https:\/\/ecologiaintegral.com\/fr\/wp-content\/uploads\/2021\/08\/Laurence-Allou-franca.jpg\" title=\"Laurence Allou\" alt=\"\" class=\"dsm-skip-lazyload\" srcset=\"https:\/\/ecologiaintegral.com\/fr\/wp-content\/uploads\/2021\/08\/Laurence-Allou-franca.jpg 600w, https:\/\/ecologiaintegral.com\/fr\/wp-content\/uploads\/2021\/08\/Laurence-Allou-franca-480x480.jpg 480w\" sizes=\"auto, (min-width: 0px) and (max-width: 480px) 480px, (min-width: 481px) 600px, 100vw\" width=\"600\" height=\"600\" \/>\n                        <span class=\"et_overlay dsm-overlay\">\n                        <div class=\"dsm-overlay-inner\">\n                            <h4 class=\"dsm-overlay-title\">\n                    Laurence Allou\n                <\/h4>\n                            <p class=\"dsm-overlay-caption\">\n                    \n                <\/p>\n\t\t\t\t\t\t\t<p class=\"dsm-overlay-desc\">\n                    Fran\u00e7a\n                <\/p>\n                        <\/div>\n                    <\/span>\n                    <\/div>\n                <\/div><div class=\"grid-item\">\n                    <div class=\"et_pb_image_wrap\">\n                        <img loading=\"lazy\" decoding=\"async\" src=\"https:\/\/ecologiaintegral.com\/fr\/wp-content\/uploads\/2021\/08\/Melodia-Semichon-Franca.jpg\" title=\"Melodia Semichon\" alt=\"\" class=\"dsm-skip-lazyload\" srcset=\"https:\/\/ecologiaintegral.com\/fr\/wp-content\/uploads\/2021\/08\/Melodia-Semichon-Franca.jpg 600w, https:\/\/ecologiaintegral.com\/fr\/wp-content\/uploads\/2021\/08\/Melodia-Semichon-Franca-480x480.jpg 480w\" sizes=\"auto, (min-width: 0px) and (max-width: 480px) 480px, (min-width: 481px) 600px, 100vw\" width=\"600\" height=\"600\" \/>\n                        <span class=\"et_overlay dsm-overlay\">\n                        <div class=\"dsm-overlay-inner\">\n                            <h4 class=\"dsm-overlay-title\">\n                    Melodia Semichon\n                <\/h4>\n                            <p class=\"dsm-overlay-caption\">\n                    \n                <\/p>\n\t\t\t\t\t\t\t<p class=\"dsm-overlay-desc\">\n                    Fran\u00e7a\n                <\/p>\n                        <\/div>\n                    <\/span>\n                    <\/div>\n                <\/div>\n             <\/div>\n\t\t\t\t<\/div>\n\t\t\t<\/div>\n","protected":false},"author":1,"featured_media":0,"parent":0,"menu_order":0,"comment_status":"closed","ping_status":"closed","template":"","meta":{"_et_pb_use_builder":"on","_et_pb_old_content":"","_et_gb_content_width":"","footnotes":""},"class_list":["post-605","page","type-page","status-publish","hentry"],"_links":{"self":[{"href":"https:\/\/ecologiaintegral.com\/fr\/wp-json\/wp\/v2\/pages\/605","targetHints":{"allow":["GET"]}}],"collection":[{"href":"https:\/\/ecologiaintegral.com\/fr\/wp-json\/wp\/v2\/pages"}],"about":[{"href":"https:\/\/ecologiaintegral.com\/fr\/wp-json\/wp\/v2\/types\/page"}],"author":[{"embeddable":true,"href":"https:\/\/ecologiaintegral.com\/fr\/wp-json\/wp\/v2\/users\/1"}],"replies":[{"embeddable":true,"href":"https:\/\/ecologiaintegral.com\/fr\/wp-json\/wp\/v2\/comments?post=605"}],"version-history":[{"count":5,"href":"https:\/\/ecologiaintegral.com\/fr\/wp-json\/wp\/v2\/pages\/605\/revisions"}],"predecessor-version":[{"id":1123,"href":"https:\/\/ecologiaintegral.com\/fr\/wp-json\/wp\/v2\/pages\/605\/revisions\/1123"}],"wp:attachment":[{"href":"https:\/\/ecologiaintegral.com\/fr\/wp-json\/wp\/v2\/media?parent=605"}],"curies":[{"name":"wp","href":"https:\/\/api.w.org\/{rel}","templated":true}]}}