{"id":699,"date":"2021-09-12T11:27:05","date_gmt":"2021-09-12T14:27:05","guid":{"rendered":"https:\/\/ecologiaintegral.com\/?page_id=699"},"modified":"2022-01-30T15:56:09","modified_gmt":"2022-01-30T18:56:09","slug":"inscription","status":"publish","type":"page","link":"https:\/\/ecologiaintegral.com\/fr\/inscription\/","title":{"rendered":"Inscription"},"content":{"rendered":"[et_pb_section fb_built=&#8221;1&#8243; admin_label=&#8221;section&#8221; _builder_version=&#8221;3.22&#8243;][et_pb_row admin_label=&#8221;row&#8221; _builder_version=&#8221;3.25&#8243; background_size=&#8221;initial&#8221; background_position=&#8221;top_left&#8221; background_repeat=&#8221;repeat&#8221;][et_pb_column type=&#8221;4_4&#8243; _builder_version=&#8221;3.25&#8243; custom_padding=&#8221;|||&#8221; custom_padding__hover=&#8221;|||&#8221;][et_pb_text admin_label=&#8221;Text&#8221; _builder_version=&#8221;4.9.10&#8243; background_size=&#8221;initial&#8221; background_position=&#8221;top_left&#8221; background_repeat=&#8221;repeat&#8221;]<p><em><strong>Groupes en ligne:<\/strong><\/em><\/p>\n<ul>\n<li>Le<span>\u00a0<\/span>prochain groupe<span>\u00a0<\/span>francophone pr\u00e9vu du <strong>module I<\/strong> aura lieu<span>\u00a0<\/span><em>du 21 mars au 27 juin 2022<\/em>, un<em><span>\u00a0<\/span>lundi<span>\u00a0<\/span><\/em>sur deux<em><span>\u00a0<\/span>de 18h \u00e0 21h<\/em><span>\u00a0<\/span>(heure de Paris). Il sera coordonn\u00e9 par Dianna Manneh et Camilla Barros.<\/li>\n<li>Le <span style=\"font-size: 14px;\">prochain groupe<\/span><span style=\"font-size: 14px;\"> pr\u00e9vu du <strong>module II<\/strong> aura lieu <\/span><em style=\"font-size: 14px;\">du 26 mars au 18 juin 2022<\/em><span style=\"font-size: 14px;\">, tous les samedis <\/span><em style=\"font-size: 14px;\">de 15h \u00e0 18h<\/em><span style=\"font-size: 14px;\"> (heure de Paris). Il sera bilingue fran\u00e7ais\/portugais et coordonn\u00e9 par D\u00e9bora Nunes.<\/span><\/li>\n<\/ul>\n<p>Pour plus d&#8217;informations sur les modules, consultez l&#8217;onglet &#8220;Formation en ligne &gt; Module I &#8211; Coh\u00e9rence et Joie&#8221; ou &#8220;Formation en ligne &gt; Module II &#8211; Chemins de la Transition&#8221; de notre site internet.<\/p>\n<p>&nbsp;<\/p>\n<p><em><strong>Stages en pr\u00e9sentiel:<\/strong><\/em><\/p>\n<p><span style=\"font-size: 14px;\">Au <\/span><strong style=\"font-size: 14px;\">Br\u00e9sil:<\/strong><\/p>\n<ul>\n<li><em style=\"font-size: 14px;\">Du 9 au 20 avril 2022 (<\/em>bilingue portugais\/fran\u00e7ais, facilit\u00e9 par D\u00e9bora Nunes)<\/li>\n<\/ul>\n<p><em><strong><\/strong><\/em><\/p>\n<p>En <strong>France<\/strong>:<em><strong><\/strong><\/em><\/p>\n<ul>\n<li><span style=\"font-size: 14px;\">Du <\/span><em style=\"font-size: 14px;\">9 au 17 juillet 2022 <\/em><span style=\"font-size: 14px;\">(bilingue portugais\/fran\u00e7ais, facilit\u00e9 par D\u00e9bora Nunes)<\/span><\/li>\n<\/ul>\n<p>En <strong>Inde<\/strong>:<\/p>\n<ul>\n<li><span style=\"font-size: 14px;\">Du <\/span><em style=\"font-size: 14px;\">16 au 28 f\u00e9vrier 2023 <\/em><span style=\"font-size: 14px;\">(trilingue portugais\/fran\u00e7ais\/anglais, facilit\u00e9 par D\u00e9bora Nunes)<\/span><\/li>\n<\/ul>\n<p>&nbsp;<\/p>\n<p>Pour plus d&#8217;informations sur les stages en pr\u00e9sentiel, consultez l&#8217;onglet &#8220;Stages en immersion&#8221; de notre site internet.<\/p>\n<p>&nbsp;<\/p>\n<p>Si vous avez des questions suppl\u00e9mentaires, veuillez nous contacter au +33 6 79 51 94 36 (Whatsapp ou Telegram) ou \u00e0 l&#8217;adresse mail <span>esi@ecologiaintegral.com<\/span>.<\/p>\n<p>&nbsp;<\/p>\n<p>*Obligatoire<\/p>\n<p>&nbsp;<\/p>\n<p><!-- \/wp:post-content --><\/p>\n<p><!-- wp:forminator\/forms {\"module_id\":\"698\"} --><\/p>\n<p><!-- \/wp:forminator\/forms --><\/p>[\/et_pb_text][et_pb_contact_form email=&#8221;esi@ecologiaintegral.com&#8221; custom_message=&#8221;Nome: %%nome%%||et_pb_line_break_holder||E-mail: %%email%%||et_pb_line_break_holder||Telefone: %%telefone%%||et_pb_line_break_holder||Forma\u00e7\u00e3o: %%formacao%%||et_pb_line_break_holder||Motiva\u00e7\u00e3o: %%descricao%%&#8221; success_message=&#8221;Nous vous enverrons un e-mail contenant des instructions plus d\u00e9taill\u00e9es afin de proc\u00e9der \u00e0 la finalisation de votre inscription.  IMPORTANT : v\u00e9rifiez dans vos SPAM si vous ne recevez pas notre e-mail dans les 5 jours ouvrables.&#8221; submit_button_text=&#8221;envoyer&#8221; _builder_version=&#8221;4.9.10&#8243; _module_preset=&#8221;default&#8221; locked=&#8221;off&#8221;][et_pb_contact_field field_id=&#8221;nome&#8221; field_title=&#8221;Nom complet &#8221; fullwidth_field=&#8221;on&#8221; _builder_version=&#8221;4.9.10&#8243; button_text_size__hover_enabled=&#8221;off&#8221; button_one_text_size__hover_enabled=&#8221;off&#8221; button_two_text_size__hover_enabled=&#8221;off&#8221; button_text_color__hover_enabled=&#8221;off&#8221; button_one_text_color__hover_enabled=&#8221;off&#8221; button_two_text_color__hover_enabled=&#8221;off&#8221; button_border_width__hover_enabled=&#8221;off&#8221; button_one_border_width__hover_enabled=&#8221;off&#8221; button_two_border_width__hover_enabled=&#8221;off&#8221; button_border_color__hover_enabled=&#8221;off&#8221; button_one_border_color__hover_enabled=&#8221;off&#8221; button_two_border_color__hover_enabled=&#8221;off&#8221; button_border_radius__hover_enabled=&#8221;off&#8221; button_one_border_radius__hover_enabled=&#8221;off&#8221; button_two_border_radius__hover_enabled=&#8221;off&#8221; button_letter_spacing__hover_enabled=&#8221;off&#8221; button_one_letter_spacing__hover_enabled=&#8221;off&#8221; button_two_letter_spacing__hover_enabled=&#8221;off&#8221; button_bg_color__hover_enabled=&#8221;off&#8221; button_one_bg_color__hover_enabled=&#8221;off&#8221; button_two_bg_color__hover_enabled=&#8221;off&#8221;][\/et_pb_contact_field][et_pb_contact_field field_id=&#8221;email&#8221; field_title=&#8221;Adresse e-mail &#8221; field_type=&#8221;email&#8221; _builder_version=&#8221;4.9.10&#8243; button_text_size__hover_enabled=&#8221;off&#8221; button_one_text_size__hover_enabled=&#8221;off&#8221; button_two_text_size__hover_enabled=&#8221;off&#8221; button_text_color__hover_enabled=&#8221;off&#8221; button_one_text_color__hover_enabled=&#8221;off&#8221; button_two_text_color__hover_enabled=&#8221;off&#8221; button_border_width__hover_enabled=&#8221;off&#8221; button_one_border_width__hover_enabled=&#8221;off&#8221; button_two_border_width__hover_enabled=&#8221;off&#8221; button_border_color__hover_enabled=&#8221;off&#8221; button_one_border_color__hover_enabled=&#8221;off&#8221; button_two_border_color__hover_enabled=&#8221;off&#8221; button_border_radius__hover_enabled=&#8221;off&#8221; button_one_border_radius__hover_enabled=&#8221;off&#8221; button_two_border_radius__hover_enabled=&#8221;off&#8221; button_letter_spacing__hover_enabled=&#8221;off&#8221; button_one_letter_spacing__hover_enabled=&#8221;off&#8221; button_two_letter_spacing__hover_enabled=&#8221;off&#8221; button_bg_color__hover_enabled=&#8221;off&#8221; button_one_bg_color__hover_enabled=&#8221;off&#8221; button_two_bg_color__hover_enabled=&#8221;off&#8221;][\/et_pb_contact_field][et_pb_contact_field field_id=&#8221;telefone&#8221; field_title=&#8221;T\u00e9l\u00e9phone avec l&#8217;indicatif du pays &#8221; _builder_version=&#8221;4.9.10&#8243; button_text_size__hover_enabled=&#8221;off&#8221; button_one_text_size__hover_enabled=&#8221;off&#8221; button_two_text_size__hover_enabled=&#8221;off&#8221; button_text_color__hover_enabled=&#8221;off&#8221; button_one_text_color__hover_enabled=&#8221;off&#8221; button_two_text_color__hover_enabled=&#8221;off&#8221; button_border_width__hover_enabled=&#8221;off&#8221; button_one_border_width__hover_enabled=&#8221;off&#8221; button_two_border_width__hover_enabled=&#8221;off&#8221; button_border_color__hover_enabled=&#8221;off&#8221; button_one_border_color__hover_enabled=&#8221;off&#8221; button_two_border_color__hover_enabled=&#8221;off&#8221; button_border_radius__hover_enabled=&#8221;off&#8221; button_one_border_radius__hover_enabled=&#8221;off&#8221; button_two_border_radius__hover_enabled=&#8221;off&#8221; button_letter_spacing__hover_enabled=&#8221;off&#8221; button_one_letter_spacing__hover_enabled=&#8221;off&#8221; button_two_letter_spacing__hover_enabled=&#8221;off&#8221; button_bg_color__hover_enabled=&#8221;off&#8221; button_one_bg_color__hover_enabled=&#8221;off&#8221; button_two_bg_color__hover_enabled=&#8221;off&#8221;][\/et_pb_contact_field][et_pb_contact_field field_id=&#8221;formacao&#8221; field_title=&#8221;Quelle formation vous int\u00e9resse ?&#8221; field_type=&#8221;checkbox&#8221; checkbox_options=&#8221;%91{%22value%22:%22Module 1 en ligne%22,%22checked%22:0,%22dragID%22:-1},{%22value%22:%22Module 2 en ligne%22,%22checked%22:0,%22dragID%22:0},{%22value%22:%22Stage en immersion%22,%22checked%22:0,%22dragID%22:1}%93&#8243; _builder_version=&#8221;4.9.10&#8243; _module_preset=&#8221;default&#8221;][\/et_pb_contact_field][et_pb_contact_field field_id=&#8221;descricao&#8221; field_title=&#8221;D\u00e9crivez bri\u00e8vement votre motivation pour rejoindre notre Ecole :&#8221; field_type=&#8221;text&#8221; fullwidth_field=&#8221;on&#8221; _builder_version=&#8221;4.9.10&#8243; button_text_size__hover_enabled=&#8221;off&#8221; button_one_text_size__hover_enabled=&#8221;off&#8221; button_two_text_size__hover_enabled=&#8221;off&#8221; button_text_color__hover_enabled=&#8221;off&#8221; button_one_text_color__hover_enabled=&#8221;off&#8221; button_two_text_color__hover_enabled=&#8221;off&#8221; button_border_width__hover_enabled=&#8221;off&#8221; button_one_border_width__hover_enabled=&#8221;off&#8221; button_two_border_width__hover_enabled=&#8221;off&#8221; button_border_color__hover_enabled=&#8221;off&#8221; button_one_border_color__hover_enabled=&#8221;off&#8221; button_two_border_color__hover_enabled=&#8221;off&#8221; button_border_radius__hover_enabled=&#8221;off&#8221; button_one_border_radius__hover_enabled=&#8221;off&#8221; button_two_border_radius__hover_enabled=&#8221;off&#8221; button_letter_spacing__hover_enabled=&#8221;off&#8221; button_one_letter_spacing__hover_enabled=&#8221;off&#8221; button_two_letter_spacing__hover_enabled=&#8221;off&#8221; button_bg_color__hover_enabled=&#8221;off&#8221; button_one_bg_color__hover_enabled=&#8221;off&#8221; button_two_bg_color__hover_enabled=&#8221;off&#8221;][\/et_pb_contact_field][\/et_pb_contact_form][\/et_pb_column][\/et_pb_row][et_pb_row column_structure=&#8221;1_2,1_2&#8243; _builder_version=&#8221;4.9.10&#8243; _module_preset=&#8221;default&#8221; border_color_all=&#8221;#E09900&#8243;][et_pb_column type=&#8221;1_2&#8243; _builder_version=&#8221;4.9.10&#8243; _module_preset=&#8221;default&#8221;][et_pb_image src=&#8221;https:\/\/ecologiaintegral.com\/fr\/wp-content\/uploads\/2022\/01\/Flyers-Cours-prochains-1.png&#8221; title_text=&#8221;Flyers &#8211; Cours prochains&#8221; _builder_version=&#8221;4.9.10&#8243; _module_preset=&#8221;default&#8221;][\/et_pb_image][\/et_pb_column][et_pb_column type=&#8221;1_2&#8243; _builder_version=&#8221;4.9.10&#8243; _module_preset=&#8221;default&#8221;][et_pb_image src=&#8221;https:\/\/ecologiaintegral.com\/fr\/wp-content\/uploads\/2022\/01\/2-1.png&#8221; title_text=&#8221;2&#8243; _builder_version=&#8221;4.9.10&#8243; _module_preset=&#8221;default&#8221;][\/et_pb_image][\/et_pb_column][\/et_pb_row][et_pb_row column_structure=&#8221;1_2,1_2&#8243; _builder_version=&#8221;4.9.10&#8243; _module_preset=&#8221;default&#8221;][et_pb_column type=&#8221;1_2&#8243; _builder_version=&#8221;4.9.10&#8243; _module_preset=&#8221;default&#8221;][et_pb_image src=&#8221;https:\/\/ecologiaintegral.com\/fr\/wp-content\/uploads\/2022\/01\/4.png&#8221; title_text=&#8221;4&#8243; _builder_version=&#8221;4.9.10&#8243; _module_preset=&#8221;default&#8221;][\/et_pb_image][\/et_pb_column][et_pb_column type=&#8221;1_2&#8243; _builder_version=&#8221;4.9.10&#8243; _module_preset=&#8221;default&#8221;][et_pb_image src=&#8221;https:\/\/ecologiaintegral.com\/fr\/wp-content\/uploads\/2022\/01\/5.png&#8221; title_text=&#8221;5&#8243; _builder_version=&#8221;4.9.10&#8243; _module_preset=&#8221;default&#8221;][\/et_pb_image][\/et_pb_column][\/et_pb_row][\/et_pb_section]","protected":false},"excerpt":{"rendered":"<p>Groupes en ligne: Le\u00a0prochain groupe\u00a0francophone pr\u00e9vu du module I aura lieu\u00a0du 21 mars au 27 juin 2022, un\u00a0lundi\u00a0sur deux\u00a0de 18h \u00e0 21h\u00a0(heure de Paris). Il sera coordonn\u00e9 par Dianna Manneh et Camilla Barros. Le prochain groupe pr\u00e9vu du module II aura lieu du 26 mars au 18 juin 2022, tous les samedis de 15h \u00e0 18h (heure de Paris). Il sera bilingue fran\u00e7ais\/portugais et coordonn\u00e9 par D\u00e9bora Nunes. Pour plus d&#8217;informations sur les modules, consultez l&#8217;onglet &#8220;Formation en ligne &gt; Module I &#8211; Coh\u00e9rence et Joie&#8221; ou &#8220;Formation en ligne &gt; Module II &#8211; Chemins de la Transition&#8221; de notre site internet. &nbsp; Stages en pr\u00e9sentiel: Au Br\u00e9sil: Du 9 au 20 avril 2022 (bilingue portugais\/fran\u00e7ais, facilit\u00e9 par D\u00e9bora Nunes) En France: Du 9 au 17 juillet 2022 (bilingue portugais\/fran\u00e7ais, facilit\u00e9 par D\u00e9bora Nunes) En Inde: Du 16 au 28 f\u00e9vrier 2023 (trilingue portugais\/fran\u00e7ais\/anglais, facilit\u00e9 par D\u00e9bora Nunes) &nbsp; Pour plus d&#8217;informations sur les stages en pr\u00e9sentiel, consultez l&#8217;onglet &#8220;Stages en immersion&#8221; de notre site internet. &nbsp; Si vous avez des questions suppl\u00e9mentaires, veuillez nous contacter au +33 6 79 51 94 36 (Whatsapp ou Telegram) ou \u00e0 l&#8217;adresse mail esi@ecologiaintegral.com. &nbsp; *Obligatoire &nbsp;<\/p>\n","protected":false},"author":1,"featured_media":0,"parent":0,"menu_order":0,"comment_status":"closed","ping_status":"closed","template":"","meta":{"_et_pb_use_builder":"on","_et_pb_old_content":"<!-- wp:paragraph -->\n<p>A ESI \u00e9 uma escola que tem como metodologia o cultivo das quatro intelig\u00eancias: mental, emocional, f\u00edsica e espiritual. Possuindo uma forma\u00e7\u00e3o em que as pessoas se comprometem a transformar-se para transformar o mundo de forma sustent\u00e1vel e integral.<\/p>\n<!-- \/wp:paragraph -->\n\n<!-- wp:paragraph -->\n<p>O M\u00f3dulo 1 da metodologia da ESI \u00e9 composto por 8 encontros virtuais quinzenais em 2 grupos:<br>Grupo 1 \u00e0s quintas-feiras das 19h \u00e0s 22h e Grupo 2 aos s\u00e1bados das 9h \u00e0s 12h (hor\u00e1rio de Bras\u00edlia).<br>As aulas ter\u00e3o in\u00edcio a partir de 23 de setembro com a chegada da Primavera at\u00e9 23 de dezembro de 2021.<\/p>\n<!-- \/wp:paragraph -->\n\n<!-- wp:paragraph -->\n<p>Com base nos temas ministrados, ser\u00e1 desenvolvido um plano de transi\u00e7\u00e3o pessoal, que servir\u00e1 como base para um modo de vida mais sustent\u00e1vel.<\/p>\n<!-- \/wp:paragraph -->\n\n<!-- wp:paragraph -->\n<p>Entre os temas est\u00e3o: a vida em um novo paradigma (hol\u00edstico, qu\u00e2ntico, ecol\u00f3gico, sist\u00eamico, integrativo); humanidade em evolu\u00e7\u00e3o; comunidades intencionais; dimens\u00e3o feminina do poder; sa\u00fade integral; gest\u00e3o de conflitos; o campo sutil da vida; a natureza como mestra suprema; economia solid\u00e1ria;<br>economia do amor, entre outros.<\/p>\n<!-- \/wp:paragraph -->\n\n<!-- wp:paragraph -->\n<p>Caso voc\u00ea tenha alguma d\u00favida adicional, entre em contato pelo Whatsapp (21) 97487-6121 ou <a href=\"mailto:esi@ecologiaintegral.com\">esi@ecologiaintegral.com<\/a>.<br>*Obrigat\u00f3rio<\/p>\n<!-- \/wp:paragraph -->\n\n<!-- wp:forminator\/forms {\"module_id\":\"698\"} -->\n<div class=\"forminator-guttenberg\">[forminator_form id=\"698\"]<\/div>\n<!-- \/wp:forminator\/forms -->","_et_gb_content_width":"","footnotes":""},"class_list":["post-699","page","type-page","status-publish","hentry"],"_links":{"self":[{"href":"https:\/\/ecologiaintegral.com\/fr\/wp-json\/wp\/v2\/pages\/699","targetHints":{"allow":["GET"]}}],"collection":[{"href":"https:\/\/ecologiaintegral.com\/fr\/wp-json\/wp\/v2\/pages"}],"about":[{"href":"https:\/\/ecologiaintegral.com\/fr\/wp-json\/wp\/v2\/types\/page"}],"author":[{"embeddable":true,"href":"https:\/\/ecologiaintegral.com\/fr\/wp-json\/wp\/v2\/users\/1"}],"replies":[{"embeddable":true,"href":"https:\/\/ecologiaintegral.com\/fr\/wp-json\/wp\/v2\/comments?post=699"}],"version-history":[{"count":14,"href":"https:\/\/ecologiaintegral.com\/fr\/wp-json\/wp\/v2\/pages\/699\/revisions"}],"predecessor-version":[{"id":974,"href":"https:\/\/ecologiaintegral.com\/fr\/wp-json\/wp\/v2\/pages\/699\/revisions\/974"}],"wp:attachment":[{"href":"https:\/\/ecologiaintegral.com\/fr\/wp-json\/wp\/v2\/media?parent=699"}],"curies":[{"name":"wp","href":"https:\/\/api.w.org\/{rel}","templated":true}]}}